{"id":24,"date":"2024-04-23T11:23:51","date_gmt":"2024-04-23T11:23:51","guid":{"rendered":"https:\/\/grindupe.com\/?page_id=24"},"modified":"2025-11-03T10:59:33","modified_gmt":"2025-11-03T08:59:33","slug":"pristatymas-ir-grazinimas","status":"publish","type":"page","link":"https:\/\/grindupe.com\/en\/pristatymas-ir-grazinimas\/","title":{"rendered":"Delivery and Returns"},"content":{"rendered":"<div data-elementor-type=\"wp-page\" data-elementor-id=\"24\" class=\"elementor elementor-24\">\n\t\t\t\t<div class=\"elementor-element elementor-element-788a8a1 e-flex e-con-boxed ecomus-responsive-column ecomus-tablet-column--default ecomus-responsive-column ecomus-mobile-column--default ecomus-responsive-column ecomus-motion--var(--position) e-con e-parent\" data-id=\"788a8a1\" data-element_type=\"container\" data-e-type=\"container\">\n\t\t\t\t\t<div class=\"e-con-inner\">\n\t\t\t\t<div class=\"elementor-element elementor-element-6117ddb elementor-widget elementor-widget-ecomus-heading\" data-id=\"6117ddb\" data-element_type=\"widget\" data-e-type=\"widget\" data-widget_type=\"ecomus-heading.default\">\n\t\t\t\t<div class=\"elementor-widget-container\">\n\t\t\t\t\t\t\t<div class=\"ecomus-heading-elementor\">\r\n\t\t\t\t<h4 class=\"ecomus-heading em-flex em-flex-align-center ecomus-heading--default\">\r\n\t\t\t\t\t\t\t\t\t\tDelivery of goods when ordering online\t\t\t\t<\/h4>\r\n\t\t\t<\/div>\r\n\t\t\t\t\t\t<\/div>\n\t\t\t\t<\/div>\n\t\t\t\t<div class=\"elementor-element elementor-element-e15901f elementor-widget__width-initial elementor-widget elementor-widget-text-editor\" data-id=\"e15901f\" data-element_type=\"widget\" data-e-type=\"widget\" data-widget_type=\"text-editor.default\">\n\t\t\t\t<div class=\"elementor-widget-container\">\n\t\t\t\t\t\t\t\t\t<p><span style=\"font-weight: 400;\">You can collect the products purchased in the online store at our shop in Vilnius, Smolensko St. 6, during working hours: Mon\u2013Fri 10:00\u201319:00, Sat 10:00\u201316:00, or we can deliver the products by courier to the address you specify. The ordered products will reach you by courier within 3\u201315 business days.<\/span><\/p><p><span style=\"font-weight: 400;\">If, upon the courier\u2019s arrival, due to circumstances beyond their control, the shipment cannot be delivered within 15 minutes (for example, if there is no one to receive it or you are unable to bring the items into your premises), the products will be returned to the sender, and you will then be required to pay again for the delivery.<\/span><\/p><p><span style=\"font-weight: 400;\">Some circumstances cannot be foreseen, therefore we do not recommend ordering installation services in advance before you have received the ordered products. We do not take responsibility for losses caused by delayed products or for any other damages.<\/span><\/p><p><span style=\"font-weight: 400;\">When collecting the products, please have with you:<\/span><\/p><ul><li style=\"font-weight: 400; text-align: left;\" aria-level=\"1\"><span style=\"font-weight: 400;\">the order number;<\/span><\/li><li style=\"font-weight: 400; text-align: left;\" aria-level=\"1\"><span style=\"font-weight: 400;\">an identity document. If your products will be collected by another person\/company, please indicate them as an additional recipient when confirming the order. In the case of a legal entity, your authorization is required.<\/span><\/li><\/ul>\t\t\t\t\t\t\t\t<\/div>\n\t\t\t\t<\/div>\n\t\t\t\t\t<\/div>\n\t\t\t\t<\/div>\n\t\t<div class=\"elementor-element elementor-element-7bc4cf4 e-flex e-con-boxed ecomus-responsive-column ecomus-tablet-column--default ecomus-responsive-column ecomus-mobile-column--default ecomus-responsive-column ecomus-motion--var(--position) e-con e-parent\" data-id=\"7bc4cf4\" data-element_type=\"container\" data-e-type=\"container\">\n\t\t\t\t\t<div class=\"e-con-inner\">\n\t\t\t\t<div class=\"elementor-element elementor-element-0007a88 elementor-widget-divider--view-line elementor-widget elementor-widget-divider\" data-id=\"0007a88\" data-element_type=\"widget\" data-e-type=\"widget\" data-widget_type=\"divider.default\">\n\t\t\t\t<div class=\"elementor-widget-container\">\n\t\t\t\t\t\t\t<div class=\"elementor-divider\">\n\t\t\t<span class=\"elementor-divider-separator\">\n\t\t\t\t\t\t<\/span>\n\t\t<\/div>\n\t\t\t\t\t\t<\/div>\n\t\t\t\t<\/div>\n\t\t\t\t\t<\/div>\n\t\t\t\t<\/div>\n\t\t<div class=\"elementor-element elementor-element-b389946 e-flex e-con-boxed ecomus-responsive-column ecomus-tablet-column--default ecomus-responsive-column ecomus-mobile-column--default ecomus-responsive-column ecomus-motion--var(--position) e-con e-parent\" data-id=\"b389946\" data-element_type=\"container\" data-e-type=\"container\">\n\t\t\t\t\t<div class=\"e-con-inner\">\n\t\t\t\t<div class=\"elementor-element elementor-element-f381aa6 elementor-widget elementor-widget-ecomus-heading\" data-id=\"f381aa6\" data-element_type=\"widget\" data-e-type=\"widget\" data-widget_type=\"ecomus-heading.default\">\n\t\t\t\t<div class=\"elementor-widget-container\">\n\t\t\t\t\t\t\t<div class=\"ecomus-heading-elementor\">\r\n\t\t\t\t<h4 class=\"ecomus-heading em-flex em-flex-align-center ecomus-heading--default\">\r\n\t\t\t\t\t\t\t\t\t\tProduct Acceptance \/ Returns\t\t\t\t<\/h4>\r\n\t\t\t<\/div>\r\n\t\t\t\t\t\t<\/div>\n\t\t\t\t<\/div>\n\t\t\t\t<div class=\"elementor-element elementor-element-d15aadc elementor-widget__width-initial elementor-widget elementor-widget-text-editor\" data-id=\"d15aadc\" data-element_type=\"widget\" data-e-type=\"widget\" data-widget_type=\"text-editor.default\">\n\t\t\t\t<div class=\"elementor-widget-container\">\n\t\t\t\t\t\t\t\t\t<p><span style=\"font-weight: 400;\">When the courier delivers the product to you, do not rush to sign for it. First, immediately unpack and inspect the item. If the product is suitable for you, accept it by signing. If the product is broken, damaged, or otherwise defective, request a damage report from the courier and fill it out in their presence, specifying the packaging and product defects. If the product is not suitable for you, refuse to sign for and accept it. Inform MB \u201cGrindupe\u201d about each such case by phone or email. If the buyer does not inspect the product upon delivery and does not note any damages, the buyer loses the right to exchange the product or receive a refund.<\/span><\/p><p><span style=\"font-weight: 400;\">If you wish to return a defective product via courier, we will cover the shipping costs for defective items, while the buyer covers the costs for returning non-defective items. Please contact us at: email: <\/span><span style=\"font-weight: 400;\">gm@grindupe.com<\/span><span style=\"font-weight: 400;\">Or, for return inquiries, please consult us by phone: +370 65038474<\/span><\/p>\t\t\t\t\t\t\t\t<\/div>\n\t\t\t\t<\/div>\n\t\t\t\t\t<\/div>\n\t\t\t\t<\/div>\n\t\t<div class=\"elementor-element elementor-element-e2eecaf e-flex e-con-boxed ecomus-responsive-column ecomus-tablet-column--default ecomus-responsive-column ecomus-mobile-column--default ecomus-responsive-column ecomus-motion--var(--position) e-con e-parent\" data-id=\"e2eecaf\" data-element_type=\"container\" data-e-type=\"container\">\n\t\t\t\t\t<div class=\"e-con-inner\">\n\t\t\t\t<div class=\"elementor-element elementor-element-3268dea elementor-widget-divider--view-line elementor-widget elementor-widget-divider\" data-id=\"3268dea\" data-element_type=\"widget\" data-e-type=\"widget\" data-widget_type=\"divider.default\">\n\t\t\t\t<div class=\"elementor-widget-container\">\n\t\t\t\t\t\t\t<div class=\"elementor-divider\">\n\t\t\t<span class=\"elementor-divider-separator\">\n\t\t\t\t\t\t<\/span>\n\t\t<\/div>\n\t\t\t\t\t\t<\/div>\n\t\t\t\t<\/div>\n\t\t\t\t\t<\/div>\n\t\t\t\t<\/div>\n\t\t<div class=\"elementor-element elementor-element-4ea855f e-flex e-con-boxed ecomus-responsive-column ecomus-tablet-column--default ecomus-responsive-column ecomus-mobile-column--default ecomus-responsive-column ecomus-motion--var(--position) e-con e-parent\" data-id=\"4ea855f\" data-element_type=\"container\" data-e-type=\"container\">\n\t\t\t\t\t<div class=\"e-con-inner\">\n\t\t\t\t<div class=\"elementor-element elementor-element-7033b60 elementor-widget elementor-widget-ecomus-heading\" data-id=\"7033b60\" data-element_type=\"widget\" data-e-type=\"widget\" data-widget_type=\"ecomus-heading.default\">\n\t\t\t\t<div class=\"elementor-widget-container\">\n\t\t\t\t\t\t\t<div class=\"ecomus-heading-elementor\">\r\n\t\t\t\t<h4 class=\"ecomus-heading em-flex em-flex-align-center ecomus-heading--default\">\r\n\t\t\t\t\t\t\t\t\t\tProduct Return Conditions\t\t\t\t<\/h4>\r\n\t\t\t<\/div>\r\n\t\t\t\t\t\t<\/div>\n\t\t\t\t<\/div>\n\t\t\t\t<div class=\"elementor-element elementor-element-df3319c elementor-widget__width-initial elementor-widget elementor-widget-text-editor\" data-id=\"df3319c\" data-element_type=\"widget\" data-e-type=\"widget\" data-widget_type=\"text-editor.default\">\n\t\t\t\t<div class=\"elementor-widget-container\">\n\t\t\t\t\t\t\t\t\t<ul><li style=\"font-weight: 400; text-align: left;\" aria-level=\"1\"><span style=\"font-weight: 400;\">You can return or exchange the goods within 14 calendar days from the day of delivery or collection of the goods;<\/span><\/li><li style=\"font-weight: 400; text-align: left;\" aria-level=\"1\"><span style=\"font-weight: 400;\">The returned product must be unused, unburnt, its usable properties preserved and without losing its commercial appearance;<\/span><\/li><li style=\"font-weight: 400; text-align: left;\" aria-level=\"1\"><span style=\"font-weight: 400;\">The returned item was not manufactured according to your special instructions or clearly adapted to your personal needs (e.g. carpet or linoleum cut according to your instructions, etc.);<\/span><\/li><li style=\"font-weight: 400; text-align: left;\" aria-level=\"1\"><span style=\"font-weight: 400;\">Goods that are unsuitable for return for health or hygiene reasons and which have been unpacked upon delivery;<\/span><\/li><li style=\"font-weight: 400; text-align: left;\" aria-level=\"1\"><span style=\"font-weight: 400;\">The returned product must be in its original packaging and with all its accessories;<\/span><\/li><li style=\"font-weight: 400; text-align: left;\" aria-level=\"1\"><span style=\"font-weight: 400;\">The payment will be refunded to the account from which the product was paid for within 14 days from the date the product is returned to the store, or, in the case of returns via courier, from the date the returned products are delivered to the warehouse.<\/span><\/li><li style=\"font-weight: 400; text-align: left;\" aria-level=\"1\"><span style=\"font-weight: 400;\">Returns require an order number;<\/span><\/li><li style=\"font-weight: 400; text-align: left;\" aria-level=\"1\"><span style=\"font-weight: 400;\">The item must be properly packed to prevent damage during shipping. When returning the product, the buyer is responsible for its smooth and safe arrival to the seller.<\/span><\/li><li style=\"font-weight: 400; text-align: left;\" aria-level=\"1\"><span style=\"font-weight: 400;\">The proper packaging of the shipment is such that without damage it is impossible to access and damage the contents of the shipment. The packaging must protect the contents of the shipment from possible damage during transportation and sorting. Also, the packaging must be safe, that is, it must not pose a danger to the environment: people, other shipments, devices, etc.<\/span><\/li><\/ul>\t\t\t\t\t\t\t\t<\/div>\n\t\t\t\t<\/div>\n\t\t\t\t\t<\/div>\n\t\t\t\t<\/div>\n\t\t\t\t<\/div>","protected":false},"excerpt":{"rendered":"<p>Preki\u0173 pristatymas u\u017esakant internetu Elektronin\u0117je parduotuv\u0117je pirktas prekes galite atsiimti m\u016bs\u0173 parduotuv\u0117je Vilniuje, adresu Smolensko g. 6, darbo laikas I-V 10-19, VI 10-16 arba prekes pristatysime per kurjeri\u0173 tarnyb\u0105 J\u016bs\u0173 nurodytu adresu. U\u017esakytos prek\u0117s su kurjeriu Jus pasieks per 3-15 d.d Jei atvykus kurjeriui, d\u0117l nuo jo nepriklausan\u010di\u0173 aplinkybi\u0173, jis negal\u0117s per 15 minu\u010di\u0173 perduoti [&hellip;]<\/p>\n","protected":false},"author":1,"featured_media":0,"parent":0,"menu_order":0,"comment_status":"closed","ping_status":"closed","template":"","meta":{"_acf_changed":false,"_coblocks_attr":"","_coblocks_dimensions":"","_coblocks_responsive_height":"","_coblocks_accordion_ie_support":"","footnotes":""},"class_list":["post-24","page","type-page","status-publish","hentry"],"acf":[],"yoast_head":"<!-- This site is optimized with the Yoast SEO plugin v26.8 - https:\/\/yoast.com\/product\/yoast-seo-wordpress\/ -->\n<title>Pristatymas ir Gr\u0105\u017einimas - Tagline<\/title>\n<meta name=\"robots\" content=\"noindex, nofollow\" \/>\n<meta property=\"og:locale\" content=\"en_US\" \/>\n<meta property=\"og:type\" content=\"article\" \/>\n<meta property=\"og:title\" content=\"Pristatymas ir Gr\u0105\u017einimas - Tagline\" \/>\n<meta property=\"og:description\" content=\"Preki\u0173 pristatymas u\u017esakant internetu Elektronin\u0117je parduotuv\u0117je pirktas prekes galite atsiimti m\u016bs\u0173 parduotuv\u0117je Vilniuje, adresu Smolensko g. 6, darbo laikas I-V 10-19, VI 10-16 arba prekes pristatysime per kurjeri\u0173 tarnyb\u0105 J\u016bs\u0173 nurodytu adresu. U\u017esakytos prek\u0117s su kurjeriu Jus pasieks per 3-15 d.d Jei atvykus kurjeriui, d\u0117l nuo jo nepriklausan\u010di\u0173 aplinkybi\u0173, jis negal\u0117s per 15 minu\u010di\u0173 perduoti [&hellip;]\" \/>\n<meta property=\"og:url\" content=\"https:\/\/grindupe.com\/en\/pristatymas-ir-grazinimas\/\" \/>\n<meta property=\"og:site_name\" content=\"Grindup\u0117 - Kokybi\u0161ka grind\u0173 danga\" \/>\n<meta property=\"article:publisher\" content=\"https:\/\/www.facebook.com\/profile.php?id=61563240128761\" \/>\n<meta property=\"article:modified_time\" content=\"2025-11-03T08:59:33+00:00\" \/>\n<meta name=\"twitter:card\" content=\"summary_large_image\" \/>\n<meta name=\"twitter:label1\" content=\"Est. reading time\" \/>\n\t<meta name=\"twitter:data1\" content=\"3 minutes\" \/>\n<script type=\"application\/ld+json\" class=\"yoast-schema-graph\">{\"@context\":\"https:\/\/schema.org\",\"@graph\":[{\"@type\":\"WebPage\",\"@id\":\"https:\/\/grindupe.com\/pristatymas-ir-grazinimas\/\",\"url\":\"https:\/\/grindupe.com\/pristatymas-ir-grazinimas\/\",\"name\":\"Pristatymas ir Gr\u0105\u017einimas - Tagline\",\"isPartOf\":{\"@id\":\"https:\/\/grindupe.com\/#website\"},\"datePublished\":\"2024-04-23T11:23:51+00:00\",\"dateModified\":\"2025-11-03T08:59:33+00:00\",\"breadcrumb\":{\"@id\":\"https:\/\/grindupe.com\/pristatymas-ir-grazinimas\/#breadcrumb\"},\"inLanguage\":\"en-US\",\"potentialAction\":[{\"@type\":\"ReadAction\",\"target\":[\"https:\/\/grindupe.com\/pristatymas-ir-grazinimas\/\"]}]},{\"@type\":\"BreadcrumbList\",\"@id\":\"https:\/\/grindupe.com\/pristatymas-ir-grazinimas\/#breadcrumb\",\"itemListElement\":[{\"@type\":\"ListItem\",\"position\":1,\"name\":\"Home\",\"item\":\"https:\/\/grindupe.com\/\"},{\"@type\":\"ListItem\",\"position\":2,\"name\":\"Pristatymas ir Gr\u0105\u017einimas\"}]},{\"@type\":\"WebSite\",\"@id\":\"https:\/\/grindupe.com\/#website\",\"url\":\"https:\/\/grindupe.com\/\",\"name\":\"Grinduupe.com\",\"description\":\"Grind\u0173 dangos\",\"publisher\":{\"@id\":\"https:\/\/grindupe.com\/#organization\"},\"potentialAction\":[{\"@type\":\"SearchAction\",\"target\":{\"@type\":\"EntryPoint\",\"urlTemplate\":\"https:\/\/grindupe.com\/?s={search_term_string}\"},\"query-input\":{\"@type\":\"PropertyValueSpecification\",\"valueRequired\":true,\"valueName\":\"search_term_string\"}}],\"inLanguage\":\"en-US\"},{\"@type\":\"Organization\",\"@id\":\"https:\/\/grindupe.com\/#organization\",\"name\":\"Grinduupe\",\"url\":\"https:\/\/grindupe.com\/\",\"logo\":{\"@type\":\"ImageObject\",\"inLanguage\":\"en-US\",\"@id\":\"https:\/\/grindupe.com\/#\/schema\/logo\/image\/\",\"url\":\"https:\/\/grindupe.com\/wp-content\/uploads\/2024\/07\/Gedi-6-email_20250515212455.webp\",\"contentUrl\":\"https:\/\/grindupe.com\/wp-content\/uploads\/2024\/07\/Gedi-6-email_20250515212455.webp\",\"width\":258,\"height\":207,\"caption\":\"Grinduupe\"},\"image\":{\"@id\":\"https:\/\/grindupe.com\/#\/schema\/logo\/image\/\"},\"sameAs\":[\"https:\/\/www.facebook.com\/profile.php?id=61563240128761\"]}]}<\/script>\n<!-- \/ Yoast SEO plugin. -->","yoast_head_json":{"title":"Pristatymas ir Gr\u0105\u017einimas - Tagline","robots":{"index":"noindex","follow":"nofollow"},"og_locale":"en_US","og_type":"article","og_title":"Pristatymas ir Gr\u0105\u017einimas - Tagline","og_description":"Preki\u0173 pristatymas u\u017esakant internetu Elektronin\u0117je parduotuv\u0117je pirktas prekes galite atsiimti m\u016bs\u0173 parduotuv\u0117je Vilniuje, adresu Smolensko g. 6, darbo laikas I-V 10-19, VI 10-16 arba prekes pristatysime per kurjeri\u0173 tarnyb\u0105 J\u016bs\u0173 nurodytu adresu. U\u017esakytos prek\u0117s su kurjeriu Jus pasieks per 3-15 d.d Jei atvykus kurjeriui, d\u0117l nuo jo nepriklausan\u010di\u0173 aplinkybi\u0173, jis negal\u0117s per 15 minu\u010di\u0173 perduoti [&hellip;]","og_url":"https:\/\/grindupe.com\/en\/pristatymas-ir-grazinimas\/","og_site_name":"Grindup\u0117 - Kokybi\u0161ka grind\u0173 danga","article_publisher":"https:\/\/www.facebook.com\/profile.php?id=61563240128761","article_modified_time":"2025-11-03T08:59:33+00:00","twitter_card":"summary_large_image","twitter_misc":{"Est. reading time":"3 minutes"},"schema":{"@context":"https:\/\/schema.org","@graph":[{"@type":"WebPage","@id":"https:\/\/grindupe.com\/pristatymas-ir-grazinimas\/","url":"https:\/\/grindupe.com\/pristatymas-ir-grazinimas\/","name":"Pristatymas ir Gr\u0105\u017einimas - Tagline","isPartOf":{"@id":"https:\/\/grindupe.com\/#website"},"datePublished":"2024-04-23T11:23:51+00:00","dateModified":"2025-11-03T08:59:33+00:00","breadcrumb":{"@id":"https:\/\/grindupe.com\/pristatymas-ir-grazinimas\/#breadcrumb"},"inLanguage":"en-US","potentialAction":[{"@type":"ReadAction","target":["https:\/\/grindupe.com\/pristatymas-ir-grazinimas\/"]}]},{"@type":"BreadcrumbList","@id":"https:\/\/grindupe.com\/pristatymas-ir-grazinimas\/#breadcrumb","itemListElement":[{"@type":"ListItem","position":1,"name":"Home","item":"https:\/\/grindupe.com\/"},{"@type":"ListItem","position":2,"name":"Pristatymas ir Gr\u0105\u017einimas"}]},{"@type":"WebSite","@id":"https:\/\/grindupe.com\/#website","url":"https:\/\/grindupe.com\/","name":"Grinduupe.com","description":"Floor coverings","publisher":{"@id":"https:\/\/grindupe.com\/#organization"},"potentialAction":[{"@type":"SearchAction","target":{"@type":"EntryPoint","urlTemplate":"https:\/\/grindupe.com\/?s={search_term_string}"},"query-input":{"@type":"PropertyValueSpecification","valueRequired":true,"valueName":"search_term_string"}}],"inLanguage":"en-US"},{"@type":"Organization","@id":"https:\/\/grindupe.com\/#organization","name":"Grindupupe","url":"https:\/\/grindupe.com\/","logo":{"@type":"ImageObject","inLanguage":"en-US","@id":"https:\/\/grindupe.com\/#\/schema\/logo\/image\/","url":"https:\/\/grindupe.com\/wp-content\/uploads\/2024\/07\/Gedi-6-email_20250515212455.webp","contentUrl":"https:\/\/grindupe.com\/wp-content\/uploads\/2024\/07\/Gedi-6-email_20250515212455.webp","width":258,"height":207,"caption":"Grinduupe"},"image":{"@id":"https:\/\/grindupe.com\/#\/schema\/logo\/image\/"},"sameAs":["https:\/\/www.facebook.com\/profile.php?id=61563240128761"]}]}},"_links":{"self":[{"href":"https:\/\/grindupe.com\/en\/wp-json\/wp\/v2\/pages\/24","targetHints":{"allow":["GET"]}}],"collection":[{"href":"https:\/\/grindupe.com\/en\/wp-json\/wp\/v2\/pages"}],"about":[{"href":"https:\/\/grindupe.com\/en\/wp-json\/wp\/v2\/types\/page"}],"author":[{"embeddable":true,"href":"https:\/\/grindupe.com\/en\/wp-json\/wp\/v2\/users\/1"}],"replies":[{"embeddable":true,"href":"https:\/\/grindupe.com\/en\/wp-json\/wp\/v2\/comments?post=24"}],"version-history":[{"count":25,"href":"https:\/\/grindupe.com\/en\/wp-json\/wp\/v2\/pages\/24\/revisions"}],"predecessor-version":[{"id":81325,"href":"https:\/\/grindupe.com\/en\/wp-json\/wp\/v2\/pages\/24\/revisions\/81325"}],"wp:attachment":[{"href":"https:\/\/grindupe.com\/en\/wp-json\/wp\/v2\/media?parent=24"}],"curies":[{"name":"wp","href":"https:\/\/api.w.org\/{rel}","templated":true}]}}