{"id":79589,"date":"2025-08-14T16:38:56","date_gmt":"2025-08-14T13:38:56","guid":{"rendered":"https:\/\/grindupe.com\/?post_type=product&#038;p=79589"},"modified":"2025-10-02T03:34:56","modified_gmt":"2025-10-02T00:34:56","slug":"spc-vinilas-5-mm","status":"publish","type":"product","link":"https:\/\/grindupe.com\/en\/parduotuve\/grindu-dangos\/vinilas\/click-sistema\/spc-vinilas-5-mm\/","title":{"rendered":"Vinyl flooring SPC |1220x181x5mm"},"content":{"rendered":"<div class=\"wc-full-description-single-block\" style=\"white-space:pre-line;\">Thickness: 4 mm SPC + 1 mm underlay\nWear layer thickness: 0.50 mm\nLength: 1220 mm\nWidth: 181 mm\nCore: SPC \u2013 stone polymer composite (rigid)\nGloss level: 2\u20134% (super matte)\nFormaldehyde emission:  19 dB\nReaction to fire: Bfl-s1 (high class)\nEdge finish: V4 (beveled edges)\nInstallation system: Click system\nResidential warranty: 35 years\nCommercial warranty: 10 years<\/div>","protected":false},"excerpt":{"rendered":"SPC vinyl flooring stands out with its unique and subtle texture, bringing comfort and modern style to any space.\n\nThickness: 4 mm SPC + 1 mm underlay\nLength: 1220 mm\nWidth: 181 mm\nInstallation system: Click system\nUnits per pack: 10 planks \/ 2.20 m\u00b2","protected":false},"featured_media":81117,"comment_status":"open","ping_status":"closed","template":"","meta":{"_acf_changed":false,"_coblocks_attr":"","_coblocks_dimensions":"","_coblocks_responsive_height":"","_coblocks_accordion_ie_support":""},"product_brand":[514],"product_cat":[303,272,273],"product_tag":[],"class_list":{"0":"post-79589","1":"product","2":"type-product","3":"status-publish","4":"has-post-thumbnail","6":"product_brand-vicaima","7":"product_cat-click-sistema","8":"product_cat-grindu-dangos","9":"product_cat-vinilas","10":"pa_erdve-miegamieji-kambariai","11":"pa_erdve-spa-zona","12":"pa_erdve-svetaine","13":"pa_erdve-virtuve","14":"pa_erdve-vonios-kambariai","15":"pa_savybes-atsparus-dregmei","16":"pa_savybes-atsparus-ugniai","17":"pa_savybes-kietas-ir-tvirtas","18":"pa_savybes-lengva-priziureti","19":"pa_savybes-tinka-komercinems-patalpoms","20":"pa_savybes-tinka-sildomoms-grindims","21":"pa_spalva-chattahoochie","22":"pa_spalva-classic-oak","23":"pa_spalva-cumberland","24":"pa_spalva-nature-sapele","25":"pa_spalva-select-oak","26":"pa_spalva-filtrams-geltona","27":"pa_spalva-filtrams-pilka","28":"pa_spalva-filtrams-ruda","29":"pa_spalva-filtrams-rusva","30":"pa_spalva-filtrams-tamsiai-ruda","32":"first","33":"onbackorder","34":"taxable","35":"shipping-taxable","36":"purchasable","37":"product-type-variable","38":"has-default-attributes"},"acf":[],"yoast_head":"<!-- This site is optimized with the Yoast SEO plugin v26.8 - https:\/\/yoast.com\/product\/yoast-seo-wordpress\/ -->\n<title>Vinilin\u0117 grind\u0173 danga SPC|1220x181x5mm - Grindup\u0117 - Kokybi\u0161ka grind\u0173 danga<\/title>\n<meta name=\"robots\" content=\"index, follow, max-snippet:-1, max-image-preview:large, max-video-preview:-1\" \/>\n<link rel=\"canonical\" href=\"https:\/\/grindupe.com\/en\/parduotuve\/grindu-dangos\/vinilas\/click-sistema\/spc-vinilas-5-mm\/\" \/>\n<meta property=\"og:locale\" content=\"en_US\" \/>\n<meta property=\"og:type\" content=\"article\" \/>\n<meta property=\"og:title\" content=\"Vinilin\u0117 grind\u0173 danga SPC|1220x181x5mm - Grindup\u0117 - Kokybi\u0161ka grind\u0173 danga\" \/>\n<meta property=\"og:description\" content=\"SPC vinilo grindys i\u0161siskiria unikalia ir subtilia tekst\u016bra, suteikdamos erdvei komforto ir modernumo. Storis: 4 mm SPC + 1 mm padas Ilgis: 1220 mm Plotis: 181 mm Montavimo sistema: Click sistema Vienetai pakuot\u0117je: 10 lent\u0173 \/ 2,20 m2\" \/>\n<meta property=\"og:url\" content=\"https:\/\/grindupe.com\/en\/parduotuve\/grindu-dangos\/vinilas\/click-sistema\/spc-vinilas-5-mm\/\" \/>\n<meta property=\"og:site_name\" content=\"Grindup\u0117 - Kokybi\u0161ka grind\u0173 danga\" \/>\n<meta property=\"article:publisher\" content=\"https:\/\/www.facebook.com\/profile.php?id=61563240128761\" \/>\n<meta property=\"article:modified_time\" content=\"2025-10-02T00:34:56+00:00\" \/>\n<meta property=\"og:image\" content=\"https:\/\/grindupe.com\/wp-content\/uploads\/2025\/08\/SPC-5mm-XL-chattahoochie-701_TOP-A4-20250313-100925.webp\" \/>\n\t<meta property=\"og:image:width\" content=\"650\" \/>\n\t<meta property=\"og:image:height\" content=\"550\" \/>\n\t<meta property=\"og:image:type\" content=\"image\/webp\" \/>\n<meta name=\"twitter:card\" content=\"summary_large_image\" \/>\n<meta name=\"twitter:label1\" content=\"Est. reading time\" \/>\n\t<meta name=\"twitter:data1\" content=\"1 minute\" \/>\n<script type=\"application\/ld+json\" class=\"yoast-schema-graph\">{\"@context\":\"https:\/\/schema.org\",\"@graph\":[{\"@type\":\"WebPage\",\"@id\":\"https:\/\/grindupe.com\/parduotuve\/grindu-dangos\/vinilas\/click-sistema\/spc-vinilas-5-mm\/\",\"url\":\"https:\/\/grindupe.com\/parduotuve\/grindu-dangos\/vinilas\/click-sistema\/spc-vinilas-5-mm\/\",\"name\":\"Vinilin\u0117 grind\u0173 danga SPC|1220x181x5mm - Grindup\u0117 - Kokybi\u0161ka grind\u0173 danga\",\"isPartOf\":{\"@id\":\"https:\/\/grindupe.com\/#website\"},\"primaryImageOfPage\":{\"@id\":\"https:\/\/grindupe.com\/parduotuve\/grindu-dangos\/vinilas\/click-sistema\/spc-vinilas-5-mm\/#primaryimage\"},\"image\":{\"@id\":\"https:\/\/grindupe.com\/parduotuve\/grindu-dangos\/vinilas\/click-sistema\/spc-vinilas-5-mm\/#primaryimage\"},\"thumbnailUrl\":\"https:\/\/grindupe.com\/wp-content\/uploads\/2025\/08\/SPC-5mm-XL-chattahoochie-701_TOP-A4-20250313-100925.webp\",\"datePublished\":\"2025-08-14T13:38:56+00:00\",\"dateModified\":\"2025-10-02T00:34:56+00:00\",\"breadcrumb\":{\"@id\":\"https:\/\/grindupe.com\/parduotuve\/grindu-dangos\/vinilas\/click-sistema\/spc-vinilas-5-mm\/#breadcrumb\"},\"inLanguage\":\"en-US\",\"potentialAction\":[{\"@type\":\"ReadAction\",\"target\":[\"https:\/\/grindupe.com\/parduotuve\/grindu-dangos\/vinilas\/click-sistema\/spc-vinilas-5-mm\/\"]}]},{\"@type\":\"ImageObject\",\"inLanguage\":\"en-US\",\"@id\":\"https:\/\/grindupe.com\/parduotuve\/grindu-dangos\/vinilas\/click-sistema\/spc-vinilas-5-mm\/#primaryimage\",\"url\":\"https:\/\/grindupe.com\/wp-content\/uploads\/2025\/08\/SPC-5mm-XL-chattahoochie-701_TOP-A4-20250313-100925.webp\",\"contentUrl\":\"https:\/\/grindupe.com\/wp-content\/uploads\/2025\/08\/SPC-5mm-XL-chattahoochie-701_TOP-A4-20250313-100925.webp\",\"width\":650,\"height\":550,\"caption\":\"SPC 5mm XL chattahoochie 701 TOP A4 20250313 100925\"},{\"@type\":\"BreadcrumbList\",\"@id\":\"https:\/\/grindupe.com\/parduotuve\/grindu-dangos\/vinilas\/click-sistema\/spc-vinilas-5-mm\/#breadcrumb\",\"itemListElement\":[{\"@type\":\"ListItem\",\"position\":1,\"name\":\"Home\",\"item\":\"https:\/\/grindupe.com\/\"},{\"@type\":\"ListItem\",\"position\":2,\"name\":\"Parduotuv\u0117\",\"item\":\"https:\/\/grindupe.com\/parduotuve\/\"},{\"@type\":\"ListItem\",\"position\":3,\"name\":\"Vinilin\u0117 grind\u0173 danga SPC|1220x181x5mm\"}]},{\"@type\":\"WebSite\",\"@id\":\"https:\/\/grindupe.com\/#website\",\"url\":\"https:\/\/grindupe.com\/\",\"name\":\"Grinduupe.com\",\"description\":\"Grind\u0173 dangos\",\"publisher\":{\"@id\":\"https:\/\/grindupe.com\/#organization\"},\"potentialAction\":[{\"@type\":\"SearchAction\",\"target\":{\"@type\":\"EntryPoint\",\"urlTemplate\":\"https:\/\/grindupe.com\/?s={search_term_string}\"},\"query-input\":{\"@type\":\"PropertyValueSpecification\",\"valueRequired\":true,\"valueName\":\"search_term_string\"}}],\"inLanguage\":\"en-US\"},{\"@type\":\"Organization\",\"@id\":\"https:\/\/grindupe.com\/#organization\",\"name\":\"Grinduupe\",\"url\":\"https:\/\/grindupe.com\/\",\"logo\":{\"@type\":\"ImageObject\",\"inLanguage\":\"en-US\",\"@id\":\"https:\/\/grindupe.com\/#\/schema\/logo\/image\/\",\"url\":\"https:\/\/grindupe.com\/wp-content\/uploads\/2024\/07\/Gedi-6-email_20250515212455.webp\",\"contentUrl\":\"https:\/\/grindupe.com\/wp-content\/uploads\/2024\/07\/Gedi-6-email_20250515212455.webp\",\"width\":258,\"height\":207,\"caption\":\"Grinduupe\"},\"image\":{\"@id\":\"https:\/\/grindupe.com\/#\/schema\/logo\/image\/\"},\"sameAs\":[\"https:\/\/www.facebook.com\/profile.php?id=61563240128761\"]}]}<\/script>\n<!-- \/ Yoast SEO plugin. -->","yoast_head_json":{"title":"Vinilin\u0117 grind\u0173 danga SPC|1220x181x5mm - Grindup\u0117 - Kokybi\u0161ka grind\u0173 danga","robots":{"index":"index","follow":"follow","max-snippet":"max-snippet:-1","max-image-preview":"max-image-preview:large","max-video-preview":"max-video-preview:-1"},"canonical":"https:\/\/grindupe.com\/en\/parduotuve\/grindu-dangos\/vinilas\/click-sistema\/spc-vinilas-5-mm\/","og_locale":"en_US","og_type":"article","og_title":"Vinilin\u0117 grind\u0173 danga SPC|1220x181x5mm - Grindup\u0117 - Kokybi\u0161ka grind\u0173 danga","og_description":"SPC vinilo grindys i\u0161siskiria unikalia ir subtilia tekst\u016bra, suteikdamos erdvei komforto ir modernumo. Storis: 4 mm SPC + 1 mm padas Ilgis: 1220 mm Plotis: 181 mm Montavimo sistema: Click sistema Vienetai pakuot\u0117je: 10 lent\u0173 \/ 2,20 m2","og_url":"https:\/\/grindupe.com\/en\/parduotuve\/grindu-dangos\/vinilas\/click-sistema\/spc-vinilas-5-mm\/","og_site_name":"Grindup\u0117 - Kokybi\u0161ka grind\u0173 danga","article_publisher":"https:\/\/www.facebook.com\/profile.php?id=61563240128761","article_modified_time":"2025-10-02T00:34:56+00:00","og_image":[{"width":650,"height":550,"url":"https:\/\/grindupe.com\/wp-content\/uploads\/2025\/08\/SPC-5mm-XL-chattahoochie-701_TOP-A4-20250313-100925.webp","type":"image\/webp"}],"twitter_card":"summary_large_image","twitter_misc":{"Est. reading time":"1 minute"},"schema":{"@context":"https:\/\/schema.org","@graph":[{"@type":"WebPage","@id":"https:\/\/grindupe.com\/parduotuve\/grindu-dangos\/vinilas\/click-sistema\/spc-vinilas-5-mm\/","url":"https:\/\/grindupe.com\/parduotuve\/grindu-dangos\/vinilas\/click-sistema\/spc-vinilas-5-mm\/","name":"Vinilin\u0117 grind\u0173 danga SPC|1220x181x5mm - Grindup\u0117 - Kokybi\u0161ka grind\u0173 danga","isPartOf":{"@id":"https:\/\/grindupe.com\/#website"},"primaryImageOfPage":{"@id":"https:\/\/grindupe.com\/parduotuve\/grindu-dangos\/vinilas\/click-sistema\/spc-vinilas-5-mm\/#primaryimage"},"image":{"@id":"https:\/\/grindupe.com\/parduotuve\/grindu-dangos\/vinilas\/click-sistema\/spc-vinilas-5-mm\/#primaryimage"},"thumbnailUrl":"https:\/\/grindupe.com\/wp-content\/uploads\/2025\/08\/SPC-5mm-XL-chattahoochie-701_TOP-A4-20250313-100925.webp","datePublished":"2025-08-14T13:38:56+00:00","dateModified":"2025-10-02T00:34:56+00:00","breadcrumb":{"@id":"https:\/\/grindupe.com\/parduotuve\/grindu-dangos\/vinilas\/click-sistema\/spc-vinilas-5-mm\/#breadcrumb"},"inLanguage":"en-US","potentialAction":[{"@type":"ReadAction","target":["https:\/\/grindupe.com\/parduotuve\/grindu-dangos\/vinilas\/click-sistema\/spc-vinilas-5-mm\/"]}]},{"@type":"ImageObject","inLanguage":"en-US","@id":"https:\/\/grindupe.com\/parduotuve\/grindu-dangos\/vinilas\/click-sistema\/spc-vinilas-5-mm\/#primaryimage","url":"https:\/\/grindupe.com\/wp-content\/uploads\/2025\/08\/SPC-5mm-XL-chattahoochie-701_TOP-A4-20250313-100925.webp","contentUrl":"https:\/\/grindupe.com\/wp-content\/uploads\/2025\/08\/SPC-5mm-XL-chattahoochie-701_TOP-A4-20250313-100925.webp","width":650,"height":550,"caption":"SPC 5mm XL chattahoochie 701 TOP A4 20250313 100925"},{"@type":"BreadcrumbList","@id":"https:\/\/grindupe.com\/parduotuve\/grindu-dangos\/vinilas\/click-sistema\/spc-vinilas-5-mm\/#breadcrumb","itemListElement":[{"@type":"ListItem","position":1,"name":"Home","item":"https:\/\/grindupe.com\/"},{"@type":"ListItem","position":2,"name":"Parduotuv\u0117","item":"https:\/\/grindupe.com\/parduotuve\/"},{"@type":"ListItem","position":3,"name":"Vinilin\u0117 grind\u0173 danga SPC|1220x181x5mm"}]},{"@type":"WebSite","@id":"https:\/\/grindupe.com\/#website","url":"https:\/\/grindupe.com\/","name":"Grinduupe.com","description":"Floor coverings","publisher":{"@id":"https:\/\/grindupe.com\/#organization"},"potentialAction":[{"@type":"SearchAction","target":{"@type":"EntryPoint","urlTemplate":"https:\/\/grindupe.com\/?s={search_term_string}"},"query-input":{"@type":"PropertyValueSpecification","valueRequired":true,"valueName":"search_term_string"}}],"inLanguage":"en-US"},{"@type":"Organization","@id":"https:\/\/grindupe.com\/#organization","name":"Grindupupe","url":"https:\/\/grindupe.com\/","logo":{"@type":"ImageObject","inLanguage":"en-US","@id":"https:\/\/grindupe.com\/#\/schema\/logo\/image\/","url":"https:\/\/grindupe.com\/wp-content\/uploads\/2024\/07\/Gedi-6-email_20250515212455.webp","contentUrl":"https:\/\/grindupe.com\/wp-content\/uploads\/2024\/07\/Gedi-6-email_20250515212455.webp","width":258,"height":207,"caption":"Grinduupe"},"image":{"@id":"https:\/\/grindupe.com\/#\/schema\/logo\/image\/"},"sameAs":["https:\/\/www.facebook.com\/profile.php?id=61563240128761"]}]}},"_links":{"self":[{"href":"https:\/\/grindupe.com\/en\/wp-json\/wp\/v2\/product\/79589","targetHints":{"allow":["GET"]}}],"collection":[{"href":"https:\/\/grindupe.com\/en\/wp-json\/wp\/v2\/product"}],"about":[{"href":"https:\/\/grindupe.com\/en\/wp-json\/wp\/v2\/types\/product"}],"replies":[{"embeddable":true,"href":"https:\/\/grindupe.com\/en\/wp-json\/wp\/v2\/comments?post=79589"}],"wp:featuredmedia":[{"embeddable":true,"href":"https:\/\/grindupe.com\/en\/wp-json\/wp\/v2\/media\/81117"}],"wp:attachment":[{"href":"https:\/\/grindupe.com\/en\/wp-json\/wp\/v2\/media?parent=79589"}],"wp:term":[{"taxonomy":"product_brand","embeddable":true,"href":"https:\/\/grindupe.com\/en\/wp-json\/wp\/v2\/product_brand?post=79589"},{"taxonomy":"product_cat","embeddable":true,"href":"https:\/\/grindupe.com\/en\/wp-json\/wp\/v2\/product_cat?post=79589"},{"taxonomy":"product_tag","embeddable":true,"href":"https:\/\/grindupe.com\/en\/wp-json\/wp\/v2\/product_tag?post=79589"}],"curies":[{"name":"wp","href":"https:\/\/api.w.org\/{rel}","templated":true}]}}