{"id":79682,"date":"2025-08-14T20:31:49","date_gmt":"2025-08-14T17:31:49","guid":{"rendered":"https:\/\/grindupe.com\/?post_type=product&#038;p=79682"},"modified":"2025-09-23T16:50:35","modified_gmt":"2025-09-23T13:50:35","slug":"vinilas-tlc-original-stone-chalked-concrete","status":"publish","type":"product","link":"https:\/\/grindupe.com\/en\/parduotuve\/grindu-dangos\/vinilas\/klijuojamas\/vinilas-tlc-original-stone-chalked-concrete\/","title":{"rendered":"Vinyl Flooring TLC Original Stone | 457.2x457.2x2mm"},"content":{"rendered":"<div class=\"wc-full-description-single-block\" style=\"white-space:pre-line;\">Brand: TLC\nCategory: Luxury Vinyl Tiles\nThickness: 2 mm\nWear layer: 0.3 mm\nThermal conductivity: 0.25 W (mK)\nSuitable for underfloor heating: max 27 \u00b0C\nFire resistance: Bfl-S1\nSlip resistance: DS (dry conditions) R10\nInstallation system: Glue-down\nFinish: PUR\nBevel: None\nPieces per pack: 16\nCoverage per pack: 3.340 m\u00b2\nTile size: 457.2 mm x 457.2 mm\nOrigin: UK<\/div>","protected":false},"excerpt":{"rendered":"Original collection replicating mineral and concrete designs \u2013 perfectly suited for any home interior.\nProduct code: Vinyl Flooring 5198\nColor: 5198\nBrand: TLC\nThickness: 2 mm\nWidth: 457.2 mm\nLength: 457.2 mm\nSuitable for underfloor heating: Yes\nInstallation system: Glue-down\nPieces per pack: 16\nCoverage per pack: 3.340 m\u00b2","protected":false},"featured_media":79829,"comment_status":"open","ping_status":"closed","template":"","meta":{"_acf_changed":false,"_coblocks_attr":"","_coblocks_dimensions":"","_coblocks_responsive_height":"","_coblocks_accordion_ie_support":""},"product_brand":[344],"product_cat":[272,302,273],"product_tag":[],"class_list":{"0":"post-79682","1":"product","2":"type-product","3":"status-publish","4":"has-post-thumbnail","6":"product_brand-tlc","7":"product_cat-grindu-dangos","8":"product_cat-klijuojamas","9":"product_cat-vinilas","10":"pa_erdve-koridorius","11":"pa_erdve-miegamieji-kambariai","12":"pa_erdve-svetaine","13":"pa_erdve-valgomasis","14":"pa_erdve-virtuve","15":"pa_savybes-atsparus-dregmei","16":"pa_savybes-kietas-ir-tvirtas","17":"pa_savybes-lengva-priziureti","18":"pa_savybes-pagaminta-uk","19":"pa_savybes-tinka-sildomoms-grindims","20":"pa_spalva-filtrams-pilka","22":"first","23":"onbackorder","24":"taxable","25":"shipping-taxable","26":"purchasable","27":"product-type-simple"},"acf":[],"yoast_head":"<!-- This site is optimized with the Yoast SEO plugin v26.8 - https:\/\/yoast.com\/product\/yoast-seo-wordpress\/ -->\n<title>Vinilin\u0117 grind\u0173 danga TLC Original Stone|457.2x457.2x2mm - Grindup\u0117 - Kokybi\u0161ka grind\u0173 danga<\/title>\n<meta name=\"robots\" content=\"index, follow, max-snippet:-1, max-image-preview:large, max-video-preview:-1\" \/>\n<link rel=\"canonical\" href=\"https:\/\/grindupe.com\/en\/parduotuve\/grindu-dangos\/vinilas\/klijuojamas\/vinilas-tlc-original-stone-chalked-concrete\/\" \/>\n<meta property=\"og:locale\" content=\"en_US\" \/>\n<meta property=\"og:type\" content=\"article\" \/>\n<meta property=\"og:title\" content=\"Vinilin\u0117 grind\u0173 danga TLC Original Stone|457.2x457.2x2mm - Grindup\u0117 - Kokybi\u0161ka grind\u0173 danga\" \/>\n<meta property=\"og:description\" content=\"Orginali kolekcija atkartojanti mineral\u0173 ir betono dizainus puikiai tinka, bet kokiam nam\u0173 interjerui. Prek\u0117s kodas: Vinilin\u0117 grind\u0173 danga 5198 Spalva: 5198 Gamintojas: TLC Storis: 2 mm Plotis: 457.2 mm Ilgis: 457.2 mm Tinka \u0161ildomoms grindims: Taip Tvirtinimo sistema: Klijuojamos Vienet\u0173 pakuot\u0117je: 16 Kvadrat\u0173 pakuot\u0117je: 3.340\" \/>\n<meta property=\"og:url\" content=\"https:\/\/grindupe.com\/en\/parduotuve\/grindu-dangos\/vinilas\/klijuojamas\/vinilas-tlc-original-stone-chalked-concrete\/\" \/>\n<meta property=\"og:site_name\" content=\"Grindup\u0117 - Kokybi\u0161ka grind\u0173 danga\" \/>\n<meta property=\"article:publisher\" content=\"https:\/\/www.facebook.com\/profile.php?id=61563240128761\" \/>\n<meta property=\"article:modified_time\" content=\"2025-09-23T13:50:35+00:00\" \/>\n<meta property=\"og:image\" content=\"https:\/\/grindupe.com\/wp-content\/uploads\/2025\/08\/GPC21466221.jpg\" \/>\n\t<meta property=\"og:image:width\" content=\"800\" \/>\n\t<meta property=\"og:image:height\" content=\"800\" \/>\n\t<meta property=\"og:image:type\" content=\"image\/jpeg\" \/>\n<meta name=\"twitter:card\" content=\"summary_large_image\" \/>\n<script type=\"application\/ld+json\" class=\"yoast-schema-graph\">{\"@context\":\"https:\/\/schema.org\",\"@graph\":[{\"@type\":\"WebPage\",\"@id\":\"https:\/\/grindupe.com\/parduotuve\/grindu-dangos\/vinilas\/klijuojamas\/vinilas-tlc-original-stone-chalked-concrete\/\",\"url\":\"https:\/\/grindupe.com\/parduotuve\/grindu-dangos\/vinilas\/klijuojamas\/vinilas-tlc-original-stone-chalked-concrete\/\",\"name\":\"Vinilin\u0117 grind\u0173 danga TLC Original Stone|457.2x457.2x2mm - Grindup\u0117 - Kokybi\u0161ka grind\u0173 danga\",\"isPartOf\":{\"@id\":\"https:\/\/grindupe.com\/#website\"},\"primaryImageOfPage\":{\"@id\":\"https:\/\/grindupe.com\/parduotuve\/grindu-dangos\/vinilas\/klijuojamas\/vinilas-tlc-original-stone-chalked-concrete\/#primaryimage\"},\"image\":{\"@id\":\"https:\/\/grindupe.com\/parduotuve\/grindu-dangos\/vinilas\/klijuojamas\/vinilas-tlc-original-stone-chalked-concrete\/#primaryimage\"},\"thumbnailUrl\":\"https:\/\/grindupe.com\/wp-content\/uploads\/2025\/08\/GPC21466221.jpg\",\"datePublished\":\"2025-08-14T17:31:49+00:00\",\"dateModified\":\"2025-09-23T13:50:35+00:00\",\"breadcrumb\":{\"@id\":\"https:\/\/grindupe.com\/parduotuve\/grindu-dangos\/vinilas\/klijuojamas\/vinilas-tlc-original-stone-chalked-concrete\/#breadcrumb\"},\"inLanguage\":\"en-US\",\"potentialAction\":[{\"@type\":\"ReadAction\",\"target\":[\"https:\/\/grindupe.com\/parduotuve\/grindu-dangos\/vinilas\/klijuojamas\/vinilas-tlc-original-stone-chalked-concrete\/\"]}]},{\"@type\":\"ImageObject\",\"inLanguage\":\"en-US\",\"@id\":\"https:\/\/grindupe.com\/parduotuve\/grindu-dangos\/vinilas\/klijuojamas\/vinilas-tlc-original-stone-chalked-concrete\/#primaryimage\",\"url\":\"https:\/\/grindupe.com\/wp-content\/uploads\/2025\/08\/GPC21466221.jpg\",\"contentUrl\":\"https:\/\/grindupe.com\/wp-content\/uploads\/2025\/08\/GPC21466221.jpg\",\"width\":800,\"height\":800,\"caption\":\"GPC21466221\"},{\"@type\":\"BreadcrumbList\",\"@id\":\"https:\/\/grindupe.com\/parduotuve\/grindu-dangos\/vinilas\/klijuojamas\/vinilas-tlc-original-stone-chalked-concrete\/#breadcrumb\",\"itemListElement\":[{\"@type\":\"ListItem\",\"position\":1,\"name\":\"Home\",\"item\":\"https:\/\/grindupe.com\/\"},{\"@type\":\"ListItem\",\"position\":2,\"name\":\"Parduotuv\u0117\",\"item\":\"https:\/\/grindupe.com\/parduotuve\/\"},{\"@type\":\"ListItem\",\"position\":3,\"name\":\"Vinilin\u0117 grind\u0173 danga TLC Original Stone|457.2&#215;457.2x2mm\"}]},{\"@type\":\"WebSite\",\"@id\":\"https:\/\/grindupe.com\/#website\",\"url\":\"https:\/\/grindupe.com\/\",\"name\":\"Grinduupe.com\",\"description\":\"Grind\u0173 dangos\",\"publisher\":{\"@id\":\"https:\/\/grindupe.com\/#organization\"},\"potentialAction\":[{\"@type\":\"SearchAction\",\"target\":{\"@type\":\"EntryPoint\",\"urlTemplate\":\"https:\/\/grindupe.com\/?s={search_term_string}\"},\"query-input\":{\"@type\":\"PropertyValueSpecification\",\"valueRequired\":true,\"valueName\":\"search_term_string\"}}],\"inLanguage\":\"en-US\"},{\"@type\":\"Organization\",\"@id\":\"https:\/\/grindupe.com\/#organization\",\"name\":\"Grinduupe\",\"url\":\"https:\/\/grindupe.com\/\",\"logo\":{\"@type\":\"ImageObject\",\"inLanguage\":\"en-US\",\"@id\":\"https:\/\/grindupe.com\/#\/schema\/logo\/image\/\",\"url\":\"https:\/\/grindupe.com\/wp-content\/uploads\/2024\/07\/Gedi-6-email_20250515212455.webp\",\"contentUrl\":\"https:\/\/grindupe.com\/wp-content\/uploads\/2024\/07\/Gedi-6-email_20250515212455.webp\",\"width\":258,\"height\":207,\"caption\":\"Grinduupe\"},\"image\":{\"@id\":\"https:\/\/grindupe.com\/#\/schema\/logo\/image\/\"},\"sameAs\":[\"https:\/\/www.facebook.com\/profile.php?id=61563240128761\"]}]}<\/script>\n<!-- \/ Yoast SEO plugin. -->","yoast_head_json":{"title":"Vinilin\u0117 grind\u0173 danga TLC Original Stone|457.2x457.2x2mm - Grindup\u0117 - Kokybi\u0161ka grind\u0173 danga","robots":{"index":"index","follow":"follow","max-snippet":"max-snippet:-1","max-image-preview":"max-image-preview:large","max-video-preview":"max-video-preview:-1"},"canonical":"https:\/\/grindupe.com\/en\/parduotuve\/grindu-dangos\/vinilas\/klijuojamas\/vinilas-tlc-original-stone-chalked-concrete\/","og_locale":"en_US","og_type":"article","og_title":"Vinilin\u0117 grind\u0173 danga TLC Original Stone|457.2x457.2x2mm - Grindup\u0117 - Kokybi\u0161ka grind\u0173 danga","og_description":"Orginali kolekcija atkartojanti mineral\u0173 ir betono dizainus puikiai tinka, bet kokiam nam\u0173 interjerui. Prek\u0117s kodas: Vinilin\u0117 grind\u0173 danga 5198 Spalva: 5198 Gamintojas: TLC Storis: 2 mm Plotis: 457.2 mm Ilgis: 457.2 mm Tinka \u0161ildomoms grindims: Taip Tvirtinimo sistema: Klijuojamos Vienet\u0173 pakuot\u0117je: 16 Kvadrat\u0173 pakuot\u0117je: 3.340","og_url":"https:\/\/grindupe.com\/en\/parduotuve\/grindu-dangos\/vinilas\/klijuojamas\/vinilas-tlc-original-stone-chalked-concrete\/","og_site_name":"Grindup\u0117 - Kokybi\u0161ka grind\u0173 danga","article_publisher":"https:\/\/www.facebook.com\/profile.php?id=61563240128761","article_modified_time":"2025-09-23T13:50:35+00:00","og_image":[{"width":800,"height":800,"url":"https:\/\/grindupe.com\/wp-content\/uploads\/2025\/08\/GPC21466221.jpg","type":"image\/jpeg"}],"twitter_card":"summary_large_image","schema":{"@context":"https:\/\/schema.org","@graph":[{"@type":"WebPage","@id":"https:\/\/grindupe.com\/parduotuve\/grindu-dangos\/vinilas\/klijuojamas\/vinilas-tlc-original-stone-chalked-concrete\/","url":"https:\/\/grindupe.com\/parduotuve\/grindu-dangos\/vinilas\/klijuojamas\/vinilas-tlc-original-stone-chalked-concrete\/","name":"Vinilin\u0117 grind\u0173 danga TLC Original Stone|457.2x457.2x2mm - Grindup\u0117 - Kokybi\u0161ka grind\u0173 danga","isPartOf":{"@id":"https:\/\/grindupe.com\/#website"},"primaryImageOfPage":{"@id":"https:\/\/grindupe.com\/parduotuve\/grindu-dangos\/vinilas\/klijuojamas\/vinilas-tlc-original-stone-chalked-concrete\/#primaryimage"},"image":{"@id":"https:\/\/grindupe.com\/parduotuve\/grindu-dangos\/vinilas\/klijuojamas\/vinilas-tlc-original-stone-chalked-concrete\/#primaryimage"},"thumbnailUrl":"https:\/\/grindupe.com\/wp-content\/uploads\/2025\/08\/GPC21466221.jpg","datePublished":"2025-08-14T17:31:49+00:00","dateModified":"2025-09-23T13:50:35+00:00","breadcrumb":{"@id":"https:\/\/grindupe.com\/parduotuve\/grindu-dangos\/vinilas\/klijuojamas\/vinilas-tlc-original-stone-chalked-concrete\/#breadcrumb"},"inLanguage":"en-US","potentialAction":[{"@type":"ReadAction","target":["https:\/\/grindupe.com\/parduotuve\/grindu-dangos\/vinilas\/klijuojamas\/vinilas-tlc-original-stone-chalked-concrete\/"]}]},{"@type":"ImageObject","inLanguage":"en-US","@id":"https:\/\/grindupe.com\/parduotuve\/grindu-dangos\/vinilas\/klijuojamas\/vinilas-tlc-original-stone-chalked-concrete\/#primaryimage","url":"https:\/\/grindupe.com\/wp-content\/uploads\/2025\/08\/GPC21466221.jpg","contentUrl":"https:\/\/grindupe.com\/wp-content\/uploads\/2025\/08\/GPC21466221.jpg","width":800,"height":800,"caption":"GPC21466221"},{"@type":"BreadcrumbList","@id":"https:\/\/grindupe.com\/parduotuve\/grindu-dangos\/vinilas\/klijuojamas\/vinilas-tlc-original-stone-chalked-concrete\/#breadcrumb","itemListElement":[{"@type":"ListItem","position":1,"name":"Home","item":"https:\/\/grindupe.com\/"},{"@type":"ListItem","position":2,"name":"Parduotuv\u0117","item":"https:\/\/grindupe.com\/parduotuve\/"},{"@type":"ListItem","position":3,"name":"Vinilin\u0117 grind\u0173 danga TLC Original Stone|457.2&#215;457.2x2mm"}]},{"@type":"WebSite","@id":"https:\/\/grindupe.com\/#website","url":"https:\/\/grindupe.com\/","name":"Grinduupe.com","description":"Floor coverings","publisher":{"@id":"https:\/\/grindupe.com\/#organization"},"potentialAction":[{"@type":"SearchAction","target":{"@type":"EntryPoint","urlTemplate":"https:\/\/grindupe.com\/?s={search_term_string}"},"query-input":{"@type":"PropertyValueSpecification","valueRequired":true,"valueName":"search_term_string"}}],"inLanguage":"en-US"},{"@type":"Organization","@id":"https:\/\/grindupe.com\/#organization","name":"Grindupupe","url":"https:\/\/grindupe.com\/","logo":{"@type":"ImageObject","inLanguage":"en-US","@id":"https:\/\/grindupe.com\/#\/schema\/logo\/image\/","url":"https:\/\/grindupe.com\/wp-content\/uploads\/2024\/07\/Gedi-6-email_20250515212455.webp","contentUrl":"https:\/\/grindupe.com\/wp-content\/uploads\/2024\/07\/Gedi-6-email_20250515212455.webp","width":258,"height":207,"caption":"Grinduupe"},"image":{"@id":"https:\/\/grindupe.com\/#\/schema\/logo\/image\/"},"sameAs":["https:\/\/www.facebook.com\/profile.php?id=61563240128761"]}]}},"_links":{"self":[{"href":"https:\/\/grindupe.com\/en\/wp-json\/wp\/v2\/product\/79682","targetHints":{"allow":["GET"]}}],"collection":[{"href":"https:\/\/grindupe.com\/en\/wp-json\/wp\/v2\/product"}],"about":[{"href":"https:\/\/grindupe.com\/en\/wp-json\/wp\/v2\/types\/product"}],"replies":[{"embeddable":true,"href":"https:\/\/grindupe.com\/en\/wp-json\/wp\/v2\/comments?post=79682"}],"wp:featuredmedia":[{"embeddable":true,"href":"https:\/\/grindupe.com\/en\/wp-json\/wp\/v2\/media\/79829"}],"wp:attachment":[{"href":"https:\/\/grindupe.com\/en\/wp-json\/wp\/v2\/media?parent=79682"}],"wp:term":[{"taxonomy":"product_brand","embeddable":true,"href":"https:\/\/grindupe.com\/en\/wp-json\/wp\/v2\/product_brand?post=79682"},{"taxonomy":"product_cat","embeddable":true,"href":"https:\/\/grindupe.com\/en\/wp-json\/wp\/v2\/product_cat?post=79682"},{"taxonomy":"product_tag","embeddable":true,"href":"https:\/\/grindupe.com\/en\/wp-json\/wp\/v2\/product_tag?post=79682"}],"curies":[{"name":"wp","href":"https:\/\/api.w.org\/{rel}","templated":true}]}}