{"id":79705,"date":"2025-08-14T22:17:19","date_gmt":"2025-08-14T19:17:19","guid":{"rendered":"https:\/\/grindupe.com\/?post_type=product&#038;p=79705"},"modified":"2026-02-13T01:24:32","modified_gmt":"2026-02-12T23:24:32","slug":"vinilo-grindu-danga-expona-control","status":"publish","type":"product","link":"https:\/\/grindupe.com\/en\/parduotuve\/grindu-dangos\/vinilas\/klijuojamas\/vinilo-grindu-danga-expona-control\/","title":{"rendered":"Vinyl flooring Polyflor Expona | 914x152x2.5mm"},"content":{"rendered":"<div class=\"wc-full-description-single-block\" style=\"white-space:pre-line;\">Brand: Polyflor Expona\nType: Wood imitation\nCategory: Luxury vinyl flooring\nThickness: 2.5 mm\nWear layer: 0.7 mm\nInstallation system: Glue-down\nFinish: PUR (polyurethane)\nThermal conductivity: 0.25 W (mK)\nSuitable for underfloor heating: Yes\nFire resistance: Bfl-S1\nSlip resistance: DS (dry conditions) R10\nBevel: None\nUnits per package: 24\nSquare meters per package: 3.340\nPlank size: 152 mm x 914 mm\nWarranty: 10 years\nOrigin: UK<\/div>","protected":false},"excerpt":{"rendered":"Expona Control luxury vinyl flooring. The design reflects the latest wood and stone trends. Suitable for use in both commercial spaces and home interiors.\nThickness: 2.5 mm\nWidth: 152 mm\nLength: 914 mm\nInstallation system: Glue-down\nSuitable for underfloor heating: Yes\nUnits per package: 24\nSquare meters per package: 3.340","protected":false},"featured_media":79901,"comment_status":"open","ping_status":"closed","template":"","meta":{"_acf_changed":false,"_coblocks_attr":"","_coblocks_dimensions":"","_coblocks_responsive_height":"","_coblocks_accordion_ie_support":""},"product_brand":[351],"product_cat":[272,302,273],"product_tag":[],"class_list":{"0":"post-79705","1":"product","2":"type-product","3":"status-publish","4":"has-post-thumbnail","6":"product_brand-polyflor","7":"product_cat-grindu-dangos","8":"product_cat-klijuojamas","9":"product_cat-vinilas","10":"pa_erdve-koridorius","11":"pa_erdve-miegamieji-kambariai","12":"pa_erdve-ofisai","13":"pa_erdve-svetaine","14":"pa_erdve-valgomasis","15":"pa_erdve-virtuve","16":"pa_savybes-atsparus-dregmei","17":"pa_savybes-kietas-ir-tvirtas","18":"pa_savybes-lengva-priziureti","19":"pa_savybes-pagaminta-uk","20":"pa_savybes-tinka-komercinems-patalpoms","21":"pa_savybes-tinka-sildomoms-grindims","22":"pa_spalva-american-oak","23":"pa_spalva-blond-country","24":"pa_spalva-classic-oak","25":"pa_spalva-light-elm","26":"pa_spalva-nut-tree","27":"pa_spalva-weathered-country","28":"pa_spalva-white-oak","29":"pa_spalva-filtrams-gelsva","30":"pa_spalva-filtrams-geltona","31":"pa_spalva-filtrams-orandzine","32":"pa_spalva-filtrams-ruda","33":"pa_spalva-filtrams-rusva","34":"pa_spalva-filtrams-tamsiai-ruda","36":"first","37":"onbackorder","38":"taxable","39":"shipping-taxable","40":"purchasable","41":"product-type-variable","42":"has-default-attributes"},"acf":[],"yoast_head":"<!-- This site is optimized with the Yoast SEO plugin v26.8 - https:\/\/yoast.com\/product\/yoast-seo-wordpress\/ -->\n<title>Vinilin\u0117 grind\u0173 danga Polyflor Expona|914x152x2.5mm - Grindup\u0117 - Kokybi\u0161ka grind\u0173 danga<\/title>\n<meta name=\"robots\" content=\"index, follow, max-snippet:-1, max-image-preview:large, max-video-preview:-1\" \/>\n<link rel=\"canonical\" href=\"https:\/\/grindupe.com\/en\/parduotuve\/grindu-dangos\/vinilas\/klijuojamas\/vinilo-grindu-danga-expona-control\/\" \/>\n<meta property=\"og:locale\" content=\"en_US\" \/>\n<meta property=\"og:type\" content=\"article\" \/>\n<meta property=\"og:title\" content=\"Vinilin\u0117 grind\u0173 danga Polyflor Expona|914x152x2.5mm - Grindup\u0117 - Kokybi\u0161ka grind\u0173 danga\" \/>\n<meta property=\"og:description\" content=\"Expona Control prabangios vinilo grind\u0173 dangos. Dizainas atspindi naujausias med\u017eio ir akmens tendencijas. Tinka naudoti tiek komercin\u0117se erdv\u0117se, tiek nam\u0173 interjeruose. Storis: 2.5 mm PLotis: 152 mm Ilgis: 914 mm Tvirtinimo sistema: Klijuojamos Tinka \u0161ildomoms grindims: Taip Vienet\u0173 pakuot\u0117je: 24 Kvadrat\u0173 pakuot\u0117je: 3.340\" \/>\n<meta property=\"og:url\" content=\"https:\/\/grindupe.com\/en\/parduotuve\/grindu-dangos\/vinilas\/klijuojamas\/vinilo-grindu-danga-expona-control\/\" \/>\n<meta property=\"og:site_name\" content=\"Grindup\u0117 - Kokybi\u0161ka grind\u0173 danga\" \/>\n<meta property=\"article:publisher\" content=\"https:\/\/www.facebook.com\/profile.php?id=61563240128761\" \/>\n<meta property=\"article:modified_time\" content=\"2026-02-12T23:24:32+00:00\" \/>\n<meta property=\"og:image\" content=\"https:\/\/grindupe.com\/wp-content\/uploads\/2025\/08\/5c83d414e8a26452b54184f11038fe4a43229b43_EXPControl_6500_American_Oak_1x1m.webp\" \/>\n\t<meta property=\"og:image:width\" content=\"680\" \/>\n\t<meta property=\"og:image:height\" content=\"680\" \/>\n\t<meta property=\"og:image:type\" content=\"image\/webp\" \/>\n<meta name=\"twitter:card\" content=\"summary_large_image\" \/>\n<script type=\"application\/ld+json\" class=\"yoast-schema-graph\">{\"@context\":\"https:\/\/schema.org\",\"@graph\":[{\"@type\":\"WebPage\",\"@id\":\"https:\/\/grindupe.com\/parduotuve\/grindu-dangos\/vinilas\/klijuojamas\/vinilo-grindu-danga-expona-control\/\",\"url\":\"https:\/\/grindupe.com\/parduotuve\/grindu-dangos\/vinilas\/klijuojamas\/vinilo-grindu-danga-expona-control\/\",\"name\":\"Vinilin\u0117 grind\u0173 danga Polyflor Expona|914x152x2.5mm - Grindup\u0117 - Kokybi\u0161ka grind\u0173 danga\",\"isPartOf\":{\"@id\":\"https:\/\/grindupe.com\/#website\"},\"primaryImageOfPage\":{\"@id\":\"https:\/\/grindupe.com\/parduotuve\/grindu-dangos\/vinilas\/klijuojamas\/vinilo-grindu-danga-expona-control\/#primaryimage\"},\"image\":{\"@id\":\"https:\/\/grindupe.com\/parduotuve\/grindu-dangos\/vinilas\/klijuojamas\/vinilo-grindu-danga-expona-control\/#primaryimage\"},\"thumbnailUrl\":\"https:\/\/grindupe.com\/wp-content\/uploads\/2025\/08\/5c83d414e8a26452b54184f11038fe4a43229b43_EXPControl_6500_American_Oak_1x1m.webp\",\"datePublished\":\"2025-08-14T19:17:19+00:00\",\"dateModified\":\"2026-02-12T23:24:32+00:00\",\"breadcrumb\":{\"@id\":\"https:\/\/grindupe.com\/parduotuve\/grindu-dangos\/vinilas\/klijuojamas\/vinilo-grindu-danga-expona-control\/#breadcrumb\"},\"inLanguage\":\"en-US\",\"potentialAction\":[{\"@type\":\"ReadAction\",\"target\":[\"https:\/\/grindupe.com\/parduotuve\/grindu-dangos\/vinilas\/klijuojamas\/vinilo-grindu-danga-expona-control\/\"]}]},{\"@type\":\"ImageObject\",\"inLanguage\":\"en-US\",\"@id\":\"https:\/\/grindupe.com\/parduotuve\/grindu-dangos\/vinilas\/klijuojamas\/vinilo-grindu-danga-expona-control\/#primaryimage\",\"url\":\"https:\/\/grindupe.com\/wp-content\/uploads\/2025\/08\/5c83d414e8a26452b54184f11038fe4a43229b43_EXPControl_6500_American_Oak_1x1m.webp\",\"contentUrl\":\"https:\/\/grindupe.com\/wp-content\/uploads\/2025\/08\/5c83d414e8a26452b54184f11038fe4a43229b43_EXPControl_6500_American_Oak_1x1m.webp\",\"width\":680,\"height\":680,\"caption\":\"5c83d414e8a26452b54184f11038fe4a43229b43 EXPControl 6500 American Oak 1x1m\"},{\"@type\":\"BreadcrumbList\",\"@id\":\"https:\/\/grindupe.com\/parduotuve\/grindu-dangos\/vinilas\/klijuojamas\/vinilo-grindu-danga-expona-control\/#breadcrumb\",\"itemListElement\":[{\"@type\":\"ListItem\",\"position\":1,\"name\":\"Home\",\"item\":\"https:\/\/grindupe.com\/\"},{\"@type\":\"ListItem\",\"position\":2,\"name\":\"Parduotuv\u0117\",\"item\":\"https:\/\/grindupe.com\/parduotuve\/\"},{\"@type\":\"ListItem\",\"position\":3,\"name\":\"Vinilin\u0117 grind\u0173 danga Polyflor Expona|914x152x2.5mm\"}]},{\"@type\":\"WebSite\",\"@id\":\"https:\/\/grindupe.com\/#website\",\"url\":\"https:\/\/grindupe.com\/\",\"name\":\"Grinduupe.com\",\"description\":\"Grind\u0173 dangos\",\"publisher\":{\"@id\":\"https:\/\/grindupe.com\/#organization\"},\"potentialAction\":[{\"@type\":\"SearchAction\",\"target\":{\"@type\":\"EntryPoint\",\"urlTemplate\":\"https:\/\/grindupe.com\/?s={search_term_string}\"},\"query-input\":{\"@type\":\"PropertyValueSpecification\",\"valueRequired\":true,\"valueName\":\"search_term_string\"}}],\"inLanguage\":\"en-US\"},{\"@type\":\"Organization\",\"@id\":\"https:\/\/grindupe.com\/#organization\",\"name\":\"Grinduupe\",\"url\":\"https:\/\/grindupe.com\/\",\"logo\":{\"@type\":\"ImageObject\",\"inLanguage\":\"en-US\",\"@id\":\"https:\/\/grindupe.com\/#\/schema\/logo\/image\/\",\"url\":\"https:\/\/grindupe.com\/wp-content\/uploads\/2024\/07\/Gedi-6-email_20250515212455.webp\",\"contentUrl\":\"https:\/\/grindupe.com\/wp-content\/uploads\/2024\/07\/Gedi-6-email_20250515212455.webp\",\"width\":258,\"height\":207,\"caption\":\"Grinduupe\"},\"image\":{\"@id\":\"https:\/\/grindupe.com\/#\/schema\/logo\/image\/\"},\"sameAs\":[\"https:\/\/www.facebook.com\/profile.php?id=61563240128761\"]}]}<\/script>\n<!-- \/ Yoast SEO plugin. -->","yoast_head_json":{"title":"Vinilin\u0117 grind\u0173 danga Polyflor Expona|914x152x2.5mm - Grindup\u0117 - Kokybi\u0161ka grind\u0173 danga","robots":{"index":"index","follow":"follow","max-snippet":"max-snippet:-1","max-image-preview":"max-image-preview:large","max-video-preview":"max-video-preview:-1"},"canonical":"https:\/\/grindupe.com\/en\/parduotuve\/grindu-dangos\/vinilas\/klijuojamas\/vinilo-grindu-danga-expona-control\/","og_locale":"en_US","og_type":"article","og_title":"Vinilin\u0117 grind\u0173 danga Polyflor Expona|914x152x2.5mm - Grindup\u0117 - Kokybi\u0161ka grind\u0173 danga","og_description":"Expona Control prabangios vinilo grind\u0173 dangos. Dizainas atspindi naujausias med\u017eio ir akmens tendencijas. Tinka naudoti tiek komercin\u0117se erdv\u0117se, tiek nam\u0173 interjeruose. Storis: 2.5 mm PLotis: 152 mm Ilgis: 914 mm Tvirtinimo sistema: Klijuojamos Tinka \u0161ildomoms grindims: Taip Vienet\u0173 pakuot\u0117je: 24 Kvadrat\u0173 pakuot\u0117je: 3.340","og_url":"https:\/\/grindupe.com\/en\/parduotuve\/grindu-dangos\/vinilas\/klijuojamas\/vinilo-grindu-danga-expona-control\/","og_site_name":"Grindup\u0117 - Kokybi\u0161ka grind\u0173 danga","article_publisher":"https:\/\/www.facebook.com\/profile.php?id=61563240128761","article_modified_time":"2026-02-12T23:24:32+00:00","og_image":[{"width":680,"height":680,"url":"https:\/\/grindupe.com\/wp-content\/uploads\/2025\/08\/5c83d414e8a26452b54184f11038fe4a43229b43_EXPControl_6500_American_Oak_1x1m.webp","type":"image\/webp"}],"twitter_card":"summary_large_image","schema":{"@context":"https:\/\/schema.org","@graph":[{"@type":"WebPage","@id":"https:\/\/grindupe.com\/parduotuve\/grindu-dangos\/vinilas\/klijuojamas\/vinilo-grindu-danga-expona-control\/","url":"https:\/\/grindupe.com\/parduotuve\/grindu-dangos\/vinilas\/klijuojamas\/vinilo-grindu-danga-expona-control\/","name":"Vinilin\u0117 grind\u0173 danga Polyflor Expona|914x152x2.5mm - Grindup\u0117 - Kokybi\u0161ka grind\u0173 danga","isPartOf":{"@id":"https:\/\/grindupe.com\/#website"},"primaryImageOfPage":{"@id":"https:\/\/grindupe.com\/parduotuve\/grindu-dangos\/vinilas\/klijuojamas\/vinilo-grindu-danga-expona-control\/#primaryimage"},"image":{"@id":"https:\/\/grindupe.com\/parduotuve\/grindu-dangos\/vinilas\/klijuojamas\/vinilo-grindu-danga-expona-control\/#primaryimage"},"thumbnailUrl":"https:\/\/grindupe.com\/wp-content\/uploads\/2025\/08\/5c83d414e8a26452b54184f11038fe4a43229b43_EXPControl_6500_American_Oak_1x1m.webp","datePublished":"2025-08-14T19:17:19+00:00","dateModified":"2026-02-12T23:24:32+00:00","breadcrumb":{"@id":"https:\/\/grindupe.com\/parduotuve\/grindu-dangos\/vinilas\/klijuojamas\/vinilo-grindu-danga-expona-control\/#breadcrumb"},"inLanguage":"en-US","potentialAction":[{"@type":"ReadAction","target":["https:\/\/grindupe.com\/parduotuve\/grindu-dangos\/vinilas\/klijuojamas\/vinilo-grindu-danga-expona-control\/"]}]},{"@type":"ImageObject","inLanguage":"en-US","@id":"https:\/\/grindupe.com\/parduotuve\/grindu-dangos\/vinilas\/klijuojamas\/vinilo-grindu-danga-expona-control\/#primaryimage","url":"https:\/\/grindupe.com\/wp-content\/uploads\/2025\/08\/5c83d414e8a26452b54184f11038fe4a43229b43_EXPControl_6500_American_Oak_1x1m.webp","contentUrl":"https:\/\/grindupe.com\/wp-content\/uploads\/2025\/08\/5c83d414e8a26452b54184f11038fe4a43229b43_EXPControl_6500_American_Oak_1x1m.webp","width":680,"height":680,"caption":"5c83d414e8a26452b54184f11038fe4a43229b43 EXPControl 6500 American Oak 1x1m"},{"@type":"BreadcrumbList","@id":"https:\/\/grindupe.com\/parduotuve\/grindu-dangos\/vinilas\/klijuojamas\/vinilo-grindu-danga-expona-control\/#breadcrumb","itemListElement":[{"@type":"ListItem","position":1,"name":"Home","item":"https:\/\/grindupe.com\/"},{"@type":"ListItem","position":2,"name":"Parduotuv\u0117","item":"https:\/\/grindupe.com\/parduotuve\/"},{"@type":"ListItem","position":3,"name":"Vinilin\u0117 grind\u0173 danga Polyflor Expona|914x152x2.5mm"}]},{"@type":"WebSite","@id":"https:\/\/grindupe.com\/#website","url":"https:\/\/grindupe.com\/","name":"Grinduupe.com","description":"Floor coverings","publisher":{"@id":"https:\/\/grindupe.com\/#organization"},"potentialAction":[{"@type":"SearchAction","target":{"@type":"EntryPoint","urlTemplate":"https:\/\/grindupe.com\/?s={search_term_string}"},"query-input":{"@type":"PropertyValueSpecification","valueRequired":true,"valueName":"search_term_string"}}],"inLanguage":"en-US"},{"@type":"Organization","@id":"https:\/\/grindupe.com\/#organization","name":"Grindupupe","url":"https:\/\/grindupe.com\/","logo":{"@type":"ImageObject","inLanguage":"en-US","@id":"https:\/\/grindupe.com\/#\/schema\/logo\/image\/","url":"https:\/\/grindupe.com\/wp-content\/uploads\/2024\/07\/Gedi-6-email_20250515212455.webp","contentUrl":"https:\/\/grindupe.com\/wp-content\/uploads\/2024\/07\/Gedi-6-email_20250515212455.webp","width":258,"height":207,"caption":"Grinduupe"},"image":{"@id":"https:\/\/grindupe.com\/#\/schema\/logo\/image\/"},"sameAs":["https:\/\/www.facebook.com\/profile.php?id=61563240128761"]}]}},"_links":{"self":[{"href":"https:\/\/grindupe.com\/en\/wp-json\/wp\/v2\/product\/79705","targetHints":{"allow":["GET"]}}],"collection":[{"href":"https:\/\/grindupe.com\/en\/wp-json\/wp\/v2\/product"}],"about":[{"href":"https:\/\/grindupe.com\/en\/wp-json\/wp\/v2\/types\/product"}],"replies":[{"embeddable":true,"href":"https:\/\/grindupe.com\/en\/wp-json\/wp\/v2\/comments?post=79705"}],"wp:featuredmedia":[{"embeddable":true,"href":"https:\/\/grindupe.com\/en\/wp-json\/wp\/v2\/media\/79901"}],"wp:attachment":[{"href":"https:\/\/grindupe.com\/en\/wp-json\/wp\/v2\/media?parent=79705"}],"wp:term":[{"taxonomy":"product_brand","embeddable":true,"href":"https:\/\/grindupe.com\/en\/wp-json\/wp\/v2\/product_brand?post=79705"},{"taxonomy":"product_cat","embeddable":true,"href":"https:\/\/grindupe.com\/en\/wp-json\/wp\/v2\/product_cat?post=79705"},{"taxonomy":"product_tag","embeddable":true,"href":"https:\/\/grindupe.com\/en\/wp-json\/wp\/v2\/product_tag?post=79705"}],"curies":[{"name":"wp","href":"https:\/\/api.w.org\/{rel}","templated":true}]}}