{"id":79711,"date":"2025-08-14T22:32:46","date_gmt":"2025-08-14T19:32:46","guid":{"rendered":"https:\/\/grindupe.com\/?post_type=product&#038;p=79711"},"modified":"2025-09-23T16:47:39","modified_gmt":"2025-09-23T13:47:39","slug":"vinilas-polyflor-expona-stone2","status":"publish","type":"product","link":"https:\/\/grindupe.com\/en\/parduotuve\/grindu-dangos\/vinilas\/klijuojamas\/vinilas-polyflor-expona-stone2\/","title":{"rendered":"Vinyl flooring Polyflor Expona | 609.6x304.8x2.5mm"},"content":{"rendered":"<div class=\"wc-full-description-single-block\" style=\"white-space:pre-line;\">Brand: Polyflor Expona Control\nType: Stone imitation\nCategory: Luxury vinyl flooring\nThickness: 2.5 mm\nWear layer: 0.7 mm\nInstallation system: Glue-down\nFinish: PUR (polyurethane)\nThermal conductivity: 0.25 W (mK)\nSuitable for underfloor heating: Yes\nFire resistance: Bfl-S1\nSlip resistance: DS (dry conditions) R10\nBevel: None\nUnits per package: 18\nSquare meters per package: 3.340\nPlank size: 304.8 mm x 609.6 mm\nWarranty: 10 years\nOrigin: UK<\/div>","protected":false},"excerpt":{"rendered":"Expona Control luxury vinyl flooring. The design reflects the latest wood and stone trends. Suitable for use in both commercial spaces and home interiors.\nThickness: 2.5 mm\nWidth: 304.8 mm\nLength: 609.6 mm\nInstallation system: Glue-down\nSuitable for underfloor heating: Yes\nUnits per package: 18\nSquare meters per package: 3.340","protected":false},"featured_media":79932,"comment_status":"open","ping_status":"closed","template":"","meta":{"_acf_changed":false,"_coblocks_attr":"","_coblocks_dimensions":"","_coblocks_responsive_height":"","_coblocks_accordion_ie_support":""},"product_brand":[351],"product_cat":[272,302,273],"product_tag":[],"class_list":{"0":"post-79711","1":"product","2":"type-product","3":"status-publish","4":"has-post-thumbnail","6":"product_brand-polyflor","7":"product_cat-grindu-dangos","8":"product_cat-klijuojamas","9":"product_cat-vinilas","10":"pa_erdve-koridorius","11":"pa_erdve-miegamieji-kambariai","12":"pa_erdve-ofisai","13":"pa_erdve-svetaine","14":"pa_erdve-valgomasis","15":"pa_erdve-virtuve","16":"pa_savybes-atsparus-dregmei","17":"pa_savybes-kietas-ir-tvirtas","18":"pa_savybes-lengva-priziureti","19":"pa_savybes-pagaminta-uk","20":"pa_savybes-tinka-komercinems-patalpoms","21":"pa_savybes-tinka-sildomoms-grindims","22":"pa_spalva-cambrian-stone","23":"pa_spalva-roman-limestone","24":"pa_spalva-filtrams-pilka","25":"pa_spalva-filtrams-ruda","27":"first","28":"onbackorder","29":"taxable","30":"shipping-taxable","31":"purchasable","32":"product-type-variable","33":"has-default-attributes"},"acf":[],"yoast_head":"<!-- This site is optimized with the Yoast SEO plugin v26.8 - https:\/\/yoast.com\/product\/yoast-seo-wordpress\/ -->\n<title>Vinilin\u0117 grind\u0173 danga Polyflor Expona| 609.6x304.8x2.5mm - Grindup\u0117 - Kokybi\u0161ka grind\u0173 danga<\/title>\n<meta name=\"robots\" content=\"index, follow, max-snippet:-1, max-image-preview:large, max-video-preview:-1\" \/>\n<link rel=\"canonical\" href=\"https:\/\/grindupe.com\/en\/parduotuve\/grindu-dangos\/vinilas\/klijuojamas\/vinilas-polyflor-expona-stone2\/\" \/>\n<meta property=\"og:locale\" content=\"en_US\" \/>\n<meta property=\"og:type\" content=\"article\" \/>\n<meta property=\"og:title\" content=\"Vinilin\u0117 grind\u0173 danga Polyflor Expona| 609.6x304.8x2.5mm - Grindup\u0117 - Kokybi\u0161ka grind\u0173 danga\" \/>\n<meta property=\"og:description\" content=\"Expona Control prabangios vinilo grind\u0173 dangos. Dizainas atspindi naujausias med\u017eio ir akmens tendencijas. Tinka naudoti tiek komercin\u0117se erdv\u0117se, tiek nam\u0173 interjeruose. Storis: 2.5 mm Plotis: 304.8 mm Ilgis: 609.6 mm Tvirtinimo sistema: Klijuojamos Tinka \u0161ildomoms grindims: Taip Vienet\u0173 pakuot\u0117je: 18 Kvadrat\u0173 pakuot\u0117je: 3.340\" \/>\n<meta property=\"og:url\" content=\"https:\/\/grindupe.com\/en\/parduotuve\/grindu-dangos\/vinilas\/klijuojamas\/vinilas-polyflor-expona-stone2\/\" \/>\n<meta property=\"og:site_name\" content=\"Grindup\u0117 - Kokybi\u0161ka grind\u0173 danga\" \/>\n<meta property=\"article:publisher\" content=\"https:\/\/www.facebook.com\/profile.php?id=61563240128761\" \/>\n<meta property=\"article:modified_time\" content=\"2025-09-23T13:47:39+00:00\" \/>\n<meta property=\"og:image\" content=\"https:\/\/grindupe.com\/wp-content\/uploads\/2025\/08\/f3a3de980bb8074cd3f5518e1da3f6a7298a026d_EXPControl_7507_Cambrian_Stone_1x1m.webp\" \/>\n\t<meta property=\"og:image:width\" content=\"680\" \/>\n\t<meta property=\"og:image:height\" content=\"680\" \/>\n\t<meta property=\"og:image:type\" content=\"image\/webp\" \/>\n<meta name=\"twitter:card\" content=\"summary_large_image\" \/>\n<script type=\"application\/ld+json\" class=\"yoast-schema-graph\">{\"@context\":\"https:\/\/schema.org\",\"@graph\":[{\"@type\":\"WebPage\",\"@id\":\"https:\/\/grindupe.com\/parduotuve\/grindu-dangos\/vinilas\/klijuojamas\/vinilas-polyflor-expona-stone2\/\",\"url\":\"https:\/\/grindupe.com\/parduotuve\/grindu-dangos\/vinilas\/klijuojamas\/vinilas-polyflor-expona-stone2\/\",\"name\":\"Vinilin\u0117 grind\u0173 danga Polyflor Expona| 609.6x304.8x2.5mm - Grindup\u0117 - Kokybi\u0161ka grind\u0173 danga\",\"isPartOf\":{\"@id\":\"https:\/\/grindupe.com\/#website\"},\"primaryImageOfPage\":{\"@id\":\"https:\/\/grindupe.com\/parduotuve\/grindu-dangos\/vinilas\/klijuojamas\/vinilas-polyflor-expona-stone2\/#primaryimage\"},\"image\":{\"@id\":\"https:\/\/grindupe.com\/parduotuve\/grindu-dangos\/vinilas\/klijuojamas\/vinilas-polyflor-expona-stone2\/#primaryimage\"},\"thumbnailUrl\":\"https:\/\/grindupe.com\/wp-content\/uploads\/2025\/08\/f3a3de980bb8074cd3f5518e1da3f6a7298a026d_EXPControl_7507_Cambrian_Stone_1x1m.webp\",\"datePublished\":\"2025-08-14T19:32:46+00:00\",\"dateModified\":\"2025-09-23T13:47:39+00:00\",\"breadcrumb\":{\"@id\":\"https:\/\/grindupe.com\/parduotuve\/grindu-dangos\/vinilas\/klijuojamas\/vinilas-polyflor-expona-stone2\/#breadcrumb\"},\"inLanguage\":\"en-US\",\"potentialAction\":[{\"@type\":\"ReadAction\",\"target\":[\"https:\/\/grindupe.com\/parduotuve\/grindu-dangos\/vinilas\/klijuojamas\/vinilas-polyflor-expona-stone2\/\"]}]},{\"@type\":\"ImageObject\",\"inLanguage\":\"en-US\",\"@id\":\"https:\/\/grindupe.com\/parduotuve\/grindu-dangos\/vinilas\/klijuojamas\/vinilas-polyflor-expona-stone2\/#primaryimage\",\"url\":\"https:\/\/grindupe.com\/wp-content\/uploads\/2025\/08\/f3a3de980bb8074cd3f5518e1da3f6a7298a026d_EXPControl_7507_Cambrian_Stone_1x1m.webp\",\"contentUrl\":\"https:\/\/grindupe.com\/wp-content\/uploads\/2025\/08\/f3a3de980bb8074cd3f5518e1da3f6a7298a026d_EXPControl_7507_Cambrian_Stone_1x1m.webp\",\"width\":680,\"height\":680,\"caption\":\"f3a3de980bb8074cd3f5518e1da3f6a7298a026d EXPControl 7507 Cambrian Stone 1x1m\"},{\"@type\":\"BreadcrumbList\",\"@id\":\"https:\/\/grindupe.com\/parduotuve\/grindu-dangos\/vinilas\/klijuojamas\/vinilas-polyflor-expona-stone2\/#breadcrumb\",\"itemListElement\":[{\"@type\":\"ListItem\",\"position\":1,\"name\":\"Home\",\"item\":\"https:\/\/grindupe.com\/\"},{\"@type\":\"ListItem\",\"position\":2,\"name\":\"Parduotuv\u0117\",\"item\":\"https:\/\/grindupe.com\/parduotuve\/\"},{\"@type\":\"ListItem\",\"position\":3,\"name\":\"Vinilin\u0117 grind\u0173 danga Polyflor Expona| 609.6&#215;304.8&#215;2.5mm\"}]},{\"@type\":\"WebSite\",\"@id\":\"https:\/\/grindupe.com\/#website\",\"url\":\"https:\/\/grindupe.com\/\",\"name\":\"Grinduupe.com\",\"description\":\"Grind\u0173 dangos\",\"publisher\":{\"@id\":\"https:\/\/grindupe.com\/#organization\"},\"potentialAction\":[{\"@type\":\"SearchAction\",\"target\":{\"@type\":\"EntryPoint\",\"urlTemplate\":\"https:\/\/grindupe.com\/?s={search_term_string}\"},\"query-input\":{\"@type\":\"PropertyValueSpecification\",\"valueRequired\":true,\"valueName\":\"search_term_string\"}}],\"inLanguage\":\"en-US\"},{\"@type\":\"Organization\",\"@id\":\"https:\/\/grindupe.com\/#organization\",\"name\":\"Grinduupe\",\"url\":\"https:\/\/grindupe.com\/\",\"logo\":{\"@type\":\"ImageObject\",\"inLanguage\":\"en-US\",\"@id\":\"https:\/\/grindupe.com\/#\/schema\/logo\/image\/\",\"url\":\"https:\/\/grindupe.com\/wp-content\/uploads\/2024\/07\/Gedi-6-email_20250515212455.webp\",\"contentUrl\":\"https:\/\/grindupe.com\/wp-content\/uploads\/2024\/07\/Gedi-6-email_20250515212455.webp\",\"width\":258,\"height\":207,\"caption\":\"Grinduupe\"},\"image\":{\"@id\":\"https:\/\/grindupe.com\/#\/schema\/logo\/image\/\"},\"sameAs\":[\"https:\/\/www.facebook.com\/profile.php?id=61563240128761\"]}]}<\/script>\n<!-- \/ Yoast SEO plugin. -->","yoast_head_json":{"title":"Vinilin\u0117 grind\u0173 danga Polyflor Expona| 609.6x304.8x2.5mm - Grindup\u0117 - Kokybi\u0161ka grind\u0173 danga","robots":{"index":"index","follow":"follow","max-snippet":"max-snippet:-1","max-image-preview":"max-image-preview:large","max-video-preview":"max-video-preview:-1"},"canonical":"https:\/\/grindupe.com\/en\/parduotuve\/grindu-dangos\/vinilas\/klijuojamas\/vinilas-polyflor-expona-stone2\/","og_locale":"en_US","og_type":"article","og_title":"Vinilin\u0117 grind\u0173 danga Polyflor Expona| 609.6x304.8x2.5mm - Grindup\u0117 - Kokybi\u0161ka grind\u0173 danga","og_description":"Expona Control prabangios vinilo grind\u0173 dangos. Dizainas atspindi naujausias med\u017eio ir akmens tendencijas. Tinka naudoti tiek komercin\u0117se erdv\u0117se, tiek nam\u0173 interjeruose. Storis: 2.5 mm Plotis: 304.8 mm Ilgis: 609.6 mm Tvirtinimo sistema: Klijuojamos Tinka \u0161ildomoms grindims: Taip Vienet\u0173 pakuot\u0117je: 18 Kvadrat\u0173 pakuot\u0117je: 3.340","og_url":"https:\/\/grindupe.com\/en\/parduotuve\/grindu-dangos\/vinilas\/klijuojamas\/vinilas-polyflor-expona-stone2\/","og_site_name":"Grindup\u0117 - Kokybi\u0161ka grind\u0173 danga","article_publisher":"https:\/\/www.facebook.com\/profile.php?id=61563240128761","article_modified_time":"2025-09-23T13:47:39+00:00","og_image":[{"width":680,"height":680,"url":"https:\/\/grindupe.com\/wp-content\/uploads\/2025\/08\/f3a3de980bb8074cd3f5518e1da3f6a7298a026d_EXPControl_7507_Cambrian_Stone_1x1m.webp","type":"image\/webp"}],"twitter_card":"summary_large_image","schema":{"@context":"https:\/\/schema.org","@graph":[{"@type":"WebPage","@id":"https:\/\/grindupe.com\/parduotuve\/grindu-dangos\/vinilas\/klijuojamas\/vinilas-polyflor-expona-stone2\/","url":"https:\/\/grindupe.com\/parduotuve\/grindu-dangos\/vinilas\/klijuojamas\/vinilas-polyflor-expona-stone2\/","name":"Vinilin\u0117 grind\u0173 danga Polyflor Expona| 609.6x304.8x2.5mm - Grindup\u0117 - Kokybi\u0161ka grind\u0173 danga","isPartOf":{"@id":"https:\/\/grindupe.com\/#website"},"primaryImageOfPage":{"@id":"https:\/\/grindupe.com\/parduotuve\/grindu-dangos\/vinilas\/klijuojamas\/vinilas-polyflor-expona-stone2\/#primaryimage"},"image":{"@id":"https:\/\/grindupe.com\/parduotuve\/grindu-dangos\/vinilas\/klijuojamas\/vinilas-polyflor-expona-stone2\/#primaryimage"},"thumbnailUrl":"https:\/\/grindupe.com\/wp-content\/uploads\/2025\/08\/f3a3de980bb8074cd3f5518e1da3f6a7298a026d_EXPControl_7507_Cambrian_Stone_1x1m.webp","datePublished":"2025-08-14T19:32:46+00:00","dateModified":"2025-09-23T13:47:39+00:00","breadcrumb":{"@id":"https:\/\/grindupe.com\/parduotuve\/grindu-dangos\/vinilas\/klijuojamas\/vinilas-polyflor-expona-stone2\/#breadcrumb"},"inLanguage":"en-US","potentialAction":[{"@type":"ReadAction","target":["https:\/\/grindupe.com\/parduotuve\/grindu-dangos\/vinilas\/klijuojamas\/vinilas-polyflor-expona-stone2\/"]}]},{"@type":"ImageObject","inLanguage":"en-US","@id":"https:\/\/grindupe.com\/parduotuve\/grindu-dangos\/vinilas\/klijuojamas\/vinilas-polyflor-expona-stone2\/#primaryimage","url":"https:\/\/grindupe.com\/wp-content\/uploads\/2025\/08\/f3a3de980bb8074cd3f5518e1da3f6a7298a026d_EXPControl_7507_Cambrian_Stone_1x1m.webp","contentUrl":"https:\/\/grindupe.com\/wp-content\/uploads\/2025\/08\/f3a3de980bb8074cd3f5518e1da3f6a7298a026d_EXPControl_7507_Cambrian_Stone_1x1m.webp","width":680,"height":680,"caption":"f3a3de980bb8074cd3f5518e1da3f6a7298a026d EXPControl 7507 Cambrian Stone 1x1m"},{"@type":"BreadcrumbList","@id":"https:\/\/grindupe.com\/parduotuve\/grindu-dangos\/vinilas\/klijuojamas\/vinilas-polyflor-expona-stone2\/#breadcrumb","itemListElement":[{"@type":"ListItem","position":1,"name":"Home","item":"https:\/\/grindupe.com\/"},{"@type":"ListItem","position":2,"name":"Parduotuv\u0117","item":"https:\/\/grindupe.com\/parduotuve\/"},{"@type":"ListItem","position":3,"name":"Vinilin\u0117 grind\u0173 danga Polyflor Expona| 609.6&#215;304.8&#215;2.5mm"}]},{"@type":"WebSite","@id":"https:\/\/grindupe.com\/#website","url":"https:\/\/grindupe.com\/","name":"Grinduupe.com","description":"Floor coverings","publisher":{"@id":"https:\/\/grindupe.com\/#organization"},"potentialAction":[{"@type":"SearchAction","target":{"@type":"EntryPoint","urlTemplate":"https:\/\/grindupe.com\/?s={search_term_string}"},"query-input":{"@type":"PropertyValueSpecification","valueRequired":true,"valueName":"search_term_string"}}],"inLanguage":"en-US"},{"@type":"Organization","@id":"https:\/\/grindupe.com\/#organization","name":"Grindupupe","url":"https:\/\/grindupe.com\/","logo":{"@type":"ImageObject","inLanguage":"en-US","@id":"https:\/\/grindupe.com\/#\/schema\/logo\/image\/","url":"https:\/\/grindupe.com\/wp-content\/uploads\/2024\/07\/Gedi-6-email_20250515212455.webp","contentUrl":"https:\/\/grindupe.com\/wp-content\/uploads\/2024\/07\/Gedi-6-email_20250515212455.webp","width":258,"height":207,"caption":"Grinduupe"},"image":{"@id":"https:\/\/grindupe.com\/#\/schema\/logo\/image\/"},"sameAs":["https:\/\/www.facebook.com\/profile.php?id=61563240128761"]}]}},"_links":{"self":[{"href":"https:\/\/grindupe.com\/en\/wp-json\/wp\/v2\/product\/79711","targetHints":{"allow":["GET"]}}],"collection":[{"href":"https:\/\/grindupe.com\/en\/wp-json\/wp\/v2\/product"}],"about":[{"href":"https:\/\/grindupe.com\/en\/wp-json\/wp\/v2\/types\/product"}],"replies":[{"embeddable":true,"href":"https:\/\/grindupe.com\/en\/wp-json\/wp\/v2\/comments?post=79711"}],"wp:featuredmedia":[{"embeddable":true,"href":"https:\/\/grindupe.com\/en\/wp-json\/wp\/v2\/media\/79932"}],"wp:attachment":[{"href":"https:\/\/grindupe.com\/en\/wp-json\/wp\/v2\/media?parent=79711"}],"wp:term":[{"taxonomy":"product_brand","embeddable":true,"href":"https:\/\/grindupe.com\/en\/wp-json\/wp\/v2\/product_brand?post=79711"},{"taxonomy":"product_cat","embeddable":true,"href":"https:\/\/grindupe.com\/en\/wp-json\/wp\/v2\/product_cat?post=79711"},{"taxonomy":"product_tag","embeddable":true,"href":"https:\/\/grindupe.com\/en\/wp-json\/wp\/v2\/product_tag?post=79711"}],"curies":[{"name":"wp","href":"https:\/\/api.w.org\/{rel}","templated":true}]}}