{"id":79724,"date":"2025-08-14T23:21:36","date_gmt":"2025-08-14T20:21:36","guid":{"rendered":"https:\/\/grindupe.com\/?post_type=product&#038;p=79724"},"modified":"2025-09-23T15:53:16","modified_gmt":"2025-09-23T12:53:16","slug":"polyflor-expona-commercial-wood-3","status":"publish","type":"product","link":"https:\/\/grindupe.com\/en\/parduotuve\/grindu-dangos\/vinilas\/klijuojamas\/polyflor-expona-commercial-wood-3\/","title":{"rendered":"Vinyl flooring Polyflor Expona Commercial | 1524x203.2x2.5mm"},"content":{"rendered":"<div class=\"wc-full-description-single-block\" style=\"white-space:pre-line;\">Brand: Polyflor Expona Commercial\nType: Wood imitation\nCategory: Vinyl\nThickness: 2.5 mm\nWear layer: 0.55 mm\nInstallation system: Glue-down\nFinish: PUR (polyurethane)\nThermal conductivity: 0.25 W (mK)\nSuitable for underfloor heating: Yes\nFire resistance: Bfl-S1\nSlip resistance: DS (dry conditions) R10\nBevel: Beveled edges\nUnits per package: 11\nSquare meters per package: 3.41\nPlank size: 203.2 mm x 1524 mm\nWarranty: 10 years<\/div>","protected":false},"excerpt":{"rendered":"Thickness: 2.5 mm\nWidth: 203.2 mm\nLength: 1524 mm\nInstallation system: Glue-down\nUnits per package: 11\nSquare meters per package: 3.41","protected":false},"featured_media":80119,"comment_status":"open","ping_status":"closed","template":"","meta":{"_acf_changed":false,"_coblocks_attr":"","_coblocks_dimensions":"","_coblocks_responsive_height":"","_coblocks_accordion_ie_support":""},"product_brand":[351],"product_cat":[272,302,273],"product_tag":[],"class_list":{"0":"post-79724","1":"product","2":"type-product","3":"status-publish","4":"has-post-thumbnail","6":"product_brand-polyflor","7":"product_cat-grindu-dangos","8":"product_cat-klijuojamas","9":"product_cat-vinilas","10":"pa_erdve-koridorius","11":"pa_erdve-miegamieji-kambariai","12":"pa_erdve-ofisai","13":"pa_erdve-svetaine","14":"pa_erdve-virtuve","15":"pa_erdve-vonios-kambariai","16":"pa_savybes-atsparus-dregmei","17":"pa_savybes-kietas-ir-tvirtas","18":"pa_savybes-lengva-priziureti","19":"pa_savybes-pagaminta-uk","20":"pa_savybes-tinka-komercinems-patalpoms","21":"pa_savybes-tinka-sildomoms-grindims","22":"pa_spalva-blue-salvaged-wood","23":"pa_spalva-bronzed-salvaged-wood","24":"pa_spalva-cottage-oak","25":"pa_spalva-grey-salvaged-wood","26":"pa_spalva-provence-oak","27":"pa_spalva-vineyard-oak","28":"pa_spalva-filtrams-melyna","29":"pa_spalva-filtrams-ruda","30":"pa_spalva-filtrams-rusva","31":"pa_spalva-filtrams-tamsiai-ruda","33":"first","34":"onbackorder","35":"taxable","36":"shipping-taxable","37":"purchasable","38":"product-type-variable","39":"has-default-attributes"},"acf":[],"yoast_head":"<!-- This site is optimized with the Yoast SEO plugin v26.8 - https:\/\/yoast.com\/product\/yoast-seo-wordpress\/ -->\n<title>Vinilin\u0117 grind\u0173 danga Polyflor Expona Commercial| 1524x203.2x2.5mm - Grindup\u0117 - Kokybi\u0161ka grind\u0173 danga<\/title>\n<meta name=\"robots\" content=\"index, follow, max-snippet:-1, max-image-preview:large, max-video-preview:-1\" \/>\n<link rel=\"canonical\" href=\"https:\/\/grindupe.com\/en\/parduotuve\/grindu-dangos\/vinilas\/klijuojamas\/polyflor-expona-commercial-wood-3\/\" \/>\n<meta property=\"og:locale\" content=\"en_US\" \/>\n<meta property=\"og:type\" content=\"article\" \/>\n<meta property=\"og:title\" content=\"Vinilin\u0117 grind\u0173 danga Polyflor Expona Commercial| 1524x203.2x2.5mm - Grindup\u0117 - Kokybi\u0161ka grind\u0173 danga\" \/>\n<meta property=\"og:description\" content=\"Storis: 2.5 mm Plotis: 203.2 mm Ilgis: 1524 mm Tvirtinimo sistema: Klijuojamos Vienet\u0173 pakuot\u0117je: 11 Kvadrat\u0173 pakuot\u0117je: 3.41\" \/>\n<meta property=\"og:url\" content=\"https:\/\/grindupe.com\/en\/parduotuve\/grindu-dangos\/vinilas\/klijuojamas\/polyflor-expona-commercial-wood-3\/\" \/>\n<meta property=\"og:site_name\" content=\"Grindup\u0117 - Kokybi\u0161ka grind\u0173 danga\" \/>\n<meta property=\"article:publisher\" content=\"https:\/\/www.facebook.com\/profile.php?id=61563240128761\" \/>\n<meta property=\"article:modified_time\" content=\"2025-09-23T12:53:16+00:00\" \/>\n<meta property=\"og:image\" content=\"https:\/\/grindupe.com\/wp-content\/uploads\/2025\/08\/7d2865416f30b010af1a1560c0ab08ca723aefeb_EXPCommercial_4103_Blue_Salvaged_Wood_1x1m.webp\" \/>\n\t<meta property=\"og:image:width\" content=\"680\" \/>\n\t<meta property=\"og:image:height\" content=\"680\" \/>\n\t<meta property=\"og:image:type\" content=\"image\/webp\" \/>\n<meta name=\"twitter:card\" content=\"summary_large_image\" \/>\n<script type=\"application\/ld+json\" class=\"yoast-schema-graph\">{\"@context\":\"https:\/\/schema.org\",\"@graph\":[{\"@type\":\"WebPage\",\"@id\":\"https:\/\/grindupe.com\/parduotuve\/grindu-dangos\/vinilas\/klijuojamas\/polyflor-expona-commercial-wood-3\/\",\"url\":\"https:\/\/grindupe.com\/parduotuve\/grindu-dangos\/vinilas\/klijuojamas\/polyflor-expona-commercial-wood-3\/\",\"name\":\"Vinilin\u0117 grind\u0173 danga Polyflor Expona Commercial| 1524x203.2x2.5mm - Grindup\u0117 - Kokybi\u0161ka grind\u0173 danga\",\"isPartOf\":{\"@id\":\"https:\/\/grindupe.com\/#website\"},\"primaryImageOfPage\":{\"@id\":\"https:\/\/grindupe.com\/parduotuve\/grindu-dangos\/vinilas\/klijuojamas\/polyflor-expona-commercial-wood-3\/#primaryimage\"},\"image\":{\"@id\":\"https:\/\/grindupe.com\/parduotuve\/grindu-dangos\/vinilas\/klijuojamas\/polyflor-expona-commercial-wood-3\/#primaryimage\"},\"thumbnailUrl\":\"https:\/\/grindupe.com\/wp-content\/uploads\/2025\/08\/7d2865416f30b010af1a1560c0ab08ca723aefeb_EXPCommercial_4103_Blue_Salvaged_Wood_1x1m.webp\",\"datePublished\":\"2025-08-14T20:21:36+00:00\",\"dateModified\":\"2025-09-23T12:53:16+00:00\",\"breadcrumb\":{\"@id\":\"https:\/\/grindupe.com\/parduotuve\/grindu-dangos\/vinilas\/klijuojamas\/polyflor-expona-commercial-wood-3\/#breadcrumb\"},\"inLanguage\":\"en-US\",\"potentialAction\":[{\"@type\":\"ReadAction\",\"target\":[\"https:\/\/grindupe.com\/parduotuve\/grindu-dangos\/vinilas\/klijuojamas\/polyflor-expona-commercial-wood-3\/\"]}]},{\"@type\":\"ImageObject\",\"inLanguage\":\"en-US\",\"@id\":\"https:\/\/grindupe.com\/parduotuve\/grindu-dangos\/vinilas\/klijuojamas\/polyflor-expona-commercial-wood-3\/#primaryimage\",\"url\":\"https:\/\/grindupe.com\/wp-content\/uploads\/2025\/08\/7d2865416f30b010af1a1560c0ab08ca723aefeb_EXPCommercial_4103_Blue_Salvaged_Wood_1x1m.webp\",\"contentUrl\":\"https:\/\/grindupe.com\/wp-content\/uploads\/2025\/08\/7d2865416f30b010af1a1560c0ab08ca723aefeb_EXPCommercial_4103_Blue_Salvaged_Wood_1x1m.webp\",\"width\":680,\"height\":680,\"caption\":\"7d2865416f30b010af1a1560c0ab08ca723aefeb EXPCommercial 4103 Blue Salvaged Wood 1x1m\"},{\"@type\":\"BreadcrumbList\",\"@id\":\"https:\/\/grindupe.com\/parduotuve\/grindu-dangos\/vinilas\/klijuojamas\/polyflor-expona-commercial-wood-3\/#breadcrumb\",\"itemListElement\":[{\"@type\":\"ListItem\",\"position\":1,\"name\":\"Home\",\"item\":\"https:\/\/grindupe.com\/\"},{\"@type\":\"ListItem\",\"position\":2,\"name\":\"Parduotuv\u0117\",\"item\":\"https:\/\/grindupe.com\/parduotuve\/\"},{\"@type\":\"ListItem\",\"position\":3,\"name\":\"Vinilin\u0117 grind\u0173 danga Polyflor Expona Commercial| 1524&#215;203.2&#215;2.5mm\"}]},{\"@type\":\"WebSite\",\"@id\":\"https:\/\/grindupe.com\/#website\",\"url\":\"https:\/\/grindupe.com\/\",\"name\":\"Grinduupe.com\",\"description\":\"Grind\u0173 dangos\",\"publisher\":{\"@id\":\"https:\/\/grindupe.com\/#organization\"},\"potentialAction\":[{\"@type\":\"SearchAction\",\"target\":{\"@type\":\"EntryPoint\",\"urlTemplate\":\"https:\/\/grindupe.com\/?s={search_term_string}\"},\"query-input\":{\"@type\":\"PropertyValueSpecification\",\"valueRequired\":true,\"valueName\":\"search_term_string\"}}],\"inLanguage\":\"en-US\"},{\"@type\":\"Organization\",\"@id\":\"https:\/\/grindupe.com\/#organization\",\"name\":\"Grinduupe\",\"url\":\"https:\/\/grindupe.com\/\",\"logo\":{\"@type\":\"ImageObject\",\"inLanguage\":\"en-US\",\"@id\":\"https:\/\/grindupe.com\/#\/schema\/logo\/image\/\",\"url\":\"https:\/\/grindupe.com\/wp-content\/uploads\/2024\/07\/Gedi-6-email_20250515212455.webp\",\"contentUrl\":\"https:\/\/grindupe.com\/wp-content\/uploads\/2024\/07\/Gedi-6-email_20250515212455.webp\",\"width\":258,\"height\":207,\"caption\":\"Grinduupe\"},\"image\":{\"@id\":\"https:\/\/grindupe.com\/#\/schema\/logo\/image\/\"},\"sameAs\":[\"https:\/\/www.facebook.com\/profile.php?id=61563240128761\"]}]}<\/script>\n<!-- \/ Yoast SEO plugin. -->","yoast_head_json":{"title":"Vinilin\u0117 grind\u0173 danga Polyflor Expona Commercial| 1524x203.2x2.5mm - Grindup\u0117 - Kokybi\u0161ka grind\u0173 danga","robots":{"index":"index","follow":"follow","max-snippet":"max-snippet:-1","max-image-preview":"max-image-preview:large","max-video-preview":"max-video-preview:-1"},"canonical":"https:\/\/grindupe.com\/en\/parduotuve\/grindu-dangos\/vinilas\/klijuojamas\/polyflor-expona-commercial-wood-3\/","og_locale":"en_US","og_type":"article","og_title":"Vinilin\u0117 grind\u0173 danga Polyflor Expona Commercial| 1524x203.2x2.5mm - Grindup\u0117 - Kokybi\u0161ka grind\u0173 danga","og_description":"Storis: 2.5 mm Plotis: 203.2 mm Ilgis: 1524 mm Tvirtinimo sistema: Klijuojamos Vienet\u0173 pakuot\u0117je: 11 Kvadrat\u0173 pakuot\u0117je: 3.41","og_url":"https:\/\/grindupe.com\/en\/parduotuve\/grindu-dangos\/vinilas\/klijuojamas\/polyflor-expona-commercial-wood-3\/","og_site_name":"Grindup\u0117 - Kokybi\u0161ka grind\u0173 danga","article_publisher":"https:\/\/www.facebook.com\/profile.php?id=61563240128761","article_modified_time":"2025-09-23T12:53:16+00:00","og_image":[{"width":680,"height":680,"url":"https:\/\/grindupe.com\/wp-content\/uploads\/2025\/08\/7d2865416f30b010af1a1560c0ab08ca723aefeb_EXPCommercial_4103_Blue_Salvaged_Wood_1x1m.webp","type":"image\/webp"}],"twitter_card":"summary_large_image","schema":{"@context":"https:\/\/schema.org","@graph":[{"@type":"WebPage","@id":"https:\/\/grindupe.com\/parduotuve\/grindu-dangos\/vinilas\/klijuojamas\/polyflor-expona-commercial-wood-3\/","url":"https:\/\/grindupe.com\/parduotuve\/grindu-dangos\/vinilas\/klijuojamas\/polyflor-expona-commercial-wood-3\/","name":"Vinilin\u0117 grind\u0173 danga Polyflor Expona Commercial| 1524x203.2x2.5mm - Grindup\u0117 - Kokybi\u0161ka grind\u0173 danga","isPartOf":{"@id":"https:\/\/grindupe.com\/#website"},"primaryImageOfPage":{"@id":"https:\/\/grindupe.com\/parduotuve\/grindu-dangos\/vinilas\/klijuojamas\/polyflor-expona-commercial-wood-3\/#primaryimage"},"image":{"@id":"https:\/\/grindupe.com\/parduotuve\/grindu-dangos\/vinilas\/klijuojamas\/polyflor-expona-commercial-wood-3\/#primaryimage"},"thumbnailUrl":"https:\/\/grindupe.com\/wp-content\/uploads\/2025\/08\/7d2865416f30b010af1a1560c0ab08ca723aefeb_EXPCommercial_4103_Blue_Salvaged_Wood_1x1m.webp","datePublished":"2025-08-14T20:21:36+00:00","dateModified":"2025-09-23T12:53:16+00:00","breadcrumb":{"@id":"https:\/\/grindupe.com\/parduotuve\/grindu-dangos\/vinilas\/klijuojamas\/polyflor-expona-commercial-wood-3\/#breadcrumb"},"inLanguage":"en-US","potentialAction":[{"@type":"ReadAction","target":["https:\/\/grindupe.com\/parduotuve\/grindu-dangos\/vinilas\/klijuojamas\/polyflor-expona-commercial-wood-3\/"]}]},{"@type":"ImageObject","inLanguage":"en-US","@id":"https:\/\/grindupe.com\/parduotuve\/grindu-dangos\/vinilas\/klijuojamas\/polyflor-expona-commercial-wood-3\/#primaryimage","url":"https:\/\/grindupe.com\/wp-content\/uploads\/2025\/08\/7d2865416f30b010af1a1560c0ab08ca723aefeb_EXPCommercial_4103_Blue_Salvaged_Wood_1x1m.webp","contentUrl":"https:\/\/grindupe.com\/wp-content\/uploads\/2025\/08\/7d2865416f30b010af1a1560c0ab08ca723aefeb_EXPCommercial_4103_Blue_Salvaged_Wood_1x1m.webp","width":680,"height":680,"caption":"7d2865416f30b010af1a1560c0ab08ca723aefeb EXPCommercial 4103 Blue Salvaged Wood 1x1m"},{"@type":"BreadcrumbList","@id":"https:\/\/grindupe.com\/parduotuve\/grindu-dangos\/vinilas\/klijuojamas\/polyflor-expona-commercial-wood-3\/#breadcrumb","itemListElement":[{"@type":"ListItem","position":1,"name":"Home","item":"https:\/\/grindupe.com\/"},{"@type":"ListItem","position":2,"name":"Parduotuv\u0117","item":"https:\/\/grindupe.com\/parduotuve\/"},{"@type":"ListItem","position":3,"name":"Vinilin\u0117 grind\u0173 danga Polyflor Expona Commercial| 1524&#215;203.2&#215;2.5mm"}]},{"@type":"WebSite","@id":"https:\/\/grindupe.com\/#website","url":"https:\/\/grindupe.com\/","name":"Grinduupe.com","description":"Floor coverings","publisher":{"@id":"https:\/\/grindupe.com\/#organization"},"potentialAction":[{"@type":"SearchAction","target":{"@type":"EntryPoint","urlTemplate":"https:\/\/grindupe.com\/?s={search_term_string}"},"query-input":{"@type":"PropertyValueSpecification","valueRequired":true,"valueName":"search_term_string"}}],"inLanguage":"en-US"},{"@type":"Organization","@id":"https:\/\/grindupe.com\/#organization","name":"Grindupupe","url":"https:\/\/grindupe.com\/","logo":{"@type":"ImageObject","inLanguage":"en-US","@id":"https:\/\/grindupe.com\/#\/schema\/logo\/image\/","url":"https:\/\/grindupe.com\/wp-content\/uploads\/2024\/07\/Gedi-6-email_20250515212455.webp","contentUrl":"https:\/\/grindupe.com\/wp-content\/uploads\/2024\/07\/Gedi-6-email_20250515212455.webp","width":258,"height":207,"caption":"Grinduupe"},"image":{"@id":"https:\/\/grindupe.com\/#\/schema\/logo\/image\/"},"sameAs":["https:\/\/www.facebook.com\/profile.php?id=61563240128761"]}]}},"_links":{"self":[{"href":"https:\/\/grindupe.com\/en\/wp-json\/wp\/v2\/product\/79724","targetHints":{"allow":["GET"]}}],"collection":[{"href":"https:\/\/grindupe.com\/en\/wp-json\/wp\/v2\/product"}],"about":[{"href":"https:\/\/grindupe.com\/en\/wp-json\/wp\/v2\/types\/product"}],"replies":[{"embeddable":true,"href":"https:\/\/grindupe.com\/en\/wp-json\/wp\/v2\/comments?post=79724"}],"wp:featuredmedia":[{"embeddable":true,"href":"https:\/\/grindupe.com\/en\/wp-json\/wp\/v2\/media\/80119"}],"wp:attachment":[{"href":"https:\/\/grindupe.com\/en\/wp-json\/wp\/v2\/media?parent=79724"}],"wp:term":[{"taxonomy":"product_brand","embeddable":true,"href":"https:\/\/grindupe.com\/en\/wp-json\/wp\/v2\/product_brand?post=79724"},{"taxonomy":"product_cat","embeddable":true,"href":"https:\/\/grindupe.com\/en\/wp-json\/wp\/v2\/product_cat?post=79724"},{"taxonomy":"product_tag","embeddable":true,"href":"https:\/\/grindupe.com\/en\/wp-json\/wp\/v2\/product_tag?post=79724"}],"curies":[{"name":"wp","href":"https:\/\/api.w.org\/{rel}","templated":true}]}}