{"id":79734,"date":"2025-08-15T07:32:44","date_gmt":"2025-08-15T04:32:44","guid":{"rendered":"https:\/\/grindupe.com\/?post_type=product&#038;p=79734"},"modified":"2025-09-23T14:39:12","modified_gmt":"2025-09-23T11:39:12","slug":"laminuota-grindu-danga-kronostep-3","status":"publish","type":"product","link":"https:\/\/grindupe.com\/en\/parduotuve\/grindu-dangos\/laminatas\/laminuota-grindu-danga-kronostep-3\/","title":{"rendered":"Laminate flooring |1285x192x8mm|Click system"},"content":{"rendered":"<div class=\"wc-full-description-single-block\" style=\"white-space:pre-line;\">Type: Laminate flooring\nBrand: Kronostep\nThickness: 8 mm\nLength: 1285 mm\nWidth: 192 mm\nCore: HDF\nWear rating: AC5\nUsage class: 33\nClick system: 1clic2go pure +\nBevel type: V4\nReaction to fire: Cfl-s1\nStain resistance: &gt; Class 4\nSurface durability: &gt; 1.25 N\/mm\u00b2\nFormaldehyde emission: E1\nSlip resistance: DS\nWarranty: 20 years\nManufacturer: EU<\/div>","protected":false},"excerpt":{"rendered":"Type: Laminate flooring\nThickness: 8 mm\nLength: 1285 mm\nWidth: 192 mm\nSuitable for underfloor heating: Yes\nClick system: 1clic2go pure +\nPackage: 9 planks \/ 2.22 m\u00b2","protected":false},"featured_media":80210,"comment_status":"open","ping_status":"closed","template":"","meta":{"_acf_changed":false,"_coblocks_attr":"","_coblocks_dimensions":"","_coblocks_responsive_height":"","_coblocks_accordion_ie_support":""},"product_brand":[354],"product_cat":[272,271],"product_tag":[],"class_list":{"0":"post-79734","1":"product","2":"type-product","3":"status-publish","4":"has-post-thumbnail","6":"product_brand-kronostep","7":"product_cat-grindu-dangos","8":"product_cat-laminatas","9":"pa_erdve-koridorius","10":"pa_erdve-miegamieji-kambariai","11":"pa_erdve-svetaine","12":"pa_erdve-valgomasis","13":"pa_savybes-atsparus-devejimuisi","14":"pa_savybes-atsparus-dregmei","15":"pa_savybes-lengva-priziureti","16":"pa_savybes-patvarios","17":"pa_savybes-tinka-sildomoms-grindims","18":"pa_spalva-buzzard-oak","19":"pa_spalva-solar-oak","20":"pa_spalva-filtrams-ruda","21":"pa_spalva-filtrams-rusva","23":"first","24":"onbackorder","25":"taxable","26":"shipping-taxable","27":"purchasable","28":"product-type-variable","29":"has-default-attributes"},"acf":[],"yoast_head":"<!-- This site is optimized with the Yoast SEO plugin v26.8 - https:\/\/yoast.com\/product\/yoast-seo-wordpress\/ -->\n<title>Laminuota grind\u0173 danga |1285x192x8mm|Click sistema - Grindup\u0117 - Kokybi\u0161ka grind\u0173 danga<\/title>\n<meta name=\"robots\" content=\"index, follow, max-snippet:-1, max-image-preview:large, max-video-preview:-1\" \/>\n<link rel=\"canonical\" href=\"https:\/\/grindupe.com\/en\/parduotuve\/grindu-dangos\/laminatas\/laminuota-grindu-danga-kronostep-3\/\" \/>\n<meta property=\"og:locale\" content=\"en_US\" \/>\n<meta property=\"og:type\" content=\"article\" \/>\n<meta property=\"og:title\" content=\"Laminuota grind\u0173 danga |1285x192x8mm|Click sistema - Grindup\u0117 - Kokybi\u0161ka grind\u0173 danga\" \/>\n<meta property=\"og:description\" content=\"Tipas: Laminuota grind\u0173 danga Storis: 8 mm Ilgis: 1285 mm Plotis: 192 mm Tinka \u0161ildomoms grindims: taip Sujungimo sistema: 1clic2go pure + Pakuot\u0117: 9 lentel\u0117s \/2,22 m2\" \/>\n<meta property=\"og:url\" content=\"https:\/\/grindupe.com\/en\/parduotuve\/grindu-dangos\/laminatas\/laminuota-grindu-danga-kronostep-3\/\" \/>\n<meta property=\"og:site_name\" content=\"Grindup\u0117 - Kokybi\u0161ka grind\u0173 danga\" \/>\n<meta property=\"article:publisher\" content=\"https:\/\/www.facebook.com\/profile.php?id=61563240128761\" \/>\n<meta property=\"article:modified_time\" content=\"2025-09-23T11:39:12+00:00\" \/>\n<meta property=\"og:image\" content=\"https:\/\/grindupe.com\/wp-content\/uploads\/2025\/08\/K405_V4_ulozona_300DPI-20250313-100557.jpg\" \/>\n\t<meta property=\"og:image:width\" content=\"650\" \/>\n\t<meta property=\"og:image:height\" content=\"550\" \/>\n\t<meta property=\"og:image:type\" content=\"image\/jpeg\" \/>\n<meta name=\"twitter:card\" content=\"summary_large_image\" \/>\n<script type=\"application\/ld+json\" class=\"yoast-schema-graph\">{\"@context\":\"https:\/\/schema.org\",\"@graph\":[{\"@type\":\"WebPage\",\"@id\":\"https:\/\/grindupe.com\/parduotuve\/grindu-dangos\/laminatas\/laminuota-grindu-danga-kronostep-3\/\",\"url\":\"https:\/\/grindupe.com\/parduotuve\/grindu-dangos\/laminatas\/laminuota-grindu-danga-kronostep-3\/\",\"name\":\"Laminuota grind\u0173 danga |1285x192x8mm|Click sistema - Grindup\u0117 - Kokybi\u0161ka grind\u0173 danga\",\"isPartOf\":{\"@id\":\"https:\/\/grindupe.com\/#website\"},\"primaryImageOfPage\":{\"@id\":\"https:\/\/grindupe.com\/parduotuve\/grindu-dangos\/laminatas\/laminuota-grindu-danga-kronostep-3\/#primaryimage\"},\"image\":{\"@id\":\"https:\/\/grindupe.com\/parduotuve\/grindu-dangos\/laminatas\/laminuota-grindu-danga-kronostep-3\/#primaryimage\"},\"thumbnailUrl\":\"https:\/\/grindupe.com\/wp-content\/uploads\/2025\/08\/K405_V4_ulozona_300DPI-20250313-100557.jpg\",\"datePublished\":\"2025-08-15T04:32:44+00:00\",\"dateModified\":\"2025-09-23T11:39:12+00:00\",\"breadcrumb\":{\"@id\":\"https:\/\/grindupe.com\/parduotuve\/grindu-dangos\/laminatas\/laminuota-grindu-danga-kronostep-3\/#breadcrumb\"},\"inLanguage\":\"en-US\",\"potentialAction\":[{\"@type\":\"ReadAction\",\"target\":[\"https:\/\/grindupe.com\/parduotuve\/grindu-dangos\/laminatas\/laminuota-grindu-danga-kronostep-3\/\"]}]},{\"@type\":\"ImageObject\",\"inLanguage\":\"en-US\",\"@id\":\"https:\/\/grindupe.com\/parduotuve\/grindu-dangos\/laminatas\/laminuota-grindu-danga-kronostep-3\/#primaryimage\",\"url\":\"https:\/\/grindupe.com\/wp-content\/uploads\/2025\/08\/K405_V4_ulozona_300DPI-20250313-100557.jpg\",\"contentUrl\":\"https:\/\/grindupe.com\/wp-content\/uploads\/2025\/08\/K405_V4_ulozona_300DPI-20250313-100557.jpg\",\"width\":650,\"height\":550,\"caption\":\"K405 V4 ulozona 300DPI 20250313 100557\"},{\"@type\":\"BreadcrumbList\",\"@id\":\"https:\/\/grindupe.com\/parduotuve\/grindu-dangos\/laminatas\/laminuota-grindu-danga-kronostep-3\/#breadcrumb\",\"itemListElement\":[{\"@type\":\"ListItem\",\"position\":1,\"name\":\"Home\",\"item\":\"https:\/\/grindupe.com\/\"},{\"@type\":\"ListItem\",\"position\":2,\"name\":\"Parduotuv\u0117\",\"item\":\"https:\/\/grindupe.com\/parduotuve\/\"},{\"@type\":\"ListItem\",\"position\":3,\"name\":\"Laminuota grind\u0173 danga |1285x192x8mm|Click sistema\"}]},{\"@type\":\"WebSite\",\"@id\":\"https:\/\/grindupe.com\/#website\",\"url\":\"https:\/\/grindupe.com\/\",\"name\":\"Grinduupe.com\",\"description\":\"Grind\u0173 dangos\",\"publisher\":{\"@id\":\"https:\/\/grindupe.com\/#organization\"},\"potentialAction\":[{\"@type\":\"SearchAction\",\"target\":{\"@type\":\"EntryPoint\",\"urlTemplate\":\"https:\/\/grindupe.com\/?s={search_term_string}\"},\"query-input\":{\"@type\":\"PropertyValueSpecification\",\"valueRequired\":true,\"valueName\":\"search_term_string\"}}],\"inLanguage\":\"en-US\"},{\"@type\":\"Organization\",\"@id\":\"https:\/\/grindupe.com\/#organization\",\"name\":\"Grinduupe\",\"url\":\"https:\/\/grindupe.com\/\",\"logo\":{\"@type\":\"ImageObject\",\"inLanguage\":\"en-US\",\"@id\":\"https:\/\/grindupe.com\/#\/schema\/logo\/image\/\",\"url\":\"https:\/\/grindupe.com\/wp-content\/uploads\/2024\/07\/Gedi-6-email_20250515212455.webp\",\"contentUrl\":\"https:\/\/grindupe.com\/wp-content\/uploads\/2024\/07\/Gedi-6-email_20250515212455.webp\",\"width\":258,\"height\":207,\"caption\":\"Grinduupe\"},\"image\":{\"@id\":\"https:\/\/grindupe.com\/#\/schema\/logo\/image\/\"},\"sameAs\":[\"https:\/\/www.facebook.com\/profile.php?id=61563240128761\"]}]}<\/script>\n<!-- \/ Yoast SEO plugin. -->","yoast_head_json":{"title":"Laminuota grind\u0173 danga |1285x192x8mm|Click sistema - Grindup\u0117 - Kokybi\u0161ka grind\u0173 danga","robots":{"index":"index","follow":"follow","max-snippet":"max-snippet:-1","max-image-preview":"max-image-preview:large","max-video-preview":"max-video-preview:-1"},"canonical":"https:\/\/grindupe.com\/en\/parduotuve\/grindu-dangos\/laminatas\/laminuota-grindu-danga-kronostep-3\/","og_locale":"en_US","og_type":"article","og_title":"Laminuota grind\u0173 danga |1285x192x8mm|Click sistema - Grindup\u0117 - Kokybi\u0161ka grind\u0173 danga","og_description":"Tipas: Laminuota grind\u0173 danga Storis: 8 mm Ilgis: 1285 mm Plotis: 192 mm Tinka \u0161ildomoms grindims: taip Sujungimo sistema: 1clic2go pure + Pakuot\u0117: 9 lentel\u0117s \/2,22 m2","og_url":"https:\/\/grindupe.com\/en\/parduotuve\/grindu-dangos\/laminatas\/laminuota-grindu-danga-kronostep-3\/","og_site_name":"Grindup\u0117 - Kokybi\u0161ka grind\u0173 danga","article_publisher":"https:\/\/www.facebook.com\/profile.php?id=61563240128761","article_modified_time":"2025-09-23T11:39:12+00:00","og_image":[{"width":650,"height":550,"url":"https:\/\/grindupe.com\/wp-content\/uploads\/2025\/08\/K405_V4_ulozona_300DPI-20250313-100557.jpg","type":"image\/jpeg"}],"twitter_card":"summary_large_image","schema":{"@context":"https:\/\/schema.org","@graph":[{"@type":"WebPage","@id":"https:\/\/grindupe.com\/parduotuve\/grindu-dangos\/laminatas\/laminuota-grindu-danga-kronostep-3\/","url":"https:\/\/grindupe.com\/parduotuve\/grindu-dangos\/laminatas\/laminuota-grindu-danga-kronostep-3\/","name":"Laminuota grind\u0173 danga |1285x192x8mm|Click sistema - Grindup\u0117 - Kokybi\u0161ka grind\u0173 danga","isPartOf":{"@id":"https:\/\/grindupe.com\/#website"},"primaryImageOfPage":{"@id":"https:\/\/grindupe.com\/parduotuve\/grindu-dangos\/laminatas\/laminuota-grindu-danga-kronostep-3\/#primaryimage"},"image":{"@id":"https:\/\/grindupe.com\/parduotuve\/grindu-dangos\/laminatas\/laminuota-grindu-danga-kronostep-3\/#primaryimage"},"thumbnailUrl":"https:\/\/grindupe.com\/wp-content\/uploads\/2025\/08\/K405_V4_ulozona_300DPI-20250313-100557.jpg","datePublished":"2025-08-15T04:32:44+00:00","dateModified":"2025-09-23T11:39:12+00:00","breadcrumb":{"@id":"https:\/\/grindupe.com\/parduotuve\/grindu-dangos\/laminatas\/laminuota-grindu-danga-kronostep-3\/#breadcrumb"},"inLanguage":"en-US","potentialAction":[{"@type":"ReadAction","target":["https:\/\/grindupe.com\/parduotuve\/grindu-dangos\/laminatas\/laminuota-grindu-danga-kronostep-3\/"]}]},{"@type":"ImageObject","inLanguage":"en-US","@id":"https:\/\/grindupe.com\/parduotuve\/grindu-dangos\/laminatas\/laminuota-grindu-danga-kronostep-3\/#primaryimage","url":"https:\/\/grindupe.com\/wp-content\/uploads\/2025\/08\/K405_V4_ulozona_300DPI-20250313-100557.jpg","contentUrl":"https:\/\/grindupe.com\/wp-content\/uploads\/2025\/08\/K405_V4_ulozona_300DPI-20250313-100557.jpg","width":650,"height":550,"caption":"K405 V4 ulozona 300DPI 20250313 100557"},{"@type":"BreadcrumbList","@id":"https:\/\/grindupe.com\/parduotuve\/grindu-dangos\/laminatas\/laminuota-grindu-danga-kronostep-3\/#breadcrumb","itemListElement":[{"@type":"ListItem","position":1,"name":"Home","item":"https:\/\/grindupe.com\/"},{"@type":"ListItem","position":2,"name":"Parduotuv\u0117","item":"https:\/\/grindupe.com\/parduotuve\/"},{"@type":"ListItem","position":3,"name":"Laminuota grind\u0173 danga |1285x192x8mm|Click sistema"}]},{"@type":"WebSite","@id":"https:\/\/grindupe.com\/#website","url":"https:\/\/grindupe.com\/","name":"Grinduupe.com","description":"Floor coverings","publisher":{"@id":"https:\/\/grindupe.com\/#organization"},"potentialAction":[{"@type":"SearchAction","target":{"@type":"EntryPoint","urlTemplate":"https:\/\/grindupe.com\/?s={search_term_string}"},"query-input":{"@type":"PropertyValueSpecification","valueRequired":true,"valueName":"search_term_string"}}],"inLanguage":"en-US"},{"@type":"Organization","@id":"https:\/\/grindupe.com\/#organization","name":"Grindupupe","url":"https:\/\/grindupe.com\/","logo":{"@type":"ImageObject","inLanguage":"en-US","@id":"https:\/\/grindupe.com\/#\/schema\/logo\/image\/","url":"https:\/\/grindupe.com\/wp-content\/uploads\/2024\/07\/Gedi-6-email_20250515212455.webp","contentUrl":"https:\/\/grindupe.com\/wp-content\/uploads\/2024\/07\/Gedi-6-email_20250515212455.webp","width":258,"height":207,"caption":"Grinduupe"},"image":{"@id":"https:\/\/grindupe.com\/#\/schema\/logo\/image\/"},"sameAs":["https:\/\/www.facebook.com\/profile.php?id=61563240128761"]}]}},"_links":{"self":[{"href":"https:\/\/grindupe.com\/en\/wp-json\/wp\/v2\/product\/79734","targetHints":{"allow":["GET"]}}],"collection":[{"href":"https:\/\/grindupe.com\/en\/wp-json\/wp\/v2\/product"}],"about":[{"href":"https:\/\/grindupe.com\/en\/wp-json\/wp\/v2\/types\/product"}],"replies":[{"embeddable":true,"href":"https:\/\/grindupe.com\/en\/wp-json\/wp\/v2\/comments?post=79734"}],"wp:featuredmedia":[{"embeddable":true,"href":"https:\/\/grindupe.com\/en\/wp-json\/wp\/v2\/media\/80210"}],"wp:attachment":[{"href":"https:\/\/grindupe.com\/en\/wp-json\/wp\/v2\/media?parent=79734"}],"wp:term":[{"taxonomy":"product_brand","embeddable":true,"href":"https:\/\/grindupe.com\/en\/wp-json\/wp\/v2\/product_brand?post=79734"},{"taxonomy":"product_cat","embeddable":true,"href":"https:\/\/grindupe.com\/en\/wp-json\/wp\/v2\/product_cat?post=79734"},{"taxonomy":"product_tag","embeddable":true,"href":"https:\/\/grindupe.com\/en\/wp-json\/wp\/v2\/product_tag?post=79734"}],"curies":[{"name":"wp","href":"https:\/\/api.w.org\/{rel}","templated":true}]}}