{"id":79765,"date":"2025-08-15T17:20:37","date_gmt":"2025-08-15T14:20:37","guid":{"rendered":"https:\/\/grindupe.com\/?post_type=product&#038;p=79765"},"modified":"2025-09-23T15:28:09","modified_gmt":"2025-09-23T12:28:09","slug":"kilimines-plyteles","status":"publish","type":"product","link":"https:\/\/grindupe.com\/en\/parduotuve\/grindu-dangos\/kilimines-plyteles\/kilimines-plyteles\/","title":{"rendered":"Carpet tiles 50x50 cm"},"content":{"rendered":"<div class=\"wc-full-description-single-block\" style=\"white-space:pre-line;\">Name: 100% Polypropylene carpet tiles\nBrand: Own label\nType: Loop polypropylene tiles\nBacking: Eco\nThickness: 5.5 mm\nTile size: 50\u00d750 cm\nUnits per pack: 20\nCoverage per pack: 5 m\u00b2\nSuitable for underfloor heating: Yes\nOrigin: UK\nWarranty: 10 years<\/div>","protected":false},"excerpt":{"rendered":"Prek\u0117: 100% polipropileno kilimines plyteles\nStoris: 5.5 mm\nPlytel\u0117s dydis: 50&#215;50 cm\nKvadrat\u0173 pakuot\u0117je: 5 m2\nVienet\u0173 pakuot\u0117je: 20","protected":false},"featured_media":80231,"comment_status":"open","ping_status":"closed","template":"","meta":{"_acf_changed":false,"_coblocks_attr":"","_coblocks_dimensions":"","_coblocks_responsive_height":"","_coblocks_accordion_ie_support":""},"product_brand":[],"product_cat":[272,246],"product_tag":[],"class_list":{"0":"post-79765","1":"product","2":"type-product","3":"status-publish","4":"has-post-thumbnail","6":"product_cat-grindu-dangos","7":"product_cat-kilimines-plyteles","8":"pa_erdve-koridorius","9":"pa_erdve-miegamieji-kambariai","10":"pa_erdve-ofisai","11":"pa_erdve-svetaine","12":"pa_savybes-atsparus-demems","13":"pa_savybes-lengvas-montavimas","14":"pa_savybes-pagaminta-uk","15":"pa_savybes-tinka-sildomoms-grindims","16":"pa_spalva-485","17":"pa_spalva-486","18":"pa_spalva-487","19":"pa_spalva-488","20":"pa_spalva-489","21":"pa_spalva-490","22":"pa_spalva-491","23":"pa_spalva-492","24":"pa_spalva-filtrams-geltona","25":"pa_spalva-filtrams-juoda","26":"pa_spalva-filtrams-pilka","27":"pa_spalva-filtrams-raudona","28":"pa_spalva-filtrams-zalia","30":"first","31":"onbackorder","32":"taxable","33":"shipping-taxable","34":"purchasable","35":"product-type-variable","36":"has-default-attributes"},"acf":[],"yoast_head":"<!-- This site is optimized with the Yoast SEO plugin v26.8 - https:\/\/yoast.com\/product\/yoast-seo-wordpress\/ -->\n<title>Kilimin\u0117s plytel\u0117s 50x50cm - Grindup\u0117 - Kokybi\u0161ka grind\u0173 danga<\/title>\n<meta name=\"robots\" content=\"index, follow, max-snippet:-1, max-image-preview:large, max-video-preview:-1\" \/>\n<link rel=\"canonical\" href=\"https:\/\/grindupe.com\/en\/parduotuve\/grindu-dangos\/kilimines-plyteles\/kilimines-plyteles\/\" \/>\n<meta property=\"og:locale\" content=\"en_US\" \/>\n<meta property=\"og:type\" content=\"article\" \/>\n<meta property=\"og:title\" content=\"Kilimin\u0117s plytel\u0117s 50x50cm - Grindup\u0117 - Kokybi\u0161ka grind\u0173 danga\" \/>\n<meta property=\"og:description\" content=\"Prek\u0117: 100% polipropileno kilimines plyteles Storis: 5.5 mm Plytel\u0117s dydis: 50x50 cm Kvadrat\u0173 pakuot\u0117je: 5 m2 Vienet\u0173 pakuot\u0117je: 20\" \/>\n<meta property=\"og:url\" content=\"https:\/\/grindupe.com\/en\/parduotuve\/grindu-dangos\/kilimines-plyteles\/kilimines-plyteles\/\" \/>\n<meta property=\"og:site_name\" content=\"Grindup\u0117 - Kokybi\u0161ka grind\u0173 danga\" \/>\n<meta property=\"article:publisher\" content=\"https:\/\/www.facebook.com\/profile.php?id=61563240128761\" \/>\n<meta property=\"article:modified_time\" content=\"2025-09-23T12:28:09+00:00\" \/>\n<meta property=\"og:image\" content=\"https:\/\/grindupe.com\/wp-content\/uploads\/2025\/08\/GPC40731725.jpg\" \/>\n\t<meta property=\"og:image:width\" content=\"800\" \/>\n\t<meta property=\"og:image:height\" content=\"480\" \/>\n\t<meta property=\"og:image:type\" content=\"image\/jpeg\" \/>\n<meta name=\"twitter:card\" content=\"summary_large_image\" \/>\n<script type=\"application\/ld+json\" class=\"yoast-schema-graph\">{\"@context\":\"https:\/\/schema.org\",\"@graph\":[{\"@type\":\"WebPage\",\"@id\":\"https:\/\/grindupe.com\/parduotuve\/grindu-dangos\/kilimines-plyteles\/kilimines-plyteles\/\",\"url\":\"https:\/\/grindupe.com\/parduotuve\/grindu-dangos\/kilimines-plyteles\/kilimines-plyteles\/\",\"name\":\"Kilimin\u0117s plytel\u0117s 50x50cm - Grindup\u0117 - Kokybi\u0161ka grind\u0173 danga\",\"isPartOf\":{\"@id\":\"https:\/\/grindupe.com\/#website\"},\"primaryImageOfPage\":{\"@id\":\"https:\/\/grindupe.com\/parduotuve\/grindu-dangos\/kilimines-plyteles\/kilimines-plyteles\/#primaryimage\"},\"image\":{\"@id\":\"https:\/\/grindupe.com\/parduotuve\/grindu-dangos\/kilimines-plyteles\/kilimines-plyteles\/#primaryimage\"},\"thumbnailUrl\":\"https:\/\/grindupe.com\/wp-content\/uploads\/2025\/08\/GPC40731725.jpg\",\"datePublished\":\"2025-08-15T14:20:37+00:00\",\"dateModified\":\"2025-09-23T12:28:09+00:00\",\"breadcrumb\":{\"@id\":\"https:\/\/grindupe.com\/parduotuve\/grindu-dangos\/kilimines-plyteles\/kilimines-plyteles\/#breadcrumb\"},\"inLanguage\":\"en-US\",\"potentialAction\":[{\"@type\":\"ReadAction\",\"target\":[\"https:\/\/grindupe.com\/parduotuve\/grindu-dangos\/kilimines-plyteles\/kilimines-plyteles\/\"]}]},{\"@type\":\"ImageObject\",\"inLanguage\":\"en-US\",\"@id\":\"https:\/\/grindupe.com\/parduotuve\/grindu-dangos\/kilimines-plyteles\/kilimines-plyteles\/#primaryimage\",\"url\":\"https:\/\/grindupe.com\/wp-content\/uploads\/2025\/08\/GPC40731725.jpg\",\"contentUrl\":\"https:\/\/grindupe.com\/wp-content\/uploads\/2025\/08\/GPC40731725.jpg\",\"width\":800,\"height\":480,\"caption\":\"GPC40731725\"},{\"@type\":\"BreadcrumbList\",\"@id\":\"https:\/\/grindupe.com\/parduotuve\/grindu-dangos\/kilimines-plyteles\/kilimines-plyteles\/#breadcrumb\",\"itemListElement\":[{\"@type\":\"ListItem\",\"position\":1,\"name\":\"Home\",\"item\":\"https:\/\/grindupe.com\/\"},{\"@type\":\"ListItem\",\"position\":2,\"name\":\"Parduotuv\u0117\",\"item\":\"https:\/\/grindupe.com\/parduotuve\/\"},{\"@type\":\"ListItem\",\"position\":3,\"name\":\"Kilimin\u0117s plytel\u0117s 50x50cm\"}]},{\"@type\":\"WebSite\",\"@id\":\"https:\/\/grindupe.com\/#website\",\"url\":\"https:\/\/grindupe.com\/\",\"name\":\"Grinduupe.com\",\"description\":\"Grind\u0173 dangos\",\"publisher\":{\"@id\":\"https:\/\/grindupe.com\/#organization\"},\"potentialAction\":[{\"@type\":\"SearchAction\",\"target\":{\"@type\":\"EntryPoint\",\"urlTemplate\":\"https:\/\/grindupe.com\/?s={search_term_string}\"},\"query-input\":{\"@type\":\"PropertyValueSpecification\",\"valueRequired\":true,\"valueName\":\"search_term_string\"}}],\"inLanguage\":\"en-US\"},{\"@type\":\"Organization\",\"@id\":\"https:\/\/grindupe.com\/#organization\",\"name\":\"Grinduupe\",\"url\":\"https:\/\/grindupe.com\/\",\"logo\":{\"@type\":\"ImageObject\",\"inLanguage\":\"en-US\",\"@id\":\"https:\/\/grindupe.com\/#\/schema\/logo\/image\/\",\"url\":\"https:\/\/grindupe.com\/wp-content\/uploads\/2024\/07\/Gedi-6-email_20250515212455.webp\",\"contentUrl\":\"https:\/\/grindupe.com\/wp-content\/uploads\/2024\/07\/Gedi-6-email_20250515212455.webp\",\"width\":258,\"height\":207,\"caption\":\"Grinduupe\"},\"image\":{\"@id\":\"https:\/\/grindupe.com\/#\/schema\/logo\/image\/\"},\"sameAs\":[\"https:\/\/www.facebook.com\/profile.php?id=61563240128761\"]}]}<\/script>\n<!-- \/ Yoast SEO plugin. -->","yoast_head_json":{"title":"Kilimin\u0117s plytel\u0117s 50x50cm - Grindup\u0117 - Kokybi\u0161ka grind\u0173 danga","robots":{"index":"index","follow":"follow","max-snippet":"max-snippet:-1","max-image-preview":"max-image-preview:large","max-video-preview":"max-video-preview:-1"},"canonical":"https:\/\/grindupe.com\/en\/parduotuve\/grindu-dangos\/kilimines-plyteles\/kilimines-plyteles\/","og_locale":"en_US","og_type":"article","og_title":"Kilimin\u0117s plytel\u0117s 50x50cm - Grindup\u0117 - Kokybi\u0161ka grind\u0173 danga","og_description":"Prek\u0117: 100% polipropileno kilimines plyteles Storis: 5.5 mm Plytel\u0117s dydis: 50x50 cm Kvadrat\u0173 pakuot\u0117je: 5 m2 Vienet\u0173 pakuot\u0117je: 20","og_url":"https:\/\/grindupe.com\/en\/parduotuve\/grindu-dangos\/kilimines-plyteles\/kilimines-plyteles\/","og_site_name":"Grindup\u0117 - Kokybi\u0161ka grind\u0173 danga","article_publisher":"https:\/\/www.facebook.com\/profile.php?id=61563240128761","article_modified_time":"2025-09-23T12:28:09+00:00","og_image":[{"width":800,"height":480,"url":"https:\/\/grindupe.com\/wp-content\/uploads\/2025\/08\/GPC40731725.jpg","type":"image\/jpeg"}],"twitter_card":"summary_large_image","schema":{"@context":"https:\/\/schema.org","@graph":[{"@type":"WebPage","@id":"https:\/\/grindupe.com\/parduotuve\/grindu-dangos\/kilimines-plyteles\/kilimines-plyteles\/","url":"https:\/\/grindupe.com\/parduotuve\/grindu-dangos\/kilimines-plyteles\/kilimines-plyteles\/","name":"Kilimin\u0117s plytel\u0117s 50x50cm - Grindup\u0117 - Kokybi\u0161ka grind\u0173 danga","isPartOf":{"@id":"https:\/\/grindupe.com\/#website"},"primaryImageOfPage":{"@id":"https:\/\/grindupe.com\/parduotuve\/grindu-dangos\/kilimines-plyteles\/kilimines-plyteles\/#primaryimage"},"image":{"@id":"https:\/\/grindupe.com\/parduotuve\/grindu-dangos\/kilimines-plyteles\/kilimines-plyteles\/#primaryimage"},"thumbnailUrl":"https:\/\/grindupe.com\/wp-content\/uploads\/2025\/08\/GPC40731725.jpg","datePublished":"2025-08-15T14:20:37+00:00","dateModified":"2025-09-23T12:28:09+00:00","breadcrumb":{"@id":"https:\/\/grindupe.com\/parduotuve\/grindu-dangos\/kilimines-plyteles\/kilimines-plyteles\/#breadcrumb"},"inLanguage":"en-US","potentialAction":[{"@type":"ReadAction","target":["https:\/\/grindupe.com\/parduotuve\/grindu-dangos\/kilimines-plyteles\/kilimines-plyteles\/"]}]},{"@type":"ImageObject","inLanguage":"en-US","@id":"https:\/\/grindupe.com\/parduotuve\/grindu-dangos\/kilimines-plyteles\/kilimines-plyteles\/#primaryimage","url":"https:\/\/grindupe.com\/wp-content\/uploads\/2025\/08\/GPC40731725.jpg","contentUrl":"https:\/\/grindupe.com\/wp-content\/uploads\/2025\/08\/GPC40731725.jpg","width":800,"height":480,"caption":"GPC40731725"},{"@type":"BreadcrumbList","@id":"https:\/\/grindupe.com\/parduotuve\/grindu-dangos\/kilimines-plyteles\/kilimines-plyteles\/#breadcrumb","itemListElement":[{"@type":"ListItem","position":1,"name":"Home","item":"https:\/\/grindupe.com\/"},{"@type":"ListItem","position":2,"name":"Parduotuv\u0117","item":"https:\/\/grindupe.com\/parduotuve\/"},{"@type":"ListItem","position":3,"name":"Kilimin\u0117s plytel\u0117s 50x50cm"}]},{"@type":"WebSite","@id":"https:\/\/grindupe.com\/#website","url":"https:\/\/grindupe.com\/","name":"Grinduupe.com","description":"Floor coverings","publisher":{"@id":"https:\/\/grindupe.com\/#organization"},"potentialAction":[{"@type":"SearchAction","target":{"@type":"EntryPoint","urlTemplate":"https:\/\/grindupe.com\/?s={search_term_string}"},"query-input":{"@type":"PropertyValueSpecification","valueRequired":true,"valueName":"search_term_string"}}],"inLanguage":"en-US"},{"@type":"Organization","@id":"https:\/\/grindupe.com\/#organization","name":"Grindupupe","url":"https:\/\/grindupe.com\/","logo":{"@type":"ImageObject","inLanguage":"en-US","@id":"https:\/\/grindupe.com\/#\/schema\/logo\/image\/","url":"https:\/\/grindupe.com\/wp-content\/uploads\/2024\/07\/Gedi-6-email_20250515212455.webp","contentUrl":"https:\/\/grindupe.com\/wp-content\/uploads\/2024\/07\/Gedi-6-email_20250515212455.webp","width":258,"height":207,"caption":"Grinduupe"},"image":{"@id":"https:\/\/grindupe.com\/#\/schema\/logo\/image\/"},"sameAs":["https:\/\/www.facebook.com\/profile.php?id=61563240128761"]}]}},"_links":{"self":[{"href":"https:\/\/grindupe.com\/en\/wp-json\/wp\/v2\/product\/79765","targetHints":{"allow":["GET"]}}],"collection":[{"href":"https:\/\/grindupe.com\/en\/wp-json\/wp\/v2\/product"}],"about":[{"href":"https:\/\/grindupe.com\/en\/wp-json\/wp\/v2\/types\/product"}],"replies":[{"embeddable":true,"href":"https:\/\/grindupe.com\/en\/wp-json\/wp\/v2\/comments?post=79765"}],"wp:featuredmedia":[{"embeddable":true,"href":"https:\/\/grindupe.com\/en\/wp-json\/wp\/v2\/media\/80231"}],"wp:attachment":[{"href":"https:\/\/grindupe.com\/en\/wp-json\/wp\/v2\/media?parent=79765"}],"wp:term":[{"taxonomy":"product_brand","embeddable":true,"href":"https:\/\/grindupe.com\/en\/wp-json\/wp\/v2\/product_brand?post=79765"},{"taxonomy":"product_cat","embeddable":true,"href":"https:\/\/grindupe.com\/en\/wp-json\/wp\/v2\/product_cat?post=79765"},{"taxonomy":"product_tag","embeddable":true,"href":"https:\/\/grindupe.com\/en\/wp-json\/wp\/v2\/product_tag?post=79765"}],"curies":[{"name":"wp","href":"https:\/\/api.w.org\/{rel}","templated":true}]}}