{"id":80674,"date":"2025-08-17T21:26:35","date_gmt":"2025-08-17T18:26:35","guid":{"rendered":"https:\/\/grindupe.com\/?post_type=product&#038;p=80674"},"modified":"2025-08-26T14:17:38","modified_gmt":"2025-08-26T11:17:38","slug":"dirbtine-zole-essential-lawns-australia-45mm","status":"publish","type":"product","link":"https:\/\/grindupe.com\/en\/parduotuve\/grindu-dangos\/dirbtine-zole\/dirbtine-zole-essential-lawns-australia-45mm\/","title":{"rendered":"Artificial grass ESSENTIAL LAWNS AUSTRALIA 45MM"},"content":{"rendered":"","protected":false},"excerpt":{"rendered":"Composition: Polypropylene\nBrand: Own label\nBacking: Latex with drainage holes\nHeight: 45 mm\nWidth: 4.00\/5.00 m\nOrigin: UK\n<span style=\"color: #993366;\"><strong>NOTE<\/strong>: Minimum order quantity: 20 meters.<\/span>","protected":false},"featured_media":80859,"comment_status":"open","ping_status":"closed","template":"","meta":{"_acf_changed":false,"_coblocks_attr":"","_coblocks_dimensions":"","_coblocks_responsive_height":"","_coblocks_accordion_ie_support":""},"product_brand":[],"product_cat":[81,272],"product_tag":[],"class_list":{"0":"post-80674","1":"product","2":"type-product","3":"status-publish","4":"has-post-thumbnail","6":"product_cat-dirbtine-zole","7":"product_cat-grindu-dangos","8":"pa_erdve-balkonas","9":"pa_erdve-dekoratyvine-siena","10":"pa_erdve-sodas","11":"pa_erdve-terasa","12":"pa_erdve-zaidimo-zona","13":"pa_plotis-4-metrai","14":"pa_plotis-5-metrai","15":"pa_spalva-filtrams-zalia","17":"first","18":"onbackorder","19":"taxable","20":"shipping-taxable","21":"purchasable","22":"product-type-variable","23":"has-default-attributes"},"acf":[],"yoast_head":"<!-- This site is optimized with the Yoast SEO plugin v26.8 - https:\/\/yoast.com\/product\/yoast-seo-wordpress\/ -->\n<title>Dirbtin\u0117 \u017eol\u0117 ESSENTIAL LAWNS AUSTRALIA 45MM - Grindup\u0117 - Kokybi\u0161ka grind\u0173 danga<\/title>\n<meta name=\"robots\" content=\"index, follow, max-snippet:-1, max-image-preview:large, max-video-preview:-1\" \/>\n<link rel=\"canonical\" href=\"https:\/\/grindupe.com\/en\/parduotuve\/grindu-dangos\/dirbtine-zole\/dirbtine-zole-essential-lawns-australia-45mm\/\" \/>\n<meta property=\"og:locale\" content=\"en_US\" \/>\n<meta property=\"og:type\" content=\"article\" \/>\n<meta property=\"og:title\" content=\"Dirbtin\u0117 \u017eol\u0117 ESSENTIAL LAWNS AUSTRALIA 45MM - Grindup\u0117 - Kokybi\u0161ka grind\u0173 danga\" \/>\n<meta property=\"og:description\" content=\"Sud\u0117tis: Polipropilenas Prek\u0117s \u017eenklas: Own label Danga: Lateksas su drena\u017eo skylut\u0117mis Auk\u0161tis: 45 mm Plotis: 4.00\/5.00 m Kilm\u0117: UK PASTABA: Minimalus u\u017esakymo kiekis 20 metr\u0173.\" \/>\n<meta property=\"og:url\" content=\"https:\/\/grindupe.com\/en\/parduotuve\/grindu-dangos\/dirbtine-zole\/dirbtine-zole-essential-lawns-australia-45mm\/\" \/>\n<meta property=\"og:site_name\" content=\"Grindup\u0117 - Kokybi\u0161ka grind\u0173 danga\" \/>\n<meta property=\"article:publisher\" content=\"https:\/\/www.facebook.com\/profile.php?id=61563240128761\" \/>\n<meta property=\"article:modified_time\" content=\"2025-08-26T11:17:38+00:00\" \/>\n<meta property=\"og:image\" content=\"https:\/\/grindupe.com\/wp-content\/uploads\/2025\/08\/GPC21956937_02.jpg\" \/>\n\t<meta property=\"og:image:width\" content=\"800\" \/>\n\t<meta property=\"og:image:height\" content=\"800\" \/>\n\t<meta property=\"og:image:type\" content=\"image\/jpeg\" \/>\n<meta name=\"twitter:card\" content=\"summary_large_image\" \/>\n<script type=\"application\/ld+json\" class=\"yoast-schema-graph\">{\"@context\":\"https:\/\/schema.org\",\"@graph\":[{\"@type\":\"WebPage\",\"@id\":\"https:\/\/grindupe.com\/parduotuve\/grindu-dangos\/dirbtine-zole\/dirbtine-zole-essential-lawns-australia-45mm\/\",\"url\":\"https:\/\/grindupe.com\/parduotuve\/grindu-dangos\/dirbtine-zole\/dirbtine-zole-essential-lawns-australia-45mm\/\",\"name\":\"Dirbtin\u0117 \u017eol\u0117 ESSENTIAL LAWNS AUSTRALIA 45MM - Grindup\u0117 - Kokybi\u0161ka grind\u0173 danga\",\"isPartOf\":{\"@id\":\"https:\/\/grindupe.com\/#website\"},\"primaryImageOfPage\":{\"@id\":\"https:\/\/grindupe.com\/parduotuve\/grindu-dangos\/dirbtine-zole\/dirbtine-zole-essential-lawns-australia-45mm\/#primaryimage\"},\"image\":{\"@id\":\"https:\/\/grindupe.com\/parduotuve\/grindu-dangos\/dirbtine-zole\/dirbtine-zole-essential-lawns-australia-45mm\/#primaryimage\"},\"thumbnailUrl\":\"https:\/\/grindupe.com\/wp-content\/uploads\/2025\/08\/GPC21956937_02.jpg\",\"datePublished\":\"2025-08-17T18:26:35+00:00\",\"dateModified\":\"2025-08-26T11:17:38+00:00\",\"breadcrumb\":{\"@id\":\"https:\/\/grindupe.com\/parduotuve\/grindu-dangos\/dirbtine-zole\/dirbtine-zole-essential-lawns-australia-45mm\/#breadcrumb\"},\"inLanguage\":\"en-US\",\"potentialAction\":[{\"@type\":\"ReadAction\",\"target\":[\"https:\/\/grindupe.com\/parduotuve\/grindu-dangos\/dirbtine-zole\/dirbtine-zole-essential-lawns-australia-45mm\/\"]}]},{\"@type\":\"ImageObject\",\"inLanguage\":\"en-US\",\"@id\":\"https:\/\/grindupe.com\/parduotuve\/grindu-dangos\/dirbtine-zole\/dirbtine-zole-essential-lawns-australia-45mm\/#primaryimage\",\"url\":\"https:\/\/grindupe.com\/wp-content\/uploads\/2025\/08\/GPC21956937_02.jpg\",\"contentUrl\":\"https:\/\/grindupe.com\/wp-content\/uploads\/2025\/08\/GPC21956937_02.jpg\",\"width\":800,\"height\":800,\"caption\":\"GPC21956937 02\"},{\"@type\":\"BreadcrumbList\",\"@id\":\"https:\/\/grindupe.com\/parduotuve\/grindu-dangos\/dirbtine-zole\/dirbtine-zole-essential-lawns-australia-45mm\/#breadcrumb\",\"itemListElement\":[{\"@type\":\"ListItem\",\"position\":1,\"name\":\"Home\",\"item\":\"https:\/\/grindupe.com\/\"},{\"@type\":\"ListItem\",\"position\":2,\"name\":\"Parduotuv\u0117\",\"item\":\"https:\/\/grindupe.com\/parduotuve\/\"},{\"@type\":\"ListItem\",\"position\":3,\"name\":\"Dirbtin\u0117 \u017eol\u0117 ESSENTIAL LAWNS AUSTRALIA 45MM\"}]},{\"@type\":\"WebSite\",\"@id\":\"https:\/\/grindupe.com\/#website\",\"url\":\"https:\/\/grindupe.com\/\",\"name\":\"Grinduupe.com\",\"description\":\"Grind\u0173 dangos\",\"publisher\":{\"@id\":\"https:\/\/grindupe.com\/#organization\"},\"potentialAction\":[{\"@type\":\"SearchAction\",\"target\":{\"@type\":\"EntryPoint\",\"urlTemplate\":\"https:\/\/grindupe.com\/?s={search_term_string}\"},\"query-input\":{\"@type\":\"PropertyValueSpecification\",\"valueRequired\":true,\"valueName\":\"search_term_string\"}}],\"inLanguage\":\"en-US\"},{\"@type\":\"Organization\",\"@id\":\"https:\/\/grindupe.com\/#organization\",\"name\":\"Grinduupe\",\"url\":\"https:\/\/grindupe.com\/\",\"logo\":{\"@type\":\"ImageObject\",\"inLanguage\":\"en-US\",\"@id\":\"https:\/\/grindupe.com\/#\/schema\/logo\/image\/\",\"url\":\"https:\/\/grindupe.com\/wp-content\/uploads\/2024\/07\/Gedi-6-email_20250515212455.webp\",\"contentUrl\":\"https:\/\/grindupe.com\/wp-content\/uploads\/2024\/07\/Gedi-6-email_20250515212455.webp\",\"width\":258,\"height\":207,\"caption\":\"Grinduupe\"},\"image\":{\"@id\":\"https:\/\/grindupe.com\/#\/schema\/logo\/image\/\"},\"sameAs\":[\"https:\/\/www.facebook.com\/profile.php?id=61563240128761\"]}]}<\/script>\n<!-- \/ Yoast SEO plugin. -->","yoast_head_json":{"title":"Dirbtin\u0117 \u017eol\u0117 ESSENTIAL LAWNS AUSTRALIA 45MM - Grindup\u0117 - Kokybi\u0161ka grind\u0173 danga","robots":{"index":"index","follow":"follow","max-snippet":"max-snippet:-1","max-image-preview":"max-image-preview:large","max-video-preview":"max-video-preview:-1"},"canonical":"https:\/\/grindupe.com\/en\/parduotuve\/grindu-dangos\/dirbtine-zole\/dirbtine-zole-essential-lawns-australia-45mm\/","og_locale":"en_US","og_type":"article","og_title":"Dirbtin\u0117 \u017eol\u0117 ESSENTIAL LAWNS AUSTRALIA 45MM - Grindup\u0117 - Kokybi\u0161ka grind\u0173 danga","og_description":"Sud\u0117tis: Polipropilenas Prek\u0117s \u017eenklas: Own label Danga: Lateksas su drena\u017eo skylut\u0117mis Auk\u0161tis: 45 mm Plotis: 4.00\/5.00 m Kilm\u0117: UK PASTABA: Minimalus u\u017esakymo kiekis 20 metr\u0173.","og_url":"https:\/\/grindupe.com\/en\/parduotuve\/grindu-dangos\/dirbtine-zole\/dirbtine-zole-essential-lawns-australia-45mm\/","og_site_name":"Grindup\u0117 - Kokybi\u0161ka grind\u0173 danga","article_publisher":"https:\/\/www.facebook.com\/profile.php?id=61563240128761","article_modified_time":"2025-08-26T11:17:38+00:00","og_image":[{"width":800,"height":800,"url":"https:\/\/grindupe.com\/wp-content\/uploads\/2025\/08\/GPC21956937_02.jpg","type":"image\/jpeg"}],"twitter_card":"summary_large_image","schema":{"@context":"https:\/\/schema.org","@graph":[{"@type":"WebPage","@id":"https:\/\/grindupe.com\/parduotuve\/grindu-dangos\/dirbtine-zole\/dirbtine-zole-essential-lawns-australia-45mm\/","url":"https:\/\/grindupe.com\/parduotuve\/grindu-dangos\/dirbtine-zole\/dirbtine-zole-essential-lawns-australia-45mm\/","name":"Dirbtin\u0117 \u017eol\u0117 ESSENTIAL LAWNS AUSTRALIA 45MM - Grindup\u0117 - Kokybi\u0161ka grind\u0173 danga","isPartOf":{"@id":"https:\/\/grindupe.com\/#website"},"primaryImageOfPage":{"@id":"https:\/\/grindupe.com\/parduotuve\/grindu-dangos\/dirbtine-zole\/dirbtine-zole-essential-lawns-australia-45mm\/#primaryimage"},"image":{"@id":"https:\/\/grindupe.com\/parduotuve\/grindu-dangos\/dirbtine-zole\/dirbtine-zole-essential-lawns-australia-45mm\/#primaryimage"},"thumbnailUrl":"https:\/\/grindupe.com\/wp-content\/uploads\/2025\/08\/GPC21956937_02.jpg","datePublished":"2025-08-17T18:26:35+00:00","dateModified":"2025-08-26T11:17:38+00:00","breadcrumb":{"@id":"https:\/\/grindupe.com\/parduotuve\/grindu-dangos\/dirbtine-zole\/dirbtine-zole-essential-lawns-australia-45mm\/#breadcrumb"},"inLanguage":"en-US","potentialAction":[{"@type":"ReadAction","target":["https:\/\/grindupe.com\/parduotuve\/grindu-dangos\/dirbtine-zole\/dirbtine-zole-essential-lawns-australia-45mm\/"]}]},{"@type":"ImageObject","inLanguage":"en-US","@id":"https:\/\/grindupe.com\/parduotuve\/grindu-dangos\/dirbtine-zole\/dirbtine-zole-essential-lawns-australia-45mm\/#primaryimage","url":"https:\/\/grindupe.com\/wp-content\/uploads\/2025\/08\/GPC21956937_02.jpg","contentUrl":"https:\/\/grindupe.com\/wp-content\/uploads\/2025\/08\/GPC21956937_02.jpg","width":800,"height":800,"caption":"GPC21956937 02"},{"@type":"BreadcrumbList","@id":"https:\/\/grindupe.com\/parduotuve\/grindu-dangos\/dirbtine-zole\/dirbtine-zole-essential-lawns-australia-45mm\/#breadcrumb","itemListElement":[{"@type":"ListItem","position":1,"name":"Home","item":"https:\/\/grindupe.com\/"},{"@type":"ListItem","position":2,"name":"Parduotuv\u0117","item":"https:\/\/grindupe.com\/parduotuve\/"},{"@type":"ListItem","position":3,"name":"Dirbtin\u0117 \u017eol\u0117 ESSENTIAL LAWNS AUSTRALIA 45MM"}]},{"@type":"WebSite","@id":"https:\/\/grindupe.com\/#website","url":"https:\/\/grindupe.com\/","name":"Grinduupe.com","description":"Floor coverings","publisher":{"@id":"https:\/\/grindupe.com\/#organization"},"potentialAction":[{"@type":"SearchAction","target":{"@type":"EntryPoint","urlTemplate":"https:\/\/grindupe.com\/?s={search_term_string}"},"query-input":{"@type":"PropertyValueSpecification","valueRequired":true,"valueName":"search_term_string"}}],"inLanguage":"en-US"},{"@type":"Organization","@id":"https:\/\/grindupe.com\/#organization","name":"Grindupupe","url":"https:\/\/grindupe.com\/","logo":{"@type":"ImageObject","inLanguage":"en-US","@id":"https:\/\/grindupe.com\/#\/schema\/logo\/image\/","url":"https:\/\/grindupe.com\/wp-content\/uploads\/2024\/07\/Gedi-6-email_20250515212455.webp","contentUrl":"https:\/\/grindupe.com\/wp-content\/uploads\/2024\/07\/Gedi-6-email_20250515212455.webp","width":258,"height":207,"caption":"Grinduupe"},"image":{"@id":"https:\/\/grindupe.com\/#\/schema\/logo\/image\/"},"sameAs":["https:\/\/www.facebook.com\/profile.php?id=61563240128761"]}]}},"_links":{"self":[{"href":"https:\/\/grindupe.com\/en\/wp-json\/wp\/v2\/product\/80674","targetHints":{"allow":["GET"]}}],"collection":[{"href":"https:\/\/grindupe.com\/en\/wp-json\/wp\/v2\/product"}],"about":[{"href":"https:\/\/grindupe.com\/en\/wp-json\/wp\/v2\/types\/product"}],"replies":[{"embeddable":true,"href":"https:\/\/grindupe.com\/en\/wp-json\/wp\/v2\/comments?post=80674"}],"wp:featuredmedia":[{"embeddable":true,"href":"https:\/\/grindupe.com\/en\/wp-json\/wp\/v2\/media\/80859"}],"wp:attachment":[{"href":"https:\/\/grindupe.com\/en\/wp-json\/wp\/v2\/media?parent=80674"}],"wp:term":[{"taxonomy":"product_brand","embeddable":true,"href":"https:\/\/grindupe.com\/en\/wp-json\/wp\/v2\/product_brand?post=80674"},{"taxonomy":"product_cat","embeddable":true,"href":"https:\/\/grindupe.com\/en\/wp-json\/wp\/v2\/product_cat?post=80674"},{"taxonomy":"product_tag","embeddable":true,"href":"https:\/\/grindupe.com\/en\/wp-json\/wp\/v2\/product_tag?post=80674"}],"curies":[{"name":"wp","href":"https:\/\/api.w.org\/{rel}","templated":true}]}}