{"id":80690,"date":"2025-08-18T13:52:50","date_gmt":"2025-08-18T10:52:50","guid":{"rendered":"https:\/\/grindupe.com\/?post_type=product&#038;p=80690"},"modified":"2025-09-05T22:29:43","modified_gmt":"2025-09-05T19:29:43","slug":"kilimine-danga-melbourne","status":"publish","type":"product","link":"https:\/\/grindupe.com\/en\/parduotuve\/grindu-dangos\/kilimines-dangos\/kilimine-danga-melbourne\/","title":{"rendered":"Carpet Melbourne"},"content":{"rendered":"<div class=\"wc-full-description-single-block\" style=\"white-space:pre-line;\">This Saxony carpet is made from high-quality polypropylene fiber, which is resistant to wear, stains, and moisture. The soft, dense surface provides a luxurious feel, making it an excellent choice for bedrooms, living rooms, and other home spaces. Neutral colors fit perfectly into various interiors \u2013 from Scandinavian to industrial styles. This carpet will not only enhance your home but also bring warmth and comfort with every step.\n\nComposition: Polypropylene Saxony\nBrand: Own Label\nType: Saxony (soft, dense, upright fibers)\nBacking: Secondary \u2013 with an additional layer to reinforce the carpet, extend its lifespan, and maintain shape stability\nWidth: 4.00\/5.00 m\nPile composition: Polypropylene\nOrigin: UK<\/div>","protected":false},"excerpt":{"rendered":"Composition: 100% Polypropylene\nType: Saxony (soft, dense, upright fibers)\nWidth: 4.00\/5.00 m\nPile weight: 1250 GR\/M2","protected":false},"featured_media":81168,"comment_status":"open","ping_status":"closed","template":"","meta":{"_acf_changed":false,"_coblocks_attr":"","_coblocks_dimensions":"","_coblocks_responsive_height":"","_coblocks_accordion_ie_support":""},"product_brand":[500],"product_cat":[272,50],"product_tag":[],"class_list":{"0":"post-80690","1":"product","2":"type-product","3":"status-publish","4":"has-post-thumbnail","6":"product_brand-melbourne","7":"product_cat-grindu-dangos","8":"product_cat-kilimines-dangos","9":"pa_erdve-koridorius","10":"pa_erdve-miegamieji-kambariai","11":"pa_erdve-ofisai","12":"pa_erdve-svetaine","13":"pa_erdve-valgomasis","14":"pa_plotis-4-metrai","15":"pa_plotis-5-metrai","16":"pa_savybes-atsparus-demems","17":"pa_savybes-gali-buti-valomas-balikliu","18":"pa_savybes-lengva-priziureti","19":"pa_savybes-pagaminta-uk","20":"pa_spalva-awakening","21":"pa_spalva-butter-milk","22":"pa_spalva-canyon","23":"pa_spalva-gun-metal","24":"pa_spalva-heritage","25":"pa_spalva-hickory","26":"pa_spalva-mellow-mocha","27":"pa_spalva-mist","28":"pa_spalva-noble","29":"pa_spalva-oxford","30":"pa_spalva-pecan-pie","31":"pa_spalva-rivington","32":"pa_spalva-timeless","33":"pa_spalva-truffle","34":"pa_spalva-filtrams-balta","35":"pa_spalva-filtrams-gelsva","36":"pa_spalva-filtrams-juoda","37":"pa_spalva-filtrams-melyna","38":"pa_spalva-filtrams-pilka","39":"pa_spalva-filtrams-rusva","41":"first","42":"onbackorder","43":"taxable","44":"shipping-taxable","45":"purchasable","46":"product-type-variable","47":"has-default-attributes"},"acf":[],"yoast_head":"<!-- This site is optimized with the Yoast SEO plugin v26.8 - https:\/\/yoast.com\/product\/yoast-seo-wordpress\/ -->\n<title>Kilimin\u0117 danga Melbourne - Grindup\u0117 - Kokybi\u0161ka grind\u0173 danga<\/title>\n<meta name=\"robots\" content=\"index, follow, max-snippet:-1, max-image-preview:large, max-video-preview:-1\" \/>\n<link rel=\"canonical\" href=\"https:\/\/grindupe.com\/en\/parduotuve\/grindu-dangos\/kilimines-dangos\/kilimine-danga-melbourne\/\" \/>\n<meta property=\"og:locale\" content=\"en_US\" \/>\n<meta property=\"og:type\" content=\"article\" \/>\n<meta property=\"og:title\" content=\"Kilimin\u0117 danga Melbourne - Grindup\u0117 - Kokybi\u0161ka grind\u0173 danga\" \/>\n<meta property=\"og:description\" content=\"Sud\u0117tis: 100% Polipropilenas Tipas: Saxony (mink\u0161tas, tankus, stat\u016bs si\u016blai) Plotis: 4.00\/5.00m Plau\u0161o svoris: 1250 GR\/M2\" \/>\n<meta property=\"og:url\" content=\"https:\/\/grindupe.com\/en\/parduotuve\/grindu-dangos\/kilimines-dangos\/kilimine-danga-melbourne\/\" \/>\n<meta property=\"og:site_name\" content=\"Grindup\u0117 - Kokybi\u0161ka grind\u0173 danga\" \/>\n<meta property=\"article:publisher\" content=\"https:\/\/www.facebook.com\/profile.php?id=61563240128761\" \/>\n<meta property=\"article:modified_time\" content=\"2025-09-05T19:29:43+00:00\" \/>\n<meta property=\"og:image\" content=\"https:\/\/grindupe.com\/wp-content\/uploads\/2025\/08\/GPC21881406.jpg\" \/>\n\t<meta property=\"og:image:width\" content=\"800\" \/>\n\t<meta property=\"og:image:height\" content=\"571\" \/>\n\t<meta property=\"og:image:type\" content=\"image\/jpeg\" \/>\n<meta name=\"twitter:card\" content=\"summary_large_image\" \/>\n<meta name=\"twitter:label1\" content=\"Est. reading time\" \/>\n\t<meta name=\"twitter:data1\" content=\"1 minute\" \/>\n<script type=\"application\/ld+json\" class=\"yoast-schema-graph\">{\"@context\":\"https:\/\/schema.org\",\"@graph\":[{\"@type\":\"WebPage\",\"@id\":\"https:\/\/grindupe.com\/parduotuve\/grindu-dangos\/kilimines-dangos\/kilimine-danga-melbourne\/\",\"url\":\"https:\/\/grindupe.com\/parduotuve\/grindu-dangos\/kilimines-dangos\/kilimine-danga-melbourne\/\",\"name\":\"Kilimin\u0117 danga Melbourne - Grindup\u0117 - Kokybi\u0161ka grind\u0173 danga\",\"isPartOf\":{\"@id\":\"https:\/\/grindupe.com\/#website\"},\"primaryImageOfPage\":{\"@id\":\"https:\/\/grindupe.com\/parduotuve\/grindu-dangos\/kilimines-dangos\/kilimine-danga-melbourne\/#primaryimage\"},\"image\":{\"@id\":\"https:\/\/grindupe.com\/parduotuve\/grindu-dangos\/kilimines-dangos\/kilimine-danga-melbourne\/#primaryimage\"},\"thumbnailUrl\":\"https:\/\/grindupe.com\/wp-content\/uploads\/2025\/08\/GPC21881406.jpg\",\"datePublished\":\"2025-08-18T10:52:50+00:00\",\"dateModified\":\"2025-09-05T19:29:43+00:00\",\"breadcrumb\":{\"@id\":\"https:\/\/grindupe.com\/parduotuve\/grindu-dangos\/kilimines-dangos\/kilimine-danga-melbourne\/#breadcrumb\"},\"inLanguage\":\"en-US\",\"potentialAction\":[{\"@type\":\"ReadAction\",\"target\":[\"https:\/\/grindupe.com\/parduotuve\/grindu-dangos\/kilimines-dangos\/kilimine-danga-melbourne\/\"]}]},{\"@type\":\"ImageObject\",\"inLanguage\":\"en-US\",\"@id\":\"https:\/\/grindupe.com\/parduotuve\/grindu-dangos\/kilimines-dangos\/kilimine-danga-melbourne\/#primaryimage\",\"url\":\"https:\/\/grindupe.com\/wp-content\/uploads\/2025\/08\/GPC21881406.jpg\",\"contentUrl\":\"https:\/\/grindupe.com\/wp-content\/uploads\/2025\/08\/GPC21881406.jpg\",\"width\":800,\"height\":571,\"caption\":\"GPC21881406\"},{\"@type\":\"BreadcrumbList\",\"@id\":\"https:\/\/grindupe.com\/parduotuve\/grindu-dangos\/kilimines-dangos\/kilimine-danga-melbourne\/#breadcrumb\",\"itemListElement\":[{\"@type\":\"ListItem\",\"position\":1,\"name\":\"Home\",\"item\":\"https:\/\/grindupe.com\/\"},{\"@type\":\"ListItem\",\"position\":2,\"name\":\"Parduotuv\u0117\",\"item\":\"https:\/\/grindupe.com\/parduotuve\/\"},{\"@type\":\"ListItem\",\"position\":3,\"name\":\"Kilimin\u0117 danga Melbourne\"}]},{\"@type\":\"WebSite\",\"@id\":\"https:\/\/grindupe.com\/#website\",\"url\":\"https:\/\/grindupe.com\/\",\"name\":\"Grinduupe.com\",\"description\":\"Grind\u0173 dangos\",\"publisher\":{\"@id\":\"https:\/\/grindupe.com\/#organization\"},\"potentialAction\":[{\"@type\":\"SearchAction\",\"target\":{\"@type\":\"EntryPoint\",\"urlTemplate\":\"https:\/\/grindupe.com\/?s={search_term_string}\"},\"query-input\":{\"@type\":\"PropertyValueSpecification\",\"valueRequired\":true,\"valueName\":\"search_term_string\"}}],\"inLanguage\":\"en-US\"},{\"@type\":\"Organization\",\"@id\":\"https:\/\/grindupe.com\/#organization\",\"name\":\"Grinduupe\",\"url\":\"https:\/\/grindupe.com\/\",\"logo\":{\"@type\":\"ImageObject\",\"inLanguage\":\"en-US\",\"@id\":\"https:\/\/grindupe.com\/#\/schema\/logo\/image\/\",\"url\":\"https:\/\/grindupe.com\/wp-content\/uploads\/2024\/07\/Gedi-6-email_20250515212455.webp\",\"contentUrl\":\"https:\/\/grindupe.com\/wp-content\/uploads\/2024\/07\/Gedi-6-email_20250515212455.webp\",\"width\":258,\"height\":207,\"caption\":\"Grinduupe\"},\"image\":{\"@id\":\"https:\/\/grindupe.com\/#\/schema\/logo\/image\/\"},\"sameAs\":[\"https:\/\/www.facebook.com\/profile.php?id=61563240128761\"]}]}<\/script>\n<!-- \/ Yoast SEO plugin. -->","yoast_head_json":{"title":"Kilimin\u0117 danga Melbourne - Grindup\u0117 - Kokybi\u0161ka grind\u0173 danga","robots":{"index":"index","follow":"follow","max-snippet":"max-snippet:-1","max-image-preview":"max-image-preview:large","max-video-preview":"max-video-preview:-1"},"canonical":"https:\/\/grindupe.com\/en\/parduotuve\/grindu-dangos\/kilimines-dangos\/kilimine-danga-melbourne\/","og_locale":"en_US","og_type":"article","og_title":"Kilimin\u0117 danga Melbourne - Grindup\u0117 - Kokybi\u0161ka grind\u0173 danga","og_description":"Sud\u0117tis: 100% Polipropilenas Tipas: Saxony (mink\u0161tas, tankus, stat\u016bs si\u016blai) Plotis: 4.00\/5.00m Plau\u0161o svoris: 1250 GR\/M2","og_url":"https:\/\/grindupe.com\/en\/parduotuve\/grindu-dangos\/kilimines-dangos\/kilimine-danga-melbourne\/","og_site_name":"Grindup\u0117 - Kokybi\u0161ka grind\u0173 danga","article_publisher":"https:\/\/www.facebook.com\/profile.php?id=61563240128761","article_modified_time":"2025-09-05T19:29:43+00:00","og_image":[{"width":800,"height":571,"url":"https:\/\/grindupe.com\/wp-content\/uploads\/2025\/08\/GPC21881406.jpg","type":"image\/jpeg"}],"twitter_card":"summary_large_image","twitter_misc":{"Est. reading time":"1 minute"},"schema":{"@context":"https:\/\/schema.org","@graph":[{"@type":"WebPage","@id":"https:\/\/grindupe.com\/parduotuve\/grindu-dangos\/kilimines-dangos\/kilimine-danga-melbourne\/","url":"https:\/\/grindupe.com\/parduotuve\/grindu-dangos\/kilimines-dangos\/kilimine-danga-melbourne\/","name":"Kilimin\u0117 danga Melbourne - Grindup\u0117 - Kokybi\u0161ka grind\u0173 danga","isPartOf":{"@id":"https:\/\/grindupe.com\/#website"},"primaryImageOfPage":{"@id":"https:\/\/grindupe.com\/parduotuve\/grindu-dangos\/kilimines-dangos\/kilimine-danga-melbourne\/#primaryimage"},"image":{"@id":"https:\/\/grindupe.com\/parduotuve\/grindu-dangos\/kilimines-dangos\/kilimine-danga-melbourne\/#primaryimage"},"thumbnailUrl":"https:\/\/grindupe.com\/wp-content\/uploads\/2025\/08\/GPC21881406.jpg","datePublished":"2025-08-18T10:52:50+00:00","dateModified":"2025-09-05T19:29:43+00:00","breadcrumb":{"@id":"https:\/\/grindupe.com\/parduotuve\/grindu-dangos\/kilimines-dangos\/kilimine-danga-melbourne\/#breadcrumb"},"inLanguage":"en-US","potentialAction":[{"@type":"ReadAction","target":["https:\/\/grindupe.com\/parduotuve\/grindu-dangos\/kilimines-dangos\/kilimine-danga-melbourne\/"]}]},{"@type":"ImageObject","inLanguage":"en-US","@id":"https:\/\/grindupe.com\/parduotuve\/grindu-dangos\/kilimines-dangos\/kilimine-danga-melbourne\/#primaryimage","url":"https:\/\/grindupe.com\/wp-content\/uploads\/2025\/08\/GPC21881406.jpg","contentUrl":"https:\/\/grindupe.com\/wp-content\/uploads\/2025\/08\/GPC21881406.jpg","width":800,"height":571,"caption":"GPC21881406"},{"@type":"BreadcrumbList","@id":"https:\/\/grindupe.com\/parduotuve\/grindu-dangos\/kilimines-dangos\/kilimine-danga-melbourne\/#breadcrumb","itemListElement":[{"@type":"ListItem","position":1,"name":"Home","item":"https:\/\/grindupe.com\/"},{"@type":"ListItem","position":2,"name":"Parduotuv\u0117","item":"https:\/\/grindupe.com\/parduotuve\/"},{"@type":"ListItem","position":3,"name":"Kilimin\u0117 danga Melbourne"}]},{"@type":"WebSite","@id":"https:\/\/grindupe.com\/#website","url":"https:\/\/grindupe.com\/","name":"Grinduupe.com","description":"Floor coverings","publisher":{"@id":"https:\/\/grindupe.com\/#organization"},"potentialAction":[{"@type":"SearchAction","target":{"@type":"EntryPoint","urlTemplate":"https:\/\/grindupe.com\/?s={search_term_string}"},"query-input":{"@type":"PropertyValueSpecification","valueRequired":true,"valueName":"search_term_string"}}],"inLanguage":"en-US"},{"@type":"Organization","@id":"https:\/\/grindupe.com\/#organization","name":"Grindupupe","url":"https:\/\/grindupe.com\/","logo":{"@type":"ImageObject","inLanguage":"en-US","@id":"https:\/\/grindupe.com\/#\/schema\/logo\/image\/","url":"https:\/\/grindupe.com\/wp-content\/uploads\/2024\/07\/Gedi-6-email_20250515212455.webp","contentUrl":"https:\/\/grindupe.com\/wp-content\/uploads\/2024\/07\/Gedi-6-email_20250515212455.webp","width":258,"height":207,"caption":"Grinduupe"},"image":{"@id":"https:\/\/grindupe.com\/#\/schema\/logo\/image\/"},"sameAs":["https:\/\/www.facebook.com\/profile.php?id=61563240128761"]}]}},"_links":{"self":[{"href":"https:\/\/grindupe.com\/en\/wp-json\/wp\/v2\/product\/80690","targetHints":{"allow":["GET"]}}],"collection":[{"href":"https:\/\/grindupe.com\/en\/wp-json\/wp\/v2\/product"}],"about":[{"href":"https:\/\/grindupe.com\/en\/wp-json\/wp\/v2\/types\/product"}],"replies":[{"embeddable":true,"href":"https:\/\/grindupe.com\/en\/wp-json\/wp\/v2\/comments?post=80690"}],"wp:featuredmedia":[{"embeddable":true,"href":"https:\/\/grindupe.com\/en\/wp-json\/wp\/v2\/media\/81168"}],"wp:attachment":[{"href":"https:\/\/grindupe.com\/en\/wp-json\/wp\/v2\/media?parent=80690"}],"wp:term":[{"taxonomy":"product_brand","embeddable":true,"href":"https:\/\/grindupe.com\/en\/wp-json\/wp\/v2\/product_brand?post=80690"},{"taxonomy":"product_cat","embeddable":true,"href":"https:\/\/grindupe.com\/en\/wp-json\/wp\/v2\/product_cat?post=80690"},{"taxonomy":"product_tag","embeddable":true,"href":"https:\/\/grindupe.com\/en\/wp-json\/wp\/v2\/product_tag?post=80690"}],"curies":[{"name":"wp","href":"https:\/\/api.w.org\/{rel}","templated":true}]}}