{"id":80703,"date":"2025-08-18T16:06:29","date_gmt":"2025-08-18T13:06:29","guid":{"rendered":"https:\/\/grindupe.com\/?post_type=product&#038;p=80703"},"modified":"2025-09-04T21:18:23","modified_gmt":"2025-09-04T18:18:23","slug":"kilimine-danga-park-avenue","status":"publish","type":"product","link":"https:\/\/grindupe.com\/en\/parduotuve\/grindu-dangos\/kilimines-dangos\/kilimine-danga-park-avenue\/","title":{"rendered":"Carpet Park Avenue"},"content":{"rendered":"<div class=\"wc-full-description-single-block\" style=\"white-space:pre-line;\">This carpet features a soft twisted surface that makes installation easier (especially with the stretching method), ensures better adhesion to glue, and protects the carpet from deformation and rippling. The soft fibers make it pleasant to walk on barefoot.\nThanks to the special fiber structure and surface treatment, this carpet does not absorb liquids and is easy to clean.\n\nComposition: 100% Twist polypropylene\nBrand: Envy\nType: Twist pile\nBacking: Fusionbac \u2013 a multilayer carpet backing that includes both a primary (woven) and secondary (polypropylene) layer\nWidth: 4.00\/5.00 m\nPile composition: Polypropylene\nPile weight: 1760 GR\/M2\nOrigin: UK<\/div>","protected":false},"excerpt":{"rendered":"Composition: 100% Polypropylene\nType: Twist pile\nWidth: 4.00\/5.00 m\nPile weight: 1760 GR\/M2","protected":false},"featured_media":81474,"comment_status":"open","ping_status":"closed","template":"","meta":{"_acf_changed":false,"_coblocks_attr":"","_coblocks_dimensions":"","_coblocks_responsive_height":"","_coblocks_accordion_ie_support":""},"product_brand":[501],"product_cat":[272,50],"product_tag":[],"class_list":{"0":"post-80703","1":"product","2":"type-product","3":"status-publish","4":"has-post-thumbnail","6":"product_brand-envy","7":"product_cat-grindu-dangos","8":"product_cat-kilimines-dangos","9":"pa_erdve-koridorius","10":"pa_erdve-miegamieji-kambariai","11":"pa_erdve-svetaine","12":"pa_erdve-valgomasis","13":"pa_plotis-4-metrai","14":"pa_plotis-5-metrai","15":"pa_savybes-atsparus-demems","16":"pa_savybes-gali-buti-valomas-balikliu","17":"pa_savybes-lengva-priziureti","18":"pa_savybes-pagaminta-uk","19":"pa_spalva-chic-shadow","20":"pa_spalva-driftwood","21":"pa_spalva-frosted-steel","22":"pa_spalva-gallant-grey","23":"pa_spalva-hessian","24":"pa_spalva-moon-shimmer","25":"pa_spalva-night-jewel","26":"pa_spalva-storm-grey","27":"pa_spalva-truffle","28":"pa_spalva-urban","29":"pa_spalva-filtrams-balta","30":"pa_spalva-filtrams-juoda","31":"pa_spalva-filtrams-pilka","32":"pa_spalva-filtrams-rusva","33":"pa_spalva-filtrams-tamsiai-ruda","35":"first","36":"onbackorder","37":"taxable","38":"shipping-taxable","39":"purchasable","40":"product-type-variable","41":"has-default-attributes"},"acf":[],"yoast_head":"<!-- This site is optimized with the Yoast SEO plugin v26.8 - https:\/\/yoast.com\/product\/yoast-seo-wordpress\/ -->\n<title>Kilimin\u0117 danga Park Avenue - Grindup\u0117 - Kokybi\u0161ka grind\u0173 danga<\/title>\n<meta name=\"robots\" content=\"index, follow, max-snippet:-1, max-image-preview:large, max-video-preview:-1\" \/>\n<link rel=\"canonical\" href=\"https:\/\/grindupe.com\/en\/parduotuve\/grindu-dangos\/kilimines-dangos\/kilimine-danga-park-avenue\/\" \/>\n<meta property=\"og:locale\" content=\"en_US\" \/>\n<meta property=\"og:type\" content=\"article\" \/>\n<meta property=\"og:title\" content=\"Kilimin\u0117 danga Park Avenue - Grindup\u0117 - Kokybi\u0161ka grind\u0173 danga\" \/>\n<meta property=\"og:description\" content=\"Sud\u0117tis: 100% Polipropilenas Tipas: Susuktas pluo\u0161tas Plotis: 4.00\/5.00m Plau\u0161o svoris: 1760 GR\/M2\" \/>\n<meta property=\"og:url\" content=\"https:\/\/grindupe.com\/en\/parduotuve\/grindu-dangos\/kilimines-dangos\/kilimine-danga-park-avenue\/\" \/>\n<meta property=\"og:site_name\" content=\"Grindup\u0117 - Kokybi\u0161ka grind\u0173 danga\" \/>\n<meta property=\"article:publisher\" content=\"https:\/\/www.facebook.com\/profile.php?id=61563240128761\" \/>\n<meta property=\"article:modified_time\" content=\"2025-09-04T18:18:23+00:00\" \/>\n<meta property=\"og:image\" content=\"https:\/\/grindupe.com\/wp-content\/uploads\/2025\/08\/GPC40732829.jpg\" \/>\n\t<meta property=\"og:image:width\" content=\"800\" \/>\n\t<meta property=\"og:image:height\" content=\"800\" \/>\n\t<meta property=\"og:image:type\" content=\"image\/jpeg\" \/>\n<meta name=\"twitter:card\" content=\"summary_large_image\" \/>\n<script type=\"application\/ld+json\" class=\"yoast-schema-graph\">{\"@context\":\"https:\/\/schema.org\",\"@graph\":[{\"@type\":\"WebPage\",\"@id\":\"https:\/\/grindupe.com\/parduotuve\/grindu-dangos\/kilimines-dangos\/kilimine-danga-park-avenue\/\",\"url\":\"https:\/\/grindupe.com\/parduotuve\/grindu-dangos\/kilimines-dangos\/kilimine-danga-park-avenue\/\",\"name\":\"Kilimin\u0117 danga Park Avenue - Grindup\u0117 - Kokybi\u0161ka grind\u0173 danga\",\"isPartOf\":{\"@id\":\"https:\/\/grindupe.com\/#website\"},\"primaryImageOfPage\":{\"@id\":\"https:\/\/grindupe.com\/parduotuve\/grindu-dangos\/kilimines-dangos\/kilimine-danga-park-avenue\/#primaryimage\"},\"image\":{\"@id\":\"https:\/\/grindupe.com\/parduotuve\/grindu-dangos\/kilimines-dangos\/kilimine-danga-park-avenue\/#primaryimage\"},\"thumbnailUrl\":\"https:\/\/grindupe.com\/wp-content\/uploads\/2025\/08\/GPC40732829.jpg\",\"datePublished\":\"2025-08-18T13:06:29+00:00\",\"dateModified\":\"2025-09-04T18:18:23+00:00\",\"breadcrumb\":{\"@id\":\"https:\/\/grindupe.com\/parduotuve\/grindu-dangos\/kilimines-dangos\/kilimine-danga-park-avenue\/#breadcrumb\"},\"inLanguage\":\"en-US\",\"potentialAction\":[{\"@type\":\"ReadAction\",\"target\":[\"https:\/\/grindupe.com\/parduotuve\/grindu-dangos\/kilimines-dangos\/kilimine-danga-park-avenue\/\"]}]},{\"@type\":\"ImageObject\",\"inLanguage\":\"en-US\",\"@id\":\"https:\/\/grindupe.com\/parduotuve\/grindu-dangos\/kilimines-dangos\/kilimine-danga-park-avenue\/#primaryimage\",\"url\":\"https:\/\/grindupe.com\/wp-content\/uploads\/2025\/08\/GPC40732829.jpg\",\"contentUrl\":\"https:\/\/grindupe.com\/wp-content\/uploads\/2025\/08\/GPC40732829.jpg\",\"width\":800,\"height\":800,\"caption\":\"GPC40732829\"},{\"@type\":\"BreadcrumbList\",\"@id\":\"https:\/\/grindupe.com\/parduotuve\/grindu-dangos\/kilimines-dangos\/kilimine-danga-park-avenue\/#breadcrumb\",\"itemListElement\":[{\"@type\":\"ListItem\",\"position\":1,\"name\":\"Home\",\"item\":\"https:\/\/grindupe.com\/\"},{\"@type\":\"ListItem\",\"position\":2,\"name\":\"Parduotuv\u0117\",\"item\":\"https:\/\/grindupe.com\/parduotuve\/\"},{\"@type\":\"ListItem\",\"position\":3,\"name\":\"Kilimin\u0117 danga Park Avenue\"}]},{\"@type\":\"WebSite\",\"@id\":\"https:\/\/grindupe.com\/#website\",\"url\":\"https:\/\/grindupe.com\/\",\"name\":\"Grinduupe.com\",\"description\":\"Grind\u0173 dangos\",\"publisher\":{\"@id\":\"https:\/\/grindupe.com\/#organization\"},\"potentialAction\":[{\"@type\":\"SearchAction\",\"target\":{\"@type\":\"EntryPoint\",\"urlTemplate\":\"https:\/\/grindupe.com\/?s={search_term_string}\"},\"query-input\":{\"@type\":\"PropertyValueSpecification\",\"valueRequired\":true,\"valueName\":\"search_term_string\"}}],\"inLanguage\":\"en-US\"},{\"@type\":\"Organization\",\"@id\":\"https:\/\/grindupe.com\/#organization\",\"name\":\"Grinduupe\",\"url\":\"https:\/\/grindupe.com\/\",\"logo\":{\"@type\":\"ImageObject\",\"inLanguage\":\"en-US\",\"@id\":\"https:\/\/grindupe.com\/#\/schema\/logo\/image\/\",\"url\":\"https:\/\/grindupe.com\/wp-content\/uploads\/2024\/07\/Gedi-6-email_20250515212455.webp\",\"contentUrl\":\"https:\/\/grindupe.com\/wp-content\/uploads\/2024\/07\/Gedi-6-email_20250515212455.webp\",\"width\":258,\"height\":207,\"caption\":\"Grinduupe\"},\"image\":{\"@id\":\"https:\/\/grindupe.com\/#\/schema\/logo\/image\/\"},\"sameAs\":[\"https:\/\/www.facebook.com\/profile.php?id=61563240128761\"]}]}<\/script>\n<!-- \/ Yoast SEO plugin. -->","yoast_head_json":{"title":"Kilimin\u0117 danga Park Avenue - Grindup\u0117 - Kokybi\u0161ka grind\u0173 danga","robots":{"index":"index","follow":"follow","max-snippet":"max-snippet:-1","max-image-preview":"max-image-preview:large","max-video-preview":"max-video-preview:-1"},"canonical":"https:\/\/grindupe.com\/en\/parduotuve\/grindu-dangos\/kilimines-dangos\/kilimine-danga-park-avenue\/","og_locale":"en_US","og_type":"article","og_title":"Kilimin\u0117 danga Park Avenue - Grindup\u0117 - Kokybi\u0161ka grind\u0173 danga","og_description":"Sud\u0117tis: 100% Polipropilenas Tipas: Susuktas pluo\u0161tas Plotis: 4.00\/5.00m Plau\u0161o svoris: 1760 GR\/M2","og_url":"https:\/\/grindupe.com\/en\/parduotuve\/grindu-dangos\/kilimines-dangos\/kilimine-danga-park-avenue\/","og_site_name":"Grindup\u0117 - Kokybi\u0161ka grind\u0173 danga","article_publisher":"https:\/\/www.facebook.com\/profile.php?id=61563240128761","article_modified_time":"2025-09-04T18:18:23+00:00","og_image":[{"width":800,"height":800,"url":"https:\/\/grindupe.com\/wp-content\/uploads\/2025\/08\/GPC40732829.jpg","type":"image\/jpeg"}],"twitter_card":"summary_large_image","schema":{"@context":"https:\/\/schema.org","@graph":[{"@type":"WebPage","@id":"https:\/\/grindupe.com\/parduotuve\/grindu-dangos\/kilimines-dangos\/kilimine-danga-park-avenue\/","url":"https:\/\/grindupe.com\/parduotuve\/grindu-dangos\/kilimines-dangos\/kilimine-danga-park-avenue\/","name":"Kilimin\u0117 danga Park Avenue - Grindup\u0117 - Kokybi\u0161ka grind\u0173 danga","isPartOf":{"@id":"https:\/\/grindupe.com\/#website"},"primaryImageOfPage":{"@id":"https:\/\/grindupe.com\/parduotuve\/grindu-dangos\/kilimines-dangos\/kilimine-danga-park-avenue\/#primaryimage"},"image":{"@id":"https:\/\/grindupe.com\/parduotuve\/grindu-dangos\/kilimines-dangos\/kilimine-danga-park-avenue\/#primaryimage"},"thumbnailUrl":"https:\/\/grindupe.com\/wp-content\/uploads\/2025\/08\/GPC40732829.jpg","datePublished":"2025-08-18T13:06:29+00:00","dateModified":"2025-09-04T18:18:23+00:00","breadcrumb":{"@id":"https:\/\/grindupe.com\/parduotuve\/grindu-dangos\/kilimines-dangos\/kilimine-danga-park-avenue\/#breadcrumb"},"inLanguage":"en-US","potentialAction":[{"@type":"ReadAction","target":["https:\/\/grindupe.com\/parduotuve\/grindu-dangos\/kilimines-dangos\/kilimine-danga-park-avenue\/"]}]},{"@type":"ImageObject","inLanguage":"en-US","@id":"https:\/\/grindupe.com\/parduotuve\/grindu-dangos\/kilimines-dangos\/kilimine-danga-park-avenue\/#primaryimage","url":"https:\/\/grindupe.com\/wp-content\/uploads\/2025\/08\/GPC40732829.jpg","contentUrl":"https:\/\/grindupe.com\/wp-content\/uploads\/2025\/08\/GPC40732829.jpg","width":800,"height":800,"caption":"GPC40732829"},{"@type":"BreadcrumbList","@id":"https:\/\/grindupe.com\/parduotuve\/grindu-dangos\/kilimines-dangos\/kilimine-danga-park-avenue\/#breadcrumb","itemListElement":[{"@type":"ListItem","position":1,"name":"Home","item":"https:\/\/grindupe.com\/"},{"@type":"ListItem","position":2,"name":"Parduotuv\u0117","item":"https:\/\/grindupe.com\/parduotuve\/"},{"@type":"ListItem","position":3,"name":"Kilimin\u0117 danga Park Avenue"}]},{"@type":"WebSite","@id":"https:\/\/grindupe.com\/#website","url":"https:\/\/grindupe.com\/","name":"Grinduupe.com","description":"Floor coverings","publisher":{"@id":"https:\/\/grindupe.com\/#organization"},"potentialAction":[{"@type":"SearchAction","target":{"@type":"EntryPoint","urlTemplate":"https:\/\/grindupe.com\/?s={search_term_string}"},"query-input":{"@type":"PropertyValueSpecification","valueRequired":true,"valueName":"search_term_string"}}],"inLanguage":"en-US"},{"@type":"Organization","@id":"https:\/\/grindupe.com\/#organization","name":"Grindupupe","url":"https:\/\/grindupe.com\/","logo":{"@type":"ImageObject","inLanguage":"en-US","@id":"https:\/\/grindupe.com\/#\/schema\/logo\/image\/","url":"https:\/\/grindupe.com\/wp-content\/uploads\/2024\/07\/Gedi-6-email_20250515212455.webp","contentUrl":"https:\/\/grindupe.com\/wp-content\/uploads\/2024\/07\/Gedi-6-email_20250515212455.webp","width":258,"height":207,"caption":"Grinduupe"},"image":{"@id":"https:\/\/grindupe.com\/#\/schema\/logo\/image\/"},"sameAs":["https:\/\/www.facebook.com\/profile.php?id=61563240128761"]}]}},"_links":{"self":[{"href":"https:\/\/grindupe.com\/en\/wp-json\/wp\/v2\/product\/80703","targetHints":{"allow":["GET"]}}],"collection":[{"href":"https:\/\/grindupe.com\/en\/wp-json\/wp\/v2\/product"}],"about":[{"href":"https:\/\/grindupe.com\/en\/wp-json\/wp\/v2\/types\/product"}],"replies":[{"embeddable":true,"href":"https:\/\/grindupe.com\/en\/wp-json\/wp\/v2\/comments?post=80703"}],"wp:featuredmedia":[{"embeddable":true,"href":"https:\/\/grindupe.com\/en\/wp-json\/wp\/v2\/media\/81474"}],"wp:attachment":[{"href":"https:\/\/grindupe.com\/en\/wp-json\/wp\/v2\/media?parent=80703"}],"wp:term":[{"taxonomy":"product_brand","embeddable":true,"href":"https:\/\/grindupe.com\/en\/wp-json\/wp\/v2\/product_brand?post=80703"},{"taxonomy":"product_cat","embeddable":true,"href":"https:\/\/grindupe.com\/en\/wp-json\/wp\/v2\/product_cat?post=80703"},{"taxonomy":"product_tag","embeddable":true,"href":"https:\/\/grindupe.com\/en\/wp-json\/wp\/v2\/product_tag?post=80703"}],"curies":[{"name":"wp","href":"https:\/\/api.w.org\/{rel}","templated":true}]}}