{"id":80724,"date":"2025-08-19T15:23:05","date_gmt":"2025-08-19T12:23:05","guid":{"rendered":"https:\/\/grindupe.com\/?post_type=product&#038;p=80724"},"modified":"2025-09-05T13:36:53","modified_gmt":"2025-09-05T10:36:53","slug":"kilimine-danga-primo-ultra","status":"publish","type":"product","link":"https:\/\/grindupe.com\/en\/parduotuve\/grindu-dangos\/kilimines-dangos\/kilimine-danga-primo-ultra\/","title":{"rendered":"Carpet Primo Ultra"},"content":{"rendered":"<div class=\"wc-full-description-single-block\" style=\"white-space:pre-line;\">Composition: 100% Polypropylene\nBrand: Cormar\nType: Twist pile\nBacking: Woven polypropylene\nWidth: 4.00\/5.00 m\nPile composition: Polypropylene\nPile height: 9 mm\nPile weight: 1,627 gms\/m2\nCarpet thickness: 12 mm\nCarpet weight: 2,407 gms\/m2\nOrigin: UK<\/div>","protected":false},"excerpt":{"rendered":"Composition: 100% Polypropylene\nType: Twist pile\nWidth: 4.00\/5.00 m\nPile weight: 1,627 gms\/m2","protected":false},"featured_media":82224,"comment_status":"open","ping_status":"closed","template":"","meta":{"_acf_changed":false,"_coblocks_attr":"","_coblocks_dimensions":"","_coblocks_responsive_height":"","_coblocks_accordion_ie_support":""},"product_brand":[512],"product_cat":[272,50],"product_tag":[],"class_list":{"0":"post-80724","1":"product","2":"type-product","3":"status-publish","4":"has-post-thumbnail","6":"product_brand-cormar","7":"product_cat-grindu-dangos","8":"product_cat-kilimines-dangos","9":"pa_erdve-koridorius","10":"pa_erdve-laiptai","11":"pa_erdve-miegamieji-kambariai","12":"pa_erdve-svetaine","13":"pa_erdve-valgomasis","14":"pa_plotis-4-metrai","15":"pa_plotis-5-metrai","16":"pa_savybes-atsparus-demems","17":"pa_savybes-gali-buti-valomas-balikliu","18":"pa_savybes-pagaminta-uk","19":"pa_savybes-tinka-sildomoms-grindims","20":"pa_spalva-alloy-grey","21":"pa_spalva-argent","22":"pa_spalva-beaver","23":"pa_spalva-cloudy-bay","24":"pa_spalva-cotswold-clay","25":"pa_spalva-doeskin","26":"pa_spalva-ecru","27":"pa_spalva-eucalyptus","28":"pa_spalva-fern","29":"pa_spalva-foxton-flax","30":"pa_spalva-french-grey","31":"pa_spalva-gemstone","32":"pa_spalva-nougat","33":"pa_spalva-pannacotta","34":"pa_spalva-peppercorn","35":"pa_spalva-peverell-pewter","36":"pa_spalva-raven","37":"pa_spalva-shadow","38":"pa_spalva-showdrift","39":"pa_spalva-winter-moon","40":"pa_spalva-filtrams-balta","41":"pa_spalva-filtrams-gelsva","42":"pa_spalva-filtrams-juoda","43":"pa_spalva-filtrams-pilka","44":"pa_spalva-filtrams-ruda","45":"pa_spalva-filtrams-rusva","47":"first","48":"onbackorder","49":"taxable","50":"shipping-taxable","51":"purchasable","52":"product-type-variable","53":"has-default-attributes"},"acf":[],"yoast_head":"<!-- This site is optimized with the Yoast SEO plugin v26.8 - https:\/\/yoast.com\/product\/yoast-seo-wordpress\/ -->\n<title>Kilimin\u0117 danga Primo Ultra - Grindup\u0117 - Kokybi\u0161ka grind\u0173 danga<\/title>\n<meta name=\"robots\" content=\"index, follow, max-snippet:-1, max-image-preview:large, max-video-preview:-1\" \/>\n<link rel=\"canonical\" href=\"https:\/\/grindupe.com\/en\/parduotuve\/grindu-dangos\/kilimines-dangos\/kilimine-danga-primo-ultra\/\" \/>\n<meta property=\"og:locale\" content=\"en_US\" \/>\n<meta property=\"og:type\" content=\"article\" \/>\n<meta property=\"og:title\" content=\"Kilimin\u0117 danga Primo Ultra - Grindup\u0117 - Kokybi\u0161ka grind\u0173 danga\" \/>\n<meta property=\"og:description\" content=\"Sud\u0117tis: 100% Polipropilenas Tipas: Susukto pluo\u0161to Plotis: 4.00\/5.00m Plau\u0161o svoris: 1,627 GMS\/M2\" \/>\n<meta property=\"og:url\" content=\"https:\/\/grindupe.com\/en\/parduotuve\/grindu-dangos\/kilimines-dangos\/kilimine-danga-primo-ultra\/\" \/>\n<meta property=\"og:site_name\" content=\"Grindup\u0117 - Kokybi\u0161ka grind\u0173 danga\" \/>\n<meta property=\"article:publisher\" content=\"https:\/\/www.facebook.com\/profile.php?id=61563240128761\" \/>\n<meta property=\"article:modified_time\" content=\"2025-09-05T10:36:53+00:00\" \/>\n<meta property=\"og:image\" content=\"https:\/\/grindupe.com\/wp-content\/uploads\/2025\/09\/primo-ultra_alloy-grey_overhead.webp\" \/>\n\t<meta property=\"og:image:width\" content=\"277\" \/>\n\t<meta property=\"og:image:height\" content=\"277\" \/>\n\t<meta property=\"og:image:type\" content=\"image\/webp\" \/>\n<meta name=\"twitter:card\" content=\"summary_large_image\" \/>\n<script type=\"application\/ld+json\" class=\"yoast-schema-graph\">{\"@context\":\"https:\/\/schema.org\",\"@graph\":[{\"@type\":\"WebPage\",\"@id\":\"https:\/\/grindupe.com\/en\/parduotuve\/grindu-dangos\/kilimines-dangos\/kilimine-danga-primo-ultra\/\",\"url\":\"https:\/\/grindupe.com\/en\/parduotuve\/grindu-dangos\/kilimines-dangos\/kilimine-danga-primo-ultra\/\",\"name\":\"Kilimin\u0117 danga Primo Ultra - Grindup\u0117 - Kokybi\u0161ka grind\u0173 danga\",\"isPartOf\":{\"@id\":\"https:\/\/grindupe.com\/#website\"},\"primaryImageOfPage\":{\"@id\":\"https:\/\/grindupe.com\/en\/parduotuve\/grindu-dangos\/kilimines-dangos\/kilimine-danga-primo-ultra\/#primaryimage\"},\"image\":{\"@id\":\"https:\/\/grindupe.com\/en\/parduotuve\/grindu-dangos\/kilimines-dangos\/kilimine-danga-primo-ultra\/#primaryimage\"},\"thumbnailUrl\":\"https:\/\/grindupe.com\/wp-content\/uploads\/2025\/09\/primo-ultra_alloy-grey_overhead.webp\",\"datePublished\":\"2025-08-19T12:23:05+00:00\",\"dateModified\":\"2025-09-05T10:36:53+00:00\",\"breadcrumb\":{\"@id\":\"https:\/\/grindupe.com\/en\/parduotuve\/grindu-dangos\/kilimines-dangos\/kilimine-danga-primo-ultra\/#breadcrumb\"},\"inLanguage\":\"en-US\",\"potentialAction\":[{\"@type\":\"ReadAction\",\"target\":[\"https:\/\/grindupe.com\/en\/parduotuve\/grindu-dangos\/kilimines-dangos\/kilimine-danga-primo-ultra\/\"]}]},{\"@type\":\"ImageObject\",\"inLanguage\":\"en-US\",\"@id\":\"https:\/\/grindupe.com\/en\/parduotuve\/grindu-dangos\/kilimines-dangos\/kilimine-danga-primo-ultra\/#primaryimage\",\"url\":\"https:\/\/grindupe.com\/wp-content\/uploads\/2025\/09\/primo-ultra_alloy-grey_overhead.webp\",\"contentUrl\":\"https:\/\/grindupe.com\/wp-content\/uploads\/2025\/09\/primo-ultra_alloy-grey_overhead.webp\",\"width\":277,\"height\":277,\"caption\":\"primo ultra alloy grey overhead\"},{\"@type\":\"BreadcrumbList\",\"@id\":\"https:\/\/grindupe.com\/en\/parduotuve\/grindu-dangos\/kilimines-dangos\/kilimine-danga-primo-ultra\/#breadcrumb\",\"itemListElement\":[{\"@type\":\"ListItem\",\"position\":1,\"name\":\"Home\",\"item\":\"https:\/\/grindupe.com\/\"},{\"@type\":\"ListItem\",\"position\":2,\"name\":\"Parduotuv\u0117\",\"item\":\"https:\/\/grindupe.com\/parduotuve\/\"},{\"@type\":\"ListItem\",\"position\":3,\"name\":\"Kilimin\u0117 danga Primo Ultra\"}]},{\"@type\":\"WebSite\",\"@id\":\"https:\/\/grindupe.com\/#website\",\"url\":\"https:\/\/grindupe.com\/\",\"name\":\"Grinduupe.com\",\"description\":\"Grind\u0173 dangos\",\"publisher\":{\"@id\":\"https:\/\/grindupe.com\/#organization\"},\"potentialAction\":[{\"@type\":\"SearchAction\",\"target\":{\"@type\":\"EntryPoint\",\"urlTemplate\":\"https:\/\/grindupe.com\/?s={search_term_string}\"},\"query-input\":{\"@type\":\"PropertyValueSpecification\",\"valueRequired\":true,\"valueName\":\"search_term_string\"}}],\"inLanguage\":\"en-US\"},{\"@type\":\"Organization\",\"@id\":\"https:\/\/grindupe.com\/#organization\",\"name\":\"Grinduupe\",\"url\":\"https:\/\/grindupe.com\/\",\"logo\":{\"@type\":\"ImageObject\",\"inLanguage\":\"en-US\",\"@id\":\"https:\/\/grindupe.com\/#\/schema\/logo\/image\/\",\"url\":\"https:\/\/grindupe.com\/wp-content\/uploads\/2024\/07\/Gedi-6-email_20250515212455.webp\",\"contentUrl\":\"https:\/\/grindupe.com\/wp-content\/uploads\/2024\/07\/Gedi-6-email_20250515212455.webp\",\"width\":258,\"height\":207,\"caption\":\"Grinduupe\"},\"image\":{\"@id\":\"https:\/\/grindupe.com\/#\/schema\/logo\/image\/\"},\"sameAs\":[\"https:\/\/www.facebook.com\/profile.php?id=61563240128761\"]}]}<\/script>\n<!-- \/ Yoast SEO plugin. -->","yoast_head_json":{"title":"Kilimin\u0117 danga Primo Ultra - Grindup\u0117 - Kokybi\u0161ka grind\u0173 danga","robots":{"index":"index","follow":"follow","max-snippet":"max-snippet:-1","max-image-preview":"max-image-preview:large","max-video-preview":"max-video-preview:-1"},"canonical":"https:\/\/grindupe.com\/en\/parduotuve\/grindu-dangos\/kilimines-dangos\/kilimine-danga-primo-ultra\/","og_locale":"en_US","og_type":"article","og_title":"Kilimin\u0117 danga Primo Ultra - Grindup\u0117 - Kokybi\u0161ka grind\u0173 danga","og_description":"Sud\u0117tis: 100% Polipropilenas Tipas: Susukto pluo\u0161to Plotis: 4.00\/5.00m Plau\u0161o svoris: 1,627 GMS\/M2","og_url":"https:\/\/grindupe.com\/en\/parduotuve\/grindu-dangos\/kilimines-dangos\/kilimine-danga-primo-ultra\/","og_site_name":"Grindup\u0117 - Kokybi\u0161ka grind\u0173 danga","article_publisher":"https:\/\/www.facebook.com\/profile.php?id=61563240128761","article_modified_time":"2025-09-05T10:36:53+00:00","og_image":[{"width":277,"height":277,"url":"https:\/\/grindupe.com\/wp-content\/uploads\/2025\/09\/primo-ultra_alloy-grey_overhead.webp","type":"image\/webp"}],"twitter_card":"summary_large_image","schema":{"@context":"https:\/\/schema.org","@graph":[{"@type":"WebPage","@id":"https:\/\/grindupe.com\/en\/parduotuve\/grindu-dangos\/kilimines-dangos\/kilimine-danga-primo-ultra\/","url":"https:\/\/grindupe.com\/en\/parduotuve\/grindu-dangos\/kilimines-dangos\/kilimine-danga-primo-ultra\/","name":"Kilimin\u0117 danga Primo Ultra - Grindup\u0117 - Kokybi\u0161ka grind\u0173 danga","isPartOf":{"@id":"https:\/\/grindupe.com\/#website"},"primaryImageOfPage":{"@id":"https:\/\/grindupe.com\/en\/parduotuve\/grindu-dangos\/kilimines-dangos\/kilimine-danga-primo-ultra\/#primaryimage"},"image":{"@id":"https:\/\/grindupe.com\/en\/parduotuve\/grindu-dangos\/kilimines-dangos\/kilimine-danga-primo-ultra\/#primaryimage"},"thumbnailUrl":"https:\/\/grindupe.com\/wp-content\/uploads\/2025\/09\/primo-ultra_alloy-grey_overhead.webp","datePublished":"2025-08-19T12:23:05+00:00","dateModified":"2025-09-05T10:36:53+00:00","breadcrumb":{"@id":"https:\/\/grindupe.com\/en\/parduotuve\/grindu-dangos\/kilimines-dangos\/kilimine-danga-primo-ultra\/#breadcrumb"},"inLanguage":"en-US","potentialAction":[{"@type":"ReadAction","target":["https:\/\/grindupe.com\/en\/parduotuve\/grindu-dangos\/kilimines-dangos\/kilimine-danga-primo-ultra\/"]}]},{"@type":"ImageObject","inLanguage":"en-US","@id":"https:\/\/grindupe.com\/en\/parduotuve\/grindu-dangos\/kilimines-dangos\/kilimine-danga-primo-ultra\/#primaryimage","url":"https:\/\/grindupe.com\/wp-content\/uploads\/2025\/09\/primo-ultra_alloy-grey_overhead.webp","contentUrl":"https:\/\/grindupe.com\/wp-content\/uploads\/2025\/09\/primo-ultra_alloy-grey_overhead.webp","width":277,"height":277,"caption":"primo ultra alloy grey overhead"},{"@type":"BreadcrumbList","@id":"https:\/\/grindupe.com\/en\/parduotuve\/grindu-dangos\/kilimines-dangos\/kilimine-danga-primo-ultra\/#breadcrumb","itemListElement":[{"@type":"ListItem","position":1,"name":"Home","item":"https:\/\/grindupe.com\/"},{"@type":"ListItem","position":2,"name":"Parduotuv\u0117","item":"https:\/\/grindupe.com\/parduotuve\/"},{"@type":"ListItem","position":3,"name":"Kilimin\u0117 danga Primo Ultra"}]},{"@type":"WebSite","@id":"https:\/\/grindupe.com\/#website","url":"https:\/\/grindupe.com\/","name":"Grinduupe.com","description":"Floor coverings","publisher":{"@id":"https:\/\/grindupe.com\/#organization"},"potentialAction":[{"@type":"SearchAction","target":{"@type":"EntryPoint","urlTemplate":"https:\/\/grindupe.com\/?s={search_term_string}"},"query-input":{"@type":"PropertyValueSpecification","valueRequired":true,"valueName":"search_term_string"}}],"inLanguage":"en-US"},{"@type":"Organization","@id":"https:\/\/grindupe.com\/#organization","name":"Grindupupe","url":"https:\/\/grindupe.com\/","logo":{"@type":"ImageObject","inLanguage":"en-US","@id":"https:\/\/grindupe.com\/#\/schema\/logo\/image\/","url":"https:\/\/grindupe.com\/wp-content\/uploads\/2024\/07\/Gedi-6-email_20250515212455.webp","contentUrl":"https:\/\/grindupe.com\/wp-content\/uploads\/2024\/07\/Gedi-6-email_20250515212455.webp","width":258,"height":207,"caption":"Grinduupe"},"image":{"@id":"https:\/\/grindupe.com\/#\/schema\/logo\/image\/"},"sameAs":["https:\/\/www.facebook.com\/profile.php?id=61563240128761"]}]}},"_links":{"self":[{"href":"https:\/\/grindupe.com\/en\/wp-json\/wp\/v2\/product\/80724","targetHints":{"allow":["GET"]}}],"collection":[{"href":"https:\/\/grindupe.com\/en\/wp-json\/wp\/v2\/product"}],"about":[{"href":"https:\/\/grindupe.com\/en\/wp-json\/wp\/v2\/types\/product"}],"replies":[{"embeddable":true,"href":"https:\/\/grindupe.com\/en\/wp-json\/wp\/v2\/comments?post=80724"}],"wp:featuredmedia":[{"embeddable":true,"href":"https:\/\/grindupe.com\/en\/wp-json\/wp\/v2\/media\/82224"}],"wp:attachment":[{"href":"https:\/\/grindupe.com\/en\/wp-json\/wp\/v2\/media?parent=80724"}],"wp:term":[{"taxonomy":"product_brand","embeddable":true,"href":"https:\/\/grindupe.com\/en\/wp-json\/wp\/v2\/product_brand?post=80724"},{"taxonomy":"product_cat","embeddable":true,"href":"https:\/\/grindupe.com\/en\/wp-json\/wp\/v2\/product_cat?post=80724"},{"taxonomy":"product_tag","embeddable":true,"href":"https:\/\/grindupe.com\/en\/wp-json\/wp\/v2\/product_tag?post=80724"}],"curies":[{"name":"wp","href":"https:\/\/api.w.org\/{rel}","templated":true}]}}