{"id":80737,"date":"2025-08-20T18:02:35","date_gmt":"2025-08-20T15:02:35","guid":{"rendered":"https:\/\/grindupe.com\/?post_type=product&#038;p=80737"},"modified":"2026-03-18T15:08:36","modified_gmt":"2026-03-18T13:08:36","slug":"paklotas-everyroom-10-mm","status":"publish","type":"product","link":"https:\/\/grindupe.com\/en\/parduotuve\/grindu-dangos\/paklotai\/paklotas-everyroom-10-mm\/","title":{"rendered":"Carpet underlay Everyroom 10 mm"},"content":{"rendered":"<div class=\"wc-full-description-single-block\" style=\"white-space:pre-line;\">With the Everyroom 10 mm PU underlay, you\u2019ll find the perfect balance between comfort, insulation, and performance. Designed specifically for carpets, this premium underlay provides excellent warmth, noise reduction, and cushioning underfoot \u2013 all in a practical 10 mm profile.\n\nIdeally suited for living spaces, bedrooms, and stairs, it\u2019s a reliable and versatile solution for residential flooring upgrades.\n\nKey features:\nComfortable support \u2013 10 mm thickness offers a soft, resilient feel underfoot while extending carpet life.\nExcellent insulation \u2013 high 2.8 tog rating improves energy efficiency by retaining heat.\nSuperior sound reduction \u2013 reduces impact noise by up to 41 dB, ideal for upper floors or apartments.\nEfficient coverage \u2013 one roll covers 15 m\u00b2, making it perfect for full-room installations.\nPU foam construction \u2013 lightweight, durable, and easy to handle during installation.\nEveryroom Performance \u2013 trusted brand quality, offering both comfort and practicality.<\/div>","protected":false},"excerpt":{"rendered":"Composition: Polyurethane\nThickness: 10 mm\nSound insulation: 41 dB\nRoll: 15 m\u00b2\nPurpose: Carpet","protected":false},"featured_media":80906,"comment_status":"open","ping_status":"closed","template":"","meta":{"_acf_changed":false,"_coblocks_attr":"","_coblocks_dimensions":"","_coblocks_responsive_height":"","_coblocks_accordion_ie_support":""},"product_brand":[506],"product_cat":[272,278],"product_tag":[],"class_list":{"0":"post-80737","1":"product","2":"type-product","3":"status-publish","4":"has-post-thumbnail","6":"product_brand-every-room","7":"product_cat-grindu-dangos","8":"product_cat-paklotai","10":"first","11":"onbackorder","12":"taxable","13":"shipping-taxable","14":"purchasable","15":"product-type-simple"},"acf":[],"yoast_head":"<!-- This site is optimized with the Yoast SEO plugin v26.8 - https:\/\/yoast.com\/product\/yoast-seo-wordpress\/ -->\n<title>Kilimin\u0117s dangos paklotas Everyroom 10 mm - Grindup\u0117 - Kokybi\u0161ka grind\u0173 danga<\/title>\n<meta name=\"robots\" content=\"index, follow, max-snippet:-1, max-image-preview:large, max-video-preview:-1\" \/>\n<link rel=\"canonical\" href=\"https:\/\/grindupe.com\/en\/parduotuve\/grindu-dangos\/paklotai\/paklotas-everyroom-10-mm\/\" \/>\n<meta property=\"og:locale\" content=\"en_US\" \/>\n<meta property=\"og:type\" content=\"article\" \/>\n<meta property=\"og:title\" content=\"Kilimin\u0117s dangos paklotas Everyroom 10 mm - Grindup\u0117 - Kokybi\u0161ka grind\u0173 danga\" \/>\n<meta property=\"og:description\" content=\"Sud\u0117tis: poliuretanas Storis: 10 mm Garso izoliacija 41 dB. Rulonas: 15 m2 Paskirtis: Kiliminei dangai\" \/>\n<meta property=\"og:url\" content=\"https:\/\/grindupe.com\/en\/parduotuve\/grindu-dangos\/paklotai\/paklotas-everyroom-10-mm\/\" \/>\n<meta property=\"og:site_name\" content=\"Grindup\u0117 - Kokybi\u0161ka grind\u0173 danga\" \/>\n<meta property=\"article:publisher\" content=\"https:\/\/www.facebook.com\/profile.php?id=61563240128761\" \/>\n<meta property=\"article:modified_time\" content=\"2026-03-18T13:08:36+00:00\" \/>\n<meta property=\"og:image\" content=\"https:\/\/grindupe.com\/wp-content\/uploads\/2025\/08\/GPC21817449.jpg\" \/>\n\t<meta property=\"og:image:width\" content=\"800\" \/>\n\t<meta property=\"og:image:height\" content=\"904\" \/>\n\t<meta property=\"og:image:type\" content=\"image\/jpeg\" \/>\n<meta name=\"twitter:card\" content=\"summary_large_image\" \/>\n<meta name=\"twitter:label1\" content=\"Est. reading time\" \/>\n\t<meta name=\"twitter:data1\" content=\"1 minute\" \/>\n<script type=\"application\/ld+json\" class=\"yoast-schema-graph\">{\"@context\":\"https:\/\/schema.org\",\"@graph\":[{\"@type\":\"WebPage\",\"@id\":\"https:\/\/grindupe.com\/parduotuve\/grindu-dangos\/paklotai\/paklotas-everyroom-10-mm\/\",\"url\":\"https:\/\/grindupe.com\/parduotuve\/grindu-dangos\/paklotai\/paklotas-everyroom-10-mm\/\",\"name\":\"Kilimin\u0117s dangos paklotas Everyroom 10 mm - Grindup\u0117 - Kokybi\u0161ka grind\u0173 danga\",\"isPartOf\":{\"@id\":\"https:\/\/grindupe.com\/#website\"},\"primaryImageOfPage\":{\"@id\":\"https:\/\/grindupe.com\/parduotuve\/grindu-dangos\/paklotai\/paklotas-everyroom-10-mm\/#primaryimage\"},\"image\":{\"@id\":\"https:\/\/grindupe.com\/parduotuve\/grindu-dangos\/paklotai\/paklotas-everyroom-10-mm\/#primaryimage\"},\"thumbnailUrl\":\"https:\/\/grindupe.com\/wp-content\/uploads\/2025\/08\/GPC21817449.jpg\",\"datePublished\":\"2025-08-20T15:02:35+00:00\",\"dateModified\":\"2026-03-18T13:08:36+00:00\",\"breadcrumb\":{\"@id\":\"https:\/\/grindupe.com\/parduotuve\/grindu-dangos\/paklotai\/paklotas-everyroom-10-mm\/#breadcrumb\"},\"inLanguage\":\"en-US\",\"potentialAction\":[{\"@type\":\"ReadAction\",\"target\":[\"https:\/\/grindupe.com\/parduotuve\/grindu-dangos\/paklotai\/paklotas-everyroom-10-mm\/\"]}]},{\"@type\":\"ImageObject\",\"inLanguage\":\"en-US\",\"@id\":\"https:\/\/grindupe.com\/parduotuve\/grindu-dangos\/paklotai\/paklotas-everyroom-10-mm\/#primaryimage\",\"url\":\"https:\/\/grindupe.com\/wp-content\/uploads\/2025\/08\/GPC21817449.jpg\",\"contentUrl\":\"https:\/\/grindupe.com\/wp-content\/uploads\/2025\/08\/GPC21817449.jpg\",\"width\":800,\"height\":904,\"caption\":\"GPC21817449\"},{\"@type\":\"BreadcrumbList\",\"@id\":\"https:\/\/grindupe.com\/parduotuve\/grindu-dangos\/paklotai\/paklotas-everyroom-10-mm\/#breadcrumb\",\"itemListElement\":[{\"@type\":\"ListItem\",\"position\":1,\"name\":\"Home\",\"item\":\"https:\/\/grindupe.com\/\"},{\"@type\":\"ListItem\",\"position\":2,\"name\":\"Parduotuv\u0117\",\"item\":\"https:\/\/grindupe.com\/parduotuve\/\"},{\"@type\":\"ListItem\",\"position\":3,\"name\":\"Kilimin\u0117s dangos paklotas Everyroom 10 mm\"}]},{\"@type\":\"WebSite\",\"@id\":\"https:\/\/grindupe.com\/#website\",\"url\":\"https:\/\/grindupe.com\/\",\"name\":\"Grinduupe.com\",\"description\":\"Grind\u0173 dangos\",\"publisher\":{\"@id\":\"https:\/\/grindupe.com\/#organization\"},\"potentialAction\":[{\"@type\":\"SearchAction\",\"target\":{\"@type\":\"EntryPoint\",\"urlTemplate\":\"https:\/\/grindupe.com\/?s={search_term_string}\"},\"query-input\":{\"@type\":\"PropertyValueSpecification\",\"valueRequired\":true,\"valueName\":\"search_term_string\"}}],\"inLanguage\":\"en-US\"},{\"@type\":\"Organization\",\"@id\":\"https:\/\/grindupe.com\/#organization\",\"name\":\"Grinduupe\",\"url\":\"https:\/\/grindupe.com\/\",\"logo\":{\"@type\":\"ImageObject\",\"inLanguage\":\"en-US\",\"@id\":\"https:\/\/grindupe.com\/#\/schema\/logo\/image\/\",\"url\":\"https:\/\/grindupe.com\/wp-content\/uploads\/2024\/07\/Gedi-6-email_20250515212455.webp\",\"contentUrl\":\"https:\/\/grindupe.com\/wp-content\/uploads\/2024\/07\/Gedi-6-email_20250515212455.webp\",\"width\":258,\"height\":207,\"caption\":\"Grinduupe\"},\"image\":{\"@id\":\"https:\/\/grindupe.com\/#\/schema\/logo\/image\/\"},\"sameAs\":[\"https:\/\/www.facebook.com\/profile.php?id=61563240128761\"]}]}<\/script>\n<!-- \/ Yoast SEO plugin. -->","yoast_head_json":{"title":"Kilimin\u0117s dangos paklotas Everyroom 10 mm - Grindup\u0117 - Kokybi\u0161ka grind\u0173 danga","robots":{"index":"index","follow":"follow","max-snippet":"max-snippet:-1","max-image-preview":"max-image-preview:large","max-video-preview":"max-video-preview:-1"},"canonical":"https:\/\/grindupe.com\/en\/parduotuve\/grindu-dangos\/paklotai\/paklotas-everyroom-10-mm\/","og_locale":"en_US","og_type":"article","og_title":"Kilimin\u0117s dangos paklotas Everyroom 10 mm - Grindup\u0117 - Kokybi\u0161ka grind\u0173 danga","og_description":"Sud\u0117tis: poliuretanas Storis: 10 mm Garso izoliacija 41 dB. Rulonas: 15 m2 Paskirtis: Kiliminei dangai","og_url":"https:\/\/grindupe.com\/en\/parduotuve\/grindu-dangos\/paklotai\/paklotas-everyroom-10-mm\/","og_site_name":"Grindup\u0117 - Kokybi\u0161ka grind\u0173 danga","article_publisher":"https:\/\/www.facebook.com\/profile.php?id=61563240128761","article_modified_time":"2026-03-18T13:08:36+00:00","og_image":[{"width":800,"height":904,"url":"https:\/\/grindupe.com\/wp-content\/uploads\/2025\/08\/GPC21817449.jpg","type":"image\/jpeg"}],"twitter_card":"summary_large_image","twitter_misc":{"Est. reading time":"1 minute"},"schema":{"@context":"https:\/\/schema.org","@graph":[{"@type":"WebPage","@id":"https:\/\/grindupe.com\/parduotuve\/grindu-dangos\/paklotai\/paklotas-everyroom-10-mm\/","url":"https:\/\/grindupe.com\/parduotuve\/grindu-dangos\/paklotai\/paklotas-everyroom-10-mm\/","name":"Kilimin\u0117s dangos paklotas Everyroom 10 mm - Grindup\u0117 - Kokybi\u0161ka grind\u0173 danga","isPartOf":{"@id":"https:\/\/grindupe.com\/#website"},"primaryImageOfPage":{"@id":"https:\/\/grindupe.com\/parduotuve\/grindu-dangos\/paklotai\/paklotas-everyroom-10-mm\/#primaryimage"},"image":{"@id":"https:\/\/grindupe.com\/parduotuve\/grindu-dangos\/paklotai\/paklotas-everyroom-10-mm\/#primaryimage"},"thumbnailUrl":"https:\/\/grindupe.com\/wp-content\/uploads\/2025\/08\/GPC21817449.jpg","datePublished":"2025-08-20T15:02:35+00:00","dateModified":"2026-03-18T13:08:36+00:00","breadcrumb":{"@id":"https:\/\/grindupe.com\/parduotuve\/grindu-dangos\/paklotai\/paklotas-everyroom-10-mm\/#breadcrumb"},"inLanguage":"en-US","potentialAction":[{"@type":"ReadAction","target":["https:\/\/grindupe.com\/parduotuve\/grindu-dangos\/paklotai\/paklotas-everyroom-10-mm\/"]}]},{"@type":"ImageObject","inLanguage":"en-US","@id":"https:\/\/grindupe.com\/parduotuve\/grindu-dangos\/paklotai\/paklotas-everyroom-10-mm\/#primaryimage","url":"https:\/\/grindupe.com\/wp-content\/uploads\/2025\/08\/GPC21817449.jpg","contentUrl":"https:\/\/grindupe.com\/wp-content\/uploads\/2025\/08\/GPC21817449.jpg","width":800,"height":904,"caption":"GPC21817449"},{"@type":"BreadcrumbList","@id":"https:\/\/grindupe.com\/parduotuve\/grindu-dangos\/paklotai\/paklotas-everyroom-10-mm\/#breadcrumb","itemListElement":[{"@type":"ListItem","position":1,"name":"Home","item":"https:\/\/grindupe.com\/"},{"@type":"ListItem","position":2,"name":"Parduotuv\u0117","item":"https:\/\/grindupe.com\/parduotuve\/"},{"@type":"ListItem","position":3,"name":"Kilimin\u0117s dangos paklotas Everyroom 10 mm"}]},{"@type":"WebSite","@id":"https:\/\/grindupe.com\/#website","url":"https:\/\/grindupe.com\/","name":"Grinduupe.com","description":"Floor coverings","publisher":{"@id":"https:\/\/grindupe.com\/#organization"},"potentialAction":[{"@type":"SearchAction","target":{"@type":"EntryPoint","urlTemplate":"https:\/\/grindupe.com\/?s={search_term_string}"},"query-input":{"@type":"PropertyValueSpecification","valueRequired":true,"valueName":"search_term_string"}}],"inLanguage":"en-US"},{"@type":"Organization","@id":"https:\/\/grindupe.com\/#organization","name":"Grindupupe","url":"https:\/\/grindupe.com\/","logo":{"@type":"ImageObject","inLanguage":"en-US","@id":"https:\/\/grindupe.com\/#\/schema\/logo\/image\/","url":"https:\/\/grindupe.com\/wp-content\/uploads\/2024\/07\/Gedi-6-email_20250515212455.webp","contentUrl":"https:\/\/grindupe.com\/wp-content\/uploads\/2024\/07\/Gedi-6-email_20250515212455.webp","width":258,"height":207,"caption":"Grinduupe"},"image":{"@id":"https:\/\/grindupe.com\/#\/schema\/logo\/image\/"},"sameAs":["https:\/\/www.facebook.com\/profile.php?id=61563240128761"]}]}},"_links":{"self":[{"href":"https:\/\/grindupe.com\/en\/wp-json\/wp\/v2\/product\/80737","targetHints":{"allow":["GET"]}}],"collection":[{"href":"https:\/\/grindupe.com\/en\/wp-json\/wp\/v2\/product"}],"about":[{"href":"https:\/\/grindupe.com\/en\/wp-json\/wp\/v2\/types\/product"}],"replies":[{"embeddable":true,"href":"https:\/\/grindupe.com\/en\/wp-json\/wp\/v2\/comments?post=80737"}],"wp:featuredmedia":[{"embeddable":true,"href":"https:\/\/grindupe.com\/en\/wp-json\/wp\/v2\/media\/80906"}],"wp:attachment":[{"href":"https:\/\/grindupe.com\/en\/wp-json\/wp\/v2\/media?parent=80737"}],"wp:term":[{"taxonomy":"product_brand","embeddable":true,"href":"https:\/\/grindupe.com\/en\/wp-json\/wp\/v2\/product_brand?post=80737"},{"taxonomy":"product_cat","embeddable":true,"href":"https:\/\/grindupe.com\/en\/wp-json\/wp\/v2\/product_cat?post=80737"},{"taxonomy":"product_tag","embeddable":true,"href":"https:\/\/grindupe.com\/en\/wp-json\/wp\/v2\/product_tag?post=80737"}],"curies":[{"name":"wp","href":"https:\/\/api.w.org\/{rel}","templated":true}]}}