{"id":80744,"date":"2025-08-20T19:33:36","date_gmt":"2025-08-20T16:33:36","guid":{"rendered":"https:\/\/grindupe.com\/?post_type=product&#038;p=80744"},"modified":"2025-10-07T16:30:01","modified_gmt":"2025-10-07T13:30:01","slug":"kiliminiu-dangu-fiksatoriai-concrete-pin-kopi","status":"publish","type":"product","link":"https:\/\/grindupe.com\/en\/parduotuve\/grindu-dangos\/paklotai\/fiksatoriai\/kiliminiu-dangu-fiksatoriai-concrete-pin-kopi\/","title":{"rendered":"Carpet grippers Wood Pin"},"content":{"rendered":"<div class=\"wc-full-description-single-block\" style=\"white-space:pre-line;\">Carpet gripper rod with pins construction: reinforced holding strength for both residential and commercial carpets\nMaterial: high-quality wood with precisely set nails\nEasy installation: pre-nailed for quick and efficient fitting along room perimeters\nCompatible with: stretched carpet installation on wooden floors\nIdeal for professional installers or DIY enthusiasts looking for reliability and value<\/div>","protected":false},"excerpt":{"rendered":"Description: Carpet gripper rod with nails\nSize: 152 cm length (100 pcs per box)\nPurpose: For installing carpet on wooden floors","protected":false},"featured_media":80912,"comment_status":"open","ping_status":"closed","template":"","meta":{"_acf_changed":false,"_coblocks_attr":"","_coblocks_dimensions":"","_coblocks_responsive_height":"","_coblocks_accordion_ie_support":""},"product_brand":[506],"product_cat":[685,272],"product_tag":[],"class_list":{"0":"post-80744","1":"product","2":"type-product","3":"status-publish","4":"has-post-thumbnail","6":"product_brand-every-room","7":"product_cat-fiksatoriai","8":"product_cat-grindu-dangos","10":"first","11":"onbackorder","12":"taxable","13":"shipping-taxable","14":"purchasable","15":"product-type-simple"},"acf":[],"yoast_head":"<!-- This site is optimized with the Yoast SEO plugin v26.8 - https:\/\/yoast.com\/product\/yoast-seo-wordpress\/ -->\n<title>Kilimini\u0173 dang\u0173 fiksatoriai Wood Pin - Grindup\u0117 - Kokybi\u0161ka grind\u0173 danga<\/title>\n<meta name=\"robots\" content=\"index, follow, max-snippet:-1, max-image-preview:large, max-video-preview:-1\" \/>\n<link rel=\"canonical\" href=\"https:\/\/grindupe.com\/en\/parduotuve\/grindu-dangos\/paklotai\/fiksatoriai\/kiliminiu-dangu-fiksatoriai-concrete-pin-kopi\/\" \/>\n<meta property=\"og:locale\" content=\"en_US\" \/>\n<meta property=\"og:type\" content=\"article\" \/>\n<meta property=\"og:title\" content=\"Kilimini\u0173 dang\u0173 fiksatoriai Wood Pin - Grindup\u0117 - Kokybi\u0161ka grind\u0173 danga\" \/>\n<meta property=\"og:description\" content=\"Apra\u0161ymas: Kilimini\u0173 dang\u0173 prilaikymo juosta su vinimis Dydis: 152 cm ilgio (100 vnt. d\u0117\u017e\u0117je) Paskirtis: Kiliminei dangai montuoti ant medini\u0173 grind\u0173\" \/>\n<meta property=\"og:url\" content=\"https:\/\/grindupe.com\/en\/parduotuve\/grindu-dangos\/paklotai\/fiksatoriai\/kiliminiu-dangu-fiksatoriai-concrete-pin-kopi\/\" \/>\n<meta property=\"og:site_name\" content=\"Grindup\u0117 - Kokybi\u0161ka grind\u0173 danga\" \/>\n<meta property=\"article:publisher\" content=\"https:\/\/www.facebook.com\/profile.php?id=61563240128761\" \/>\n<meta property=\"article:modified_time\" content=\"2025-10-07T13:30:01+00:00\" \/>\n<meta property=\"og:image\" content=\"https:\/\/grindupe.com\/wp-content\/uploads\/2025\/08\/GPC21711195.jpg\" \/>\n\t<meta property=\"og:image:width\" content=\"800\" \/>\n\t<meta property=\"og:image:height\" content=\"622\" \/>\n\t<meta property=\"og:image:type\" content=\"image\/jpeg\" \/>\n<meta name=\"twitter:card\" content=\"summary_large_image\" \/>\n<script type=\"application\/ld+json\" class=\"yoast-schema-graph\">{\"@context\":\"https:\/\/schema.org\",\"@graph\":[{\"@type\":\"WebPage\",\"@id\":\"https:\/\/grindupe.com\/parduotuve\/grindu-dangos\/paklotai\/fiksatoriai\/kiliminiu-dangu-fiksatoriai-concrete-pin-kopi\/\",\"url\":\"https:\/\/grindupe.com\/parduotuve\/grindu-dangos\/paklotai\/fiksatoriai\/kiliminiu-dangu-fiksatoriai-concrete-pin-kopi\/\",\"name\":\"Kilimini\u0173 dang\u0173 fiksatoriai Wood Pin - Grindup\u0117 - Kokybi\u0161ka grind\u0173 danga\",\"isPartOf\":{\"@id\":\"https:\/\/grindupe.com\/#website\"},\"primaryImageOfPage\":{\"@id\":\"https:\/\/grindupe.com\/parduotuve\/grindu-dangos\/paklotai\/fiksatoriai\/kiliminiu-dangu-fiksatoriai-concrete-pin-kopi\/#primaryimage\"},\"image\":{\"@id\":\"https:\/\/grindupe.com\/parduotuve\/grindu-dangos\/paklotai\/fiksatoriai\/kiliminiu-dangu-fiksatoriai-concrete-pin-kopi\/#primaryimage\"},\"thumbnailUrl\":\"https:\/\/grindupe.com\/wp-content\/uploads\/2025\/08\/GPC21711195.jpg\",\"datePublished\":\"2025-08-20T16:33:36+00:00\",\"dateModified\":\"2025-10-07T13:30:01+00:00\",\"breadcrumb\":{\"@id\":\"https:\/\/grindupe.com\/parduotuve\/grindu-dangos\/paklotai\/fiksatoriai\/kiliminiu-dangu-fiksatoriai-concrete-pin-kopi\/#breadcrumb\"},\"inLanguage\":\"en-US\",\"potentialAction\":[{\"@type\":\"ReadAction\",\"target\":[\"https:\/\/grindupe.com\/parduotuve\/grindu-dangos\/paklotai\/fiksatoriai\/kiliminiu-dangu-fiksatoriai-concrete-pin-kopi\/\"]}]},{\"@type\":\"ImageObject\",\"inLanguage\":\"en-US\",\"@id\":\"https:\/\/grindupe.com\/parduotuve\/grindu-dangos\/paklotai\/fiksatoriai\/kiliminiu-dangu-fiksatoriai-concrete-pin-kopi\/#primaryimage\",\"url\":\"https:\/\/grindupe.com\/wp-content\/uploads\/2025\/08\/GPC21711195.jpg\",\"contentUrl\":\"https:\/\/grindupe.com\/wp-content\/uploads\/2025\/08\/GPC21711195.jpg\",\"width\":800,\"height\":622,\"caption\":\"GPC21711195\"},{\"@type\":\"BreadcrumbList\",\"@id\":\"https:\/\/grindupe.com\/parduotuve\/grindu-dangos\/paklotai\/fiksatoriai\/kiliminiu-dangu-fiksatoriai-concrete-pin-kopi\/#breadcrumb\",\"itemListElement\":[{\"@type\":\"ListItem\",\"position\":1,\"name\":\"Home\",\"item\":\"https:\/\/grindupe.com\/\"},{\"@type\":\"ListItem\",\"position\":2,\"name\":\"Parduotuv\u0117\",\"item\":\"https:\/\/grindupe.com\/parduotuve\/\"},{\"@type\":\"ListItem\",\"position\":3,\"name\":\"Kilimini\u0173 dang\u0173 fiksatoriai Wood Pin\"}]},{\"@type\":\"WebSite\",\"@id\":\"https:\/\/grindupe.com\/#website\",\"url\":\"https:\/\/grindupe.com\/\",\"name\":\"Grinduupe.com\",\"description\":\"Grind\u0173 dangos\",\"publisher\":{\"@id\":\"https:\/\/grindupe.com\/#organization\"},\"potentialAction\":[{\"@type\":\"SearchAction\",\"target\":{\"@type\":\"EntryPoint\",\"urlTemplate\":\"https:\/\/grindupe.com\/?s={search_term_string}\"},\"query-input\":{\"@type\":\"PropertyValueSpecification\",\"valueRequired\":true,\"valueName\":\"search_term_string\"}}],\"inLanguage\":\"en-US\"},{\"@type\":\"Organization\",\"@id\":\"https:\/\/grindupe.com\/#organization\",\"name\":\"Grinduupe\",\"url\":\"https:\/\/grindupe.com\/\",\"logo\":{\"@type\":\"ImageObject\",\"inLanguage\":\"en-US\",\"@id\":\"https:\/\/grindupe.com\/#\/schema\/logo\/image\/\",\"url\":\"https:\/\/grindupe.com\/wp-content\/uploads\/2024\/07\/Gedi-6-email_20250515212455.webp\",\"contentUrl\":\"https:\/\/grindupe.com\/wp-content\/uploads\/2024\/07\/Gedi-6-email_20250515212455.webp\",\"width\":258,\"height\":207,\"caption\":\"Grinduupe\"},\"image\":{\"@id\":\"https:\/\/grindupe.com\/#\/schema\/logo\/image\/\"},\"sameAs\":[\"https:\/\/www.facebook.com\/profile.php?id=61563240128761\"]}]}<\/script>\n<!-- \/ Yoast SEO plugin. -->","yoast_head_json":{"title":"Kilimini\u0173 dang\u0173 fiksatoriai Wood Pin - Grindup\u0117 - Kokybi\u0161ka grind\u0173 danga","robots":{"index":"index","follow":"follow","max-snippet":"max-snippet:-1","max-image-preview":"max-image-preview:large","max-video-preview":"max-video-preview:-1"},"canonical":"https:\/\/grindupe.com\/en\/parduotuve\/grindu-dangos\/paklotai\/fiksatoriai\/kiliminiu-dangu-fiksatoriai-concrete-pin-kopi\/","og_locale":"en_US","og_type":"article","og_title":"Kilimini\u0173 dang\u0173 fiksatoriai Wood Pin - Grindup\u0117 - Kokybi\u0161ka grind\u0173 danga","og_description":"Apra\u0161ymas: Kilimini\u0173 dang\u0173 prilaikymo juosta su vinimis Dydis: 152 cm ilgio (100 vnt. d\u0117\u017e\u0117je) Paskirtis: Kiliminei dangai montuoti ant medini\u0173 grind\u0173","og_url":"https:\/\/grindupe.com\/en\/parduotuve\/grindu-dangos\/paklotai\/fiksatoriai\/kiliminiu-dangu-fiksatoriai-concrete-pin-kopi\/","og_site_name":"Grindup\u0117 - Kokybi\u0161ka grind\u0173 danga","article_publisher":"https:\/\/www.facebook.com\/profile.php?id=61563240128761","article_modified_time":"2025-10-07T13:30:01+00:00","og_image":[{"width":800,"height":622,"url":"https:\/\/grindupe.com\/wp-content\/uploads\/2025\/08\/GPC21711195.jpg","type":"image\/jpeg"}],"twitter_card":"summary_large_image","schema":{"@context":"https:\/\/schema.org","@graph":[{"@type":"WebPage","@id":"https:\/\/grindupe.com\/parduotuve\/grindu-dangos\/paklotai\/fiksatoriai\/kiliminiu-dangu-fiksatoriai-concrete-pin-kopi\/","url":"https:\/\/grindupe.com\/parduotuve\/grindu-dangos\/paklotai\/fiksatoriai\/kiliminiu-dangu-fiksatoriai-concrete-pin-kopi\/","name":"Kilimini\u0173 dang\u0173 fiksatoriai Wood Pin - Grindup\u0117 - Kokybi\u0161ka grind\u0173 danga","isPartOf":{"@id":"https:\/\/grindupe.com\/#website"},"primaryImageOfPage":{"@id":"https:\/\/grindupe.com\/parduotuve\/grindu-dangos\/paklotai\/fiksatoriai\/kiliminiu-dangu-fiksatoriai-concrete-pin-kopi\/#primaryimage"},"image":{"@id":"https:\/\/grindupe.com\/parduotuve\/grindu-dangos\/paklotai\/fiksatoriai\/kiliminiu-dangu-fiksatoriai-concrete-pin-kopi\/#primaryimage"},"thumbnailUrl":"https:\/\/grindupe.com\/wp-content\/uploads\/2025\/08\/GPC21711195.jpg","datePublished":"2025-08-20T16:33:36+00:00","dateModified":"2025-10-07T13:30:01+00:00","breadcrumb":{"@id":"https:\/\/grindupe.com\/parduotuve\/grindu-dangos\/paklotai\/fiksatoriai\/kiliminiu-dangu-fiksatoriai-concrete-pin-kopi\/#breadcrumb"},"inLanguage":"en-US","potentialAction":[{"@type":"ReadAction","target":["https:\/\/grindupe.com\/parduotuve\/grindu-dangos\/paklotai\/fiksatoriai\/kiliminiu-dangu-fiksatoriai-concrete-pin-kopi\/"]}]},{"@type":"ImageObject","inLanguage":"en-US","@id":"https:\/\/grindupe.com\/parduotuve\/grindu-dangos\/paklotai\/fiksatoriai\/kiliminiu-dangu-fiksatoriai-concrete-pin-kopi\/#primaryimage","url":"https:\/\/grindupe.com\/wp-content\/uploads\/2025\/08\/GPC21711195.jpg","contentUrl":"https:\/\/grindupe.com\/wp-content\/uploads\/2025\/08\/GPC21711195.jpg","width":800,"height":622,"caption":"GPC21711195"},{"@type":"BreadcrumbList","@id":"https:\/\/grindupe.com\/parduotuve\/grindu-dangos\/paklotai\/fiksatoriai\/kiliminiu-dangu-fiksatoriai-concrete-pin-kopi\/#breadcrumb","itemListElement":[{"@type":"ListItem","position":1,"name":"Home","item":"https:\/\/grindupe.com\/"},{"@type":"ListItem","position":2,"name":"Parduotuv\u0117","item":"https:\/\/grindupe.com\/parduotuve\/"},{"@type":"ListItem","position":3,"name":"Kilimini\u0173 dang\u0173 fiksatoriai Wood Pin"}]},{"@type":"WebSite","@id":"https:\/\/grindupe.com\/#website","url":"https:\/\/grindupe.com\/","name":"Grinduupe.com","description":"Floor coverings","publisher":{"@id":"https:\/\/grindupe.com\/#organization"},"potentialAction":[{"@type":"SearchAction","target":{"@type":"EntryPoint","urlTemplate":"https:\/\/grindupe.com\/?s={search_term_string}"},"query-input":{"@type":"PropertyValueSpecification","valueRequired":true,"valueName":"search_term_string"}}],"inLanguage":"en-US"},{"@type":"Organization","@id":"https:\/\/grindupe.com\/#organization","name":"Grindupupe","url":"https:\/\/grindupe.com\/","logo":{"@type":"ImageObject","inLanguage":"en-US","@id":"https:\/\/grindupe.com\/#\/schema\/logo\/image\/","url":"https:\/\/grindupe.com\/wp-content\/uploads\/2024\/07\/Gedi-6-email_20250515212455.webp","contentUrl":"https:\/\/grindupe.com\/wp-content\/uploads\/2024\/07\/Gedi-6-email_20250515212455.webp","width":258,"height":207,"caption":"Grinduupe"},"image":{"@id":"https:\/\/grindupe.com\/#\/schema\/logo\/image\/"},"sameAs":["https:\/\/www.facebook.com\/profile.php?id=61563240128761"]}]}},"_links":{"self":[{"href":"https:\/\/grindupe.com\/en\/wp-json\/wp\/v2\/product\/80744","targetHints":{"allow":["GET"]}}],"collection":[{"href":"https:\/\/grindupe.com\/en\/wp-json\/wp\/v2\/product"}],"about":[{"href":"https:\/\/grindupe.com\/en\/wp-json\/wp\/v2\/types\/product"}],"replies":[{"embeddable":true,"href":"https:\/\/grindupe.com\/en\/wp-json\/wp\/v2\/comments?post=80744"}],"wp:featuredmedia":[{"embeddable":true,"href":"https:\/\/grindupe.com\/en\/wp-json\/wp\/v2\/media\/80912"}],"wp:attachment":[{"href":"https:\/\/grindupe.com\/en\/wp-json\/wp\/v2\/media?parent=80744"}],"wp:term":[{"taxonomy":"product_brand","embeddable":true,"href":"https:\/\/grindupe.com\/en\/wp-json\/wp\/v2\/product_brand?post=80744"},{"taxonomy":"product_cat","embeddable":true,"href":"https:\/\/grindupe.com\/en\/wp-json\/wp\/v2\/product_cat?post=80744"},{"taxonomy":"product_tag","embeddable":true,"href":"https:\/\/grindupe.com\/en\/wp-json\/wp\/v2\/product_tag?post=80744"}],"curies":[{"name":"wp","href":"https:\/\/api.w.org\/{rel}","templated":true}]}}