{"id":81096,"date":"2025-08-24T18:50:47","date_gmt":"2025-08-24T15:50:47","guid":{"rendered":"https:\/\/grindupe.com\/?post_type=product&#038;p=81096"},"modified":"2025-09-07T09:32:31","modified_gmt":"2025-09-07T06:32:31","slug":"stumdomos-automatines-durys","status":"publish","type":"product","link":"https:\/\/grindupe.com\/en\/parduotuve\/durys\/stumdomos-automatines-durys\/","title":{"rendered":"Sliding automatic doors"},"content":{"rendered":"","protected":false},"excerpt":{"rendered":"Sliding doors with a metal frame and glass infill, perfectly suited for high-end residential spaces.\nThis innovative electric sliding door system features a contactless electromagnetic drive mechanism, ensuring quiet operation and reducing the need for user intervention.\nThese motorized sliding doors, operated by the \u201cpush and go\u201d method, respond easily to gentle pushes, ensuring smooth performance. For added convenience, an optional contactless sensor can be integrated, allowing the doors to activate automatically with a simple hand gesture in front of the sensor.\n<span style=\"color: #253D4E;\"><strong>D\u0117l detalesn\u0117s informacijos spauskite &#8222;teirautis apie produkt\u0105&#8221; ir si\u0173skite u\u017eklausa.<\/strong><\/span>","protected":false},"featured_media":81241,"comment_status":"open","ping_status":"closed","template":"","meta":{"_acf_changed":false,"_coblocks_attr":"","_coblocks_dimensions":"","_coblocks_responsive_height":"","_coblocks_accordion_ie_support":""},"product_brand":[],"product_cat":[279],"product_tag":[],"class_list":{"0":"post-81096","1":"product","2":"type-product","3":"status-publish","4":"has-post-thumbnail","6":"product_cat-durys","8":"first","9":"onbackorder","10":"taxable","11":"shipping-taxable","12":"product-type-simple"},"acf":[],"yoast_head":"<!-- This site is optimized with the Yoast SEO plugin v26.8 - https:\/\/yoast.com\/product\/yoast-seo-wordpress\/ -->\n<title>Stumdomos automatin\u0117s durys - Grindup\u0117 - Kokybi\u0161ka grind\u0173 danga<\/title>\n<meta name=\"robots\" content=\"index, follow, max-snippet:-1, max-image-preview:large, max-video-preview:-1\" \/>\n<link rel=\"canonical\" href=\"https:\/\/grindupe.com\/en\/parduotuve\/durys\/stumdomos-automatines-durys\/\" \/>\n<meta property=\"og:locale\" content=\"en_US\" \/>\n<meta property=\"og:type\" content=\"article\" \/>\n<meta property=\"og:title\" content=\"Stumdomos automatin\u0117s durys - Grindup\u0117 - Kokybi\u0161ka grind\u0173 danga\" \/>\n<meta property=\"og:description\" content=\"Metalinio r\u0117mo ir stiklo u\u017epildo stumdomos durys, puikiai tinka auk\u0161tos klas\u0117s gyvenamosioms patalpoms. \u0160i novatori\u0161ka elektrin\u0117 stumdom\u0173 dur\u0173 sistema pasi\u017eymi bekontak\u010diu elektromagnetiniu varomuoju mechanizmu, u\u017etikrinan\u010diu tyl\u0173 veikim\u0105 ir suma\u017einan\u010diu naudotojo \u012fsiki\u0161imo poreik\u012f. \u0160ios motorizuotos stumdomos durys, valdomos \u201estumtel\u0117jimo ir paleidimo\u201c metodu, lengvai reaguoja \u012f \u0161velnius stumtel\u0117jimus, u\u017etikrindamos skland\u0173 veikim\u0105. Be to, siekiant didesnio patogumo, galima integruoti pasirenkam\u0105 \u201ebekontakt\u012f jutikl\u012f\u201c, kuris leid\u017eia automati\u0161kai aktyvuoti duris paprastu rankos gestu prie\u0161ais jutikl\u012f. D\u0117l detalesn\u0117s informacijos spauskite &quot;teirautis apie produkt\u0105&quot; ir si\u0173skite u\u017eklausa.\" \/>\n<meta property=\"og:url\" content=\"https:\/\/grindupe.com\/en\/parduotuve\/durys\/stumdomos-automatines-durys\/\" \/>\n<meta property=\"og:site_name\" content=\"Grindup\u0117 - Kokybi\u0161ka grind\u0173 danga\" \/>\n<meta property=\"article:publisher\" content=\"https:\/\/www.facebook.com\/profile.php?id=61563240128761\" \/>\n<meta property=\"article:modified_time\" content=\"2025-09-07T06:32:31+00:00\" \/>\n<meta property=\"og:image\" content=\"https:\/\/grindupe.com\/wp-content\/uploads\/2025\/08\/enigma-power-assisted-pocket-door-gallery-01-768x512-1.webp\" \/>\n\t<meta property=\"og:image:width\" content=\"768\" \/>\n\t<meta property=\"og:image:height\" content=\"512\" \/>\n\t<meta property=\"og:image:type\" content=\"image\/webp\" \/>\n<meta name=\"twitter:card\" content=\"summary_large_image\" \/>\n<script type=\"application\/ld+json\" class=\"yoast-schema-graph\">{\"@context\":\"https:\/\/schema.org\",\"@graph\":[{\"@type\":\"WebPage\",\"@id\":\"https:\/\/grindupe.com\/parduotuve\/durys\/stumdomos-automatines-durys\/\",\"url\":\"https:\/\/grindupe.com\/parduotuve\/durys\/stumdomos-automatines-durys\/\",\"name\":\"Stumdomos automatin\u0117s durys - Grindup\u0117 - Kokybi\u0161ka grind\u0173 danga\",\"isPartOf\":{\"@id\":\"https:\/\/grindupe.com\/#website\"},\"primaryImageOfPage\":{\"@id\":\"https:\/\/grindupe.com\/parduotuve\/durys\/stumdomos-automatines-durys\/#primaryimage\"},\"image\":{\"@id\":\"https:\/\/grindupe.com\/parduotuve\/durys\/stumdomos-automatines-durys\/#primaryimage\"},\"thumbnailUrl\":\"https:\/\/grindupe.com\/wp-content\/uploads\/2025\/08\/enigma-power-assisted-pocket-door-gallery-01-768x512-1.webp\",\"datePublished\":\"2025-08-24T15:50:47+00:00\",\"dateModified\":\"2025-09-07T06:32:31+00:00\",\"breadcrumb\":{\"@id\":\"https:\/\/grindupe.com\/parduotuve\/durys\/stumdomos-automatines-durys\/#breadcrumb\"},\"inLanguage\":\"en-US\",\"potentialAction\":[{\"@type\":\"ReadAction\",\"target\":[\"https:\/\/grindupe.com\/parduotuve\/durys\/stumdomos-automatines-durys\/\"]}]},{\"@type\":\"ImageObject\",\"inLanguage\":\"en-US\",\"@id\":\"https:\/\/grindupe.com\/parduotuve\/durys\/stumdomos-automatines-durys\/#primaryimage\",\"url\":\"https:\/\/grindupe.com\/wp-content\/uploads\/2025\/08\/enigma-power-assisted-pocket-door-gallery-01-768x512-1.webp\",\"contentUrl\":\"https:\/\/grindupe.com\/wp-content\/uploads\/2025\/08\/enigma-power-assisted-pocket-door-gallery-01-768x512-1.webp\",\"width\":768,\"height\":512,\"caption\":\"enigma power assisted pocket door gallery 01 768x512 1\"},{\"@type\":\"BreadcrumbList\",\"@id\":\"https:\/\/grindupe.com\/parduotuve\/durys\/stumdomos-automatines-durys\/#breadcrumb\",\"itemListElement\":[{\"@type\":\"ListItem\",\"position\":1,\"name\":\"Home\",\"item\":\"https:\/\/grindupe.com\/\"},{\"@type\":\"ListItem\",\"position\":2,\"name\":\"Parduotuv\u0117\",\"item\":\"https:\/\/grindupe.com\/parduotuve\/\"},{\"@type\":\"ListItem\",\"position\":3,\"name\":\"Stumdomos automatin\u0117s durys\"}]},{\"@type\":\"WebSite\",\"@id\":\"https:\/\/grindupe.com\/#website\",\"url\":\"https:\/\/grindupe.com\/\",\"name\":\"Grinduupe.com\",\"description\":\"Grind\u0173 dangos\",\"publisher\":{\"@id\":\"https:\/\/grindupe.com\/#organization\"},\"potentialAction\":[{\"@type\":\"SearchAction\",\"target\":{\"@type\":\"EntryPoint\",\"urlTemplate\":\"https:\/\/grindupe.com\/?s={search_term_string}\"},\"query-input\":{\"@type\":\"PropertyValueSpecification\",\"valueRequired\":true,\"valueName\":\"search_term_string\"}}],\"inLanguage\":\"en-US\"},{\"@type\":\"Organization\",\"@id\":\"https:\/\/grindupe.com\/#organization\",\"name\":\"Grinduupe\",\"url\":\"https:\/\/grindupe.com\/\",\"logo\":{\"@type\":\"ImageObject\",\"inLanguage\":\"en-US\",\"@id\":\"https:\/\/grindupe.com\/#\/schema\/logo\/image\/\",\"url\":\"https:\/\/grindupe.com\/wp-content\/uploads\/2024\/07\/Gedi-6-email_20250515212455.webp\",\"contentUrl\":\"https:\/\/grindupe.com\/wp-content\/uploads\/2024\/07\/Gedi-6-email_20250515212455.webp\",\"width\":258,\"height\":207,\"caption\":\"Grinduupe\"},\"image\":{\"@id\":\"https:\/\/grindupe.com\/#\/schema\/logo\/image\/\"},\"sameAs\":[\"https:\/\/www.facebook.com\/profile.php?id=61563240128761\"]}]}<\/script>\n<!-- \/ Yoast SEO plugin. -->","yoast_head_json":{"title":"Stumdomos automatin\u0117s durys - Grindup\u0117 - Kokybi\u0161ka grind\u0173 danga","robots":{"index":"index","follow":"follow","max-snippet":"max-snippet:-1","max-image-preview":"max-image-preview:large","max-video-preview":"max-video-preview:-1"},"canonical":"https:\/\/grindupe.com\/en\/parduotuve\/durys\/stumdomos-automatines-durys\/","og_locale":"en_US","og_type":"article","og_title":"Stumdomos automatin\u0117s durys - Grindup\u0117 - Kokybi\u0161ka grind\u0173 danga","og_description":"Metalinio r\u0117mo ir stiklo u\u017epildo stumdomos durys, puikiai tinka auk\u0161tos klas\u0117s gyvenamosioms patalpoms. \u0160i novatori\u0161ka elektrin\u0117 stumdom\u0173 dur\u0173 sistema pasi\u017eymi bekontak\u010diu elektromagnetiniu varomuoju mechanizmu, u\u017etikrinan\u010diu tyl\u0173 veikim\u0105 ir suma\u017einan\u010diu naudotojo \u012fsiki\u0161imo poreik\u012f. \u0160ios motorizuotos stumdomos durys, valdomos \u201estumtel\u0117jimo ir paleidimo\u201c metodu, lengvai reaguoja \u012f \u0161velnius stumtel\u0117jimus, u\u017etikrindamos skland\u0173 veikim\u0105. Be to, siekiant didesnio patogumo, galima integruoti pasirenkam\u0105 \u201ebekontakt\u012f jutikl\u012f\u201c, kuris leid\u017eia automati\u0161kai aktyvuoti duris paprastu rankos gestu prie\u0161ais jutikl\u012f. D\u0117l detalesn\u0117s informacijos spauskite \"teirautis apie produkt\u0105\" ir si\u0173skite u\u017eklausa.","og_url":"https:\/\/grindupe.com\/en\/parduotuve\/durys\/stumdomos-automatines-durys\/","og_site_name":"Grindup\u0117 - Kokybi\u0161ka grind\u0173 danga","article_publisher":"https:\/\/www.facebook.com\/profile.php?id=61563240128761","article_modified_time":"2025-09-07T06:32:31+00:00","og_image":[{"width":768,"height":512,"url":"https:\/\/grindupe.com\/wp-content\/uploads\/2025\/08\/enigma-power-assisted-pocket-door-gallery-01-768x512-1.webp","type":"image\/webp"}],"twitter_card":"summary_large_image","schema":{"@context":"https:\/\/schema.org","@graph":[{"@type":"WebPage","@id":"https:\/\/grindupe.com\/parduotuve\/durys\/stumdomos-automatines-durys\/","url":"https:\/\/grindupe.com\/parduotuve\/durys\/stumdomos-automatines-durys\/","name":"Stumdomos automatin\u0117s durys - Grindup\u0117 - Kokybi\u0161ka grind\u0173 danga","isPartOf":{"@id":"https:\/\/grindupe.com\/#website"},"primaryImageOfPage":{"@id":"https:\/\/grindupe.com\/parduotuve\/durys\/stumdomos-automatines-durys\/#primaryimage"},"image":{"@id":"https:\/\/grindupe.com\/parduotuve\/durys\/stumdomos-automatines-durys\/#primaryimage"},"thumbnailUrl":"https:\/\/grindupe.com\/wp-content\/uploads\/2025\/08\/enigma-power-assisted-pocket-door-gallery-01-768x512-1.webp","datePublished":"2025-08-24T15:50:47+00:00","dateModified":"2025-09-07T06:32:31+00:00","breadcrumb":{"@id":"https:\/\/grindupe.com\/parduotuve\/durys\/stumdomos-automatines-durys\/#breadcrumb"},"inLanguage":"en-US","potentialAction":[{"@type":"ReadAction","target":["https:\/\/grindupe.com\/parduotuve\/durys\/stumdomos-automatines-durys\/"]}]},{"@type":"ImageObject","inLanguage":"en-US","@id":"https:\/\/grindupe.com\/parduotuve\/durys\/stumdomos-automatines-durys\/#primaryimage","url":"https:\/\/grindupe.com\/wp-content\/uploads\/2025\/08\/enigma-power-assisted-pocket-door-gallery-01-768x512-1.webp","contentUrl":"https:\/\/grindupe.com\/wp-content\/uploads\/2025\/08\/enigma-power-assisted-pocket-door-gallery-01-768x512-1.webp","width":768,"height":512,"caption":"enigma power assisted pocket door gallery 01 768x512 1"},{"@type":"BreadcrumbList","@id":"https:\/\/grindupe.com\/parduotuve\/durys\/stumdomos-automatines-durys\/#breadcrumb","itemListElement":[{"@type":"ListItem","position":1,"name":"Home","item":"https:\/\/grindupe.com\/"},{"@type":"ListItem","position":2,"name":"Parduotuv\u0117","item":"https:\/\/grindupe.com\/parduotuve\/"},{"@type":"ListItem","position":3,"name":"Stumdomos automatin\u0117s durys"}]},{"@type":"WebSite","@id":"https:\/\/grindupe.com\/#website","url":"https:\/\/grindupe.com\/","name":"Grinduupe.com","description":"Floor coverings","publisher":{"@id":"https:\/\/grindupe.com\/#organization"},"potentialAction":[{"@type":"SearchAction","target":{"@type":"EntryPoint","urlTemplate":"https:\/\/grindupe.com\/?s={search_term_string}"},"query-input":{"@type":"PropertyValueSpecification","valueRequired":true,"valueName":"search_term_string"}}],"inLanguage":"en-US"},{"@type":"Organization","@id":"https:\/\/grindupe.com\/#organization","name":"Grindupupe","url":"https:\/\/grindupe.com\/","logo":{"@type":"ImageObject","inLanguage":"en-US","@id":"https:\/\/grindupe.com\/#\/schema\/logo\/image\/","url":"https:\/\/grindupe.com\/wp-content\/uploads\/2024\/07\/Gedi-6-email_20250515212455.webp","contentUrl":"https:\/\/grindupe.com\/wp-content\/uploads\/2024\/07\/Gedi-6-email_20250515212455.webp","width":258,"height":207,"caption":"Grinduupe"},"image":{"@id":"https:\/\/grindupe.com\/#\/schema\/logo\/image\/"},"sameAs":["https:\/\/www.facebook.com\/profile.php?id=61563240128761"]}]}},"_links":{"self":[{"href":"https:\/\/grindupe.com\/en\/wp-json\/wp\/v2\/product\/81096","targetHints":{"allow":["GET"]}}],"collection":[{"href":"https:\/\/grindupe.com\/en\/wp-json\/wp\/v2\/product"}],"about":[{"href":"https:\/\/grindupe.com\/en\/wp-json\/wp\/v2\/types\/product"}],"replies":[{"embeddable":true,"href":"https:\/\/grindupe.com\/en\/wp-json\/wp\/v2\/comments?post=81096"}],"wp:featuredmedia":[{"embeddable":true,"href":"https:\/\/grindupe.com\/en\/wp-json\/wp\/v2\/media\/81241"}],"wp:attachment":[{"href":"https:\/\/grindupe.com\/en\/wp-json\/wp\/v2\/media?parent=81096"}],"wp:term":[{"taxonomy":"product_brand","embeddable":true,"href":"https:\/\/grindupe.com\/en\/wp-json\/wp\/v2\/product_brand?post=81096"},{"taxonomy":"product_cat","embeddable":true,"href":"https:\/\/grindupe.com\/en\/wp-json\/wp\/v2\/product_cat?post=81096"},{"taxonomy":"product_tag","embeddable":true,"href":"https:\/\/grindupe.com\/en\/wp-json\/wp\/v2\/product_tag?post=81096"}],"curies":[{"name":"wp","href":"https:\/\/api.w.org\/{rel}","templated":true}]}}