{"id":81097,"date":"2025-08-24T18:57:43","date_gmt":"2025-08-24T15:57:43","guid":{"rendered":"https:\/\/grindupe.com\/?post_type=product&#038;p=81097"},"modified":"2025-09-07T09:32:36","modified_gmt":"2025-09-07T06:32:36","slug":"stumdomos-priesgaisrines-durys","status":"publish","type":"product","link":"https:\/\/grindupe.com\/en\/parduotuve\/durys\/stumdomos-priesgaisrines-durys\/","title":{"rendered":"Sliding fire doors"},"content":{"rendered":"","protected":false},"excerpt":{"rendered":"30-minute fire-resistant sliding doors, ideally suited for multi-story residential buildings and entrances adjacent to main staircases.\nThese single and double sliding door sets are designed to meet strict fire safety standards, providing peace of mind for both homeowners and designers. Our frames are supplied pre-primed, allowing them to be painted with your preferred finish and color on-site. In addition, these interior sliding door frames can be manufactured from various types of hardwood and customized with bespoke finishes upon request, ensuring seamless integration into your design vision.\n<span style=\"color: #253D4E;\"><strong>D\u0117l detalesn\u0117s informacijos spauskite &#8222;teirautis apie produkt\u0105&#8221; ir si\u0173skite u\u017eklausa.<\/strong><\/span>","protected":false},"featured_media":81246,"comment_status":"open","ping_status":"closed","template":"","meta":{"_acf_changed":false,"_coblocks_attr":"","_coblocks_dimensions":"","_coblocks_responsive_height":"","_coblocks_accordion_ie_support":""},"product_brand":[],"product_cat":[279],"product_tag":[],"class_list":{"0":"post-81097","1":"product","2":"type-product","3":"status-publish","4":"has-post-thumbnail","6":"product_cat-durys","8":"first","9":"onbackorder","10":"taxable","11":"shipping-taxable","12":"product-type-simple"},"acf":[],"yoast_head":"<!-- This site is optimized with the Yoast SEO plugin v26.8 - https:\/\/yoast.com\/product\/yoast-seo-wordpress\/ -->\n<title>Stumdomos prie\u0161gaisrin\u0117s durys - Grindup\u0117 - Kokybi\u0161ka grind\u0173 danga<\/title>\n<meta name=\"robots\" content=\"index, follow, max-snippet:-1, max-image-preview:large, max-video-preview:-1\" \/>\n<link rel=\"canonical\" href=\"https:\/\/grindupe.com\/en\/parduotuve\/durys\/stumdomos-priesgaisrines-durys\/\" \/>\n<meta property=\"og:locale\" content=\"en_US\" \/>\n<meta property=\"og:type\" content=\"article\" \/>\n<meta property=\"og:title\" content=\"Stumdomos prie\u0161gaisrin\u0117s durys - Grindup\u0117 - Kokybi\u0161ka grind\u0173 danga\" \/>\n<meta property=\"og:description\" content=\"30 minu\u010di\u0173 atsparumo ugniai studmomos durys, idealiai tinkant\u012f daugiaauk\u0161\u010diams gyvenamiesiems namams ir \u012f\u0117jimams greta pagrindini\u0173 laiptini\u0173. \u0160ie vienos ir dviej\u0173 stumdom\u0173 dur\u0173 komplektai, sukurti taip, kad atitikt\u0173 grie\u017etus prie\u0161gaisrin\u0117s saugos standartus, suteikia ramyb\u0119 tiek nam\u0173 savininkams, tiek dizaineriams. M\u016bs\u0173 r\u0117mai pristatomi i\u0161 anksto gruntuoti, tod\u0117l juos galima da\u017eyti j\u016bs\u0173 pageidaujama apdaila ir spalva vietoje. Be to, \u0161ie vidiniai stumdom\u0173 dur\u0173 r\u0117mai gali b\u016bti pagaminti i\u0161 \u012fvairi\u0173 r\u016b\u0161i\u0173 kietmed\u017eio ir pagal pageidavim\u0105 pritaikyti pagal individuali\u0105 apdail\u0105, u\u017etikrinant skland\u0173 integravim\u0105 \u012f j\u016bs\u0173 dizaino vizij\u0105. D\u0117l detalesn\u0117s informacijos spauskite &quot;teirautis apie produkt\u0105&quot; ir si\u0173skite u\u017eklausa.\" \/>\n<meta property=\"og:url\" content=\"https:\/\/grindupe.com\/en\/parduotuve\/durys\/stumdomos-priesgaisrines-durys\/\" \/>\n<meta property=\"og:site_name\" content=\"Grindup\u0117 - Kokybi\u0161ka grind\u0173 danga\" \/>\n<meta property=\"article:publisher\" content=\"https:\/\/www.facebook.com\/profile.php?id=61563240128761\" \/>\n<meta property=\"article:modified_time\" content=\"2025-09-07T06:32:36+00:00\" \/>\n<meta property=\"og:image\" content=\"https:\/\/grindupe.com\/wp-content\/uploads\/2025\/08\/enigma-EI30-fire-rated-gallery-02-768x512-1.webp\" \/>\n\t<meta property=\"og:image:width\" content=\"768\" \/>\n\t<meta property=\"og:image:height\" content=\"512\" \/>\n\t<meta property=\"og:image:type\" content=\"image\/webp\" \/>\n<meta name=\"twitter:card\" content=\"summary_large_image\" \/>\n<script type=\"application\/ld+json\" class=\"yoast-schema-graph\">{\"@context\":\"https:\/\/schema.org\",\"@graph\":[{\"@type\":\"WebPage\",\"@id\":\"https:\/\/grindupe.com\/parduotuve\/durys\/stumdomos-priesgaisrines-durys\/\",\"url\":\"https:\/\/grindupe.com\/parduotuve\/durys\/stumdomos-priesgaisrines-durys\/\",\"name\":\"Stumdomos prie\u0161gaisrin\u0117s durys - Grindup\u0117 - Kokybi\u0161ka grind\u0173 danga\",\"isPartOf\":{\"@id\":\"https:\/\/grindupe.com\/#website\"},\"primaryImageOfPage\":{\"@id\":\"https:\/\/grindupe.com\/parduotuve\/durys\/stumdomos-priesgaisrines-durys\/#primaryimage\"},\"image\":{\"@id\":\"https:\/\/grindupe.com\/parduotuve\/durys\/stumdomos-priesgaisrines-durys\/#primaryimage\"},\"thumbnailUrl\":\"https:\/\/grindupe.com\/wp-content\/uploads\/2025\/08\/enigma-EI30-fire-rated-gallery-02-768x512-1.webp\",\"datePublished\":\"2025-08-24T15:57:43+00:00\",\"dateModified\":\"2025-09-07T06:32:36+00:00\",\"breadcrumb\":{\"@id\":\"https:\/\/grindupe.com\/parduotuve\/durys\/stumdomos-priesgaisrines-durys\/#breadcrumb\"},\"inLanguage\":\"en-US\",\"potentialAction\":[{\"@type\":\"ReadAction\",\"target\":[\"https:\/\/grindupe.com\/parduotuve\/durys\/stumdomos-priesgaisrines-durys\/\"]}]},{\"@type\":\"ImageObject\",\"inLanguage\":\"en-US\",\"@id\":\"https:\/\/grindupe.com\/parduotuve\/durys\/stumdomos-priesgaisrines-durys\/#primaryimage\",\"url\":\"https:\/\/grindupe.com\/wp-content\/uploads\/2025\/08\/enigma-EI30-fire-rated-gallery-02-768x512-1.webp\",\"contentUrl\":\"https:\/\/grindupe.com\/wp-content\/uploads\/2025\/08\/enigma-EI30-fire-rated-gallery-02-768x512-1.webp\",\"width\":768,\"height\":512,\"caption\":\"enigma EI30 fire rated gallery 02 768x512 1\"},{\"@type\":\"BreadcrumbList\",\"@id\":\"https:\/\/grindupe.com\/parduotuve\/durys\/stumdomos-priesgaisrines-durys\/#breadcrumb\",\"itemListElement\":[{\"@type\":\"ListItem\",\"position\":1,\"name\":\"Home\",\"item\":\"https:\/\/grindupe.com\/\"},{\"@type\":\"ListItem\",\"position\":2,\"name\":\"Parduotuv\u0117\",\"item\":\"https:\/\/grindupe.com\/parduotuve\/\"},{\"@type\":\"ListItem\",\"position\":3,\"name\":\"Stumdomos prie\u0161gaisrin\u0117s durys\"}]},{\"@type\":\"WebSite\",\"@id\":\"https:\/\/grindupe.com\/#website\",\"url\":\"https:\/\/grindupe.com\/\",\"name\":\"Grinduupe.com\",\"description\":\"Grind\u0173 dangos\",\"publisher\":{\"@id\":\"https:\/\/grindupe.com\/#organization\"},\"potentialAction\":[{\"@type\":\"SearchAction\",\"target\":{\"@type\":\"EntryPoint\",\"urlTemplate\":\"https:\/\/grindupe.com\/?s={search_term_string}\"},\"query-input\":{\"@type\":\"PropertyValueSpecification\",\"valueRequired\":true,\"valueName\":\"search_term_string\"}}],\"inLanguage\":\"en-US\"},{\"@type\":\"Organization\",\"@id\":\"https:\/\/grindupe.com\/#organization\",\"name\":\"Grinduupe\",\"url\":\"https:\/\/grindupe.com\/\",\"logo\":{\"@type\":\"ImageObject\",\"inLanguage\":\"en-US\",\"@id\":\"https:\/\/grindupe.com\/#\/schema\/logo\/image\/\",\"url\":\"https:\/\/grindupe.com\/wp-content\/uploads\/2024\/07\/Gedi-6-email_20250515212455.webp\",\"contentUrl\":\"https:\/\/grindupe.com\/wp-content\/uploads\/2024\/07\/Gedi-6-email_20250515212455.webp\",\"width\":258,\"height\":207,\"caption\":\"Grinduupe\"},\"image\":{\"@id\":\"https:\/\/grindupe.com\/#\/schema\/logo\/image\/\"},\"sameAs\":[\"https:\/\/www.facebook.com\/profile.php?id=61563240128761\"]}]}<\/script>\n<!-- \/ Yoast SEO plugin. -->","yoast_head_json":{"title":"Stumdomos prie\u0161gaisrin\u0117s durys - Grindup\u0117 - Kokybi\u0161ka grind\u0173 danga","robots":{"index":"index","follow":"follow","max-snippet":"max-snippet:-1","max-image-preview":"max-image-preview:large","max-video-preview":"max-video-preview:-1"},"canonical":"https:\/\/grindupe.com\/en\/parduotuve\/durys\/stumdomos-priesgaisrines-durys\/","og_locale":"en_US","og_type":"article","og_title":"Stumdomos prie\u0161gaisrin\u0117s durys - Grindup\u0117 - Kokybi\u0161ka grind\u0173 danga","og_description":"30 minu\u010di\u0173 atsparumo ugniai studmomos durys, idealiai tinkant\u012f daugiaauk\u0161\u010diams gyvenamiesiems namams ir \u012f\u0117jimams greta pagrindini\u0173 laiptini\u0173. \u0160ie vienos ir dviej\u0173 stumdom\u0173 dur\u0173 komplektai, sukurti taip, kad atitikt\u0173 grie\u017etus prie\u0161gaisrin\u0117s saugos standartus, suteikia ramyb\u0119 tiek nam\u0173 savininkams, tiek dizaineriams. M\u016bs\u0173 r\u0117mai pristatomi i\u0161 anksto gruntuoti, tod\u0117l juos galima da\u017eyti j\u016bs\u0173 pageidaujama apdaila ir spalva vietoje. Be to, \u0161ie vidiniai stumdom\u0173 dur\u0173 r\u0117mai gali b\u016bti pagaminti i\u0161 \u012fvairi\u0173 r\u016b\u0161i\u0173 kietmed\u017eio ir pagal pageidavim\u0105 pritaikyti pagal individuali\u0105 apdail\u0105, u\u017etikrinant skland\u0173 integravim\u0105 \u012f j\u016bs\u0173 dizaino vizij\u0105. D\u0117l detalesn\u0117s informacijos spauskite \"teirautis apie produkt\u0105\" ir si\u0173skite u\u017eklausa.","og_url":"https:\/\/grindupe.com\/en\/parduotuve\/durys\/stumdomos-priesgaisrines-durys\/","og_site_name":"Grindup\u0117 - Kokybi\u0161ka grind\u0173 danga","article_publisher":"https:\/\/www.facebook.com\/profile.php?id=61563240128761","article_modified_time":"2025-09-07T06:32:36+00:00","og_image":[{"width":768,"height":512,"url":"https:\/\/grindupe.com\/wp-content\/uploads\/2025\/08\/enigma-EI30-fire-rated-gallery-02-768x512-1.webp","type":"image\/webp"}],"twitter_card":"summary_large_image","schema":{"@context":"https:\/\/schema.org","@graph":[{"@type":"WebPage","@id":"https:\/\/grindupe.com\/parduotuve\/durys\/stumdomos-priesgaisrines-durys\/","url":"https:\/\/grindupe.com\/parduotuve\/durys\/stumdomos-priesgaisrines-durys\/","name":"Stumdomos prie\u0161gaisrin\u0117s durys - Grindup\u0117 - Kokybi\u0161ka grind\u0173 danga","isPartOf":{"@id":"https:\/\/grindupe.com\/#website"},"primaryImageOfPage":{"@id":"https:\/\/grindupe.com\/parduotuve\/durys\/stumdomos-priesgaisrines-durys\/#primaryimage"},"image":{"@id":"https:\/\/grindupe.com\/parduotuve\/durys\/stumdomos-priesgaisrines-durys\/#primaryimage"},"thumbnailUrl":"https:\/\/grindupe.com\/wp-content\/uploads\/2025\/08\/enigma-EI30-fire-rated-gallery-02-768x512-1.webp","datePublished":"2025-08-24T15:57:43+00:00","dateModified":"2025-09-07T06:32:36+00:00","breadcrumb":{"@id":"https:\/\/grindupe.com\/parduotuve\/durys\/stumdomos-priesgaisrines-durys\/#breadcrumb"},"inLanguage":"en-US","potentialAction":[{"@type":"ReadAction","target":["https:\/\/grindupe.com\/parduotuve\/durys\/stumdomos-priesgaisrines-durys\/"]}]},{"@type":"ImageObject","inLanguage":"en-US","@id":"https:\/\/grindupe.com\/parduotuve\/durys\/stumdomos-priesgaisrines-durys\/#primaryimage","url":"https:\/\/grindupe.com\/wp-content\/uploads\/2025\/08\/enigma-EI30-fire-rated-gallery-02-768x512-1.webp","contentUrl":"https:\/\/grindupe.com\/wp-content\/uploads\/2025\/08\/enigma-EI30-fire-rated-gallery-02-768x512-1.webp","width":768,"height":512,"caption":"enigma EI30 fire rated gallery 02 768x512 1"},{"@type":"BreadcrumbList","@id":"https:\/\/grindupe.com\/parduotuve\/durys\/stumdomos-priesgaisrines-durys\/#breadcrumb","itemListElement":[{"@type":"ListItem","position":1,"name":"Home","item":"https:\/\/grindupe.com\/"},{"@type":"ListItem","position":2,"name":"Parduotuv\u0117","item":"https:\/\/grindupe.com\/parduotuve\/"},{"@type":"ListItem","position":3,"name":"Stumdomos prie\u0161gaisrin\u0117s durys"}]},{"@type":"WebSite","@id":"https:\/\/grindupe.com\/#website","url":"https:\/\/grindupe.com\/","name":"Grinduupe.com","description":"Floor coverings","publisher":{"@id":"https:\/\/grindupe.com\/#organization"},"potentialAction":[{"@type":"SearchAction","target":{"@type":"EntryPoint","urlTemplate":"https:\/\/grindupe.com\/?s={search_term_string}"},"query-input":{"@type":"PropertyValueSpecification","valueRequired":true,"valueName":"search_term_string"}}],"inLanguage":"en-US"},{"@type":"Organization","@id":"https:\/\/grindupe.com\/#organization","name":"Grindupupe","url":"https:\/\/grindupe.com\/","logo":{"@type":"ImageObject","inLanguage":"en-US","@id":"https:\/\/grindupe.com\/#\/schema\/logo\/image\/","url":"https:\/\/grindupe.com\/wp-content\/uploads\/2024\/07\/Gedi-6-email_20250515212455.webp","contentUrl":"https:\/\/grindupe.com\/wp-content\/uploads\/2024\/07\/Gedi-6-email_20250515212455.webp","width":258,"height":207,"caption":"Grinduupe"},"image":{"@id":"https:\/\/grindupe.com\/#\/schema\/logo\/image\/"},"sameAs":["https:\/\/www.facebook.com\/profile.php?id=61563240128761"]}]}},"_links":{"self":[{"href":"https:\/\/grindupe.com\/en\/wp-json\/wp\/v2\/product\/81097","targetHints":{"allow":["GET"]}}],"collection":[{"href":"https:\/\/grindupe.com\/en\/wp-json\/wp\/v2\/product"}],"about":[{"href":"https:\/\/grindupe.com\/en\/wp-json\/wp\/v2\/types\/product"}],"replies":[{"embeddable":true,"href":"https:\/\/grindupe.com\/en\/wp-json\/wp\/v2\/comments?post=81097"}],"wp:featuredmedia":[{"embeddable":true,"href":"https:\/\/grindupe.com\/en\/wp-json\/wp\/v2\/media\/81246"}],"wp:attachment":[{"href":"https:\/\/grindupe.com\/en\/wp-json\/wp\/v2\/media?parent=81097"}],"wp:term":[{"taxonomy":"product_brand","embeddable":true,"href":"https:\/\/grindupe.com\/en\/wp-json\/wp\/v2\/product_brand?post=81097"},{"taxonomy":"product_cat","embeddable":true,"href":"https:\/\/grindupe.com\/en\/wp-json\/wp\/v2\/product_cat?post=81097"},{"taxonomy":"product_tag","embeddable":true,"href":"https:\/\/grindupe.com\/en\/wp-json\/wp\/v2\/product_tag?post=81097"}],"curies":[{"name":"wp","href":"https:\/\/api.w.org\/{rel}","templated":true}]}}