{"id":81098,"date":"2025-08-24T19:09:38","date_gmt":"2025-08-24T16:09:38","guid":{"rendered":"https:\/\/grindupe.com\/?post_type=product&#038;p=81098"},"modified":"2025-09-07T09:31:12","modified_gmt":"2025-09-07T06:31:12","slug":"stumdomos-stiklines-durys","status":"publish","type":"product","link":"https:\/\/grindupe.com\/en\/parduotuve\/durys\/stumdomos-stiklines-durys\/","title":{"rendered":"Sliding glass doors"},"content":{"rendered":"","protected":false},"excerpt":{"rendered":"Glass sliding doors feature a flawless frameless finish. The interior sliding door set can include a glass leaf, which allows natural light to flow through while still ensuring privacy.\nWhen using a glass leaf, the frame width is adjusted to accommodate thinner doors. The sliding glass door mechanism is equipped with specially designed clamps. Both single-leaf and double-leaf sets are available.\nGlass sliding pocket doors with a metal frame are often an excellent choice for bathrooms or any interior, as they maximize space, provide a sense of luxury, and the frameless glass leaf ensures privacy.\nChoose between clear, frosted, or tinted glass.\n<span style=\"color: #253d4e;\"><strong>D\u0117l detalesn\u0117s informacijos spauskite &#8222;teirautis apie produkt\u0105&#8221; ir si\u0173skite u\u017eklausa.<\/strong><\/span>","protected":false},"featured_media":81252,"comment_status":"open","ping_status":"closed","template":"","meta":{"_acf_changed":false,"_coblocks_attr":"","_coblocks_dimensions":"","_coblocks_responsive_height":"","_coblocks_accordion_ie_support":""},"product_brand":[],"product_cat":[279],"product_tag":[],"class_list":{"0":"post-81098","1":"product","2":"type-product","3":"status-publish","4":"has-post-thumbnail","6":"product_cat-durys","8":"first","9":"onbackorder","10":"taxable","11":"shipping-taxable","12":"product-type-simple"},"acf":[],"yoast_head":"<!-- This site is optimized with the Yoast SEO plugin v26.8 - https:\/\/yoast.com\/product\/yoast-seo-wordpress\/ -->\n<title>Stumdomos stiklin\u0117s durys - Grindup\u0117 - Kokybi\u0161ka grind\u0173 danga<\/title>\n<meta name=\"robots\" content=\"index, follow, max-snippet:-1, max-image-preview:large, max-video-preview:-1\" \/>\n<link rel=\"canonical\" href=\"https:\/\/grindupe.com\/en\/parduotuve\/durys\/stumdomos-stiklines-durys\/\" \/>\n<meta property=\"og:locale\" content=\"en_US\" \/>\n<meta property=\"og:type\" content=\"article\" \/>\n<meta property=\"og:title\" content=\"Stumdomos stiklin\u0117s durys - Grindup\u0117 - Kokybi\u0161ka grind\u0173 danga\" \/>\n<meta property=\"og:description\" content=\"Stiklin\u0117s stumdomos durys pasi\u017eymi nepriekai\u0161tinga ber\u0117m\u0117 apdaila. Vidini\u0173 stumdom\u0173 dur\u0173 komplekte gali b\u016bti \u012fmontuota stiklin\u0117 var\u010dia, kuri leid\u017eia i\u0161saugoti \u0161vies\u0105 ir kartu u\u017etikrinti privatum\u0105. Naudojant stiklin\u0119 var\u010di\u0105, staktos plotis reguliuojamas taip, kad tilpt\u0173 plonesn\u0117s durys. Stiklini\u0173 stumdom\u0173 dur\u0173 mechanizme yra specialiai sukurti spaustukai. Galima rinktis vienv\u0117rius arba dviv\u0117rius komplektus. Metalinio r\u0117mo stiklin\u0117s stumdomos ki\u0161enin\u0117s durys da\u017enai yra puikus pasirinkimas vonios kambariams ar bet kokiam interjerui, nes jos maksimaliai i\u0161naudoja erdv\u0119, suteikia prabangos poj\u016bt\u012f, o ber\u0117m\u0117 stiklin\u0117 var\u010dia u\u017etikrina privatum\u0105. Rinkit\u0117s skaidr\u0173 arba matin\u012f \/ tamsint\u0105 stikl\u0105. D\u0117l detalesn\u0117s informacijos spauskite &quot;teirautis apie produkt\u0105&quot; ir si\u0173skite u\u017eklausa.\" \/>\n<meta property=\"og:url\" content=\"https:\/\/grindupe.com\/en\/parduotuve\/durys\/stumdomos-stiklines-durys\/\" \/>\n<meta property=\"og:site_name\" content=\"Grindup\u0117 - Kokybi\u0161ka grind\u0173 danga\" \/>\n<meta property=\"article:publisher\" content=\"https:\/\/www.facebook.com\/profile.php?id=61563240128761\" \/>\n<meta property=\"article:modified_time\" content=\"2025-09-07T06:31:12+00:00\" \/>\n<meta property=\"og:image\" content=\"https:\/\/grindupe.com\/wp-content\/uploads\/2025\/08\/enigma-glass-leaf-gallery-02-768x512-1.webp\" \/>\n\t<meta property=\"og:image:width\" content=\"768\" \/>\n\t<meta property=\"og:image:height\" content=\"512\" \/>\n\t<meta property=\"og:image:type\" content=\"image\/webp\" \/>\n<meta name=\"twitter:card\" content=\"summary_large_image\" \/>\n<script type=\"application\/ld+json\" class=\"yoast-schema-graph\">{\"@context\":\"https:\/\/schema.org\",\"@graph\":[{\"@type\":\"WebPage\",\"@id\":\"https:\/\/grindupe.com\/parduotuve\/durys\/stumdomos-stiklines-durys\/\",\"url\":\"https:\/\/grindupe.com\/parduotuve\/durys\/stumdomos-stiklines-durys\/\",\"name\":\"Stumdomos stiklin\u0117s durys - Grindup\u0117 - Kokybi\u0161ka grind\u0173 danga\",\"isPartOf\":{\"@id\":\"https:\/\/grindupe.com\/#website\"},\"primaryImageOfPage\":{\"@id\":\"https:\/\/grindupe.com\/parduotuve\/durys\/stumdomos-stiklines-durys\/#primaryimage\"},\"image\":{\"@id\":\"https:\/\/grindupe.com\/parduotuve\/durys\/stumdomos-stiklines-durys\/#primaryimage\"},\"thumbnailUrl\":\"https:\/\/grindupe.com\/wp-content\/uploads\/2025\/08\/enigma-glass-leaf-gallery-02-768x512-1.webp\",\"datePublished\":\"2025-08-24T16:09:38+00:00\",\"dateModified\":\"2025-09-07T06:31:12+00:00\",\"breadcrumb\":{\"@id\":\"https:\/\/grindupe.com\/parduotuve\/durys\/stumdomos-stiklines-durys\/#breadcrumb\"},\"inLanguage\":\"en-US\",\"potentialAction\":[{\"@type\":\"ReadAction\",\"target\":[\"https:\/\/grindupe.com\/parduotuve\/durys\/stumdomos-stiklines-durys\/\"]}]},{\"@type\":\"ImageObject\",\"inLanguage\":\"en-US\",\"@id\":\"https:\/\/grindupe.com\/parduotuve\/durys\/stumdomos-stiklines-durys\/#primaryimage\",\"url\":\"https:\/\/grindupe.com\/wp-content\/uploads\/2025\/08\/enigma-glass-leaf-gallery-02-768x512-1.webp\",\"contentUrl\":\"https:\/\/grindupe.com\/wp-content\/uploads\/2025\/08\/enigma-glass-leaf-gallery-02-768x512-1.webp\",\"width\":768,\"height\":512,\"caption\":\"enigma glass leaf gallery 02 768x512 1\"},{\"@type\":\"BreadcrumbList\",\"@id\":\"https:\/\/grindupe.com\/parduotuve\/durys\/stumdomos-stiklines-durys\/#breadcrumb\",\"itemListElement\":[{\"@type\":\"ListItem\",\"position\":1,\"name\":\"Home\",\"item\":\"https:\/\/grindupe.com\/\"},{\"@type\":\"ListItem\",\"position\":2,\"name\":\"Parduotuv\u0117\",\"item\":\"https:\/\/grindupe.com\/parduotuve\/\"},{\"@type\":\"ListItem\",\"position\":3,\"name\":\"Stumdomos stiklin\u0117s durys\"}]},{\"@type\":\"WebSite\",\"@id\":\"https:\/\/grindupe.com\/#website\",\"url\":\"https:\/\/grindupe.com\/\",\"name\":\"Grinduupe.com\",\"description\":\"Grind\u0173 dangos\",\"publisher\":{\"@id\":\"https:\/\/grindupe.com\/#organization\"},\"potentialAction\":[{\"@type\":\"SearchAction\",\"target\":{\"@type\":\"EntryPoint\",\"urlTemplate\":\"https:\/\/grindupe.com\/?s={search_term_string}\"},\"query-input\":{\"@type\":\"PropertyValueSpecification\",\"valueRequired\":true,\"valueName\":\"search_term_string\"}}],\"inLanguage\":\"en-US\"},{\"@type\":\"Organization\",\"@id\":\"https:\/\/grindupe.com\/#organization\",\"name\":\"Grinduupe\",\"url\":\"https:\/\/grindupe.com\/\",\"logo\":{\"@type\":\"ImageObject\",\"inLanguage\":\"en-US\",\"@id\":\"https:\/\/grindupe.com\/#\/schema\/logo\/image\/\",\"url\":\"https:\/\/grindupe.com\/wp-content\/uploads\/2024\/07\/Gedi-6-email_20250515212455.webp\",\"contentUrl\":\"https:\/\/grindupe.com\/wp-content\/uploads\/2024\/07\/Gedi-6-email_20250515212455.webp\",\"width\":258,\"height\":207,\"caption\":\"Grinduupe\"},\"image\":{\"@id\":\"https:\/\/grindupe.com\/#\/schema\/logo\/image\/\"},\"sameAs\":[\"https:\/\/www.facebook.com\/profile.php?id=61563240128761\"]}]}<\/script>\n<!-- \/ Yoast SEO plugin. -->","yoast_head_json":{"title":"Stumdomos stiklin\u0117s durys - Grindup\u0117 - Kokybi\u0161ka grind\u0173 danga","robots":{"index":"index","follow":"follow","max-snippet":"max-snippet:-1","max-image-preview":"max-image-preview:large","max-video-preview":"max-video-preview:-1"},"canonical":"https:\/\/grindupe.com\/en\/parduotuve\/durys\/stumdomos-stiklines-durys\/","og_locale":"en_US","og_type":"article","og_title":"Stumdomos stiklin\u0117s durys - Grindup\u0117 - Kokybi\u0161ka grind\u0173 danga","og_description":"Stiklin\u0117s stumdomos durys pasi\u017eymi nepriekai\u0161tinga ber\u0117m\u0117 apdaila. Vidini\u0173 stumdom\u0173 dur\u0173 komplekte gali b\u016bti \u012fmontuota stiklin\u0117 var\u010dia, kuri leid\u017eia i\u0161saugoti \u0161vies\u0105 ir kartu u\u017etikrinti privatum\u0105. Naudojant stiklin\u0119 var\u010di\u0105, staktos plotis reguliuojamas taip, kad tilpt\u0173 plonesn\u0117s durys. Stiklini\u0173 stumdom\u0173 dur\u0173 mechanizme yra specialiai sukurti spaustukai. Galima rinktis vienv\u0117rius arba dviv\u0117rius komplektus. Metalinio r\u0117mo stiklin\u0117s stumdomos ki\u0161enin\u0117s durys da\u017enai yra puikus pasirinkimas vonios kambariams ar bet kokiam interjerui, nes jos maksimaliai i\u0161naudoja erdv\u0119, suteikia prabangos poj\u016bt\u012f, o ber\u0117m\u0117 stiklin\u0117 var\u010dia u\u017etikrina privatum\u0105. Rinkit\u0117s skaidr\u0173 arba matin\u012f \/ tamsint\u0105 stikl\u0105. D\u0117l detalesn\u0117s informacijos spauskite \"teirautis apie produkt\u0105\" ir si\u0173skite u\u017eklausa.","og_url":"https:\/\/grindupe.com\/en\/parduotuve\/durys\/stumdomos-stiklines-durys\/","og_site_name":"Grindup\u0117 - Kokybi\u0161ka grind\u0173 danga","article_publisher":"https:\/\/www.facebook.com\/profile.php?id=61563240128761","article_modified_time":"2025-09-07T06:31:12+00:00","og_image":[{"width":768,"height":512,"url":"https:\/\/grindupe.com\/wp-content\/uploads\/2025\/08\/enigma-glass-leaf-gallery-02-768x512-1.webp","type":"image\/webp"}],"twitter_card":"summary_large_image","schema":{"@context":"https:\/\/schema.org","@graph":[{"@type":"WebPage","@id":"https:\/\/grindupe.com\/parduotuve\/durys\/stumdomos-stiklines-durys\/","url":"https:\/\/grindupe.com\/parduotuve\/durys\/stumdomos-stiklines-durys\/","name":"Stumdomos stiklin\u0117s durys - Grindup\u0117 - Kokybi\u0161ka grind\u0173 danga","isPartOf":{"@id":"https:\/\/grindupe.com\/#website"},"primaryImageOfPage":{"@id":"https:\/\/grindupe.com\/parduotuve\/durys\/stumdomos-stiklines-durys\/#primaryimage"},"image":{"@id":"https:\/\/grindupe.com\/parduotuve\/durys\/stumdomos-stiklines-durys\/#primaryimage"},"thumbnailUrl":"https:\/\/grindupe.com\/wp-content\/uploads\/2025\/08\/enigma-glass-leaf-gallery-02-768x512-1.webp","datePublished":"2025-08-24T16:09:38+00:00","dateModified":"2025-09-07T06:31:12+00:00","breadcrumb":{"@id":"https:\/\/grindupe.com\/parduotuve\/durys\/stumdomos-stiklines-durys\/#breadcrumb"},"inLanguage":"en-US","potentialAction":[{"@type":"ReadAction","target":["https:\/\/grindupe.com\/parduotuve\/durys\/stumdomos-stiklines-durys\/"]}]},{"@type":"ImageObject","inLanguage":"en-US","@id":"https:\/\/grindupe.com\/parduotuve\/durys\/stumdomos-stiklines-durys\/#primaryimage","url":"https:\/\/grindupe.com\/wp-content\/uploads\/2025\/08\/enigma-glass-leaf-gallery-02-768x512-1.webp","contentUrl":"https:\/\/grindupe.com\/wp-content\/uploads\/2025\/08\/enigma-glass-leaf-gallery-02-768x512-1.webp","width":768,"height":512,"caption":"enigma glass leaf gallery 02 768x512 1"},{"@type":"BreadcrumbList","@id":"https:\/\/grindupe.com\/parduotuve\/durys\/stumdomos-stiklines-durys\/#breadcrumb","itemListElement":[{"@type":"ListItem","position":1,"name":"Home","item":"https:\/\/grindupe.com\/"},{"@type":"ListItem","position":2,"name":"Parduotuv\u0117","item":"https:\/\/grindupe.com\/parduotuve\/"},{"@type":"ListItem","position":3,"name":"Stumdomos stiklin\u0117s durys"}]},{"@type":"WebSite","@id":"https:\/\/grindupe.com\/#website","url":"https:\/\/grindupe.com\/","name":"Grinduupe.com","description":"Floor coverings","publisher":{"@id":"https:\/\/grindupe.com\/#organization"},"potentialAction":[{"@type":"SearchAction","target":{"@type":"EntryPoint","urlTemplate":"https:\/\/grindupe.com\/?s={search_term_string}"},"query-input":{"@type":"PropertyValueSpecification","valueRequired":true,"valueName":"search_term_string"}}],"inLanguage":"en-US"},{"@type":"Organization","@id":"https:\/\/grindupe.com\/#organization","name":"Grindupupe","url":"https:\/\/grindupe.com\/","logo":{"@type":"ImageObject","inLanguage":"en-US","@id":"https:\/\/grindupe.com\/#\/schema\/logo\/image\/","url":"https:\/\/grindupe.com\/wp-content\/uploads\/2024\/07\/Gedi-6-email_20250515212455.webp","contentUrl":"https:\/\/grindupe.com\/wp-content\/uploads\/2024\/07\/Gedi-6-email_20250515212455.webp","width":258,"height":207,"caption":"Grinduupe"},"image":{"@id":"https:\/\/grindupe.com\/#\/schema\/logo\/image\/"},"sameAs":["https:\/\/www.facebook.com\/profile.php?id=61563240128761"]}]}},"_links":{"self":[{"href":"https:\/\/grindupe.com\/en\/wp-json\/wp\/v2\/product\/81098","targetHints":{"allow":["GET"]}}],"collection":[{"href":"https:\/\/grindupe.com\/en\/wp-json\/wp\/v2\/product"}],"about":[{"href":"https:\/\/grindupe.com\/en\/wp-json\/wp\/v2\/types\/product"}],"replies":[{"embeddable":true,"href":"https:\/\/grindupe.com\/en\/wp-json\/wp\/v2\/comments?post=81098"}],"wp:featuredmedia":[{"embeddable":true,"href":"https:\/\/grindupe.com\/en\/wp-json\/wp\/v2\/media\/81252"}],"wp:attachment":[{"href":"https:\/\/grindupe.com\/en\/wp-json\/wp\/v2\/media?parent=81098"}],"wp:term":[{"taxonomy":"product_brand","embeddable":true,"href":"https:\/\/grindupe.com\/en\/wp-json\/wp\/v2\/product_brand?post=81098"},{"taxonomy":"product_cat","embeddable":true,"href":"https:\/\/grindupe.com\/en\/wp-json\/wp\/v2\/product_cat?post=81098"},{"taxonomy":"product_tag","embeddable":true,"href":"https:\/\/grindupe.com\/en\/wp-json\/wp\/v2\/product_tag?post=81098"}],"curies":[{"name":"wp","href":"https:\/\/api.w.org\/{rel}","templated":true}]}}