{"id":81103,"date":"2025-08-24T19:59:04","date_gmt":"2025-08-24T16:59:04","guid":{"rendered":"https:\/\/grindupe.com\/?post_type=product&#038;p=81103"},"modified":"2025-10-08T13:42:48","modified_gmt":"2025-10-08T10:42:48","slug":"klasikines-durys-su-apvadais","status":"publish","type":"product","link":"https:\/\/grindupe.com\/en\/parduotuve\/durys\/klasikines-durys-su-apvadais\/","title":{"rendered":"Solid classic doors with frames"},"content":{"rendered":"<div class=\"wc-full-description-single-block\" style=\"white-space:pre-line;\">Simple design is the secret to creating timeless fashion. To revive this benchmark of interior d\u00e9cor, the new Vicaima White Collection introduces a contemporary style with a variety of finish options, smooth or textured surfaces, and a palette of white shades.\nTo inspire even more decorating freedom, this collection also offers a wide selection of individual elements \u2013 from striking details to subtle embellishments. To complete the look, choose from glass doors with grooves or inlay designs.\n\nThe Vicaima White Collection includes:\nUltra-smooth Lacdor in RAL 9003 and 9010 colors\nDekordor\u00ae SD, standard resistance foil\nDekordor HD, continuous pressure laminates\nFactory-finished or ready-to-paint options\nGlass, grooved, or inlay designs\nAvailable as door-only or door-and-frame sets\nFire, acoustic, and security features available on request<\/div>","protected":false},"excerpt":{"rendered":"Type: Interior doors\nAvailable finishes: Laminate, MDF, veneered\nAvailable door leaf core: Honeycomb cardboard, solid\nAvailable sizes:\n2015x630mm; 2015x680mm; 2015x730mm; 2015x780mm; 2015x830mm; 2015x880mm; 2015x930mm\n2115x630mm; 2115x680mm; 2115x730mm; 2115x780mm; 2115x830mm; 2115x880mm; 2115x930mm\n2315x630mm; 2315x680mm; 2315x730mm; 2315x780mm; 2315x830mm; 2315x880mm; 2315x930mm\n<span style=\"color: #253d4e;\"><strong>D\u0117l detalesn\u0117s informacijos spauskite &#8222;teirautis apie produkt\u0105&#8221; ir si\u0173skite u\u017eklausa.<\/strong><\/span>","protected":false},"featured_media":81282,"comment_status":"open","ping_status":"closed","template":"","meta":{"_acf_changed":false,"_coblocks_attr":"","_coblocks_dimensions":"","_coblocks_responsive_height":"","_coblocks_accordion_ie_support":""},"product_brand":[],"product_cat":[279],"product_tag":[],"class_list":{"0":"post-81103","1":"product","2":"type-product","3":"status-publish","4":"has-post-thumbnail","6":"product_cat-durys","8":"first","9":"onbackorder","10":"taxable","11":"shipping-taxable","12":"purchasable","13":"product-type-variable","14":"has-default-attributes"},"acf":[],"yoast_head":"<!-- This site is optimized with the Yoast SEO plugin v26.8 - https:\/\/yoast.com\/product\/yoast-seo-wordpress\/ -->\n<title>Pilnavidur\u0117s klasikin\u0117s durys su apvadais - Grindup\u0117 - Kokybi\u0161ka grind\u0173 danga<\/title>\n<meta name=\"robots\" content=\"index, follow, max-snippet:-1, max-image-preview:large, max-video-preview:-1\" \/>\n<link rel=\"canonical\" href=\"https:\/\/grindupe.com\/en\/parduotuve\/durys\/klasikines-durys-su-apvadais\/\" \/>\n<meta property=\"og:locale\" content=\"en_US\" \/>\n<meta property=\"og:type\" content=\"article\" \/>\n<meta property=\"og:title\" content=\"Pilnavidur\u0117s klasikin\u0117s durys su apvadais - Grindup\u0117 - Kokybi\u0161ka grind\u0173 danga\" \/>\n<meta property=\"og:description\" content=\"Tipas: Vidin\u0117s durys Galimas apdorojimas: Laminatas, MDF, faneruotos Galimas var\u010dios u\u017epildas: Korinis kartonas, pilnaviduris Galimi dyd\u017eiai: 2015x630mm; 2015x680mm; 2015x730mm; 2015x780mm; 2015x830mm; 2015x880mm; 2015x930mm 2115x630mm; 2115x680mm; 2115x730mm; 2115x780mm; 2115x830mm; 2115x880mm; 2115x930mm 2315x630mm; 2315x680mm; 2315x730mm; 2315x780mm; 2315x830mm; 2315x880mm; 2315x930mm D\u0117l detalesn\u0117s informacijos spauskite &quot;teirautis apie produkt\u0105&quot; ir si\u0173skite u\u017eklausa.\" \/>\n<meta property=\"og:url\" content=\"https:\/\/grindupe.com\/en\/parduotuve\/durys\/klasikines-durys-su-apvadais\/\" \/>\n<meta property=\"og:site_name\" content=\"Grindup\u0117 - Kokybi\u0161ka grind\u0173 danga\" \/>\n<meta property=\"article:publisher\" content=\"https:\/\/www.facebook.com\/profile.php?id=61563240128761\" \/>\n<meta property=\"article:modified_time\" content=\"2025-10-08T10:42:48+00:00\" \/>\n<meta property=\"og:image\" content=\"https:\/\/grindupe.com\/wp-content\/uploads\/2025\/08\/Screenshot_20250825_035526.png\" \/>\n\t<meta property=\"og:image:width\" content=\"1236\" \/>\n\t<meta property=\"og:image:height\" content=\"793\" \/>\n\t<meta property=\"og:image:type\" content=\"image\/png\" \/>\n<meta name=\"twitter:card\" content=\"summary_large_image\" \/>\n<meta name=\"twitter:label1\" content=\"Est. reading time\" \/>\n\t<meta name=\"twitter:data1\" content=\"1 minute\" \/>\n<script type=\"application\/ld+json\" class=\"yoast-schema-graph\">{\"@context\":\"https:\/\/schema.org\",\"@graph\":[{\"@type\":\"WebPage\",\"@id\":\"https:\/\/grindupe.com\/parduotuve\/durys\/klasikines-durys-su-apvadais\/\",\"url\":\"https:\/\/grindupe.com\/parduotuve\/durys\/klasikines-durys-su-apvadais\/\",\"name\":\"Pilnavidur\u0117s klasikin\u0117s durys su apvadais - Grindup\u0117 - Kokybi\u0161ka grind\u0173 danga\",\"isPartOf\":{\"@id\":\"https:\/\/grindupe.com\/#website\"},\"primaryImageOfPage\":{\"@id\":\"https:\/\/grindupe.com\/parduotuve\/durys\/klasikines-durys-su-apvadais\/#primaryimage\"},\"image\":{\"@id\":\"https:\/\/grindupe.com\/parduotuve\/durys\/klasikines-durys-su-apvadais\/#primaryimage\"},\"thumbnailUrl\":\"https:\/\/grindupe.com\/wp-content\/uploads\/2025\/08\/Screenshot_20250825_035526.png\",\"datePublished\":\"2025-08-24T16:59:04+00:00\",\"dateModified\":\"2025-10-08T10:42:48+00:00\",\"breadcrumb\":{\"@id\":\"https:\/\/grindupe.com\/parduotuve\/durys\/klasikines-durys-su-apvadais\/#breadcrumb\"},\"inLanguage\":\"en-US\",\"potentialAction\":[{\"@type\":\"ReadAction\",\"target\":[\"https:\/\/grindupe.com\/parduotuve\/durys\/klasikines-durys-su-apvadais\/\"]}]},{\"@type\":\"ImageObject\",\"inLanguage\":\"en-US\",\"@id\":\"https:\/\/grindupe.com\/parduotuve\/durys\/klasikines-durys-su-apvadais\/#primaryimage\",\"url\":\"https:\/\/grindupe.com\/wp-content\/uploads\/2025\/08\/Screenshot_20250825_035526.png\",\"contentUrl\":\"https:\/\/grindupe.com\/wp-content\/uploads\/2025\/08\/Screenshot_20250825_035526.png\",\"width\":1236,\"height\":793,\"caption\":\"Screenshot 20250825 035526\"},{\"@type\":\"BreadcrumbList\",\"@id\":\"https:\/\/grindupe.com\/parduotuve\/durys\/klasikines-durys-su-apvadais\/#breadcrumb\",\"itemListElement\":[{\"@type\":\"ListItem\",\"position\":1,\"name\":\"Home\",\"item\":\"https:\/\/grindupe.com\/\"},{\"@type\":\"ListItem\",\"position\":2,\"name\":\"Parduotuv\u0117\",\"item\":\"https:\/\/grindupe.com\/parduotuve\/\"},{\"@type\":\"ListItem\",\"position\":3,\"name\":\"Pilnavidur\u0117s klasikin\u0117s durys su apvadais\"}]},{\"@type\":\"WebSite\",\"@id\":\"https:\/\/grindupe.com\/#website\",\"url\":\"https:\/\/grindupe.com\/\",\"name\":\"Grinduupe.com\",\"description\":\"Grind\u0173 dangos\",\"publisher\":{\"@id\":\"https:\/\/grindupe.com\/#organization\"},\"potentialAction\":[{\"@type\":\"SearchAction\",\"target\":{\"@type\":\"EntryPoint\",\"urlTemplate\":\"https:\/\/grindupe.com\/?s={search_term_string}\"},\"query-input\":{\"@type\":\"PropertyValueSpecification\",\"valueRequired\":true,\"valueName\":\"search_term_string\"}}],\"inLanguage\":\"en-US\"},{\"@type\":\"Organization\",\"@id\":\"https:\/\/grindupe.com\/#organization\",\"name\":\"Grinduupe\",\"url\":\"https:\/\/grindupe.com\/\",\"logo\":{\"@type\":\"ImageObject\",\"inLanguage\":\"en-US\",\"@id\":\"https:\/\/grindupe.com\/#\/schema\/logo\/image\/\",\"url\":\"https:\/\/grindupe.com\/wp-content\/uploads\/2024\/07\/Gedi-6-email_20250515212455.webp\",\"contentUrl\":\"https:\/\/grindupe.com\/wp-content\/uploads\/2024\/07\/Gedi-6-email_20250515212455.webp\",\"width\":258,\"height\":207,\"caption\":\"Grinduupe\"},\"image\":{\"@id\":\"https:\/\/grindupe.com\/#\/schema\/logo\/image\/\"},\"sameAs\":[\"https:\/\/www.facebook.com\/profile.php?id=61563240128761\"]}]}<\/script>\n<!-- \/ Yoast SEO plugin. -->","yoast_head_json":{"title":"Pilnavidur\u0117s klasikin\u0117s durys su apvadais - Grindup\u0117 - Kokybi\u0161ka grind\u0173 danga","robots":{"index":"index","follow":"follow","max-snippet":"max-snippet:-1","max-image-preview":"max-image-preview:large","max-video-preview":"max-video-preview:-1"},"canonical":"https:\/\/grindupe.com\/en\/parduotuve\/durys\/klasikines-durys-su-apvadais\/","og_locale":"en_US","og_type":"article","og_title":"Pilnavidur\u0117s klasikin\u0117s durys su apvadais - Grindup\u0117 - Kokybi\u0161ka grind\u0173 danga","og_description":"Tipas: Vidin\u0117s durys Galimas apdorojimas: Laminatas, MDF, faneruotos Galimas var\u010dios u\u017epildas: Korinis kartonas, pilnaviduris Galimi dyd\u017eiai: 2015x630mm; 2015x680mm; 2015x730mm; 2015x780mm; 2015x830mm; 2015x880mm; 2015x930mm 2115x630mm; 2115x680mm; 2115x730mm; 2115x780mm; 2115x830mm; 2115x880mm; 2115x930mm 2315x630mm; 2315x680mm; 2315x730mm; 2315x780mm; 2315x830mm; 2315x880mm; 2315x930mm D\u0117l detalesn\u0117s informacijos spauskite \"teirautis apie produkt\u0105\" ir si\u0173skite u\u017eklausa.","og_url":"https:\/\/grindupe.com\/en\/parduotuve\/durys\/klasikines-durys-su-apvadais\/","og_site_name":"Grindup\u0117 - Kokybi\u0161ka grind\u0173 danga","article_publisher":"https:\/\/www.facebook.com\/profile.php?id=61563240128761","article_modified_time":"2025-10-08T10:42:48+00:00","og_image":[{"width":1236,"height":793,"url":"https:\/\/grindupe.com\/wp-content\/uploads\/2025\/08\/Screenshot_20250825_035526.png","type":"image\/png"}],"twitter_card":"summary_large_image","twitter_misc":{"Est. reading time":"1 minute"},"schema":{"@context":"https:\/\/schema.org","@graph":[{"@type":"WebPage","@id":"https:\/\/grindupe.com\/parduotuve\/durys\/klasikines-durys-su-apvadais\/","url":"https:\/\/grindupe.com\/parduotuve\/durys\/klasikines-durys-su-apvadais\/","name":"Pilnavidur\u0117s klasikin\u0117s durys su apvadais - Grindup\u0117 - Kokybi\u0161ka grind\u0173 danga","isPartOf":{"@id":"https:\/\/grindupe.com\/#website"},"primaryImageOfPage":{"@id":"https:\/\/grindupe.com\/parduotuve\/durys\/klasikines-durys-su-apvadais\/#primaryimage"},"image":{"@id":"https:\/\/grindupe.com\/parduotuve\/durys\/klasikines-durys-su-apvadais\/#primaryimage"},"thumbnailUrl":"https:\/\/grindupe.com\/wp-content\/uploads\/2025\/08\/Screenshot_20250825_035526.png","datePublished":"2025-08-24T16:59:04+00:00","dateModified":"2025-10-08T10:42:48+00:00","breadcrumb":{"@id":"https:\/\/grindupe.com\/parduotuve\/durys\/klasikines-durys-su-apvadais\/#breadcrumb"},"inLanguage":"en-US","potentialAction":[{"@type":"ReadAction","target":["https:\/\/grindupe.com\/parduotuve\/durys\/klasikines-durys-su-apvadais\/"]}]},{"@type":"ImageObject","inLanguage":"en-US","@id":"https:\/\/grindupe.com\/parduotuve\/durys\/klasikines-durys-su-apvadais\/#primaryimage","url":"https:\/\/grindupe.com\/wp-content\/uploads\/2025\/08\/Screenshot_20250825_035526.png","contentUrl":"https:\/\/grindupe.com\/wp-content\/uploads\/2025\/08\/Screenshot_20250825_035526.png","width":1236,"height":793,"caption":"Screenshot 20250825 035526"},{"@type":"BreadcrumbList","@id":"https:\/\/grindupe.com\/parduotuve\/durys\/klasikines-durys-su-apvadais\/#breadcrumb","itemListElement":[{"@type":"ListItem","position":1,"name":"Home","item":"https:\/\/grindupe.com\/"},{"@type":"ListItem","position":2,"name":"Parduotuv\u0117","item":"https:\/\/grindupe.com\/parduotuve\/"},{"@type":"ListItem","position":3,"name":"Pilnavidur\u0117s klasikin\u0117s durys su apvadais"}]},{"@type":"WebSite","@id":"https:\/\/grindupe.com\/#website","url":"https:\/\/grindupe.com\/","name":"Grinduupe.com","description":"Floor coverings","publisher":{"@id":"https:\/\/grindupe.com\/#organization"},"potentialAction":[{"@type":"SearchAction","target":{"@type":"EntryPoint","urlTemplate":"https:\/\/grindupe.com\/?s={search_term_string}"},"query-input":{"@type":"PropertyValueSpecification","valueRequired":true,"valueName":"search_term_string"}}],"inLanguage":"en-US"},{"@type":"Organization","@id":"https:\/\/grindupe.com\/#organization","name":"Grindupupe","url":"https:\/\/grindupe.com\/","logo":{"@type":"ImageObject","inLanguage":"en-US","@id":"https:\/\/grindupe.com\/#\/schema\/logo\/image\/","url":"https:\/\/grindupe.com\/wp-content\/uploads\/2024\/07\/Gedi-6-email_20250515212455.webp","contentUrl":"https:\/\/grindupe.com\/wp-content\/uploads\/2024\/07\/Gedi-6-email_20250515212455.webp","width":258,"height":207,"caption":"Grinduupe"},"image":{"@id":"https:\/\/grindupe.com\/#\/schema\/logo\/image\/"},"sameAs":["https:\/\/www.facebook.com\/profile.php?id=61563240128761"]}]}},"_links":{"self":[{"href":"https:\/\/grindupe.com\/en\/wp-json\/wp\/v2\/product\/81103","targetHints":{"allow":["GET"]}}],"collection":[{"href":"https:\/\/grindupe.com\/en\/wp-json\/wp\/v2\/product"}],"about":[{"href":"https:\/\/grindupe.com\/en\/wp-json\/wp\/v2\/types\/product"}],"replies":[{"embeddable":true,"href":"https:\/\/grindupe.com\/en\/wp-json\/wp\/v2\/comments?post=81103"}],"wp:featuredmedia":[{"embeddable":true,"href":"https:\/\/grindupe.com\/en\/wp-json\/wp\/v2\/media\/81282"}],"wp:attachment":[{"href":"https:\/\/grindupe.com\/en\/wp-json\/wp\/v2\/media?parent=81103"}],"wp:term":[{"taxonomy":"product_brand","embeddable":true,"href":"https:\/\/grindupe.com\/en\/wp-json\/wp\/v2\/product_brand?post=81103"},{"taxonomy":"product_cat","embeddable":true,"href":"https:\/\/grindupe.com\/en\/wp-json\/wp\/v2\/product_cat?post=81103"},{"taxonomy":"product_tag","embeddable":true,"href":"https:\/\/grindupe.com\/en\/wp-json\/wp\/v2\/product_tag?post=81103"}],"curies":[{"name":"wp","href":"https:\/\/api.w.org\/{rel}","templated":true}]}}