{"id":81107,"date":"2025-08-24T21:41:22","date_gmt":"2025-08-24T18:41:22","guid":{"rendered":"https:\/\/grindupe.com\/?post_type=product&#038;p=81107"},"modified":"2025-09-07T09:30:12","modified_gmt":"2025-09-07T06:30:12","slug":"metalines-priesgaisrines-durys","status":"publish","type":"product","link":"https:\/\/grindupe.com\/en\/parduotuve\/technines-durys\/metalines-priesgaisrines-durys\/","title":{"rendered":"Metal fire doors"},"content":{"rendered":"","protected":false},"excerpt":{"rendered":"Fire doors are manufactured in compliance with strict production inspections that ensure the highest product quality. They are presented as fire-resistant solutions that meet fire safety requirements. They can be single- or double-leaf and come in various sizes, with fire resistance ratings of 60, 90, or 120 minutes.\nThe galvanized steel sheet is pre-coated in RAL standard 7035 (gray color), making it suitable for any architecture or decoration, and customers can also request their preferred color. They can be factory-supplied in selected RAL colors, with wood or aluminum imitation PVC films, digital photo\/design prints for interior customization, and acoustic equipment.\nFor interior or exterior applications, they are typically used for emergency exits and in projects requiring fire safety compliance.\n<span style=\"color: #253D4E;\"><strong>D\u0117l detalesn\u0117s informacijos spauskite &#8222;teirautis apie produkt\u0105&#8221; ir si\u0173skite u\u017eklausa.<\/strong><\/span>","protected":false},"featured_media":81290,"comment_status":"open","ping_status":"closed","template":"","meta":{"_acf_changed":false,"_coblocks_attr":"","_coblocks_dimensions":"","_coblocks_responsive_height":"","_coblocks_accordion_ie_support":""},"product_brand":[],"product_cat":[301],"product_tag":[],"class_list":{"0":"post-81107","1":"product","2":"type-product","3":"status-publish","4":"has-post-thumbnail","6":"product_cat-technines-durys","8":"first","9":"onbackorder","10":"taxable","11":"shipping-taxable","12":"product-type-simple"},"acf":[],"yoast_head":"<!-- This site is optimized with the Yoast SEO plugin v26.8 - https:\/\/yoast.com\/product\/yoast-seo-wordpress\/ -->\n<title>Metalin\u0117s prie\u0161gaisrin\u0117s durys - Grindup\u0117 - Kokybi\u0161ka grind\u0173 danga<\/title>\n<meta name=\"robots\" content=\"index, follow, max-snippet:-1, max-image-preview:large, max-video-preview:-1\" \/>\n<link rel=\"canonical\" href=\"https:\/\/grindupe.com\/en\/parduotuve\/technines-durys\/metalines-priesgaisrines-durys\/\" \/>\n<meta property=\"og:locale\" content=\"en_US\" \/>\n<meta property=\"og:type\" content=\"article\" \/>\n<meta property=\"og:title\" content=\"Metalin\u0117s prie\u0161gaisrin\u0117s durys - Grindup\u0117 - Kokybi\u0161ka grind\u0173 danga\" \/>\n<meta property=\"og:description\" content=\"Prie\u0161gaisrin\u0117s durys gaminamos laikantis grie\u017et\u0173 gamybos patikrinim\u0173, kurie u\u017etikrina auk\u0161\u010diausi\u0105 gaminio kokyb\u0119. Jos pristatomos kaip ugniai atspar\u016bs sprendimai, atitinkantys prie\u0161gaisrin\u0117s saugos reikalavimus. Jos gali b\u016bti vienos arba dviej\u0173 var\u010di\u0173 ir \u012fvairi\u0173 dyd\u017ei\u0173, tod\u0117l j\u0173 atsparumas ugniai yra 60, 90 arba 120 p\u0117d\u0173. Cinkuoto plieno lak\u0161tas yra i\u0161 anksto padengtas Ral standartu 7035 (pilka spalva), tod\u0117l tinka bet kokiai architekt\u016brai ar dekoracijai, be to, klientas gali gauti norim\u0105 spalv\u0105. Jos gali b\u016bti tiekiamos i\u0161 gamyklos kai kuriomis Ral spalvomis, su med\u017eio arba aliuminio imitacijos PVC pl\u0117vel\u0117mis, su skaitmenine nuotrauk\u0173 \/ dizaino spauda patalpos pritaikymui ir akustine \u012franga. Interjero ar i\u0161or\u0117s reikm\u0117ms jos paprastai naudojamos avariniams i\u0161\u0117jimams ir projektuose, kuriems keliami prie\u0161gaisrin\u0117s saugos reikalavimai. D\u0117l detalesn\u0117s informacijos spauskite &quot;teirautis apie produkt\u0105&quot; ir si\u0173skite u\u017eklausa.\" \/>\n<meta property=\"og:url\" content=\"https:\/\/grindupe.com\/en\/parduotuve\/technines-durys\/metalines-priesgaisrines-durys\/\" \/>\n<meta property=\"og:site_name\" content=\"Grindup\u0117 - Kokybi\u0161ka grind\u0173 danga\" \/>\n<meta property=\"article:publisher\" content=\"https:\/\/www.facebook.com\/profile.php?id=61563240128761\" \/>\n<meta property=\"article:modified_time\" content=\"2025-09-07T06:30:12+00:00\" \/>\n<meta property=\"og:image\" content=\"https:\/\/grindupe.com\/wp-content\/uploads\/2025\/08\/porta-vermelha-700x470-9472421052020.webp\" \/>\n\t<meta property=\"og:image:width\" content=\"695\" \/>\n\t<meta property=\"og:image:height\" content=\"467\" \/>\n\t<meta property=\"og:image:type\" content=\"image\/webp\" \/>\n<meta name=\"twitter:card\" content=\"summary_large_image\" \/>\n<script type=\"application\/ld+json\" class=\"yoast-schema-graph\">{\"@context\":\"https:\/\/schema.org\",\"@graph\":[{\"@type\":\"WebPage\",\"@id\":\"https:\/\/grindupe.com\/parduotuve\/technines-durys\/metalines-priesgaisrines-durys\/\",\"url\":\"https:\/\/grindupe.com\/parduotuve\/technines-durys\/metalines-priesgaisrines-durys\/\",\"name\":\"Metalin\u0117s prie\u0161gaisrin\u0117s durys - Grindup\u0117 - Kokybi\u0161ka grind\u0173 danga\",\"isPartOf\":{\"@id\":\"https:\/\/grindupe.com\/#website\"},\"primaryImageOfPage\":{\"@id\":\"https:\/\/grindupe.com\/parduotuve\/technines-durys\/metalines-priesgaisrines-durys\/#primaryimage\"},\"image\":{\"@id\":\"https:\/\/grindupe.com\/parduotuve\/technines-durys\/metalines-priesgaisrines-durys\/#primaryimage\"},\"thumbnailUrl\":\"https:\/\/grindupe.com\/wp-content\/uploads\/2025\/08\/porta-vermelha-700x470-9472421052020.webp\",\"datePublished\":\"2025-08-24T18:41:22+00:00\",\"dateModified\":\"2025-09-07T06:30:12+00:00\",\"breadcrumb\":{\"@id\":\"https:\/\/grindupe.com\/parduotuve\/technines-durys\/metalines-priesgaisrines-durys\/#breadcrumb\"},\"inLanguage\":\"en-US\",\"potentialAction\":[{\"@type\":\"ReadAction\",\"target\":[\"https:\/\/grindupe.com\/parduotuve\/technines-durys\/metalines-priesgaisrines-durys\/\"]}]},{\"@type\":\"ImageObject\",\"inLanguage\":\"en-US\",\"@id\":\"https:\/\/grindupe.com\/parduotuve\/technines-durys\/metalines-priesgaisrines-durys\/#primaryimage\",\"url\":\"https:\/\/grindupe.com\/wp-content\/uploads\/2025\/08\/porta-vermelha-700x470-9472421052020.webp\",\"contentUrl\":\"https:\/\/grindupe.com\/wp-content\/uploads\/2025\/08\/porta-vermelha-700x470-9472421052020.webp\",\"width\":695,\"height\":467,\"caption\":\"porta vermelha 700x470 9472421052020\"},{\"@type\":\"BreadcrumbList\",\"@id\":\"https:\/\/grindupe.com\/parduotuve\/technines-durys\/metalines-priesgaisrines-durys\/#breadcrumb\",\"itemListElement\":[{\"@type\":\"ListItem\",\"position\":1,\"name\":\"Home\",\"item\":\"https:\/\/grindupe.com\/\"},{\"@type\":\"ListItem\",\"position\":2,\"name\":\"Parduotuv\u0117\",\"item\":\"https:\/\/grindupe.com\/parduotuve\/\"},{\"@type\":\"ListItem\",\"position\":3,\"name\":\"Metalin\u0117s prie\u0161gaisrin\u0117s durys\"}]},{\"@type\":\"WebSite\",\"@id\":\"https:\/\/grindupe.com\/#website\",\"url\":\"https:\/\/grindupe.com\/\",\"name\":\"Grinduupe.com\",\"description\":\"Grind\u0173 dangos\",\"publisher\":{\"@id\":\"https:\/\/grindupe.com\/#organization\"},\"potentialAction\":[{\"@type\":\"SearchAction\",\"target\":{\"@type\":\"EntryPoint\",\"urlTemplate\":\"https:\/\/grindupe.com\/?s={search_term_string}\"},\"query-input\":{\"@type\":\"PropertyValueSpecification\",\"valueRequired\":true,\"valueName\":\"search_term_string\"}}],\"inLanguage\":\"en-US\"},{\"@type\":\"Organization\",\"@id\":\"https:\/\/grindupe.com\/#organization\",\"name\":\"Grinduupe\",\"url\":\"https:\/\/grindupe.com\/\",\"logo\":{\"@type\":\"ImageObject\",\"inLanguage\":\"en-US\",\"@id\":\"https:\/\/grindupe.com\/#\/schema\/logo\/image\/\",\"url\":\"https:\/\/grindupe.com\/wp-content\/uploads\/2024\/07\/Gedi-6-email_20250515212455.webp\",\"contentUrl\":\"https:\/\/grindupe.com\/wp-content\/uploads\/2024\/07\/Gedi-6-email_20250515212455.webp\",\"width\":258,\"height\":207,\"caption\":\"Grinduupe\"},\"image\":{\"@id\":\"https:\/\/grindupe.com\/#\/schema\/logo\/image\/\"},\"sameAs\":[\"https:\/\/www.facebook.com\/profile.php?id=61563240128761\"]}]}<\/script>\n<!-- \/ Yoast SEO plugin. -->","yoast_head_json":{"title":"Metalin\u0117s prie\u0161gaisrin\u0117s durys - Grindup\u0117 - Kokybi\u0161ka grind\u0173 danga","robots":{"index":"index","follow":"follow","max-snippet":"max-snippet:-1","max-image-preview":"max-image-preview:large","max-video-preview":"max-video-preview:-1"},"canonical":"https:\/\/grindupe.com\/en\/parduotuve\/technines-durys\/metalines-priesgaisrines-durys\/","og_locale":"en_US","og_type":"article","og_title":"Metalin\u0117s prie\u0161gaisrin\u0117s durys - Grindup\u0117 - Kokybi\u0161ka grind\u0173 danga","og_description":"Prie\u0161gaisrin\u0117s durys gaminamos laikantis grie\u017et\u0173 gamybos patikrinim\u0173, kurie u\u017etikrina auk\u0161\u010diausi\u0105 gaminio kokyb\u0119. Jos pristatomos kaip ugniai atspar\u016bs sprendimai, atitinkantys prie\u0161gaisrin\u0117s saugos reikalavimus. Jos gali b\u016bti vienos arba dviej\u0173 var\u010di\u0173 ir \u012fvairi\u0173 dyd\u017ei\u0173, tod\u0117l j\u0173 atsparumas ugniai yra 60, 90 arba 120 p\u0117d\u0173. Cinkuoto plieno lak\u0161tas yra i\u0161 anksto padengtas Ral standartu 7035 (pilka spalva), tod\u0117l tinka bet kokiai architekt\u016brai ar dekoracijai, be to, klientas gali gauti norim\u0105 spalv\u0105. Jos gali b\u016bti tiekiamos i\u0161 gamyklos kai kuriomis Ral spalvomis, su med\u017eio arba aliuminio imitacijos PVC pl\u0117vel\u0117mis, su skaitmenine nuotrauk\u0173 \/ dizaino spauda patalpos pritaikymui ir akustine \u012franga. Interjero ar i\u0161or\u0117s reikm\u0117ms jos paprastai naudojamos avariniams i\u0161\u0117jimams ir projektuose, kuriems keliami prie\u0161gaisrin\u0117s saugos reikalavimai. D\u0117l detalesn\u0117s informacijos spauskite \"teirautis apie produkt\u0105\" ir si\u0173skite u\u017eklausa.","og_url":"https:\/\/grindupe.com\/en\/parduotuve\/technines-durys\/metalines-priesgaisrines-durys\/","og_site_name":"Grindup\u0117 - Kokybi\u0161ka grind\u0173 danga","article_publisher":"https:\/\/www.facebook.com\/profile.php?id=61563240128761","article_modified_time":"2025-09-07T06:30:12+00:00","og_image":[{"width":695,"height":467,"url":"https:\/\/grindupe.com\/wp-content\/uploads\/2025\/08\/porta-vermelha-700x470-9472421052020.webp","type":"image\/webp"}],"twitter_card":"summary_large_image","schema":{"@context":"https:\/\/schema.org","@graph":[{"@type":"WebPage","@id":"https:\/\/grindupe.com\/parduotuve\/technines-durys\/metalines-priesgaisrines-durys\/","url":"https:\/\/grindupe.com\/parduotuve\/technines-durys\/metalines-priesgaisrines-durys\/","name":"Metalin\u0117s prie\u0161gaisrin\u0117s durys - Grindup\u0117 - Kokybi\u0161ka grind\u0173 danga","isPartOf":{"@id":"https:\/\/grindupe.com\/#website"},"primaryImageOfPage":{"@id":"https:\/\/grindupe.com\/parduotuve\/technines-durys\/metalines-priesgaisrines-durys\/#primaryimage"},"image":{"@id":"https:\/\/grindupe.com\/parduotuve\/technines-durys\/metalines-priesgaisrines-durys\/#primaryimage"},"thumbnailUrl":"https:\/\/grindupe.com\/wp-content\/uploads\/2025\/08\/porta-vermelha-700x470-9472421052020.webp","datePublished":"2025-08-24T18:41:22+00:00","dateModified":"2025-09-07T06:30:12+00:00","breadcrumb":{"@id":"https:\/\/grindupe.com\/parduotuve\/technines-durys\/metalines-priesgaisrines-durys\/#breadcrumb"},"inLanguage":"en-US","potentialAction":[{"@type":"ReadAction","target":["https:\/\/grindupe.com\/parduotuve\/technines-durys\/metalines-priesgaisrines-durys\/"]}]},{"@type":"ImageObject","inLanguage":"en-US","@id":"https:\/\/grindupe.com\/parduotuve\/technines-durys\/metalines-priesgaisrines-durys\/#primaryimage","url":"https:\/\/grindupe.com\/wp-content\/uploads\/2025\/08\/porta-vermelha-700x470-9472421052020.webp","contentUrl":"https:\/\/grindupe.com\/wp-content\/uploads\/2025\/08\/porta-vermelha-700x470-9472421052020.webp","width":695,"height":467,"caption":"porta vermelha 700x470 9472421052020"},{"@type":"BreadcrumbList","@id":"https:\/\/grindupe.com\/parduotuve\/technines-durys\/metalines-priesgaisrines-durys\/#breadcrumb","itemListElement":[{"@type":"ListItem","position":1,"name":"Home","item":"https:\/\/grindupe.com\/"},{"@type":"ListItem","position":2,"name":"Parduotuv\u0117","item":"https:\/\/grindupe.com\/parduotuve\/"},{"@type":"ListItem","position":3,"name":"Metalin\u0117s prie\u0161gaisrin\u0117s durys"}]},{"@type":"WebSite","@id":"https:\/\/grindupe.com\/#website","url":"https:\/\/grindupe.com\/","name":"Grinduupe.com","description":"Floor coverings","publisher":{"@id":"https:\/\/grindupe.com\/#organization"},"potentialAction":[{"@type":"SearchAction","target":{"@type":"EntryPoint","urlTemplate":"https:\/\/grindupe.com\/?s={search_term_string}"},"query-input":{"@type":"PropertyValueSpecification","valueRequired":true,"valueName":"search_term_string"}}],"inLanguage":"en-US"},{"@type":"Organization","@id":"https:\/\/grindupe.com\/#organization","name":"Grindupupe","url":"https:\/\/grindupe.com\/","logo":{"@type":"ImageObject","inLanguage":"en-US","@id":"https:\/\/grindupe.com\/#\/schema\/logo\/image\/","url":"https:\/\/grindupe.com\/wp-content\/uploads\/2024\/07\/Gedi-6-email_20250515212455.webp","contentUrl":"https:\/\/grindupe.com\/wp-content\/uploads\/2024\/07\/Gedi-6-email_20250515212455.webp","width":258,"height":207,"caption":"Grinduupe"},"image":{"@id":"https:\/\/grindupe.com\/#\/schema\/logo\/image\/"},"sameAs":["https:\/\/www.facebook.com\/profile.php?id=61563240128761"]}]}},"_links":{"self":[{"href":"https:\/\/grindupe.com\/en\/wp-json\/wp\/v2\/product\/81107","targetHints":{"allow":["GET"]}}],"collection":[{"href":"https:\/\/grindupe.com\/en\/wp-json\/wp\/v2\/product"}],"about":[{"href":"https:\/\/grindupe.com\/en\/wp-json\/wp\/v2\/types\/product"}],"replies":[{"embeddable":true,"href":"https:\/\/grindupe.com\/en\/wp-json\/wp\/v2\/comments?post=81107"}],"wp:featuredmedia":[{"embeddable":true,"href":"https:\/\/grindupe.com\/en\/wp-json\/wp\/v2\/media\/81290"}],"wp:attachment":[{"href":"https:\/\/grindupe.com\/en\/wp-json\/wp\/v2\/media?parent=81107"}],"wp:term":[{"taxonomy":"product_brand","embeddable":true,"href":"https:\/\/grindupe.com\/en\/wp-json\/wp\/v2\/product_brand?post=81107"},{"taxonomy":"product_cat","embeddable":true,"href":"https:\/\/grindupe.com\/en\/wp-json\/wp\/v2\/product_cat?post=81107"},{"taxonomy":"product_tag","embeddable":true,"href":"https:\/\/grindupe.com\/en\/wp-json\/wp\/v2\/product_tag?post=81107"}],"curies":[{"name":"wp","href":"https:\/\/api.w.org\/{rel}","templated":true}]}}