{"id":81108,"date":"2025-08-24T21:45:11","date_gmt":"2025-08-24T18:45:11","guid":{"rendered":"https:\/\/grindupe.com\/?post_type=product&#038;p=81108"},"modified":"2025-09-07T09:30:19","modified_gmt":"2025-09-07T06:30:19","slug":"metalines-apsaugines-durys","status":"publish","type":"product","link":"https:\/\/grindupe.com\/en\/parduotuve\/technines-durys\/metalines-apsaugines-durys\/","title":{"rendered":"Metal security doors"},"content":{"rendered":"","protected":false},"excerpt":{"rendered":"Doors designed to ensure comfort and security in every home.\nThey are sold with various configurations: door viewer, automatic seal, opening limiter, handles, anti-burglary bolts, hinges, reinforced security locks, and more.\nThanks to their naturally resistant properties, they offer a wide range of finishes tailored to any space and aligned with decoration trends.\nThey are suitable for demanding spaces and requirements, such as acoustic and fire resistance, and are available in several models: single-leaf, double-leaf, with overhead panel, fixed side panels, and more.\nSuitable for both indoor and outdoor use, they are most commonly installed at apartment and house entrances.\n<span style=\"color: #253D4E;\"><strong>D\u0117l detalesn\u0117s informacijos spauskite &#8222;teirautis apie produkt\u0105&#8221; ir si\u0173skite u\u017eklausa.<\/strong><\/span>","protected":false},"featured_media":81291,"comment_status":"open","ping_status":"closed","template":"","meta":{"_acf_changed":false,"_coblocks_attr":"","_coblocks_dimensions":"","_coblocks_responsive_height":"","_coblocks_accordion_ie_support":""},"product_brand":[],"product_cat":[301],"product_tag":[],"class_list":{"0":"post-81108","1":"product","2":"type-product","3":"status-publish","4":"has-post-thumbnail","6":"product_cat-technines-durys","8":"first","9":"onbackorder","10":"taxable","11":"shipping-taxable","12":"product-type-simple"},"acf":[],"yoast_head":"<!-- This site is optimized with the Yoast SEO plugin v26.8 - https:\/\/yoast.com\/product\/yoast-seo-wordpress\/ -->\n<title>Metalin\u0117s apsaugin\u0117s durys - Grindup\u0117 - Kokybi\u0161ka grind\u0173 danga<\/title>\n<meta name=\"robots\" content=\"index, follow, max-snippet:-1, max-image-preview:large, max-video-preview:-1\" \/>\n<link rel=\"canonical\" href=\"https:\/\/grindupe.com\/en\/parduotuve\/technines-durys\/metalines-apsaugines-durys\/\" \/>\n<meta property=\"og:locale\" content=\"en_US\" \/>\n<meta property=\"og:type\" content=\"article\" \/>\n<meta property=\"og:title\" content=\"Metalin\u0117s apsaugin\u0117s durys - Grindup\u0117 - Kokybi\u0161ka grind\u0173 danga\" \/>\n<meta property=\"og:description\" content=\"Durys, pagamintos siekiant u\u017etikrinti kiekvien\u0173 nam\u0173 komfort\u0105 ir saugum\u0105. Jos parduodamos su \u012fvairia komplektacij\u0105: dur\u0173 akute, automatiniu sandarikliu, atidarymo ribotuvu, rankenomis, apsaugos nuo \u012fsilau\u017eimo skl\u0105s\u010diais, vyriais, sustiprintomis apsaugin\u0117mis spynomis ir kita. D\u0117l nat\u016braliai atspari\u0173 savybi\u0173 jos leid\u017eia pasirinkti plat\u0173 apdailos pasirinkim\u0105, pritaikyt\u0105 kiekvienai erdvei ir atitinkant\u012f dekoravimo tendencijas. Jos tinka reiklioms erdv\u0117ms ir reikalavimams, kaip akustin\u0117ms, atsparumo ugniai, taip pat galima rinktis i\u0161 keli\u0173 modeli\u0173: vieno lak\u0161to, dviej\u0173 var\u010di\u0173, panel\u0117 vir\u0161 dur\u0173, fiksuot\u0173 \u0161onini\u0173 var\u010di\u0173 ir kt. Tinka naudoti tiek viduje, tiek lauke, jos da\u017eniausiai naudojamos but\u0173 ir nam\u0173 \u012f\u0117jimuose. D\u0117l detalesn\u0117s informacijos spauskite &quot;teirautis apie produkt\u0105&quot; ir si\u0173skite u\u017eklausa.\" \/>\n<meta property=\"og:url\" content=\"https:\/\/grindupe.com\/en\/parduotuve\/technines-durys\/metalines-apsaugines-durys\/\" \/>\n<meta property=\"og:site_name\" content=\"Grindup\u0117 - Kokybi\u0161ka grind\u0173 danga\" \/>\n<meta property=\"article:publisher\" content=\"https:\/\/www.facebook.com\/profile.php?id=61563240128761\" \/>\n<meta property=\"article:modified_time\" content=\"2025-09-07T06:30:19+00:00\" \/>\n<meta property=\"og:image\" content=\"https:\/\/grindupe.com\/wp-content\/uploads\/2025\/08\/porta-branca-700x470-9395121052020.webp\" \/>\n\t<meta property=\"og:image:width\" content=\"695\" \/>\n\t<meta property=\"og:image:height\" content=\"467\" \/>\n\t<meta property=\"og:image:type\" content=\"image\/webp\" \/>\n<meta name=\"twitter:card\" content=\"summary_large_image\" \/>\n<script type=\"application\/ld+json\" class=\"yoast-schema-graph\">{\"@context\":\"https:\/\/schema.org\",\"@graph\":[{\"@type\":\"WebPage\",\"@id\":\"https:\/\/grindupe.com\/parduotuve\/technines-durys\/metalines-apsaugines-durys\/\",\"url\":\"https:\/\/grindupe.com\/parduotuve\/technines-durys\/metalines-apsaugines-durys\/\",\"name\":\"Metalin\u0117s apsaugin\u0117s durys - Grindup\u0117 - Kokybi\u0161ka grind\u0173 danga\",\"isPartOf\":{\"@id\":\"https:\/\/grindupe.com\/#website\"},\"primaryImageOfPage\":{\"@id\":\"https:\/\/grindupe.com\/parduotuve\/technines-durys\/metalines-apsaugines-durys\/#primaryimage\"},\"image\":{\"@id\":\"https:\/\/grindupe.com\/parduotuve\/technines-durys\/metalines-apsaugines-durys\/#primaryimage\"},\"thumbnailUrl\":\"https:\/\/grindupe.com\/wp-content\/uploads\/2025\/08\/porta-branca-700x470-9395121052020.webp\",\"datePublished\":\"2025-08-24T18:45:11+00:00\",\"dateModified\":\"2025-09-07T06:30:19+00:00\",\"breadcrumb\":{\"@id\":\"https:\/\/grindupe.com\/parduotuve\/technines-durys\/metalines-apsaugines-durys\/#breadcrumb\"},\"inLanguage\":\"en-US\",\"potentialAction\":[{\"@type\":\"ReadAction\",\"target\":[\"https:\/\/grindupe.com\/parduotuve\/technines-durys\/metalines-apsaugines-durys\/\"]}]},{\"@type\":\"ImageObject\",\"inLanguage\":\"en-US\",\"@id\":\"https:\/\/grindupe.com\/parduotuve\/technines-durys\/metalines-apsaugines-durys\/#primaryimage\",\"url\":\"https:\/\/grindupe.com\/wp-content\/uploads\/2025\/08\/porta-branca-700x470-9395121052020.webp\",\"contentUrl\":\"https:\/\/grindupe.com\/wp-content\/uploads\/2025\/08\/porta-branca-700x470-9395121052020.webp\",\"width\":695,\"height\":467,\"caption\":\"porta branca 700x470 9395121052020\"},{\"@type\":\"BreadcrumbList\",\"@id\":\"https:\/\/grindupe.com\/parduotuve\/technines-durys\/metalines-apsaugines-durys\/#breadcrumb\",\"itemListElement\":[{\"@type\":\"ListItem\",\"position\":1,\"name\":\"Home\",\"item\":\"https:\/\/grindupe.com\/\"},{\"@type\":\"ListItem\",\"position\":2,\"name\":\"Parduotuv\u0117\",\"item\":\"https:\/\/grindupe.com\/parduotuve\/\"},{\"@type\":\"ListItem\",\"position\":3,\"name\":\"Metalin\u0117s apsaugin\u0117s durys\"}]},{\"@type\":\"WebSite\",\"@id\":\"https:\/\/grindupe.com\/#website\",\"url\":\"https:\/\/grindupe.com\/\",\"name\":\"Grinduupe.com\",\"description\":\"Grind\u0173 dangos\",\"publisher\":{\"@id\":\"https:\/\/grindupe.com\/#organization\"},\"potentialAction\":[{\"@type\":\"SearchAction\",\"target\":{\"@type\":\"EntryPoint\",\"urlTemplate\":\"https:\/\/grindupe.com\/?s={search_term_string}\"},\"query-input\":{\"@type\":\"PropertyValueSpecification\",\"valueRequired\":true,\"valueName\":\"search_term_string\"}}],\"inLanguage\":\"en-US\"},{\"@type\":\"Organization\",\"@id\":\"https:\/\/grindupe.com\/#organization\",\"name\":\"Grinduupe\",\"url\":\"https:\/\/grindupe.com\/\",\"logo\":{\"@type\":\"ImageObject\",\"inLanguage\":\"en-US\",\"@id\":\"https:\/\/grindupe.com\/#\/schema\/logo\/image\/\",\"url\":\"https:\/\/grindupe.com\/wp-content\/uploads\/2024\/07\/Gedi-6-email_20250515212455.webp\",\"contentUrl\":\"https:\/\/grindupe.com\/wp-content\/uploads\/2024\/07\/Gedi-6-email_20250515212455.webp\",\"width\":258,\"height\":207,\"caption\":\"Grinduupe\"},\"image\":{\"@id\":\"https:\/\/grindupe.com\/#\/schema\/logo\/image\/\"},\"sameAs\":[\"https:\/\/www.facebook.com\/profile.php?id=61563240128761\"]}]}<\/script>\n<!-- \/ Yoast SEO plugin. -->","yoast_head_json":{"title":"Metalin\u0117s apsaugin\u0117s durys - Grindup\u0117 - Kokybi\u0161ka grind\u0173 danga","robots":{"index":"index","follow":"follow","max-snippet":"max-snippet:-1","max-image-preview":"max-image-preview:large","max-video-preview":"max-video-preview:-1"},"canonical":"https:\/\/grindupe.com\/en\/parduotuve\/technines-durys\/metalines-apsaugines-durys\/","og_locale":"en_US","og_type":"article","og_title":"Metalin\u0117s apsaugin\u0117s durys - Grindup\u0117 - Kokybi\u0161ka grind\u0173 danga","og_description":"Durys, pagamintos siekiant u\u017etikrinti kiekvien\u0173 nam\u0173 komfort\u0105 ir saugum\u0105. Jos parduodamos su \u012fvairia komplektacij\u0105: dur\u0173 akute, automatiniu sandarikliu, atidarymo ribotuvu, rankenomis, apsaugos nuo \u012fsilau\u017eimo skl\u0105s\u010diais, vyriais, sustiprintomis apsaugin\u0117mis spynomis ir kita. D\u0117l nat\u016braliai atspari\u0173 savybi\u0173 jos leid\u017eia pasirinkti plat\u0173 apdailos pasirinkim\u0105, pritaikyt\u0105 kiekvienai erdvei ir atitinkant\u012f dekoravimo tendencijas. Jos tinka reiklioms erdv\u0117ms ir reikalavimams, kaip akustin\u0117ms, atsparumo ugniai, taip pat galima rinktis i\u0161 keli\u0173 modeli\u0173: vieno lak\u0161to, dviej\u0173 var\u010di\u0173, panel\u0117 vir\u0161 dur\u0173, fiksuot\u0173 \u0161onini\u0173 var\u010di\u0173 ir kt. Tinka naudoti tiek viduje, tiek lauke, jos da\u017eniausiai naudojamos but\u0173 ir nam\u0173 \u012f\u0117jimuose. D\u0117l detalesn\u0117s informacijos spauskite \"teirautis apie produkt\u0105\" ir si\u0173skite u\u017eklausa.","og_url":"https:\/\/grindupe.com\/en\/parduotuve\/technines-durys\/metalines-apsaugines-durys\/","og_site_name":"Grindup\u0117 - Kokybi\u0161ka grind\u0173 danga","article_publisher":"https:\/\/www.facebook.com\/profile.php?id=61563240128761","article_modified_time":"2025-09-07T06:30:19+00:00","og_image":[{"width":695,"height":467,"url":"https:\/\/grindupe.com\/wp-content\/uploads\/2025\/08\/porta-branca-700x470-9395121052020.webp","type":"image\/webp"}],"twitter_card":"summary_large_image","schema":{"@context":"https:\/\/schema.org","@graph":[{"@type":"WebPage","@id":"https:\/\/grindupe.com\/parduotuve\/technines-durys\/metalines-apsaugines-durys\/","url":"https:\/\/grindupe.com\/parduotuve\/technines-durys\/metalines-apsaugines-durys\/","name":"Metalin\u0117s apsaugin\u0117s durys - Grindup\u0117 - Kokybi\u0161ka grind\u0173 danga","isPartOf":{"@id":"https:\/\/grindupe.com\/#website"},"primaryImageOfPage":{"@id":"https:\/\/grindupe.com\/parduotuve\/technines-durys\/metalines-apsaugines-durys\/#primaryimage"},"image":{"@id":"https:\/\/grindupe.com\/parduotuve\/technines-durys\/metalines-apsaugines-durys\/#primaryimage"},"thumbnailUrl":"https:\/\/grindupe.com\/wp-content\/uploads\/2025\/08\/porta-branca-700x470-9395121052020.webp","datePublished":"2025-08-24T18:45:11+00:00","dateModified":"2025-09-07T06:30:19+00:00","breadcrumb":{"@id":"https:\/\/grindupe.com\/parduotuve\/technines-durys\/metalines-apsaugines-durys\/#breadcrumb"},"inLanguage":"en-US","potentialAction":[{"@type":"ReadAction","target":["https:\/\/grindupe.com\/parduotuve\/technines-durys\/metalines-apsaugines-durys\/"]}]},{"@type":"ImageObject","inLanguage":"en-US","@id":"https:\/\/grindupe.com\/parduotuve\/technines-durys\/metalines-apsaugines-durys\/#primaryimage","url":"https:\/\/grindupe.com\/wp-content\/uploads\/2025\/08\/porta-branca-700x470-9395121052020.webp","contentUrl":"https:\/\/grindupe.com\/wp-content\/uploads\/2025\/08\/porta-branca-700x470-9395121052020.webp","width":695,"height":467,"caption":"porta branca 700x470 9395121052020"},{"@type":"BreadcrumbList","@id":"https:\/\/grindupe.com\/parduotuve\/technines-durys\/metalines-apsaugines-durys\/#breadcrumb","itemListElement":[{"@type":"ListItem","position":1,"name":"Home","item":"https:\/\/grindupe.com\/"},{"@type":"ListItem","position":2,"name":"Parduotuv\u0117","item":"https:\/\/grindupe.com\/parduotuve\/"},{"@type":"ListItem","position":3,"name":"Metalin\u0117s apsaugin\u0117s durys"}]},{"@type":"WebSite","@id":"https:\/\/grindupe.com\/#website","url":"https:\/\/grindupe.com\/","name":"Grinduupe.com","description":"Floor coverings","publisher":{"@id":"https:\/\/grindupe.com\/#organization"},"potentialAction":[{"@type":"SearchAction","target":{"@type":"EntryPoint","urlTemplate":"https:\/\/grindupe.com\/?s={search_term_string}"},"query-input":{"@type":"PropertyValueSpecification","valueRequired":true,"valueName":"search_term_string"}}],"inLanguage":"en-US"},{"@type":"Organization","@id":"https:\/\/grindupe.com\/#organization","name":"Grindupupe","url":"https:\/\/grindupe.com\/","logo":{"@type":"ImageObject","inLanguage":"en-US","@id":"https:\/\/grindupe.com\/#\/schema\/logo\/image\/","url":"https:\/\/grindupe.com\/wp-content\/uploads\/2024\/07\/Gedi-6-email_20250515212455.webp","contentUrl":"https:\/\/grindupe.com\/wp-content\/uploads\/2024\/07\/Gedi-6-email_20250515212455.webp","width":258,"height":207,"caption":"Grinduupe"},"image":{"@id":"https:\/\/grindupe.com\/#\/schema\/logo\/image\/"},"sameAs":["https:\/\/www.facebook.com\/profile.php?id=61563240128761"]}]}},"_links":{"self":[{"href":"https:\/\/grindupe.com\/en\/wp-json\/wp\/v2\/product\/81108","targetHints":{"allow":["GET"]}}],"collection":[{"href":"https:\/\/grindupe.com\/en\/wp-json\/wp\/v2\/product"}],"about":[{"href":"https:\/\/grindupe.com\/en\/wp-json\/wp\/v2\/types\/product"}],"replies":[{"embeddable":true,"href":"https:\/\/grindupe.com\/en\/wp-json\/wp\/v2\/comments?post=81108"}],"wp:featuredmedia":[{"embeddable":true,"href":"https:\/\/grindupe.com\/en\/wp-json\/wp\/v2\/media\/81291"}],"wp:attachment":[{"href":"https:\/\/grindupe.com\/en\/wp-json\/wp\/v2\/media?parent=81108"}],"wp:term":[{"taxonomy":"product_brand","embeddable":true,"href":"https:\/\/grindupe.com\/en\/wp-json\/wp\/v2\/product_brand?post=81108"},{"taxonomy":"product_cat","embeddable":true,"href":"https:\/\/grindupe.com\/en\/wp-json\/wp\/v2\/product_cat?post=81108"},{"taxonomy":"product_tag","embeddable":true,"href":"https:\/\/grindupe.com\/en\/wp-json\/wp\/v2\/product_tag?post=81108"}],"curies":[{"name":"wp","href":"https:\/\/api.w.org\/{rel}","templated":true}]}}