{"id":81109,"date":"2025-08-24T22:02:59","date_gmt":"2025-08-24T19:02:59","guid":{"rendered":"https:\/\/grindupe.com\/?post_type=product&#038;p=81109"},"modified":"2025-08-25T04:56:41","modified_gmt":"2025-08-25T01:56:41","slug":"sarvuotos-durys","status":"publish","type":"product","link":"https:\/\/grindupe.com\/en\/parduotuve\/technines-durys\/sarvuotos-durys\/","title":{"rendered":"Armored doors"},"content":{"rendered":"","protected":false},"excerpt":{"rendered":"Portaro\u00ae SBD offers comfort and security within four walls, emphasizing 30- and 60-minute burglary resistance features for both door and frame. This option is accredited under BS 476 and EN13501-2 for fire resistance and PAS 24 and BS 644 for burglary resistance, with U-value thermal coefficients of 2.1 and 1.8 W\/m\u00b2K.\n\nHinges and 3-point locking system\nExpanding seals and insulating profile\nAutomatic drop-down seal\n\nSECURITY\nPortaro\u00ae Security are doors designed for residential and office entrances, combining fire resistance with acoustic and thermal insulation properties. Certified according to BS EN ISO standards, with acoustic reduction up to 37 dB, the solution integrates\n\nProtected door and frame\nHinges and 3-point locking system\n\nENTRANCE\nA door and frame solution designed for interiors or home entrances, made of 44 mm thick wooden rail construction with a reinforced frame. Available with an automatic seal and a security lock with single- or three-point locking system\n\nPortaro\u00ae Security\nPortaro\u00ae Security\nSBD FD30\nSBD FD30 Inverse\nSBD FD60\nRC2 EI45 AC45dB\nSecurity FD30 AC37dB\n<span style=\"color: #253D4E;\"><strong>D\u0117l detalesn\u0117s informacijos spauskite &#8222;teirautis apie produkt\u0105&#8221; ir si\u0173skite u\u017eklausa.<\/strong><\/span>","protected":false},"featured_media":81292,"comment_status":"open","ping_status":"closed","template":"","meta":{"_acf_changed":false,"_coblocks_attr":"","_coblocks_dimensions":"","_coblocks_responsive_height":"","_coblocks_accordion_ie_support":""},"product_brand":[],"product_cat":[301],"product_tag":[],"class_list":{"0":"post-81109","1":"product","2":"type-product","3":"status-publish","4":"has-post-thumbnail","6":"product_cat-technines-durys","8":"first","9":"onbackorder","10":"taxable","11":"shipping-taxable","12":"product-type-simple"},"acf":[],"yoast_head":"<!-- This site is optimized with the Yoast SEO plugin v26.8 - https:\/\/yoast.com\/product\/yoast-seo-wordpress\/ -->\n<title>\u0160arvuotos durys - Grindup\u0117 - Kokybi\u0161ka grind\u0173 danga<\/title>\n<meta name=\"robots\" content=\"index, follow, max-snippet:-1, max-image-preview:large, max-video-preview:-1\" \/>\n<link rel=\"canonical\" href=\"https:\/\/grindupe.com\/en\/parduotuve\/technines-durys\/sarvuotos-durys\/\" \/>\n<meta property=\"og:locale\" content=\"en_US\" \/>\n<meta property=\"og:type\" content=\"article\" \/>\n<meta property=\"og:title\" content=\"\u0160arvuotos durys - Grindup\u0117 - Kokybi\u0161ka grind\u0173 danga\" \/>\n<meta property=\"og:description\" content=\"\u201ePortaro\u00ae SBD\u201c si\u016blo komfort\u0105 ir saugum\u0105 tarp keturi\u0173 sien\u0173, akcentuojant 30 ir 60 minu\u010di\u0173 dur\u0173 ir staktos apsaugos nuo \u012fsilau\u017eimo savybes. \u0160i parinktis yra akredituota pagal BS 476 ir EN13501-2 atsparumui ugniai ir PAS 24 bei BS 644 \u012fsilau\u017eimui, U-value \u0161ilumos koeficientai yra 2,1 ir 1,8 W\/m\u00b2K. Vyriai ir 3 ta\u0161k\u0173 u\u017erakinimo sistema; I\u0161sipu\u010diantys sandarikliai ir izoliacinis profilis; Automatinis u\u017edarymo sandariklis. SAUGA \u201ePortaro\u00ae Security\u201c \u2013 tai gyvenam\u0173j\u0173 ir biur\u0173 \u012f\u0117jimams skirtos durys, kurioje derinamas atsparumas ugniai, akustin\u0117s ir \u0161ilumin\u0117s izoliacijos savyb\u0117s. Sertifikuota pagal BS EN ISO standartus, su akustiniu slopinimu iki 37 dB, sprendimas integruoja: Apsaugotas duris ir stakt\u0105; Vyrius ir 3 ta\u0161k\u0173 u\u017erakinimo sistem\u0105. \u012e\u0116JIMAS Dur\u0173 ir stakt\u0173 sprendimas, sukurtas vidaus erdv\u0117ms arba nam\u0173 \u012f\u0117jimams, pagamintas i\u0161 44 mm storio medini\u0173 b\u0117geli\u0173 konstrukcijos su sustiprinta stakta. Galima pasirinkti su automatiniu sandarikliu ir apsaugine spyna su vieno arba trij\u0173 ta\u0161k\u0173 u\u017erakinimo sistema. Portaro\u00ae Security: Portaro\u00ae Security SBD FD30 SBD FD30 inversin\u0117 SBD FD60 RC2 EI45 AC45dB Security FD30 AC37dB D\u0117l detalesn\u0117s informacijos spauskite &quot;teirautis apie produkt\u0105&quot; ir si\u0173skite u\u017eklausa.\" \/>\n<meta property=\"og:url\" content=\"https:\/\/grindupe.com\/en\/parduotuve\/technines-durys\/sarvuotos-durys\/\" \/>\n<meta property=\"og:site_name\" content=\"Grindup\u0117 - Kokybi\u0161ka grind\u0173 danga\" \/>\n<meta property=\"article:publisher\" content=\"https:\/\/www.facebook.com\/profile.php?id=61563240128761\" \/>\n<meta property=\"article:modified_time\" content=\"2025-08-25T01:56:41+00:00\" \/>\n<meta property=\"og:image\" content=\"https:\/\/grindupe.com\/wp-content\/uploads\/2025\/08\/portaro-seguranca-website-9305313052021.webp\" \/>\n\t<meta property=\"og:image:width\" content=\"695\" \/>\n\t<meta property=\"og:image:height\" content=\"467\" \/>\n\t<meta property=\"og:image:type\" content=\"image\/webp\" \/>\n<meta name=\"twitter:card\" content=\"summary_large_image\" \/>\n<script type=\"application\/ld+json\" class=\"yoast-schema-graph\">{\"@context\":\"https:\/\/schema.org\",\"@graph\":[{\"@type\":\"WebPage\",\"@id\":\"https:\/\/grindupe.com\/parduotuve\/technines-durys\/sarvuotos-durys\/\",\"url\":\"https:\/\/grindupe.com\/parduotuve\/technines-durys\/sarvuotos-durys\/\",\"name\":\"\u0160arvuotos durys - Grindup\u0117 - Kokybi\u0161ka grind\u0173 danga\",\"isPartOf\":{\"@id\":\"https:\/\/grindupe.com\/#website\"},\"primaryImageOfPage\":{\"@id\":\"https:\/\/grindupe.com\/parduotuve\/technines-durys\/sarvuotos-durys\/#primaryimage\"},\"image\":{\"@id\":\"https:\/\/grindupe.com\/parduotuve\/technines-durys\/sarvuotos-durys\/#primaryimage\"},\"thumbnailUrl\":\"https:\/\/grindupe.com\/wp-content\/uploads\/2025\/08\/portaro-seguranca-website-9305313052021.webp\",\"datePublished\":\"2025-08-24T19:02:59+00:00\",\"dateModified\":\"2025-08-25T01:56:41+00:00\",\"breadcrumb\":{\"@id\":\"https:\/\/grindupe.com\/parduotuve\/technines-durys\/sarvuotos-durys\/#breadcrumb\"},\"inLanguage\":\"en-US\",\"potentialAction\":[{\"@type\":\"ReadAction\",\"target\":[\"https:\/\/grindupe.com\/parduotuve\/technines-durys\/sarvuotos-durys\/\"]}]},{\"@type\":\"ImageObject\",\"inLanguage\":\"en-US\",\"@id\":\"https:\/\/grindupe.com\/parduotuve\/technines-durys\/sarvuotos-durys\/#primaryimage\",\"url\":\"https:\/\/grindupe.com\/wp-content\/uploads\/2025\/08\/portaro-seguranca-website-9305313052021.webp\",\"contentUrl\":\"https:\/\/grindupe.com\/wp-content\/uploads\/2025\/08\/portaro-seguranca-website-9305313052021.webp\",\"width\":695,\"height\":467,\"caption\":\"portaro seguranca website 9305313052021\"},{\"@type\":\"BreadcrumbList\",\"@id\":\"https:\/\/grindupe.com\/parduotuve\/technines-durys\/sarvuotos-durys\/#breadcrumb\",\"itemListElement\":[{\"@type\":\"ListItem\",\"position\":1,\"name\":\"Home\",\"item\":\"https:\/\/grindupe.com\/\"},{\"@type\":\"ListItem\",\"position\":2,\"name\":\"Parduotuv\u0117\",\"item\":\"https:\/\/grindupe.com\/parduotuve\/\"},{\"@type\":\"ListItem\",\"position\":3,\"name\":\"\u0160arvuotos durys\"}]},{\"@type\":\"WebSite\",\"@id\":\"https:\/\/grindupe.com\/#website\",\"url\":\"https:\/\/grindupe.com\/\",\"name\":\"Grinduupe.com\",\"description\":\"Grind\u0173 dangos\",\"publisher\":{\"@id\":\"https:\/\/grindupe.com\/#organization\"},\"potentialAction\":[{\"@type\":\"SearchAction\",\"target\":{\"@type\":\"EntryPoint\",\"urlTemplate\":\"https:\/\/grindupe.com\/?s={search_term_string}\"},\"query-input\":{\"@type\":\"PropertyValueSpecification\",\"valueRequired\":true,\"valueName\":\"search_term_string\"}}],\"inLanguage\":\"en-US\"},{\"@type\":\"Organization\",\"@id\":\"https:\/\/grindupe.com\/#organization\",\"name\":\"Grinduupe\",\"url\":\"https:\/\/grindupe.com\/\",\"logo\":{\"@type\":\"ImageObject\",\"inLanguage\":\"en-US\",\"@id\":\"https:\/\/grindupe.com\/#\/schema\/logo\/image\/\",\"url\":\"https:\/\/grindupe.com\/wp-content\/uploads\/2024\/07\/Gedi-6-email_20250515212455.webp\",\"contentUrl\":\"https:\/\/grindupe.com\/wp-content\/uploads\/2024\/07\/Gedi-6-email_20250515212455.webp\",\"width\":258,\"height\":207,\"caption\":\"Grinduupe\"},\"image\":{\"@id\":\"https:\/\/grindupe.com\/#\/schema\/logo\/image\/\"},\"sameAs\":[\"https:\/\/www.facebook.com\/profile.php?id=61563240128761\"]}]}<\/script>\n<!-- \/ Yoast SEO plugin. -->","yoast_head_json":{"title":"\u0160arvuotos durys - Grindup\u0117 - Kokybi\u0161ka grind\u0173 danga","robots":{"index":"index","follow":"follow","max-snippet":"max-snippet:-1","max-image-preview":"max-image-preview:large","max-video-preview":"max-video-preview:-1"},"canonical":"https:\/\/grindupe.com\/en\/parduotuve\/technines-durys\/sarvuotos-durys\/","og_locale":"en_US","og_type":"article","og_title":"\u0160arvuotos durys - Grindup\u0117 - Kokybi\u0161ka grind\u0173 danga","og_description":"\u201ePortaro\u00ae SBD\u201c si\u016blo komfort\u0105 ir saugum\u0105 tarp keturi\u0173 sien\u0173, akcentuojant 30 ir 60 minu\u010di\u0173 dur\u0173 ir staktos apsaugos nuo \u012fsilau\u017eimo savybes. \u0160i parinktis yra akredituota pagal BS 476 ir EN13501-2 atsparumui ugniai ir PAS 24 bei BS 644 \u012fsilau\u017eimui, U-value \u0161ilumos koeficientai yra 2,1 ir 1,8 W\/m\u00b2K. Vyriai ir 3 ta\u0161k\u0173 u\u017erakinimo sistema; I\u0161sipu\u010diantys sandarikliai ir izoliacinis profilis; Automatinis u\u017edarymo sandariklis. SAUGA \u201ePortaro\u00ae Security\u201c \u2013 tai gyvenam\u0173j\u0173 ir biur\u0173 \u012f\u0117jimams skirtos durys, kurioje derinamas atsparumas ugniai, akustin\u0117s ir \u0161ilumin\u0117s izoliacijos savyb\u0117s. Sertifikuota pagal BS EN ISO standartus, su akustiniu slopinimu iki 37 dB, sprendimas integruoja: Apsaugotas duris ir stakt\u0105; Vyrius ir 3 ta\u0161k\u0173 u\u017erakinimo sistem\u0105. \u012e\u0116JIMAS Dur\u0173 ir stakt\u0173 sprendimas, sukurtas vidaus erdv\u0117ms arba nam\u0173 \u012f\u0117jimams, pagamintas i\u0161 44 mm storio medini\u0173 b\u0117geli\u0173 konstrukcijos su sustiprinta stakta. Galima pasirinkti su automatiniu sandarikliu ir apsaugine spyna su vieno arba trij\u0173 ta\u0161k\u0173 u\u017erakinimo sistema. Portaro\u00ae Security: Portaro\u00ae Security SBD FD30 SBD FD30 inversin\u0117 SBD FD60 RC2 EI45 AC45dB Security FD30 AC37dB D\u0117l detalesn\u0117s informacijos spauskite \"teirautis apie produkt\u0105\" ir si\u0173skite u\u017eklausa.","og_url":"https:\/\/grindupe.com\/en\/parduotuve\/technines-durys\/sarvuotos-durys\/","og_site_name":"Grindup\u0117 - Kokybi\u0161ka grind\u0173 danga","article_publisher":"https:\/\/www.facebook.com\/profile.php?id=61563240128761","article_modified_time":"2025-08-25T01:56:41+00:00","og_image":[{"width":695,"height":467,"url":"https:\/\/grindupe.com\/wp-content\/uploads\/2025\/08\/portaro-seguranca-website-9305313052021.webp","type":"image\/webp"}],"twitter_card":"summary_large_image","schema":{"@context":"https:\/\/schema.org","@graph":[{"@type":"WebPage","@id":"https:\/\/grindupe.com\/parduotuve\/technines-durys\/sarvuotos-durys\/","url":"https:\/\/grindupe.com\/parduotuve\/technines-durys\/sarvuotos-durys\/","name":"\u0160arvuotos durys - Grindup\u0117 - Kokybi\u0161ka grind\u0173 danga","isPartOf":{"@id":"https:\/\/grindupe.com\/#website"},"primaryImageOfPage":{"@id":"https:\/\/grindupe.com\/parduotuve\/technines-durys\/sarvuotos-durys\/#primaryimage"},"image":{"@id":"https:\/\/grindupe.com\/parduotuve\/technines-durys\/sarvuotos-durys\/#primaryimage"},"thumbnailUrl":"https:\/\/grindupe.com\/wp-content\/uploads\/2025\/08\/portaro-seguranca-website-9305313052021.webp","datePublished":"2025-08-24T19:02:59+00:00","dateModified":"2025-08-25T01:56:41+00:00","breadcrumb":{"@id":"https:\/\/grindupe.com\/parduotuve\/technines-durys\/sarvuotos-durys\/#breadcrumb"},"inLanguage":"en-US","potentialAction":[{"@type":"ReadAction","target":["https:\/\/grindupe.com\/parduotuve\/technines-durys\/sarvuotos-durys\/"]}]},{"@type":"ImageObject","inLanguage":"en-US","@id":"https:\/\/grindupe.com\/parduotuve\/technines-durys\/sarvuotos-durys\/#primaryimage","url":"https:\/\/grindupe.com\/wp-content\/uploads\/2025\/08\/portaro-seguranca-website-9305313052021.webp","contentUrl":"https:\/\/grindupe.com\/wp-content\/uploads\/2025\/08\/portaro-seguranca-website-9305313052021.webp","width":695,"height":467,"caption":"portaro seguranca website 9305313052021"},{"@type":"BreadcrumbList","@id":"https:\/\/grindupe.com\/parduotuve\/technines-durys\/sarvuotos-durys\/#breadcrumb","itemListElement":[{"@type":"ListItem","position":1,"name":"Home","item":"https:\/\/grindupe.com\/"},{"@type":"ListItem","position":2,"name":"Parduotuv\u0117","item":"https:\/\/grindupe.com\/parduotuve\/"},{"@type":"ListItem","position":3,"name":"\u0160arvuotos durys"}]},{"@type":"WebSite","@id":"https:\/\/grindupe.com\/#website","url":"https:\/\/grindupe.com\/","name":"Grinduupe.com","description":"Floor coverings","publisher":{"@id":"https:\/\/grindupe.com\/#organization"},"potentialAction":[{"@type":"SearchAction","target":{"@type":"EntryPoint","urlTemplate":"https:\/\/grindupe.com\/?s={search_term_string}"},"query-input":{"@type":"PropertyValueSpecification","valueRequired":true,"valueName":"search_term_string"}}],"inLanguage":"en-US"},{"@type":"Organization","@id":"https:\/\/grindupe.com\/#organization","name":"Grindupupe","url":"https:\/\/grindupe.com\/","logo":{"@type":"ImageObject","inLanguage":"en-US","@id":"https:\/\/grindupe.com\/#\/schema\/logo\/image\/","url":"https:\/\/grindupe.com\/wp-content\/uploads\/2024\/07\/Gedi-6-email_20250515212455.webp","contentUrl":"https:\/\/grindupe.com\/wp-content\/uploads\/2024\/07\/Gedi-6-email_20250515212455.webp","width":258,"height":207,"caption":"Grinduupe"},"image":{"@id":"https:\/\/grindupe.com\/#\/schema\/logo\/image\/"},"sameAs":["https:\/\/www.facebook.com\/profile.php?id=61563240128761"]}]}},"_links":{"self":[{"href":"https:\/\/grindupe.com\/en\/wp-json\/wp\/v2\/product\/81109","targetHints":{"allow":["GET"]}}],"collection":[{"href":"https:\/\/grindupe.com\/en\/wp-json\/wp\/v2\/product"}],"about":[{"href":"https:\/\/grindupe.com\/en\/wp-json\/wp\/v2\/types\/product"}],"replies":[{"embeddable":true,"href":"https:\/\/grindupe.com\/en\/wp-json\/wp\/v2\/comments?post=81109"}],"wp:featuredmedia":[{"embeddable":true,"href":"https:\/\/grindupe.com\/en\/wp-json\/wp\/v2\/media\/81292"}],"wp:attachment":[{"href":"https:\/\/grindupe.com\/en\/wp-json\/wp\/v2\/media?parent=81109"}],"wp:term":[{"taxonomy":"product_brand","embeddable":true,"href":"https:\/\/grindupe.com\/en\/wp-json\/wp\/v2\/product_brand?post=81109"},{"taxonomy":"product_cat","embeddable":true,"href":"https:\/\/grindupe.com\/en\/wp-json\/wp\/v2\/product_cat?post=81109"},{"taxonomy":"product_tag","embeddable":true,"href":"https:\/\/grindupe.com\/en\/wp-json\/wp\/v2\/product_tag?post=81109"}],"curies":[{"name":"wp","href":"https:\/\/api.w.org\/{rel}","templated":true}]}}