{"id":81110,"date":"2025-08-24T22:37:50","date_gmt":"2025-08-24T19:37:50","guid":{"rendered":"https:\/\/grindupe.com\/?post_type=product&#038;p=81110"},"modified":"2025-09-17T16:17:19","modified_gmt":"2025-09-17T13:17:19","slug":"metalines-varstomos-durys","status":"publish","type":"product","link":"https:\/\/grindupe.com\/en\/parduotuve\/technines-durys\/metalines-varstomos-durys\/","title":{"rendered":"Metal hinged shaft doors"},"content":{"rendered":"<div class=\"wc-full-description-single-block\" style=\"white-space:pre-line;\">35 dB\u201348 dB akustinis slopinimas\nE120Sa atsparumas ugniai\nU-vert\u0117 Sgl 1,6 \/ Dbl 1,7 (W\/m20k)\nStandartiniai d\u016bm\u0173 sandarikliai\nOro pralaidumas iki 3 klas\u0117s<\/div>","protected":false},"excerpt":{"rendered":"Complex high-quality metal hinged doors, perfectly suited for concealing fire-rated lift doors, access panels, and interior doors in corridors, landings, and other access areas.\nQuadra+ is supplied as a single four-sided frame and door system, pre-assembled to form one solid unit.\nIdeally suited for concealed commercial access solutions, the invisible hinged doors have been designed and manufactured to the highest standards.\nA design innovation, Quadra+ is the original hinged door set, now featuring an adjustable frame for faster installation and improved compliance with fire safety requirements. The adjustment screws allow simple and secure installation of the Quadra+ frame.\n<span style=\"color: #253d4e;\"><strong>D\u0117l detalesn\u0117s informacijos spauskite &#8222;teirautis apie produkt\u0105&#8221; ir si\u0173skite u\u017eklausa.<\/strong><\/span>","protected":false},"featured_media":81294,"comment_status":"open","ping_status":"closed","template":"","meta":{"_acf_changed":false,"_coblocks_attr":"","_coblocks_dimensions":"","_coblocks_responsive_height":"","_coblocks_accordion_ie_support":""},"product_brand":[],"product_cat":[301],"product_tag":[],"class_list":{"0":"post-81110","1":"product","2":"type-product","3":"status-publish","4":"has-post-thumbnail","6":"product_cat-technines-durys","8":"first","9":"onbackorder","10":"taxable","11":"shipping-taxable","12":"product-type-simple"},"acf":[],"yoast_head":"<!-- This site is optimized with the Yoast SEO plugin v26.8 - https:\/\/yoast.com\/product\/yoast-seo-wordpress\/ -->\n<title>Metalin\u0117s varstomos \u0161achtin\u0117s durys - Grindup\u0117 - Kokybi\u0161ka grind\u0173 danga<\/title>\n<meta name=\"robots\" content=\"index, follow, max-snippet:-1, max-image-preview:large, max-video-preview:-1\" \/>\n<link rel=\"canonical\" href=\"https:\/\/grindupe.com\/en\/parduotuve\/technines-durys\/metalines-varstomos-durys\/\" \/>\n<meta property=\"og:locale\" content=\"en_US\" \/>\n<meta property=\"og:type\" content=\"article\" \/>\n<meta property=\"og:title\" content=\"Metalin\u0117s varstomos \u0161achtin\u0117s durys - Grindup\u0117 - Kokybi\u0161ka grind\u0173 danga\" \/>\n<meta property=\"og:description\" content=\"Kompleksi\u0161ki auk\u0161tos kokyb\u0117s metalin\u0117s varstomos durys, puikiai tinka pasl\u0117pti prie\u0161gaisrines pakeliamas duris, prieigos plok\u0161tes ir vidines duris koridoriuose, aik\u0161tel\u0117se ir kitose prieigos zonose; \u201eQuadra+\u201c tiekiama kaip vientisa, keturi\u0173 pusi\u0173 staktos ir dur\u0173 sistema, i\u0161 anksto sukonstruota taip, kad sudaryt\u0173 vien\u0105 tvirt\u0105 vienet\u0105. Idealiai tinka pasl\u0117ptiems komercin\u0117s prieigos sprendimams, nematomos varstomos durys buvo suprojektuoti ir pagaminti laikantis auk\u0161\u010diausi\u0173 standart\u0173. Dizaino naujov\u0117 \u2013 \u201eQuadra+\u201c yra originalus varstomi dur\u0173 komplektas, dabar turintis reguliuojam\u0105 stakt\u0105, kad b\u016bt\u0173 galima grei\u010diau sumontuoti ir geriau atitikt\u0173 prie\u0161gaisrin\u0117s saugos reikalavimus. Reguliavimo var\u017etai leid\u017eia paprastai ir saugiai montuoti \u201eQuadra+\u201c stakt\u0105. D\u0117l detalesn\u0117s informacijos spauskite &quot;teirautis apie produkt\u0105&quot; ir si\u0173skite u\u017eklausa.\" \/>\n<meta property=\"og:url\" content=\"https:\/\/grindupe.com\/en\/parduotuve\/technines-durys\/metalines-varstomos-durys\/\" \/>\n<meta property=\"og:site_name\" content=\"Grindup\u0117 - Kokybi\u0161ka grind\u0173 danga\" \/>\n<meta property=\"article:publisher\" content=\"https:\/\/www.facebook.com\/profile.php?id=61563240128761\" \/>\n<meta property=\"article:modified_time\" content=\"2025-09-17T13:17:19+00:00\" \/>\n<meta property=\"og:image\" content=\"https:\/\/grindupe.com\/wp-content\/uploads\/2025\/08\/selo-product-hero-Quadra-01.jpg\" \/>\n\t<meta property=\"og:image:width\" content=\"1440\" \/>\n\t<meta property=\"og:image:height\" content=\"720\" \/>\n\t<meta property=\"og:image:type\" content=\"image\/jpeg\" \/>\n<meta name=\"twitter:card\" content=\"summary_large_image\" \/>\n<script type=\"application\/ld+json\" class=\"yoast-schema-graph\">{\"@context\":\"https:\/\/schema.org\",\"@graph\":[{\"@type\":\"WebPage\",\"@id\":\"https:\/\/grindupe.com\/parduotuve\/technines-durys\/metalines-varstomos-durys\/\",\"url\":\"https:\/\/grindupe.com\/parduotuve\/technines-durys\/metalines-varstomos-durys\/\",\"name\":\"Metalin\u0117s varstomos \u0161achtin\u0117s durys - Grindup\u0117 - Kokybi\u0161ka grind\u0173 danga\",\"isPartOf\":{\"@id\":\"https:\/\/grindupe.com\/#website\"},\"primaryImageOfPage\":{\"@id\":\"https:\/\/grindupe.com\/parduotuve\/technines-durys\/metalines-varstomos-durys\/#primaryimage\"},\"image\":{\"@id\":\"https:\/\/grindupe.com\/parduotuve\/technines-durys\/metalines-varstomos-durys\/#primaryimage\"},\"thumbnailUrl\":\"https:\/\/grindupe.com\/wp-content\/uploads\/2025\/08\/selo-product-hero-Quadra-01.jpg\",\"datePublished\":\"2025-08-24T19:37:50+00:00\",\"dateModified\":\"2025-09-17T13:17:19+00:00\",\"breadcrumb\":{\"@id\":\"https:\/\/grindupe.com\/parduotuve\/technines-durys\/metalines-varstomos-durys\/#breadcrumb\"},\"inLanguage\":\"en-US\",\"potentialAction\":[{\"@type\":\"ReadAction\",\"target\":[\"https:\/\/grindupe.com\/parduotuve\/technines-durys\/metalines-varstomos-durys\/\"]}]},{\"@type\":\"ImageObject\",\"inLanguage\":\"en-US\",\"@id\":\"https:\/\/grindupe.com\/parduotuve\/technines-durys\/metalines-varstomos-durys\/#primaryimage\",\"url\":\"https:\/\/grindupe.com\/wp-content\/uploads\/2025\/08\/selo-product-hero-Quadra-01.jpg\",\"contentUrl\":\"https:\/\/grindupe.com\/wp-content\/uploads\/2025\/08\/selo-product-hero-Quadra-01.jpg\",\"width\":1440,\"height\":720,\"caption\":\"selo product hero Quadra 01\"},{\"@type\":\"BreadcrumbList\",\"@id\":\"https:\/\/grindupe.com\/parduotuve\/technines-durys\/metalines-varstomos-durys\/#breadcrumb\",\"itemListElement\":[{\"@type\":\"ListItem\",\"position\":1,\"name\":\"Home\",\"item\":\"https:\/\/grindupe.com\/\"},{\"@type\":\"ListItem\",\"position\":2,\"name\":\"Parduotuv\u0117\",\"item\":\"https:\/\/grindupe.com\/parduotuve\/\"},{\"@type\":\"ListItem\",\"position\":3,\"name\":\"Metalin\u0117s varstomos \u0161achtin\u0117s durys\"}]},{\"@type\":\"WebSite\",\"@id\":\"https:\/\/grindupe.com\/#website\",\"url\":\"https:\/\/grindupe.com\/\",\"name\":\"Grinduupe.com\",\"description\":\"Grind\u0173 dangos\",\"publisher\":{\"@id\":\"https:\/\/grindupe.com\/#organization\"},\"potentialAction\":[{\"@type\":\"SearchAction\",\"target\":{\"@type\":\"EntryPoint\",\"urlTemplate\":\"https:\/\/grindupe.com\/?s={search_term_string}\"},\"query-input\":{\"@type\":\"PropertyValueSpecification\",\"valueRequired\":true,\"valueName\":\"search_term_string\"}}],\"inLanguage\":\"en-US\"},{\"@type\":\"Organization\",\"@id\":\"https:\/\/grindupe.com\/#organization\",\"name\":\"Grinduupe\",\"url\":\"https:\/\/grindupe.com\/\",\"logo\":{\"@type\":\"ImageObject\",\"inLanguage\":\"en-US\",\"@id\":\"https:\/\/grindupe.com\/#\/schema\/logo\/image\/\",\"url\":\"https:\/\/grindupe.com\/wp-content\/uploads\/2024\/07\/Gedi-6-email_20250515212455.webp\",\"contentUrl\":\"https:\/\/grindupe.com\/wp-content\/uploads\/2024\/07\/Gedi-6-email_20250515212455.webp\",\"width\":258,\"height\":207,\"caption\":\"Grinduupe\"},\"image\":{\"@id\":\"https:\/\/grindupe.com\/#\/schema\/logo\/image\/\"},\"sameAs\":[\"https:\/\/www.facebook.com\/profile.php?id=61563240128761\"]}]}<\/script>\n<!-- \/ Yoast SEO plugin. -->","yoast_head_json":{"title":"Metalin\u0117s varstomos \u0161achtin\u0117s durys - Grindup\u0117 - Kokybi\u0161ka grind\u0173 danga","robots":{"index":"index","follow":"follow","max-snippet":"max-snippet:-1","max-image-preview":"max-image-preview:large","max-video-preview":"max-video-preview:-1"},"canonical":"https:\/\/grindupe.com\/en\/parduotuve\/technines-durys\/metalines-varstomos-durys\/","og_locale":"en_US","og_type":"article","og_title":"Metalin\u0117s varstomos \u0161achtin\u0117s durys - Grindup\u0117 - Kokybi\u0161ka grind\u0173 danga","og_description":"Kompleksi\u0161ki auk\u0161tos kokyb\u0117s metalin\u0117s varstomos durys, puikiai tinka pasl\u0117pti prie\u0161gaisrines pakeliamas duris, prieigos plok\u0161tes ir vidines duris koridoriuose, aik\u0161tel\u0117se ir kitose prieigos zonose; \u201eQuadra+\u201c tiekiama kaip vientisa, keturi\u0173 pusi\u0173 staktos ir dur\u0173 sistema, i\u0161 anksto sukonstruota taip, kad sudaryt\u0173 vien\u0105 tvirt\u0105 vienet\u0105. Idealiai tinka pasl\u0117ptiems komercin\u0117s prieigos sprendimams, nematomos varstomos durys buvo suprojektuoti ir pagaminti laikantis auk\u0161\u010diausi\u0173 standart\u0173. Dizaino naujov\u0117 \u2013 \u201eQuadra+\u201c yra originalus varstomi dur\u0173 komplektas, dabar turintis reguliuojam\u0105 stakt\u0105, kad b\u016bt\u0173 galima grei\u010diau sumontuoti ir geriau atitikt\u0173 prie\u0161gaisrin\u0117s saugos reikalavimus. Reguliavimo var\u017etai leid\u017eia paprastai ir saugiai montuoti \u201eQuadra+\u201c stakt\u0105. D\u0117l detalesn\u0117s informacijos spauskite \"teirautis apie produkt\u0105\" ir si\u0173skite u\u017eklausa.","og_url":"https:\/\/grindupe.com\/en\/parduotuve\/technines-durys\/metalines-varstomos-durys\/","og_site_name":"Grindup\u0117 - Kokybi\u0161ka grind\u0173 danga","article_publisher":"https:\/\/www.facebook.com\/profile.php?id=61563240128761","article_modified_time":"2025-09-17T13:17:19+00:00","og_image":[{"width":1440,"height":720,"url":"https:\/\/grindupe.com\/wp-content\/uploads\/2025\/08\/selo-product-hero-Quadra-01.jpg","type":"image\/jpeg"}],"twitter_card":"summary_large_image","schema":{"@context":"https:\/\/schema.org","@graph":[{"@type":"WebPage","@id":"https:\/\/grindupe.com\/parduotuve\/technines-durys\/metalines-varstomos-durys\/","url":"https:\/\/grindupe.com\/parduotuve\/technines-durys\/metalines-varstomos-durys\/","name":"Metalin\u0117s varstomos \u0161achtin\u0117s durys - Grindup\u0117 - Kokybi\u0161ka grind\u0173 danga","isPartOf":{"@id":"https:\/\/grindupe.com\/#website"},"primaryImageOfPage":{"@id":"https:\/\/grindupe.com\/parduotuve\/technines-durys\/metalines-varstomos-durys\/#primaryimage"},"image":{"@id":"https:\/\/grindupe.com\/parduotuve\/technines-durys\/metalines-varstomos-durys\/#primaryimage"},"thumbnailUrl":"https:\/\/grindupe.com\/wp-content\/uploads\/2025\/08\/selo-product-hero-Quadra-01.jpg","datePublished":"2025-08-24T19:37:50+00:00","dateModified":"2025-09-17T13:17:19+00:00","breadcrumb":{"@id":"https:\/\/grindupe.com\/parduotuve\/technines-durys\/metalines-varstomos-durys\/#breadcrumb"},"inLanguage":"en-US","potentialAction":[{"@type":"ReadAction","target":["https:\/\/grindupe.com\/parduotuve\/technines-durys\/metalines-varstomos-durys\/"]}]},{"@type":"ImageObject","inLanguage":"en-US","@id":"https:\/\/grindupe.com\/parduotuve\/technines-durys\/metalines-varstomos-durys\/#primaryimage","url":"https:\/\/grindupe.com\/wp-content\/uploads\/2025\/08\/selo-product-hero-Quadra-01.jpg","contentUrl":"https:\/\/grindupe.com\/wp-content\/uploads\/2025\/08\/selo-product-hero-Quadra-01.jpg","width":1440,"height":720,"caption":"selo product hero Quadra 01"},{"@type":"BreadcrumbList","@id":"https:\/\/grindupe.com\/parduotuve\/technines-durys\/metalines-varstomos-durys\/#breadcrumb","itemListElement":[{"@type":"ListItem","position":1,"name":"Home","item":"https:\/\/grindupe.com\/"},{"@type":"ListItem","position":2,"name":"Parduotuv\u0117","item":"https:\/\/grindupe.com\/parduotuve\/"},{"@type":"ListItem","position":3,"name":"Metalin\u0117s varstomos \u0161achtin\u0117s durys"}]},{"@type":"WebSite","@id":"https:\/\/grindupe.com\/#website","url":"https:\/\/grindupe.com\/","name":"Grinduupe.com","description":"Floor coverings","publisher":{"@id":"https:\/\/grindupe.com\/#organization"},"potentialAction":[{"@type":"SearchAction","target":{"@type":"EntryPoint","urlTemplate":"https:\/\/grindupe.com\/?s={search_term_string}"},"query-input":{"@type":"PropertyValueSpecification","valueRequired":true,"valueName":"search_term_string"}}],"inLanguage":"en-US"},{"@type":"Organization","@id":"https:\/\/grindupe.com\/#organization","name":"Grindupupe","url":"https:\/\/grindupe.com\/","logo":{"@type":"ImageObject","inLanguage":"en-US","@id":"https:\/\/grindupe.com\/#\/schema\/logo\/image\/","url":"https:\/\/grindupe.com\/wp-content\/uploads\/2024\/07\/Gedi-6-email_20250515212455.webp","contentUrl":"https:\/\/grindupe.com\/wp-content\/uploads\/2024\/07\/Gedi-6-email_20250515212455.webp","width":258,"height":207,"caption":"Grinduupe"},"image":{"@id":"https:\/\/grindupe.com\/#\/schema\/logo\/image\/"},"sameAs":["https:\/\/www.facebook.com\/profile.php?id=61563240128761"]}]}},"_links":{"self":[{"href":"https:\/\/grindupe.com\/en\/wp-json\/wp\/v2\/product\/81110","targetHints":{"allow":["GET"]}}],"collection":[{"href":"https:\/\/grindupe.com\/en\/wp-json\/wp\/v2\/product"}],"about":[{"href":"https:\/\/grindupe.com\/en\/wp-json\/wp\/v2\/types\/product"}],"replies":[{"embeddable":true,"href":"https:\/\/grindupe.com\/en\/wp-json\/wp\/v2\/comments?post=81110"}],"wp:featuredmedia":[{"embeddable":true,"href":"https:\/\/grindupe.com\/en\/wp-json\/wp\/v2\/media\/81294"}],"wp:attachment":[{"href":"https:\/\/grindupe.com\/en\/wp-json\/wp\/v2\/media?parent=81110"}],"wp:term":[{"taxonomy":"product_brand","embeddable":true,"href":"https:\/\/grindupe.com\/en\/wp-json\/wp\/v2\/product_brand?post=81110"},{"taxonomy":"product_cat","embeddable":true,"href":"https:\/\/grindupe.com\/en\/wp-json\/wp\/v2\/product_cat?post=81110"},{"taxonomy":"product_tag","embeddable":true,"href":"https:\/\/grindupe.com\/en\/wp-json\/wp\/v2\/product_tag?post=81110"}],"curies":[{"name":"wp","href":"https:\/\/api.w.org\/{rel}","templated":true}]}}