{"id":81115,"date":"2025-08-24T23:08:58","date_gmt":"2025-08-24T20:08:58","guid":{"rendered":"https:\/\/grindupe.com\/?post_type=product&#038;p=81115"},"modified":"2025-10-07T20:34:05","modified_gmt":"2025-10-07T17:34:05","slug":"liftu-sachtos-durys","status":"publish","type":"product","link":"https:\/\/grindupe.com\/en\/parduotuve\/technines-durys\/liftu-sachtos-durys\/","title":{"rendered":"Elevator shaft emergency exit doors"},"content":{"rendered":"","protected":false},"excerpt":{"rendered":"The first fire-rated concealed doors designed according to EN81-20 and EN81-50 standards, intended for use in elevator shafts for emergency exit and access.\n<span style=\"color: #253d4e;\"><strong>D\u0117l detalesn\u0117s informacijos spauskite &#8222;teirautis apie produkt\u0105&#8221; ir si\u0173skite u\u017eklausa.<\/strong><\/span>","protected":false},"featured_media":81302,"comment_status":"open","ping_status":"closed","template":"","meta":{"_acf_changed":false,"_coblocks_attr":"","_coblocks_dimensions":"","_coblocks_responsive_height":"","_coblocks_accordion_ie_support":""},"product_brand":[],"product_cat":[301],"product_tag":[],"class_list":{"0":"post-81115","1":"product","2":"type-product","3":"status-publish","4":"has-post-thumbnail","6":"product_cat-technines-durys","8":"first","9":"onbackorder","10":"taxable","11":"shipping-taxable","12":"product-type-simple"},"acf":[],"yoast_head":"<!-- This site is optimized with the Yoast SEO plugin v26.8 - https:\/\/yoast.com\/product\/yoast-seo-wordpress\/ -->\n<title>Lift\u0173 \u0161acht\u0173 avarinio i\u0161\u0117jimo durys - Grindup\u0117 - Kokybi\u0161ka grind\u0173 danga<\/title>\n<meta name=\"robots\" content=\"index, follow, max-snippet:-1, max-image-preview:large, max-video-preview:-1\" \/>\n<link rel=\"canonical\" href=\"https:\/\/grindupe.com\/en\/parduotuve\/technines-durys\/liftu-sachtos-durys\/\" \/>\n<meta property=\"og:locale\" content=\"en_US\" \/>\n<meta property=\"og:type\" content=\"article\" \/>\n<meta property=\"og:title\" content=\"Lift\u0173 \u0161acht\u0173 avarinio i\u0161\u0117jimo durys - Grindup\u0117 - Kokybi\u0161ka grind\u0173 danga\" \/>\n<meta property=\"og:description\" content=\"Pirmosios prie\u0161gaisrin\u0117s pasl\u0117ptos durys, sukurtos pagal EN81-20 ir EN81-50 standartus, skirtus naudoti lift\u0173 \u0161achtose avariniam i\u0161\u0117jimui ir prieigai. D\u0117l detalesn\u0117s informacijos spauskite &quot;teirautis apie produkt\u0105&quot; ir si\u0173skite u\u017eklausa.\" \/>\n<meta property=\"og:url\" content=\"https:\/\/grindupe.com\/en\/parduotuve\/technines-durys\/liftu-sachtos-durys\/\" \/>\n<meta property=\"og:site_name\" content=\"Grindup\u0117 - Kokybi\u0161ka grind\u0173 danga\" \/>\n<meta property=\"article:publisher\" content=\"https:\/\/www.facebook.com\/profile.php?id=61563240128761\" \/>\n<meta property=\"article:modified_time\" content=\"2025-10-07T17:34:05+00:00\" \/>\n<meta property=\"og:image\" content=\"https:\/\/grindupe.com\/wp-content\/uploads\/2025\/08\/selo-product-feature_Quadra-Lift-Shaft_Pulley-Room.jpg\" \/>\n\t<meta property=\"og:image:width\" content=\"800\" \/>\n\t<meta property=\"og:image:height\" content=\"500\" \/>\n\t<meta property=\"og:image:type\" content=\"image\/jpeg\" \/>\n<meta name=\"twitter:card\" content=\"summary_large_image\" \/>\n<script type=\"application\/ld+json\" class=\"yoast-schema-graph\">{\"@context\":\"https:\/\/schema.org\",\"@graph\":[{\"@type\":\"WebPage\",\"@id\":\"https:\/\/grindupe.com\/parduotuve\/technines-durys\/liftu-sachtos-durys\/\",\"url\":\"https:\/\/grindupe.com\/parduotuve\/technines-durys\/liftu-sachtos-durys\/\",\"name\":\"Lift\u0173 \u0161acht\u0173 avarinio i\u0161\u0117jimo durys - Grindup\u0117 - Kokybi\u0161ka grind\u0173 danga\",\"isPartOf\":{\"@id\":\"https:\/\/grindupe.com\/#website\"},\"primaryImageOfPage\":{\"@id\":\"https:\/\/grindupe.com\/parduotuve\/technines-durys\/liftu-sachtos-durys\/#primaryimage\"},\"image\":{\"@id\":\"https:\/\/grindupe.com\/parduotuve\/technines-durys\/liftu-sachtos-durys\/#primaryimage\"},\"thumbnailUrl\":\"https:\/\/grindupe.com\/wp-content\/uploads\/2025\/08\/selo-product-feature_Quadra-Lift-Shaft_Pulley-Room.jpg\",\"datePublished\":\"2025-08-24T20:08:58+00:00\",\"dateModified\":\"2025-10-07T17:34:05+00:00\",\"breadcrumb\":{\"@id\":\"https:\/\/grindupe.com\/parduotuve\/technines-durys\/liftu-sachtos-durys\/#breadcrumb\"},\"inLanguage\":\"en-US\",\"potentialAction\":[{\"@type\":\"ReadAction\",\"target\":[\"https:\/\/grindupe.com\/parduotuve\/technines-durys\/liftu-sachtos-durys\/\"]}]},{\"@type\":\"ImageObject\",\"inLanguage\":\"en-US\",\"@id\":\"https:\/\/grindupe.com\/parduotuve\/technines-durys\/liftu-sachtos-durys\/#primaryimage\",\"url\":\"https:\/\/grindupe.com\/wp-content\/uploads\/2025\/08\/selo-product-feature_Quadra-Lift-Shaft_Pulley-Room.jpg\",\"contentUrl\":\"https:\/\/grindupe.com\/wp-content\/uploads\/2025\/08\/selo-product-feature_Quadra-Lift-Shaft_Pulley-Room.jpg\",\"width\":800,\"height\":500,\"caption\":\"selo product feature Quadra Lift Shaft Pulley Room\"},{\"@type\":\"BreadcrumbList\",\"@id\":\"https:\/\/grindupe.com\/parduotuve\/technines-durys\/liftu-sachtos-durys\/#breadcrumb\",\"itemListElement\":[{\"@type\":\"ListItem\",\"position\":1,\"name\":\"Home\",\"item\":\"https:\/\/grindupe.com\/\"},{\"@type\":\"ListItem\",\"position\":2,\"name\":\"Parduotuv\u0117\",\"item\":\"https:\/\/grindupe.com\/parduotuve\/\"},{\"@type\":\"ListItem\",\"position\":3,\"name\":\"Lift\u0173 \u0161acht\u0173 avarinio i\u0161\u0117jimo durys\"}]},{\"@type\":\"WebSite\",\"@id\":\"https:\/\/grindupe.com\/#website\",\"url\":\"https:\/\/grindupe.com\/\",\"name\":\"Grinduupe.com\",\"description\":\"Grind\u0173 dangos\",\"publisher\":{\"@id\":\"https:\/\/grindupe.com\/#organization\"},\"potentialAction\":[{\"@type\":\"SearchAction\",\"target\":{\"@type\":\"EntryPoint\",\"urlTemplate\":\"https:\/\/grindupe.com\/?s={search_term_string}\"},\"query-input\":{\"@type\":\"PropertyValueSpecification\",\"valueRequired\":true,\"valueName\":\"search_term_string\"}}],\"inLanguage\":\"en-US\"},{\"@type\":\"Organization\",\"@id\":\"https:\/\/grindupe.com\/#organization\",\"name\":\"Grinduupe\",\"url\":\"https:\/\/grindupe.com\/\",\"logo\":{\"@type\":\"ImageObject\",\"inLanguage\":\"en-US\",\"@id\":\"https:\/\/grindupe.com\/#\/schema\/logo\/image\/\",\"url\":\"https:\/\/grindupe.com\/wp-content\/uploads\/2024\/07\/Gedi-6-email_20250515212455.webp\",\"contentUrl\":\"https:\/\/grindupe.com\/wp-content\/uploads\/2024\/07\/Gedi-6-email_20250515212455.webp\",\"width\":258,\"height\":207,\"caption\":\"Grinduupe\"},\"image\":{\"@id\":\"https:\/\/grindupe.com\/#\/schema\/logo\/image\/\"},\"sameAs\":[\"https:\/\/www.facebook.com\/profile.php?id=61563240128761\"]}]}<\/script>\n<!-- \/ Yoast SEO plugin. -->","yoast_head_json":{"title":"Lift\u0173 \u0161acht\u0173 avarinio i\u0161\u0117jimo durys - Grindup\u0117 - Kokybi\u0161ka grind\u0173 danga","robots":{"index":"index","follow":"follow","max-snippet":"max-snippet:-1","max-image-preview":"max-image-preview:large","max-video-preview":"max-video-preview:-1"},"canonical":"https:\/\/grindupe.com\/en\/parduotuve\/technines-durys\/liftu-sachtos-durys\/","og_locale":"en_US","og_type":"article","og_title":"Lift\u0173 \u0161acht\u0173 avarinio i\u0161\u0117jimo durys - Grindup\u0117 - Kokybi\u0161ka grind\u0173 danga","og_description":"Pirmosios prie\u0161gaisrin\u0117s pasl\u0117ptos durys, sukurtos pagal EN81-20 ir EN81-50 standartus, skirtus naudoti lift\u0173 \u0161achtose avariniam i\u0161\u0117jimui ir prieigai. D\u0117l detalesn\u0117s informacijos spauskite \"teirautis apie produkt\u0105\" ir si\u0173skite u\u017eklausa.","og_url":"https:\/\/grindupe.com\/en\/parduotuve\/technines-durys\/liftu-sachtos-durys\/","og_site_name":"Grindup\u0117 - Kokybi\u0161ka grind\u0173 danga","article_publisher":"https:\/\/www.facebook.com\/profile.php?id=61563240128761","article_modified_time":"2025-10-07T17:34:05+00:00","og_image":[{"width":800,"height":500,"url":"https:\/\/grindupe.com\/wp-content\/uploads\/2025\/08\/selo-product-feature_Quadra-Lift-Shaft_Pulley-Room.jpg","type":"image\/jpeg"}],"twitter_card":"summary_large_image","schema":{"@context":"https:\/\/schema.org","@graph":[{"@type":"WebPage","@id":"https:\/\/grindupe.com\/parduotuve\/technines-durys\/liftu-sachtos-durys\/","url":"https:\/\/grindupe.com\/parduotuve\/technines-durys\/liftu-sachtos-durys\/","name":"Lift\u0173 \u0161acht\u0173 avarinio i\u0161\u0117jimo durys - Grindup\u0117 - Kokybi\u0161ka grind\u0173 danga","isPartOf":{"@id":"https:\/\/grindupe.com\/#website"},"primaryImageOfPage":{"@id":"https:\/\/grindupe.com\/parduotuve\/technines-durys\/liftu-sachtos-durys\/#primaryimage"},"image":{"@id":"https:\/\/grindupe.com\/parduotuve\/technines-durys\/liftu-sachtos-durys\/#primaryimage"},"thumbnailUrl":"https:\/\/grindupe.com\/wp-content\/uploads\/2025\/08\/selo-product-feature_Quadra-Lift-Shaft_Pulley-Room.jpg","datePublished":"2025-08-24T20:08:58+00:00","dateModified":"2025-10-07T17:34:05+00:00","breadcrumb":{"@id":"https:\/\/grindupe.com\/parduotuve\/technines-durys\/liftu-sachtos-durys\/#breadcrumb"},"inLanguage":"en-US","potentialAction":[{"@type":"ReadAction","target":["https:\/\/grindupe.com\/parduotuve\/technines-durys\/liftu-sachtos-durys\/"]}]},{"@type":"ImageObject","inLanguage":"en-US","@id":"https:\/\/grindupe.com\/parduotuve\/technines-durys\/liftu-sachtos-durys\/#primaryimage","url":"https:\/\/grindupe.com\/wp-content\/uploads\/2025\/08\/selo-product-feature_Quadra-Lift-Shaft_Pulley-Room.jpg","contentUrl":"https:\/\/grindupe.com\/wp-content\/uploads\/2025\/08\/selo-product-feature_Quadra-Lift-Shaft_Pulley-Room.jpg","width":800,"height":500,"caption":"selo product feature Quadra Lift Shaft Pulley Room"},{"@type":"BreadcrumbList","@id":"https:\/\/grindupe.com\/parduotuve\/technines-durys\/liftu-sachtos-durys\/#breadcrumb","itemListElement":[{"@type":"ListItem","position":1,"name":"Home","item":"https:\/\/grindupe.com\/"},{"@type":"ListItem","position":2,"name":"Parduotuv\u0117","item":"https:\/\/grindupe.com\/parduotuve\/"},{"@type":"ListItem","position":3,"name":"Lift\u0173 \u0161acht\u0173 avarinio i\u0161\u0117jimo durys"}]},{"@type":"WebSite","@id":"https:\/\/grindupe.com\/#website","url":"https:\/\/grindupe.com\/","name":"Grinduupe.com","description":"Floor coverings","publisher":{"@id":"https:\/\/grindupe.com\/#organization"},"potentialAction":[{"@type":"SearchAction","target":{"@type":"EntryPoint","urlTemplate":"https:\/\/grindupe.com\/?s={search_term_string}"},"query-input":{"@type":"PropertyValueSpecification","valueRequired":true,"valueName":"search_term_string"}}],"inLanguage":"en-US"},{"@type":"Organization","@id":"https:\/\/grindupe.com\/#organization","name":"Grindupupe","url":"https:\/\/grindupe.com\/","logo":{"@type":"ImageObject","inLanguage":"en-US","@id":"https:\/\/grindupe.com\/#\/schema\/logo\/image\/","url":"https:\/\/grindupe.com\/wp-content\/uploads\/2024\/07\/Gedi-6-email_20250515212455.webp","contentUrl":"https:\/\/grindupe.com\/wp-content\/uploads\/2024\/07\/Gedi-6-email_20250515212455.webp","width":258,"height":207,"caption":"Grinduupe"},"image":{"@id":"https:\/\/grindupe.com\/#\/schema\/logo\/image\/"},"sameAs":["https:\/\/www.facebook.com\/profile.php?id=61563240128761"]}]}},"_links":{"self":[{"href":"https:\/\/grindupe.com\/en\/wp-json\/wp\/v2\/product\/81115","targetHints":{"allow":["GET"]}}],"collection":[{"href":"https:\/\/grindupe.com\/en\/wp-json\/wp\/v2\/product"}],"about":[{"href":"https:\/\/grindupe.com\/en\/wp-json\/wp\/v2\/types\/product"}],"replies":[{"embeddable":true,"href":"https:\/\/grindupe.com\/en\/wp-json\/wp\/v2\/comments?post=81115"}],"wp:featuredmedia":[{"embeddable":true,"href":"https:\/\/grindupe.com\/en\/wp-json\/wp\/v2\/media\/81302"}],"wp:attachment":[{"href":"https:\/\/grindupe.com\/en\/wp-json\/wp\/v2\/media?parent=81115"}],"wp:term":[{"taxonomy":"product_brand","embeddable":true,"href":"https:\/\/grindupe.com\/en\/wp-json\/wp\/v2\/product_brand?post=81115"},{"taxonomy":"product_cat","embeddable":true,"href":"https:\/\/grindupe.com\/en\/wp-json\/wp\/v2\/product_cat?post=81115"},{"taxonomy":"product_tag","embeddable":true,"href":"https:\/\/grindupe.com\/en\/wp-json\/wp\/v2\/product_tag?post=81115"}],"curies":[{"name":"wp","href":"https:\/\/api.w.org\/{rel}","templated":true}]}}